{"id":8240,"date":"2026-03-13T17:19:28","date_gmt":"2026-03-13T17:19:28","guid":{"rendered":"https:\/\/goldleafbvi.com\/?page_id=8240"},"modified":"2026-03-13T17:26:03","modified_gmt":"2026-03-13T17:26:03","slug":"press-release","status":"publish","type":"page","link":"https:\/\/goldleafbvi.com\/es\/press-release\/","title":{"rendered":"Presione soltar"},"content":{"rendered":"<p>[et_pb_section fb_built=&#8221;1&#8243; _builder_version=&#8221;4.27.0&#8243; background_color=&#8221;#000000&#8243; background_enable_image=&#8221;off&#8221; height_tablet=&#8221;&#8221; height_phone=&#8221;&#8221; height_last_edited=&#8221;on|phone&#8221; max_height_tablet=&#8221;&#8221; max_height_phone=&#8221;720px&#8221; max_height_last_edited=&#8221;on|desktop&#8221; custom_padding=&#8221;||0px||false|false&#8221; bottom_divider_color=&#8221;#FFFFFF&#8221; scroll_vertical_motion=&#8221;0|60|60|100|4|0|-4&#8243; scroll_blur=&#8221;0|24|82|100|10|0|0&#8243; background_last_edited=&#8221;off|desktop&#8221; use_background_color_gradient_phone=&#8221;on&#8221; background_color_gradient_direction_phone=&#8221;180deg&#8221; background_color_gradient_stops_phone=&#8221;rgba(16,126,125,0.49) 0%|#107e7d 100%&#8221; background_color_gradient_overlays_image_phone=&#8221;on&#8221; background_enable_mask_style_phone=&#8221;off&#8221; global_colors_info=&#8221;{}&#8221; theme_builder_area=&#8221;post_content&#8221;][et_pb_row _builder_version=&#8221;4.22.1&#8243; _module_preset=&#8221;default&#8221; custom_margin=&#8221;-84px|auto||auto|false|false&#8221; custom_margin_tablet=&#8221;||||false|false&#8221; custom_margin_phone=&#8221;||||false|false&#8221; custom_margin_last_edited=&#8221;on|desktop&#8221; custom_padding=&#8221;||0px|||&#8221; global_colors_info=&#8221;{}&#8221; theme_builder_area=&#8221;post_content&#8221;][et_pb_column type=&#8221;4_4&#8243; _builder_version=&#8221;4.22.1&#8243; _module_preset=&#8221;default&#8221; global_colors_info=&#8221;{}&#8221; theme_builder_area=&#8221;post_content&#8221;][et_pb_text disabled_on=&#8221;off|off|off&#8221; admin_label=&#8221;Text&#8221; _builder_version=&#8221;4.27.5&#8243; _module_preset=&#8221;default&#8221; link_text_align=&#8221;center&#8221; link_text_color=&#8221;#B6903C&#8221; header_font=&#8221;||||||||&#8221; header_text_align=&#8221;center&#8221; header_text_color=&#8221;#B6903C&#8221; header_font_size=&#8221;70px&#8221; header_letter_spacing=&#8221;5px&#8221; header_line_height=&#8221;1.5em&#8221; horizontal_offset=&#8221;182px&#8221; vertical_offset_tablet=&#8221;&#8221; vertical_offset_phone=&#8221;13px&#8221; vertical_offset_last_edited=&#8221;on|phone&#8221; horizontal_offset_tablet=&#8221;138px&#8221; horizontal_offset_phone=&#8221;0px&#8221; horizontal_offset_last_edited=&#8221;on|desktop&#8221; position_origin_a_tablet=&#8221;&#8221; position_origin_a_phone=&#8221;&#8221; position_origin_a_last_edited=&#8221;on|desktop&#8221; position_origin_f_tablet=&#8221;&#8221; position_origin_f_phone=&#8221;&#8221; position_origin_f_last_edited=&#8221;on|desktop&#8221; position_origin_r_tablet=&#8221;&#8221; position_origin_r_phone=&#8221;&#8221; position_origin_r_last_edited=&#8221;on|desktop&#8221; custom_margin=&#8221;||||false|false&#8221; custom_margin_tablet=&#8221;||||false|false&#8221; custom_margin_phone=&#8221;||||false|false&#8221; custom_margin_last_edited=&#8221;on|phone&#8221; custom_padding_tablet=&#8221;&#8221; custom_padding_phone=&#8221;||10px||false|false&#8221; custom_padding_last_edited=&#8221;on|phone&#8221; hover_enabled=&#8221;0&#8243; header_font_size_tablet=&#8221;40px&#8221; header_font_size_phone=&#8221;30px&#8221; header_font_size_last_edited=&#8221;on|phone&#8221; positioning_tablet=&#8221;none&#8221; positioning_phone=&#8221;none&#8221; positioning_last_edited=&#8221;on|desktop&#8221; global_colors_info=&#8221;{}&#8221; theme_builder_area=&#8221;post_content&#8221; sticky_enabled=&#8221;0&#8243;]<\/p>\n<h1>COMUNICADOS DE PRENSA<\/h1>\n<p>[\/et_pb_text][\/et_pb_column][\/et_pb_row][\/et_pb_section][et_pb_section fb_built=&#8221;1&#8243; _builder_version=&#8221;4.27.0&#8243; _module_preset=&#8221;default&#8221; background_enable_image=&#8221;off&#8221; custom_padding=&#8221;14px|||||&#8221; global_colors_info=&#8221;{}&#8221; theme_builder_area=&#8221;post_content&#8221;][et_pb_row _builder_version=&#8221;4.27.0&#8243; _module_preset=&#8221;default&#8221; max_width=&#8221;90%&#8221; global_colors_info=&#8221;{}&#8221; theme_builder_area=&#8221;post_content&#8221;][et_pb_column type=&#8221;4_4&#8243; _builder_version=&#8221;4.27.0&#8243; _module_preset=&#8221;default&#8221; global_colors_info=&#8221;{}&#8221; theme_builder_area=&#8221;post_content&#8221;][et_pb_search placeholder=&#8221;Search Articles By Title&#8221; _builder_version=&#8221;4.27.4&#8243; _module_preset=&#8221;default&#8221; global_colors_info=&#8221;{}&#8221; theme_builder_area=&#8221;post_content&#8221;][\/et_pb_search][et_pb_text _builder_version=&#8221;4.27.4&#8243; _module_preset=&#8221;default&#8221; text_text_color=&#8221;#000000&#8243; link_text_color=&#8221;#E09900&#8243; hover_enabled=&#8221;0&#8243; global_colors_info=&#8221;{}&#8221; theme_builder_area=&#8221;post_content&#8221; sticky_enabled=&#8221;0&#8243; disabled_on=&#8221;on|on|on&#8221; disabled=&#8221;on&#8221;]<\/p>\n<p>Bienvenido a <a href=\"#\">Gold Leaf<\/a> Art\u00edculos: una selecta biblioteca de informaci\u00f3n pr\u00e1ctica y clara de nuestro equipo. Aqu\u00ed encontrar\u00e1 art\u00edculos concisos sobre novedades regulatorias en las Islas V\u00edrgenes Brit\u00e1nicas, pr\u00e1cticas de cumplimiento diarias y tendencias globales relacionadas. Todos los textos explican qu\u00e9 cambi\u00f3, por qu\u00e9 es importante y qu\u00e9 pasos seguir. Ofrecemos gu\u00edas pr\u00e1cticas y an\u00e1lisis regulatorios sencillos que podr\u00e1 aplicar f\u00e1cilmente. Si es una entidad no financiera designada, una instituci\u00f3n financiera u otra empresa relevante, utilice esta p\u00e1gina para mantenerse informado y preparado para las inspecciones.<\/p>\n<p>[\/et_pb_text][\/et_pb_column][\/et_pb_row][et_pb_row _builder_version=&#8221;4.27.0&#8243; _module_preset=&#8221;default&#8221; max_width=&#8221;90%&#8221; global_colors_info=&#8221;{}&#8221; theme_builder_area=&#8221;post_content&#8221;][et_pb_column type=&#8221;4_4&#8243; _builder_version=&#8221;4.27.0&#8243; _module_preset=&#8221;default&#8221; global_colors_info=&#8221;{}&#8221; theme_builder_area=&#8221;post_content&#8221;][et_pb_text _builder_version=&#8221;4.27.5&#8243; _module_preset=&#8221;default&#8221; hover_enabled=&#8221;0&#8243; global_colors_info=&#8221;{}&#8221; theme_builder_area=&#8221;post_content&#8221; sticky_enabled=&#8221;0&#8243;]<style type='text\/css' media='all'>#rt-tpg-container-181519375 .rt-holder .rt-woo-info .price{color:#dd9933;}body .rt-tpg-container .rt-tpg-isotope-buttons .selected,\n\t\t\t\t\t#rt-tpg-container-181519375 .layout12 .rt-holder:hover .rt-detail,\n\t\t\t\t\t#rt-tpg-container-181519375 .isotope8 .rt-holder:hover .rt-detail,\n\t\t\t\t\t#rt-tpg-container-181519375 .carousel8 .rt-holder:hover .rt-detail,\n\t\t\t\t\t#rt-tpg-container-181519375 .layout13 .rt-holder .overlay .post-info,\n\t\t\t\t\t#rt-tpg-container-181519375 .isotope9 .rt-holder .overlay .post-info,\n\t\t\t\t\t#rt-tpg-container-181519375.rt-tpg-container .layout4 .rt-holder .rt-detail,\n\t\t\t\t\t.rt-modal-181519375 .md-content,\n\t\t\t\t\t.rt-modal-181519375 .md-content > .rt-md-content-holder .rt-md-content,\n\t\t\t\t\t.rt-popup-wrap-181519375.rt-popup-wrap .rt-popup-navigation-wrap,\n\t\t\t\t\t#rt-tpg-container-181519375 .carousel9 .rt-holder .overlay .post-info{background-color:#dd9933;}#rt-tpg-container-181519375 .layout5 .rt-holder .overlay, #rt-tpg-container-181519375 .isotope2 .rt-holder .overlay, #rt-tpg-container-181519375 .carousel2 .rt-holder .overlay,#rt-tpg-container-181519375 .layout15 .rt-holder h3, #rt-tpg-container-181519375 .isotope11 .rt-holder h3, #rt-tpg-container-181519375 .carousel11 .rt-holder h3, #rt-tpg-container-181519375 .layout16 .rt-holder h3,\n\t\t\t\t\t#rt-tpg-container-181519375 .isotope12 .rt-holder h3, #rt-tpg-container-181519375 .carousel12 .rt-holder h3 {background-color:rgba(221,153,51,0.8);}#rt-tpg-container-181519375 .rt-filter-item-wrap.rt-filter-button-wrap span.rt-filter-button-item:hover,\n\t\t\t\t\t#rt-tpg-container-181519375 .rt-holder .read-more a:hover,\n\t\t\t\t\t#rt-tpg-container-181519375.rt-tpg-container .swiper-navigation .slider-btn:hover,\n\t\t\t\t\t#rt-tpg-container-181519375 .rt-layout-filter-container .rt-filter-sub-tax.sub-button-group .rt-filter-button-item:hover,\n\t\t\t\t\t#rt-tpg-container-181519375 .rt-layout-filter-container .rt-filter-wrap .rt-filter-item-wrap.rt-filter-dropdown-wrap .rt-filter-dropdown .rt-filter-dropdown-item:hover,\n\t\t\t\t\t#rt-tpg-container-181519375 .rt-layout-filter-container .rt-filter-wrap .rt-filter-item-wrap.rt-filter-dropdown-wrap .rt-filter-dropdown .rt-filter-dropdown-item.selected,\n\t\t\t\t\t#rt-tpg-container-181519375 .rt-layout-filter-container .rt-filter-wrap .rt-filter-item-wrap.rt-sort-order-action:hover,\n\t\t\t\t\t#rt-tpg-container-181519375.rt-tpg-container .rt-pagination-wrap .rt-page-numbers .paginationjs .paginationjs-pages ul li.active>a:hover,\n\t\t\t\t\t#rt-tpg-container-181519375 .rt-filter-item-wrap.rt-filter-button-wrap span.rt-filter-button-item.selected,\n\t\t\t\t\t#rt-tpg-container-181519375 .rt-layout-filter-container .rt-filter-wrap .rt-filter-item-wrap.rt-sort-order-action,\n\t\t\t\t\t#rt-tpg-container-181519375.rt-tpg-container .rt-pagination-wrap  .rt-loadmore-btn:hover,\n\t\t\t\t\t#rt-tpg-container-181519375 .rt-read-more:hover,\n\t\t\t\t\t#rt-tpg-container-181519375.rt-tpg-container .rt-pagination-wrap .rt-page-numbers .paginationjs .paginationjs-pages ul li.active>a{color:#dd9933;}#rt-tpg-container-181519375 .read-more a{border-radius:px;}#rt-tpg-container-181519375 .rt-img-holder img.rt-img-responsive,#rt-tpg-container-181519375 .rt-img-holder,\n\t\t\t\t\t#rt-tpg-container-181519375 .rt-post-overlay .post-img,\n\t\t\t\t\t#rt-tpg-container-181519375 .post-sm .post-img,\n\t\t\t\t\t#rt-tpg-container-181519375 .rt-post-grid .post-img,\n\t\t\t\t\t#rt-tpg-container-181519375 .post-img img {border-radius:px;}#rt-tpg-container-181519375 .layout1 .rt-holder h2.entry-title,\n\t\t\t\t\t#rt-tpg-container-181519375 .layout1 .rt-holder h3.entry-title,\n\t\t\t\t\t#rt-tpg-container-181519375 .layout1 .rt-holder h4.entry-title,\n\t\t\t\t\t#rt-tpg-container-181519375 .layout1 .rt-holder h2.entry-title a,\n\t\t\t\t\t#rt-tpg-container-181519375 .layout1 .rt-holder h3.entry-title a,\n\t\t\t\t\t#rt-tpg-container-181519375 .layout1 .rt-holder h4.entry-title a,\n\t\t\t\t\t#rt-tpg-container-181519375 .rt-holder .rt-woo-info h2 a,\n\t\t\t\t\t#rt-tpg-container-181519375 .rt-holder .rt-woo-info h3 a,\n\t\t\t\t\t#rt-tpg-container-181519375 .rt-holder .rt-woo-info h4 a,\n\t\t\t\t\t#rt-tpg-container-181519375 .post-content .post-title,\n\t\t\t\t\t#rt-tpg-container-181519375 .rt-post-grid .post-title,\n\t\t\t\t\t#rt-tpg-container-181519375 .rt-post-grid .post-title a,\n\t\t\t\t\t#rt-tpg-container-181519375 .post-content .post-title a,\n\t\t\t\t\t#rt-tpg-container-181519375 .rt-holder .rt-woo-info h2,\n\t\t\t\t\t#rt-tpg-container-181519375 .rt-holder .rt-woo-info h3,\n\t\t\t\t\t#rt-tpg-container-181519375 .rt-holder .rt-woo-info h4{color:#000000;font-size:16px;line-height:26px;font-weight:bold;}#rt-tpg-container-181519375 .post-grid-lg-style-1 .post-title,\n\t\t\t\t\t\t#rt-tpg-container-181519375 .post-grid-lg-style-1 .post-title a,\n\t\t\t\t\t\t#rt-tpg-container-181519375 .big-layout .post-title,\n\t\t\t\t\t\t#rt-tpg-container-181519375 .big-layout .post-title a,\n\t\t\t\t\t\t#rt-tpg-container-181519375 .post-grid-lg-style-1 .post-title,\n\t\t\t\t\t\t#rt-tpg-container-181519375 .post-grid-lg-style-1 .post-title a {font-size:24px;line-height:34px;}#rt-tpg-container-181519375 .layout1 .rt-holder h2.entry-title:hover,\n\t\t\t\t\t#rt-tpg-container-181519375 .layout1 .rt-holder h3.entry-title:hover,\n\t\t\t\t\t#rt-tpg-container-181519375 .layout1 .rt-holder h4.entry-title:hover,\n\t\t\t\t\t#rt-tpg-container-181519375 .layout1 .rt-holder h2.entry-title a:hover,\n\t\t\t\t\t#rt-tpg-container-181519375 .layout1 .rt-holder h3.entry-title a:hover,\n\t\t\t\t\t#rt-tpg-container-181519375 .layout1 .rt-holder h4.entry-title a:hover,\n\t\t\t\t\t#rt-tpg-container-181519375 .post-content .post-title a:hover,\n\t\t\t\t\t#rt-tpg-container-181519375 .rt-post-grid .post-title a:hover,\n\t\t\t\t\t#rt-tpg-container-181519375 .rt-holder .rt-woo-info h2 a:hover,\n\t\t\t\t\t#rt-tpg-container-181519375 .rt-holder .rt-woo-info h3 a:hover,\n\t\t\t\t\t#rt-tpg-container-181519375 .rt-holder .rt-woo-info h4 a:hover,\n\t\t\t\t\t#rt-tpg-container-181519375 .rt-holder .rt-woo-info h2:hover,\n\t\t\t\t\t#rt-tpg-container-181519375 .rt-holder .rt-woo-info h3:hover,\n\t\t\t\t\t#rt-tpg-container-181519375 .rt-holder .rt-woo-info h4:hover{color:#000000 !important;}#rt-tpg-container-181519375 .layout1 .rt-holder .tpg-excerpt,#rt-tpg-container-181519375 .layout1 .tpg-excerpt,#rt-tpg-container-181519375 .layout1 .rt-holder .post-content,#rt-tpg-container-181519375 .rt-holder .rt-woo-info p,#rt-tpg-container-181519375 .post-content p {color:#000000;}<\/style><div class='rt-container-fluid rt-tpg-container tpg-shortcode-main-wrapper' id='rt-tpg-container-181519375'   data-layout='layout1' data-grid-style='even' data-desktop-col='3'  data-tab-col='2'  data-mobile-col='1' data-sc-id='8244'><div data-title='Cargando...' class='rt-row rt-content-loader   layout1 tpg-even'><div class=\"rt-col-md-4 rt-col-sm-6 rt-col-xs-12 even-grid-item rt-grid-item img_zoom_in\" data-id=\"8262\"><div class=\"rt-holder\"><div class=\"rt-img-holder\"><a data-id=\"8262\" class=\"\" href=\"https:\/\/goldleafbvi.com\/es\/deeper-inspections-and-higher-standards-are-coming\/\"><img loading=\"lazy\" decoding=\"async\" width=\"500\" height=\"499\" src=\"https:\/\/goldleafbvi.com\/wp-content\/uploads\/2024\/04\/GCCS-removebg-preview.png\" class=\"rt-img-responsive\" alt=\"Gold Leaf Logo\" \/><\/a><\/div><div class='rt-detail'><h2 class=\"entry-title\"><a data-id=\"8262\" class=\"\" href=\"https:\/\/goldleafbvi.com\/es\/deeper-inspections-and-higher-standards-are-coming\/\">Los reguladores han anunciado inspecciones m\u00e1s exhaustivas y est\u00e1ndares m\u00e1s exigentes. Gold Leaf organiz\u00f3 un taller para preparar a los profesionales de cumplimiento normativo de las Islas V\u00edrgenes Brit\u00e1nicas para los pr\u00f3ximos pasos.<\/a><\/h2><div class='post-meta-user'><span class='author'><i class='flaticon-user'><\/i><a href=\"https:\/\/goldleafbvi.com\/es\/author\/gold-leaf-bvi\/\">Gold Leaf<\/a><\/span><span class='date'><i class='flaticon-calendar'><\/i>13 de marzo de 2026<\/span><\/div><div class='tpg-excerpt'>FOR IMMEDIATE RELEASE13&hellip;...<\/div><div class='post-meta'><span class='read-more'><a data-id='8262' class='' href='https:\/\/goldleafbvi.com\/es\/deeper-inspections-and-higher-standards-are-coming\/'>Leer m\u00e1s<\/a><\/span><\/div><\/div><\/div><\/div><\/div><\/div>[\/et_pb_text][\/et_pb_column][\/et_pb_row][\/et_pb_section]<\/p>","protected":false},"excerpt":{"rendered":"<p>FOR IMMEDIATE RELEASE13 March 2026 \u00a0 Ninety two (92) practitioners, alongside the FSC and FIA, gathered not to hear what the regulations say, but to practice what effective compliance looks like when supervisors come through the door. Road Town, Tortola, British Virgin Islands, 12 March 2026. The message from the BVI\u2019s regulators is unambiguous. Technical compliance is no longer sufficient. More thorough on-site inspections are scheduled for 2026 and 2027. The BVI\u2019s first full mutual evaluation sits on the policy horizon in 2029. And the standard that will define outcomes is effectiveness: not whether a policy exists, but whether it has been applied consistently, proportionately, and documented with defensible reasoning. It was against that backdrop that Gold Leaf Consulting Limited convened \u201cFrom Insight to Action: The Compliance Practitioner\u2019s Seminar\u201d on 13 March 2026 at the BVI International Arbitration Centre. Ninety two (92) compliance professionals, money laundering reporting officers (MLROs), lawyers, Board Members, Managing Directors and representatives from designated non-financial businesses and professions (DNFBPs) spent a full day not reviewing legislation, but working through it. Through live case studies, group breakout sessions, and scenario-specific applied exercises, Gold Leaf stripped away theory and replaced it with the analytical tools practitioners need to [&hellip;]<\/p>","protected":false},"author":1,"featured_media":0,"parent":0,"menu_order":0,"comment_status":"closed","ping_status":"closed","template":"","meta":{"_et_pb_use_builder":"on","_et_pb_old_content":"","_et_gb_content_width":"","om_disable_all_campaigns":false,"footnotes":""},"class_list":["post-8240","page","type-page","status-publish","hentry"],"rttpg_featured_image_url":null,"rttpg_author":{"display_name":"aamwebdevelopment","author_link":"https:\/\/goldleafbvi.com\/es\/author\/aamwebdevelopment\/"},"rttpg_comment":0,"rttpg_category":"","rttpg_excerpt":"FOR IMMEDIATE RELEASE13 March 2026 \u00a0 Ninety two (92) practitioners, alongside the FSC and FIA, gathered not to hear what the regulations say, but to practice what effective compliance looks like when supervisors come through the door. Road Town, Tortola, British Virgin Islands, 12 March 2026. The message from the BVI\u2019s regulators is unambiguous. Technical&hellip;","_links":{"self":[{"href":"https:\/\/goldleafbvi.com\/es\/wp-json\/wp\/v2\/pages\/8240","targetHints":{"allow":["GET"]}}],"collection":[{"href":"https:\/\/goldleafbvi.com\/es\/wp-json\/wp\/v2\/pages"}],"about":[{"href":"https:\/\/goldleafbvi.com\/es\/wp-json\/wp\/v2\/types\/page"}],"author":[{"embeddable":true,"href":"https:\/\/goldleafbvi.com\/es\/wp-json\/wp\/v2\/users\/1"}],"replies":[{"embeddable":true,"href":"https:\/\/goldleafbvi.com\/es\/wp-json\/wp\/v2\/comments?post=8240"}],"version-history":[{"count":13,"href":"https:\/\/goldleafbvi.com\/es\/wp-json\/wp\/v2\/pages\/8240\/revisions"}],"predecessor-version":[{"id":8260,"href":"https:\/\/goldleafbvi.com\/es\/wp-json\/wp\/v2\/pages\/8240\/revisions\/8260"}],"wp:attachment":[{"href":"https:\/\/goldleafbvi.com\/es\/wp-json\/wp\/v2\/media?parent=8240"}],"curies":[{"name":"gracias","href":"https:\/\/api.w.org\/{rel}","templated":true}]}}