{"id":7208,"date":"2024-10-17T02:30:39","date_gmt":"2024-10-17T02:30:39","guid":{"rendered":"https:\/\/goldleafbvi.com\/?page_id=7208"},"modified":"2024-10-30T13:18:58","modified_gmt":"2024-10-30T13:18:58","slug":"georgette-adonis-roberts","status":"publish","type":"page","link":"https:\/\/goldleafbvi.com\/es\/georgette-adonis-roberts\/","title":{"rendered":"Georgette Adonis-Roberts"},"content":{"rendered":"<p>[et_pb_section fb_built=\u201d1\u2033 _builder_version=\u201d4.27.0\u2033 background_color=\u201d#000000\u2033 background_enable_image=\u201doff\u201d height_tablet=\u201d\u201d height_phone=\u201d\u201d height_last_edited=\u201don|phone\u201d max_height_tablet=\u201d\u201d max_height_phone=\u201d\u201d max_height_last_edited=\u201don|desktop\u201d custom_padding=\u201d||||false|false\u201d bottom_divider_color=\u201d#FFFFFF\u201d scroll_vertical_motion=\u201d0|60|60|100|4|0|-4\u2033 scroll_blur=\u201d0|24|82|100|10|0|0\u2033 background_last_edited=\u201doff|desktop\u201d use_background_color_gradient_phone=\u201don\u201d background_color_gradient_direction_phone=\u201d180deg\u201d background_color_gradient_stops_phone=\u201drgba(16,126,125,0.49) 0%|#107e7d 100%\u201d background_color_gradient_overlays_image_phone=\u201don\u201d background_enable_mask_style_phone=\u201doff\u201d global_colors_info=\u201d{}\u201d][et_pb_row _builder_version=\u201d4.22.1\u2033 _module_preset=\u201ddefault\u201d custom_margin=\u201d||||false|false\u201d custom_margin_tablet=\u201d||||false|false\u201d custom_margin_phone=\u201d||||false|false\u201d custom_margin_last_edited=\u201don|desktop\u201d custom_padding=\u201d||||false|false\u201d global_colors_info=\u201d{}\u201d][et_pb_column type=\u201d4_4\u2033 _builder_version=\u201d4.22.1\u2033 _module_preset=\u201dpredeterminado\u201d global_colors_info=\u201d{}\u201d][et_pb_text deshabilitado_encendido=\u201dapagado|apagado|apagado\u201d admin_label=\u201dTexto\u201d _builder_version=\u201d4.27.0\u2033 _module_preset=\u201dpredeterminado\u201d link_text_align=\u201dcenter\u201d link_text_color=\u201d#B6903C\u201d header_font=\u201d|||||||||\u201d header_text_align=\u201dcenter\u201d header_text_color=\u201d#B6903C\u201d header_font_size=\u201d70px\u201d header_letter_spacing=\u201d5px\u201d header_line_height=\u201d1.5em\u201d horizontal_offset=\u201d182px\u201d vertical_offset_tablet=\u201d\u201d vertical_offset_phone=\u201d13px\u201d vertical_offset_last_edited=\u201don|phone\u201d horizontal_offset_tablet=\u201d138px\u201d horizontal_offset_phone=\u201d0px\u201d horizontal_offset_last_edited=\u201don|desktop\u201d position_origin_a_tablet=\u201d\u201d position_origin_a_phone=\u201d\u201d position_origin_a_last_edited=\u201don|desktop\u201d position_origin_r_tablet=\u201d\u201d position_origin_r_phone=\u201d\u201d position_origin_r_last_edited=\u201den|escritorio\u201d custom_margin=\u201d||||falso|falso\u201d custom_margin_tablet=\u201d||||falso|falso\u201d custom_margin_phone=\u201d||||falso|falso\u201d custom_margin_last_edited=\u201den|tel\u00e9fono\u201d custom_padding_tablet=\u201d\u201d custom_padding_phone=\u201d||10px||falso|falso\u201d custom_padding_last_edited=\u201den|tel\u00e9fono\u201d header_font_size_tablet=\u201d40px\u201d header_font_size_phone=\u201d30px\u201d header_font_size_last_edited=\u201den|tel\u00e9fono\u201d placement_tablet=\u201dninguno\u201d placement_phone=\u201dninguno\u201d placement_last_edited=\u201den|escritorio\u201d informaci\u00f3n_global_colores=\u201d{}\u201d]<\/p>\n<h1><span>EQUIPO<\/span><\/h1>\n<p>[\/et_pb_text][\/et_pb_column][\/et_pb_row][\/et_pb_section][et_pb_section fb_built=\u201d1\u2033 module_id=\u201dttdev-home-ie-services\u201d module_class=\u201dfixedsticky fixedsticky_desktop fullwidth fullwidth-serv row-reverse\u201d _builder_version=\u201d4.27.0\u2033 background_color=\u201d#FFFFFF\u201d background_enable_image=\u201doff\u201d custom_padding=\u201d0px|0px||0px|false|false\u201d global_colors_info=\u201d{}\u201d][et_pb_row _builder_version=\u201d4.27.0\u2033 _module_preset=\u201ddefault\u201d max_width=\u201d90%\u201d custom_padding=\u201d||||false|false\u201d global_colors_info=\u201d{}\u201d][et_pb_column type=\u201d4_4\u2033 _builder_version=\u201d4.27.0\u2033 _module_preset=\u201dpredeterminado\u201d custom_padding=\u201d||||false|false\u201d global_colors_info=\u201d{}\u201d][et_pb_image src=\u201dhttps:\/\/goldleafbvi.com\/wp-content\/uploads\/2024\/10\/Picture3.jpg\u201d alt=\u201dGeorgette Adonis-Roberts\u201d title_text=\u201dPicture3\u2033 align_tablet=\u201dcenter\u201d align_phone=\u201dcenter\u201d align_last_edited=\u201don|tablet\u201d _builder_version=\u201d4.27.0\u2033 _module_preset=\u201dpredeterminado\u201d max_width=\u201d20%\u201d module_alignment=\u201dcenter\u201d custom_margin=\u201d||||false|false\u201d custom_margin_tablet=\u201d||||false|false\u201d custom_margin_phone=\u201d||||false|false\u201d custom_margin_last_edited=\u201don|phone\u201d custom_padding=\u201d||||false|false\u201d hover_enabled=\u201d0\u2033 global_colors_info=\u201d{}\u201d max_width_last_edited=\u201don|phone\u201d sticky_enabled=\u201d0\u2033 max_width_tablet=\u201d30%\u201d max_width_phone=\u201d60%\u201d][\/et_pb_image][et_pb_team_member name=\u201dGeorgette Adonis-Roberts\u201d position=\u201dConsultora legal regulatoria \u201d _builder_version=\u201d4.27.0\u2033 _module_preset=\u201ddefault\u201d header_level=\u201dh2\u2033 header_text_align=\u201dcenter\u201d body_text_align=\u201dcenter\u201d custom_margin_tablet=\u201d\u201d custom_margin_phone=\u201d\u201d custom_margin_last_edited=\u201don|desktop\u201d global_colors_info=\u201d{}\u201d][\/et_pb_team_member][et_pb_text _builder_version=\u201d4.27.0\u2033 _module_preset=\u201ddefault\u201d custom_margin=\u201d||||false|false\u201d custom_margin_tablet=\u201d||0px||false|false\u201d custom_margin_phone=\u201d||0px||false|false\u201d custom_margin_last_edited=\u201don|phone\u201d global_colors_info=\u201d{}\u201d]<\/p>\n<p style=\"text-align: justify;\">Georgette Adonis-Roberts es una abogada internacional experimentada y con doble titulaci\u00f3n, especializada en derecho corporativo y comercial, tecnolog\u00eda financiera, activos virtuales, tecnolog\u00eda y productos y servicios de la Web 3. Su amplia experiencia abarca m\u00faltiples sectores, incluidos los servicios financieros, los delitos financieros, la financiaci\u00f3n del comercio, la tecnolog\u00eda y la protecci\u00f3n de datos.<\/p>\n<p style=\"text-align: justify;\">Georgette ha liderado los aspectos legales de lanzamientos de productos, negocios y plataformas multimillonarios, destac\u00e1ndose particularmente en expansiones jurisdiccionales y en la resoluci\u00f3n de problemas transfronterizos complejos.<\/p>\n<p data-asw-orgfontsize=\"18\" style=\"text-align: justify;\">En el sector de los activos digitales, Georgette ha brindado asesoramiento estrat\u00e9gico sobre activos virtuales tanto en las etapas previas como posteriores a la oferta inicial de monedas. Tambi\u00e9n se centra en proyectos NFT sofisticados, ofreciendo una orientaci\u00f3n integral antes de la entrega de tokens y en las empresas asociadas posteriores. Su asesoramiento abarca el cumplimiento normativo, los acuerdos comerciales, la promoci\u00f3n financiera, la protecci\u00f3n de datos y los derechos de propiedad intelectual a varios proveedores de servicios de activos virtuales. Tiene una gran experiencia en el tratamiento de casos de delitos financieros, lavado de dinero, soborno y corrupci\u00f3n. Su experiencia incluye la gesti\u00f3n de asuntos de alto perfil relacionados con el abuso de mercado, el fraude, las violaciones de valores y los casos RICO, as\u00ed como el manejo de redadas al amanecer e investigaciones regulatorias. Es una asesora de confianza en la gesti\u00f3n de crisis, en particular en la respuesta a esc\u00e1ndalos e infracciones regulatorias.<\/p>\n<p data-asw-orgfontsize=\"18\" style=\"text-align: justify;\">En el \u00e1mbito corporativo, Georgette ha desempe\u00f1ado un papel decisivo en fusiones y adquisiciones, reestructuraciones corporativas y transformaciones estrat\u00e9gicas, incluso actuando para un fondo y un grupo de capital privado respaldados por miles de millones de d\u00f3lares.<\/p>\n<p data-asw-orgfontsize=\"18\" style=\"text-align: justify;\">Como experta en gobernanza, Georgette asesora sobre las responsabilidades de los altos directivos y los directivos, el cumplimiento normativo y los deberes de los directores, fomentando una cultura de gobernanza que priorice la transparencia y la toma de decisiones \u00e9ticas. Tiene experiencia en la implementaci\u00f3n de marcos, pol\u00edticas y procedimientos de gobernanza y gesti\u00f3n de riesgos, en la mejora de la eficacia de los consejos directivos y en la supervisi\u00f3n de la planificaci\u00f3n de la sucesi\u00f3n, garantizando la alineaci\u00f3n con los requisitos normativos y los objetivos empresariales.<\/p>\n<p data-asw-orgfontsize=\"18\" style=\"text-align: justify;\">Como cofundadora de YP Club Abu Dhabi, un grupo de expertos y programa acelerador, y embajadora de Crypto Mondays Caribbean, Georgette est\u00e1 profundamente comprometida con el fomento de la innovaci\u00f3n en la econom\u00eda digital.<\/p>\n<p data-asw-orgfontsize=\"18\" style=\"text-align: justify;\">Con un enfoque centrado en el cliente y una s\u00f3lida experiencia, Georgette es una experta muy solicitada en el panorama cambiante de los servicios financieros y el cumplimiento normativo en el Caribe, el Reino Unido y Oriente Medio.<\/p>\n<p>[\/et_pb_text][\/et_pb_column][\/et_pb_row][\/et_pb_section][et_pb_section fb_built=\u201d1\u2033 _builder_version=\u201d4.27.0\u2033 _module_preset=\u201dpredeterminado\u201d color_de_fondo=\u201d#b6903c\u201d color_de_fondo_habilitado=\u201ddesactivado\u201d usar_gradiente_de_color_de_fondo=\u201dactivado\u201d direcci\u00f3n_de_gradiente_de_color_de_fondo=\u201d233 grados\u201d paradas_de_gradiente_de_color_de_fondo=\u201d#b6903c 0%|rgba(181,181,181,0.35) 50%|#b6903c 100%\u201d color_del_divisor_inferior=\u201d#FFFFFF\u201d direcci\u00f3n_de_animaci\u00f3n=\u201dderecha\u201d global_module=\u201d5700\u2033 pesta\u00f1as_guardadas=\u201dtodas\u2033 bloqueadas=\u201ddesactivadas\u2033 global_colors_info=\u201d{}\u201d][et_pb_row _builder_version=\u201d4.25.0\u2033 _module_preset=\u201dpredeterminado\u2033 custom_margin=\u201d-30px||||falso|falso\u2033 custom_margin_tablet=\u201d||||falso|falso\u2033 custom_margin_phone=\u201d||||falso|falso\u2033 custom_margin_last_edited=\u201den|escritorio\u2033 custom_padding=\u201d||90px||falso|falso\u2033 global_colors_info=\u201d{}\u201d][et_pb_column type=\u201d4_4\u2033 _builder_version=\u201d4.22.1\u2033 _module_preset=\u201dpredeterminado\u2033 global_colors_info=\u201d{}\u201d][et_pb_text _builder_version=\u201d4.22.1\u2033 _module_preset=\u201dpredeterminado\u201d color_texto=\u201d#B6903C\u201d tama\u00f1o_fuente_texto=\u201d18px\u201d color_texto_enlace=\u201d#8A52FC\u201d color_texto_encabezado=\u201d#B6903C\u201d tama\u00f1o_fuente_texto_encabezado=\u201d22px\u201d orientaci\u00f3n_texto=\u201dcentro\u201d margen_personalizado=\u201d||29px|||\u201d informaci\u00f3n_colores_globales=\u201d{}\u201d color_texto___hover=\u201d#FFFFFF\u201d color_texto___hover_enabled=\u201dactivado|pasando el mouse\u201d dise\u00f1o_fondo__hover=\u201doscuro\u201d dise\u00f1o_fondo__hover_enabled=\u201dactivado|pasando el mouse\u201d]<\/p>\n<h4>\u00bfListo para trabajar con nosotros?<\/h4>\n<p>[\/et_pb_text][et_pb_text _builder_version=\u201d4.22.1\u2033 _module_preset=\u201ddefault\u201d link_text_color=\u201d#B6903C\u201d header_2_font=\u201d|700|||||||\u201d header_2_text_align=\u201dcenter\u201d header_2_text_color=\u201d#B6903C\u201d header_2_font_size=\u201d40px\u201d header_2_font_size_tablet=\u201d40px\u201d header_2_font_size_phone=\u201d25px\u201d header_2_font_size_last_edited=\u201don|phone\u201d global_colors_info=\u201d{}\u201d]<\/p>\n<h2><a href=\"#\">Gold Leaf<\/a> Consultor\u00eda Limitada<\/h2>\n<p>[\/et_pb_text][\/et_pb_column][\/et_pb_row][et_pb_row _builder_version=\u201d4.22.1\u2033 _module_preset=\u201ddefault\u201d custom_margin=\u201d-90px||||false|false\u201d custom_padding=\u201d||80px||false|false \u201d global_colors_info=\u201d{}\u201d][et_pb_column type=\u201d4_4\u2033 _builder_version=\u201d4.22.1\u2033 _module_preset=\u201ddefault\u201d global_colors_info=\u201d{}\u201d][et_pb_text _builder_version=\u201d4.25.0\u2033 _module_preset=\u201ddefault\u201d text_text_color= \u201d#000000\u2033 text_orientation=\u201dcentro\u201d global_colors_info=\u201d{}\u201d]<\/p>\n<p>Lun \u2013 Vie: 9:00 am \u2013 5:00 pm | Fines de semana: cerrado<\/p>\n<p>[\/et_pb_text][et_pb_textdisable_on=\u201doff|off|off\u201d _builder_version=\u201d4.25.1\u2033 _module_preset=\u201ddefault\u201d text_text_color=\u201d#000000\u2033 link_text_color=\u201d#000000\u2033 text_orientation=\u201dcenter\u201d custom_margin=\u201d-20px||| |false|false\u201d global_colors_info=\u201d{}\u201d background_layout__hover_enabled=\u201don|hover\u201d background_layout__hover=\u201ddark\u201d text_text_color__hover_enabled=\u201don|hover\u201d text_text_color__hover=\u201d#000000\u2033 link_text_color__hover_enabled=\u201don|hover\u201d link_text_color__hover=\u201d#B69 03C\u201d]<\/p>\n<p><a href=\"https:\/\/maps.app.goo.gl\/EBr5CUWZii3E4oxC6\" target=\"_blank\" rel=\"noopener\"><span>Unidades 6 y 7 Road Reef Plaza Prospect Reef\u00a0<\/span><\/a><\/p>\n<p>[\/et_pb_text][et_pb_textdisable_on=\u201doff|off|off\u201d _builder_version=\u201d4.26.0\u2033 _module_preset=\u201ddefault\u201d text_text_color=\u201d#000000\u2033 link_text_color=\u201d#000000\u2033 text_orientation=\u201dcenter\u201d custom_margin=\u201d-20px||| |false|false\u201d global_colors_info=\u201d{}\u201d background_layout__hover_enabled=\u201don|hover\u201d background_layout__hover=\u201ddark\u201d text_text_color__hover_enabled=\u201don|hover\u201d text_text_color__hover=\u201d#000000\u2033 link_text_color__hover_enabled=\u201don|hover\u201d link_text_color__hover=\u201d#B69 03C\u201d]<\/p>\n<p><i class=\"fa-solid fa-phone\"><\/i> :<a href=\"tel:12844949559\">1-284-494-9559<\/a><\/p>\n<p>[\/et_pb_text][et_pb_textdisable_on=\u201doff|off|off\u201d _builder_version=\u201d4.26.0\u2033 _module_preset=\u201ddefault\u201d text_text_color=\u201d#000000\u2033 link_text_color=\u201d#000000\u2033 text_orientation=\u201dcenter\u201d custom_margin=\u201d-20px||| |false|false\u201d global_colors_info=\u201d{}\u201d background_layout__hover_enabled=\u201don|hover\u201d background_layout__hover=\u201ddark\u201d text_text_color__hover_enabled=\u201don|hover\u201d text_text_color__hover=\u201d#000000\u2033 link_text_color__hover_enabled=\u201don|hover\u201d link_text_color__hover=\u201d#B69 03C\u201d]<\/p>\n<p><i class=\"fa-solid fa-envelope\"><\/i> : <a href=\"mailto:&quot;info@goldleafbvi.com&quot;\">info@goldleafbvi.com<\/a><\/p>\n<p>[\/et_pb_text][\/et_pb_column][\/et_pb_row][et_pb_row _builder_version=\u201d4.22.1\u2033 _module_preset=\u201dpredeterminado\u201d custom_margin=\u201d-43px|auto||auto||\u201d global_colors_info=\u201d{}\u201d][et_pb_column type=\u201d4_4\u2033 _builder_version=\u201d4.22.1\u2033 _module_preset=\u201dpredeterminado\u201d global_colors_info=\u201d{}\u201d][et_pb_button button_url=\u201dhttps:\/\/goldleafbvi.com\/contact-us\/\u201d button_text=\u201dCont\u00e1ctenos\u201d button_alignment=\u201dcenter\u201d disabled_on=\u201doff|off|off\u201d _builder_version=\u201d4.27.0\u2033 _module_preset=\u201dpredeterminado\u201d custom_button=\u201don\u201d button_text_size=\u201d22px\u201d button_text_color=\u201d#000000\u2033 button_icon=\u201dA||divi||400\u2033 button_text_size_tablet=\u201d22px\u201d button_text_size_phone=\u201d22px\u201d tama\u00f1o_texto_bot\u00f3n_\u00faltima_edici\u00f3n=\u201dactivado|escritorio\u201d informaci\u00f3n_colores_globales=\u201d{}\u201d color_texto_bot\u00f3n__hover=\u201d#FFFFFF\u201d color_texto_bot\u00f3n__hover_habilitado=\u201dactivado|pasa el mouse\u201d color_fondo_bot\u00f3n__hover=\u201d#000000\u2033 color_fondo_bot\u00f3n__hover_habilitado=\u201dactivado|pasa el mouse\u201d color_fondo_habilitado_bot\u00f3n__hover=\u201dactivado\u201d][\/et_pb_bot\u00f3n][\/et_pb_columna][\/et_pb_fila][\/et_pb_secci\u00f3n]<\/p>","protected":false},"excerpt":{"rendered":"<p>TEAMGeorgette Adonis-Roberts is a seasoned, dual-qualified international lawyer specialising in corporate and commercial law, fintech, virtual assets, technology, and Web 3 products and services. Her broad expertise spans multiple sectors, including financial services, financial crime, trade finance, technology and data protection. Georgette has led the legal aspects of multi-million-dollar product, business and platform launches, particularly excelling in jurisdictional expansions and resolving complex cross-border issues. In the digital assets sector, Georgette has provided strategic advice on virtual assets at both the pre- and post-Initial Coin Offering stages. She also focuses on sophisticated NFT projects, offering comprehensive guidance before token drops and on subsequent associated ventures. Her advice covers regulatory compliance, commercial agreements, financial promotion, data protection and intellectual property rights to various virtual assets services providers.She is highly skilled in addressing financial crime, money laundering, bribery and corruption cases. Her expertise includes managing high-profile matters related to market abuse, fraud, securities breaches and RICO cases, as well as handling dawn raids and regulatory investigations. She is a trusted advisor in crisis management, particularly in scandal response and regulatory breaches. In the corporate arena, Georgette has been instrumental in mergers and acquisitions, corporate restructuring, and strategic transformations, including acting for a multibillion-dollar-backed [&hellip;]<\/p>","protected":false},"author":1,"featured_media":0,"parent":0,"menu_order":0,"comment_status":"closed","ping_status":"closed","template":"","meta":{"_et_pb_use_builder":"on","_et_pb_old_content":"","_et_gb_content_width":"","om_disable_all_campaigns":false,"footnotes":""},"class_list":["post-7208","page","type-page","status-publish","hentry"],"rttpg_featured_image_url":null,"rttpg_author":{"display_name":"aamwebdevelopment","author_link":"https:\/\/goldleafbvi.com\/es\/author\/aamwebdevelopment\/"},"rttpg_comment":0,"rttpg_category":null,"rttpg_excerpt":"TEAMGeorgette Adonis-Roberts is a seasoned, dual-qualified international lawyer specialising in corporate and commercial law, fintech, virtual assets, technology, and Web 3 products and services. Her broad expertise spans multiple sectors, including financial services, financial crime, trade finance, technology and data protection. Georgette has led the legal aspects of multi-million-dollar product, business and platform launches, particularly&hellip;","_links":{"self":[{"href":"https:\/\/goldleafbvi.com\/es\/wp-json\/wp\/v2\/pages\/7208","targetHints":{"allow":["GET"]}}],"collection":[{"href":"https:\/\/goldleafbvi.com\/es\/wp-json\/wp\/v2\/pages"}],"about":[{"href":"https:\/\/goldleafbvi.com\/es\/wp-json\/wp\/v2\/types\/page"}],"author":[{"embeddable":true,"href":"https:\/\/goldleafbvi.com\/es\/wp-json\/wp\/v2\/users\/1"}],"replies":[{"embeddable":true,"href":"https:\/\/goldleafbvi.com\/es\/wp-json\/wp\/v2\/comments?post=7208"}],"version-history":[{"count":5,"href":"https:\/\/goldleafbvi.com\/es\/wp-json\/wp\/v2\/pages\/7208\/revisions"}],"predecessor-version":[{"id":7262,"href":"https:\/\/goldleafbvi.com\/es\/wp-json\/wp\/v2\/pages\/7208\/revisions\/7262"}],"wp:attachment":[{"href":"https:\/\/goldleafbvi.com\/es\/wp-json\/wp\/v2\/media?parent=7208"}],"curies":[{"name":"gracias","href":"https:\/\/api.w.org\/{rel}","templated":true}]}}