{"id":7194,"date":"2024-10-17T02:12:14","date_gmt":"2024-10-17T02:12:14","guid":{"rendered":"https:\/\/goldleafbvi.com\/?page_id=7194"},"modified":"2024-10-30T11:56:15","modified_gmt":"2024-10-30T11:56:15","slug":"mayfield-muir-daniels","status":"publish","type":"page","link":"https:\/\/goldleafbvi.com\/es\/mayfield-muir-daniels\/","title":{"rendered":"Mayfield Muir Daniels"},"content":{"rendered":"<p>[et_pb_section fb_built=\u201d1\u2033 _builder_version=\u201d4.27.0\u2033 background_color=\u201d#000000\u2033 background_enable_image=\u201doff\u201d height_tablet=\u201d\u201d height_phone=\u201d\u201d height_last_edited=\u201don|phone\u201d max_height_tablet=\u201d\u201d max_height_phone=\u201d\u201d max_height_last_edited=\u201don|desktop\u201d custom_padding=\u201d||||false|false\u201d bottom_divider_color=\u201d#FFFFFF\u201d scroll_vertical_motion=\u201d0|60|60|100|4|0|-4\u2033 scroll_blur=\u201d0|24|82|100|10|0|0\u2033 background_last_edited=\u201doff|desktop\u201d use_background_color_gradient_phone=\u201don\u201d background_color_gradient_direction_phone=\u201d180deg\u201d background_color_gradient_stops_phone=\u201drgba(16,126,125,0.49) 0%|#107e7d 100%\u201d background_color_gradient_overlays_image_phone=\u201don\u201d background_enable_mask_style_phone=\u201doff\u201d global_colors_info=\u201d{}\u201d][et_pb_row _builder_version=\u201d4.22.1\u2033 _module_preset=\u201ddefault\u201d custom_margin=\u201d||||false|false\u201d custom_margin_tablet=\u201d||||false|false\u201d custom_margin_phone=\u201d||||false|false\u201d custom_margin_last_edited=\u201don|desktop\u201d custom_padding=\u201d||||false|false\u201d global_colors_info=\u201d{}\u201d][et_pb_column type=\u201d4_4\u2033 _builder_version=\u201d4.22.1\u2033 _module_preset=\u201dpredeterminado\u201d global_colors_info=\u201d{}\u201d][et_pb_text deshabilitado_encendido=\u201dapagado|apagado|apagado\u201d admin_label=\u201dTexto\u201d _builder_version=\u201d4.27.0\u2033 _module_preset=\u201dpredeterminado\u201d link_text_align=\u201dcenter\u201d link_text_color=\u201d#B6903C\u201d header_font=\u201d|||||||||\u201d header_text_align=\u201dcenter\u201d header_text_color=\u201d#B6903C\u201d header_font_size=\u201d70px\u201d header_letter_spacing=\u201d5px\u201d header_line_height=\u201d1.5em\u201d horizontal_offset=\u201d182px\u201d vertical_offset_tablet=\u201d\u201d vertical_offset_phone=\u201d13px\u201d vertical_offset_last_edited=\u201don|phone\u201d horizontal_offset_tablet=\u201d138px\u201d horizontal_offset_phone=\u201d0px\u201d horizontal_offset_last_edited=\u201don|desktop\u201d position_origin_a_tablet=\u201d\u201d position_origin_a_phone=\u201d\u201d position_origin_a_last_edited=\u201don|desktop\u201d position_origin_r_tablet=\u201d\u201d position_origin_r_phone=\u201d\u201d position_origin_r_last_edited=\u201den|escritorio\u201d custom_margin=\u201d||||falso|falso\u201d custom_margin_tablet=\u201d||||falso|falso\u201d custom_margin_phone=\u201d||||falso|falso\u201d custom_margin_last_edited=\u201den|tel\u00e9fono\u201d custom_padding_tablet=\u201d\u201d custom_padding_phone=\u201d||10px||falso|falso\u201d custom_padding_last_edited=\u201den|tel\u00e9fono\u201d header_font_size_tablet=\u201d40px\u201d header_font_size_phone=\u201d30px\u201d header_font_size_last_edited=\u201den|tel\u00e9fono\u201d placement_tablet=\u201dninguno\u201d placement_phone=\u201dninguno\u201d placement_last_edited=\u201den|escritorio\u201d informaci\u00f3n_global_colores=\u201d{}\u201d]<\/p>\n<h1><span>EQUIPO<\/span><\/h1>\n<p>[\/et_pb_text][\/et_pb_column][\/et_pb_row][\/et_pb_section][et_pb_section fb_built=\u201d1\u2033 module_id=\u201dttdev-home-ie-services\u201d module_class=\u201dfixedsticky fixedsticky_desktop fullwidth fullwidth-serv row-reverse\u201d _builder_version=\u201d4.27.0\u2033 background_color=\u201d#FFFFFF\u201d background_enable_image=\u201doff\u201d custom_padding=\u201d0px|0px||0px|false|false\u201d global_colors_info=\u201d{}\u201d][et_pb_row _builder_version=\u201d4.27.0\u2033 _module_preset=\u201ddefault\u201d max_width=\u201d90%\u201d custom_padding=\u201d||||false|false\u201d global_colors_info=\u201d{}\u201d][et_pb_column type=\u201d4_4\u2033 _builder_version=\u201d4.27.0\u2033 _module_preset=\u201dpredeterminado\u201d custom_padding=\u201d||||false|false\u201d global_colors_info=\u201d{}\u201d][et_pb_image src=\u201dhttps:\/\/goldleafbvi.com\/wp-content\/uploads\/2024\/10\/Daniel-scaled.jpg\u201d alt=\u201dMayfield Muir-Daniels,\u201d title_text=\u201dDaniel\u201d align_tablet=\u201dcenter\u201d align_phone=\u201dcenter\u201d align_last_edited=\u201don|tablet\u201d _builder_version=\u201d4.27.0\u2033 _module_preset=\u201dpredeterminado\u201d max_width=\u201d20%\u201d module_alignment=\u201dcenter\u201d custom_margin=\u201d||||false|false\u201d custom_margin_tablet=\u201d||||false|false\u201d custom_margin_phone=\u201d||||false|false\u201d custom_margin_last_edited=\u201don|phone\u201d custom_padding=\u201d||||false|false\u201d hover_enabled=\u201d0\u2033 global_colors_info=\u201d{}\u201d max_width_last_edited=\u201don|phone\u201d sticky_enabled=\u201d0\u2033 max_width_phone=\u201d60%\u201d max_width_tablet=\u201d20%\u201d][\/et_pb_image][et_pb_team_member name=\u201dMayfield Muir-Daniels \u2013 Licenciatura, Maestr\u00eda en Administraci\u00f3n de Empresas; MICA\u201d position=\u201dAsociado de cumplimiento y reglamentaci\u00f3n \u201d _builder_version=\u201d4.27.0\u2033 _module_preset=\u201dpredeterminado\u201d header_level=\u201dh2\u2033 header_text_align=\u201dcenter\u201d body_text_align=\u201dcenter\u201d custom_margin_tablet=\u201d\u201d custom_margin_phone=\u201d\u201d custom_margin_last_edited=\u201don|phone\u201d global_colors_info=\u201d{}\u201d][\/et_pb_team_member][\/et_pb_column][\/et_pb_row][et_pb_row _builder_version=\u201d4.27.0\u2033 _module_preset=\u201dpredeterminado\u201d max_width=\u201d90%\u201d custom_margin=\u201d-20px||||false|false\u201d global_colors_info=\u201d{}\u201d][et_pb_column type=\u201d4_4\u2033 _builder_version=\u201d4.27.0\u2033 _module_preset=\u201dpredeterminado\u201d global_colors_info=\u201d{}\u201d][et_pb_text _builder_version=\u201d4.27.0\u2033 _module_preset=\u201dpredeterminado\u201d custom_margin=\u201d||||falso|falso\u201d custom_padding=\u201d||||falso|falso\u201d global_colors_info=\u201d{}\u201d]<\/p>\n<p style=\"text-align: justify;\">En su funci\u00f3n de asociada de cumplimiento y reglamentaci\u00f3n, Mayfield brinda asesoramiento en materia de cumplimiento y reglamentaci\u00f3n a varias entidades de servicios financieros de las Islas V\u00edrgenes Brit\u00e1nicas, con especial atenci\u00f3n a los proveedores de seguros nacionales de las Islas V\u00edrgenes Brit\u00e1nicas. Mayfield tambi\u00e9n ha desarrollado una competencia clave en la redacci\u00f3n de manuales de pol\u00edticas y procedimientos de AML\/CFT\/PF para titulares de licencias de seguros, organizaciones sin fines de lucro registradas, empresas y profesiones no financieras designadas registradas y compa\u00f1\u00edas fiduciarias de Clase I y Clase III en las Islas V\u00edrgenes Brit\u00e1nicas. Tambi\u00e9n prepara e imparte m\u00f3dulos de capacitaci\u00f3n AML\/CTF\/CPF para entidades con licencia de las Islas V\u00edrgenes Brit\u00e1nicas.<\/p>\n<p style=\"text-align: justify;\">Mayfield tambi\u00e9n es responsable de registrar nuestras organizaciones sin fines de lucro y clientes comerciales no financieros designados ante la FIA de BVI.<\/p>\n<p style=\"text-align: justify;\">Mayfield es la oficial de cumplimiento aprobada de un proveedor de servicios de seguros intermediarios con licencia en las Islas V\u00edrgenes Brit\u00e1nicas y la oficial designada de informes de lavado de dinero (\u201cMLRO\u201d) para una entidad de servicios de seguros nacional. En estas funciones, se asegura de que los licenciatarios cumplan con sus obligaciones de AML\/CTF\/CPF de las Islas V\u00edrgenes Brit\u00e1nicas ante la FSC de las Islas V\u00edrgenes Brit\u00e1nicas y la FIA de las Islas V\u00edrgenes Brit\u00e1nicas.<\/p>\n<p><strong>\u00c1REA DE ENFOQUE<\/strong><\/p>\n<p>\u25aa Redacci\u00f3n del Manual de Cumplimiento<\/p>\n<p>\u25aa Proyecto de remediaci\u00f3n: remediaci\u00f3n de infracciones<\/p>\n<p>\u25aa M\u00f3dulos de capacitaci\u00f3n AML\/CTF\/CPF<\/p>\n<p>\u25aa Servicios de Cumplimiento Corporativo<\/p>\n<p>\u25aa Inscripciones FIA<\/p>\n<p>\u25aa Revisiones de diligencia debida del cliente<\/p>\n<p>[\/et_pb_text][\/et_pb_column][\/et_pb_row][\/et_pb_section][et_pb_section fb_built=\u201d1\u2033 _builder_version=\u201d4.27.0\u2033 _module_preset=\u201dpredeterminado\u201d color_de_fondo=\u201d#b6903c\u201d color_de_fondo_habilitado=\u201ddesactivado\u201d usar_gradiente_de_color_de_fondo=\u201dactivado\u201d direcci\u00f3n_de_gradiente_de_color_de_fondo=\u201d233 grados\u201d paradas_de_gradiente_de_color_de_fondo=\u201d#b6903c 0%|rgba(181,181,181,0.35) 50%|#b6903c 100%\u201d color_del_divisor_inferior=\u201d#FFFFFF\u201d direcci\u00f3n_de_animaci\u00f3n=\u201dderecha\u201d global_module=\u201d5700\u2033 pesta\u00f1as_guardadas=\u201dtodas\u2033 bloqueadas=\u201ddesactivadas\u2033 global_colors_info=\u201d{}\u201d][et_pb_row _builder_version=\u201d4.25.0\u2033 _module_preset=\u201dpredeterminado\u2033 custom_margin=\u201d-30px||||falso|falso\u2033 custom_margin_tablet=\u201d||||falso|falso\u2033 custom_margin_phone=\u201d||||falso|falso\u2033 custom_margin_last_edited=\u201den|escritorio\u2033 custom_padding=\u201d||90px||falso|falso\u2033 global_colors_info=\u201d{}\u201d][et_pb_column type=\u201d4_4\u2033 _builder_version=\u201d4.22.1\u2033 _module_preset=\u201dpredeterminado\u2033 global_colors_info=\u201d{}\u201d][et_pb_text _builder_version=\u201d4.22.1\u2033 _module_preset=\u201dpredeterminado\u201d color_texto=\u201d#B6903C\u201d tama\u00f1o_fuente_texto=\u201d18px\u201d color_texto_enlace=\u201d#8A52FC\u201d color_texto_encabezado=\u201d#B6903C\u201d tama\u00f1o_fuente_texto_encabezado=\u201d22px\u201d orientaci\u00f3n_texto=\u201dcentro\u201d margen_personalizado=\u201d||29px|||\u201d informaci\u00f3n_colores_globales=\u201d{}\u201d color_texto___hover=\u201d#FFFFFF\u201d color_texto___hover_enabled=\u201dactivado|pasando el mouse\u201d dise\u00f1o_fondo__hover=\u201doscuro\u201d dise\u00f1o_fondo__hover_enabled=\u201dactivado|pasando el mouse\u201d]<\/p>\n<h4>\u00bfListo para trabajar con nosotros?<\/h4>\n<p>[\/et_pb_text][et_pb_text _builder_version=\u201d4.22.1\u2033 _module_preset=\u201ddefault\u201d link_text_color=\u201d#B6903C\u201d header_2_font=\u201d|700|||||||\u201d header_2_text_align=\u201dcenter\u201d header_2_text_color=\u201d#B6903C\u201d header_2_font_size=\u201d40px\u201d header_2_font_size_tablet=\u201d40px\u201d header_2_font_size_phone=\u201d25px\u201d header_2_font_size_last_edited=\u201don|phone\u201d global_colors_info=\u201d{}\u201d]<\/p>\n<h2><a href=\"#\">Gold Leaf<\/a> Consultor\u00eda Limitada<\/h2>\n<p>[\/et_pb_text][\/et_pb_column][\/et_pb_row][et_pb_row _builder_version=\u201d4.22.1\u2033 _module_preset=\u201ddefault\u201d custom_margin=\u201d-90px||||false|false\u201d custom_padding=\u201d||80px||false|false \u201d global_colors_info=\u201d{}\u201d][et_pb_column type=\u201d4_4\u2033 _builder_version=\u201d4.22.1\u2033 _module_preset=\u201ddefault\u201d global_colors_info=\u201d{}\u201d][et_pb_text _builder_version=\u201d4.25.0\u2033 _module_preset=\u201ddefault\u201d text_text_color= \u201d#000000\u2033 text_orientation=\u201dcentro\u201d global_colors_info=\u201d{}\u201d]<\/p>\n<p>Lun \u2013 Vie: 9:00 am \u2013 5:00 pm | Fines de semana: cerrado<\/p>\n<p>[\/et_pb_text][et_pb_textdisable_on=\u201doff|off|off\u201d _builder_version=\u201d4.25.1\u2033 _module_preset=\u201ddefault\u201d text_text_color=\u201d#000000\u2033 link_text_color=\u201d#000000\u2033 text_orientation=\u201dcenter\u201d custom_margin=\u201d-20px||| |false|false\u201d global_colors_info=\u201d{}\u201d background_layout__hover_enabled=\u201don|hover\u201d background_layout__hover=\u201ddark\u201d text_text_color__hover_enabled=\u201don|hover\u201d text_text_color__hover=\u201d#000000\u2033 link_text_color__hover_enabled=\u201don|hover\u201d link_text_color__hover=\u201d#B69 03C\u201d]<\/p>\n<p><a href=\"https:\/\/maps.app.goo.gl\/EBr5CUWZii3E4oxC6\" target=\"_blank\" rel=\"noopener\"><span>Unidades 6 y 7 Road Reef Plaza Prospect Reef\u00a0<\/span><\/a><\/p>\n<p>[\/et_pb_text][et_pb_textdisable_on=\u201doff|off|off\u201d _builder_version=\u201d4.26.0\u2033 _module_preset=\u201ddefault\u201d text_text_color=\u201d#000000\u2033 link_text_color=\u201d#000000\u2033 text_orientation=\u201dcenter\u201d custom_margin=\u201d-20px||| |false|false\u201d global_colors_info=\u201d{}\u201d background_layout__hover_enabled=\u201don|hover\u201d background_layout__hover=\u201ddark\u201d text_text_color__hover_enabled=\u201don|hover\u201d text_text_color__hover=\u201d#000000\u2033 link_text_color__hover_enabled=\u201don|hover\u201d link_text_color__hover=\u201d#B69 03C\u201d]<\/p>\n<p><i class=\"fa-solid fa-phone\"><\/i> :<a href=\"tel:12844949559\">1-284-494-9559<\/a><\/p>\n<p>[\/et_pb_text][et_pb_textdisable_on=\u201doff|off|off\u201d _builder_version=\u201d4.26.0\u2033 _module_preset=\u201ddefault\u201d text_text_color=\u201d#000000\u2033 link_text_color=\u201d#000000\u2033 text_orientation=\u201dcenter\u201d custom_margin=\u201d-20px||| |false|false\u201d global_colors_info=\u201d{}\u201d background_layout__hover_enabled=\u201don|hover\u201d background_layout__hover=\u201ddark\u201d text_text_color__hover_enabled=\u201don|hover\u201d text_text_color__hover=\u201d#000000\u2033 link_text_color__hover_enabled=\u201don|hover\u201d link_text_color__hover=\u201d#B69 03C\u201d]<\/p>\n<p><i class=\"fa-solid fa-envelope\"><\/i> : <a href=\"mailto:&quot;info@goldleafbvi.com&quot;\">info@goldleafbvi.com<\/a><\/p>\n<p>[\/et_pb_text][\/et_pb_column][\/et_pb_row][et_pb_row _builder_version=\u201d4.22.1\u2033 _module_preset=\u201dpredeterminado\u201d custom_margin=\u201d-43px|auto||auto||\u201d global_colors_info=\u201d{}\u201d][et_pb_column type=\u201d4_4\u2033 _builder_version=\u201d4.22.1\u2033 _module_preset=\u201dpredeterminado\u201d global_colors_info=\u201d{}\u201d][et_pb_button button_url=\u201dhttps:\/\/goldleafbvi.com\/contact-us\/\u201d button_text=\u201dCont\u00e1ctenos\u201d button_alignment=\u201dcenter\u201d disabled_on=\u201doff|off|off\u201d _builder_version=\u201d4.27.0\u2033 _module_preset=\u201dpredeterminado\u201d custom_button=\u201don\u201d button_text_size=\u201d22px\u201d button_text_color=\u201d#000000\u2033 button_icon=\u201dA||divi||400\u2033 button_text_size_tablet=\u201d22px\u201d button_text_size_phone=\u201d22px\u201d tama\u00f1o_texto_bot\u00f3n_\u00faltima_edici\u00f3n=\u201dactivado|escritorio\u201d informaci\u00f3n_colores_globales=\u201d{}\u201d color_texto_bot\u00f3n__hover=\u201d#FFFFFF\u201d color_texto_bot\u00f3n__hover_habilitado=\u201dactivado|pasa el mouse\u201d color_fondo_bot\u00f3n__hover=\u201d#000000\u2033 color_fondo_bot\u00f3n__hover_habilitado=\u201dactivado|pasa el mouse\u201d color_fondo_habilitado_bot\u00f3n__hover=\u201dactivado\u201d][\/et_pb_bot\u00f3n][\/et_pb_columna][\/et_pb_fila][\/et_pb_secci\u00f3n]<\/p>","protected":false},"excerpt":{"rendered":"<p>TEAMIn her role as Regulatory and Compliance Associate, Mayfield provides regulatory and compliance consulting to several BVI financial services entities, with a key focus on domestic insurance providers in the BVI.\u00a0 Mayfield has also developed a key competency in the drafting of AML\/CFT\/PF policies and procedures manuals for insurance licensees, registered non-profit organizations, registered designated non-financial businesses and professions and Class I and Class III trust companies in the BVI. She also prepares and delivers AML\/CTF\/CPF training modules for BVI licensed entities. Mayfield is also responsible for registering our non-profit organizations and designated non-financial business clients with the BVI FIA. Mayfield is the approved compliance officer for a BVI-licensed intermediary insurance service provider and the appointed Money Laundering Reporting Officer (\u201cMLRO\u201d) for a domestic insurance service entity. In these roles, she ensures the licensees comply with their BVI AML\/CTF\/CPF obligations to the BVI FSC and the BVI FIA. FOCUS AREA \u25aa \u00a0Compliance Manual Drafting \u25aa \u00a0Remediation Project: Remediating Breaches \u25aa \u00a0AML\/CTF\/CPF Training Modules \u25aa \u00a0Corporate Compliance Services \u25aa \u00a0FIA Registrations \u25aa\u00a0 Customer Due Diligence reviewsReady to work with us?Gold Leaf Consulting LimitedMon &#8211; Fri : 9:00 am &#8211; 5:00 pm | Weekends: ClosedUnits 6 &amp; 7 Road Reef Plaza Prospect [&hellip;]<\/p>","protected":false},"author":1,"featured_media":0,"parent":0,"menu_order":0,"comment_status":"closed","ping_status":"closed","template":"","meta":{"_et_pb_use_builder":"on","_et_pb_old_content":"","_et_gb_content_width":"","om_disable_all_campaigns":false,"footnotes":""},"class_list":["post-7194","page","type-page","status-publish","hentry"],"rttpg_featured_image_url":null,"rttpg_author":{"display_name":"aamwebdevelopment","author_link":"https:\/\/goldleafbvi.com\/es\/author\/aamwebdevelopment\/"},"rttpg_comment":0,"rttpg_category":null,"rttpg_excerpt":"TEAMIn her role as Regulatory and Compliance Associate, Mayfield provides regulatory and compliance consulting to several BVI financial services entities, with a key focus on domestic insurance providers in the BVI.\u00a0 Mayfield has also developed a key competency in the drafting of AML\/CFT\/PF policies and procedures manuals for insurance licensees, registered non-profit organizations, registered designated&hellip;","_links":{"self":[{"href":"https:\/\/goldleafbvi.com\/es\/wp-json\/wp\/v2\/pages\/7194","targetHints":{"allow":["GET"]}}],"collection":[{"href":"https:\/\/goldleafbvi.com\/es\/wp-json\/wp\/v2\/pages"}],"about":[{"href":"https:\/\/goldleafbvi.com\/es\/wp-json\/wp\/v2\/types\/page"}],"author":[{"embeddable":true,"href":"https:\/\/goldleafbvi.com\/es\/wp-json\/wp\/v2\/users\/1"}],"replies":[{"embeddable":true,"href":"https:\/\/goldleafbvi.com\/es\/wp-json\/wp\/v2\/comments?post=7194"}],"version-history":[{"count":5,"href":"https:\/\/goldleafbvi.com\/es\/wp-json\/wp\/v2\/pages\/7194\/revisions"}],"predecessor-version":[{"id":7260,"href":"https:\/\/goldleafbvi.com\/es\/wp-json\/wp\/v2\/pages\/7194\/revisions\/7260"}],"wp:attachment":[{"href":"https:\/\/goldleafbvi.com\/es\/wp-json\/wp\/v2\/media?parent=7194"}],"curies":[{"name":"gracias","href":"https:\/\/api.w.org\/{rel}","templated":true}]}}