{"id":7186,"date":"2024-10-17T02:09:18","date_gmt":"2024-10-17T02:09:18","guid":{"rendered":"https:\/\/goldleafbvi.com\/?page_id=7186"},"modified":"2024-10-30T11:47:32","modified_gmt":"2024-10-30T11:47:32","slug":"gizelle-macaraeg","status":"publish","type":"page","link":"https:\/\/goldleafbvi.com\/es\/gizelle-macaraeg\/","title":{"rendered":"Gizelle Macaraeg"},"content":{"rendered":"<p>[et_pb_section fb_built=\u201d1\u2033 _builder_version=\u201d4.27.0\u2033 background_color=\u201d#000000\u2033 background_enable_image=\u201doff\u201d height_tablet=\u201d\u201d height_phone=\u201d\u201d height_last_edited=\u201don|phone\u201d max_height_tablet=\u201d\u201d max_height_phone=\u201d\u201d max_height_last_edited=\u201don|desktop\u201d custom_padding=\u201d||||false|false\u201d bottom_divider_color=\u201d#FFFFFF\u201d scroll_vertical_motion=\u201d0|60|60|100|4|0|-4\u2033 scroll_blur=\u201d0|24|82|100|10|0|0\u2033 background_last_edited=\u201doff|desktop\u201d use_background_color_gradient_phone=\u201don\u201d background_color_gradient_direction_phone=\u201d180deg\u201d background_color_gradient_stops_phone=\u201drgba(16,126,125,0.49) 0%|#107e7d 100%\u201d background_color_gradient_overlays_image_phone=\u201don\u201d background_enable_mask_style_phone=\u201doff\u201d global_colors_info=\u201d{}\u201d][et_pb_row _builder_version=\u201d4.22.1\u2033 _module_preset=\u201ddefault\u201d custom_margin=\u201d||||false|false\u201d custom_margin_tablet=\u201d||||false|false\u201d custom_margin_phone=\u201d||||false|false\u201d custom_margin_last_edited=\u201don|desktop\u201d custom_padding=\u201d||||false|false\u201d global_colors_info=\u201d{}\u201d][et_pb_column type=\u201d4_4\u2033 _builder_version=\u201d4.22.1\u2033 _module_preset=\u201dpredeterminado\u201d global_colors_info=\u201d{}\u201d][et_pb_text deshabilitado_encendido=\u201dapagado|apagado|apagado\u201d admin_label=\u201dTexto\u201d _builder_version=\u201d4.27.0\u2033 _module_preset=\u201dpredeterminado\u201d link_text_align=\u201dcenter\u201d link_text_color=\u201d#B6903C\u201d header_font=\u201d|||||||||\u201d header_text_align=\u201dcenter\u201d header_text_color=\u201d#B6903C\u201d header_font_size=\u201d70px\u201d header_letter_spacing=\u201d5px\u201d header_line_height=\u201d1.5em\u201d horizontal_offset=\u201d182px\u201d vertical_offset_tablet=\u201d\u201d vertical_offset_phone=\u201d13px\u201d vertical_offset_last_edited=\u201don|phone\u201d horizontal_offset_tablet=\u201d138px\u201d horizontal_offset_phone=\u201d0px\u201d horizontal_offset_last_edited=\u201don|desktop\u201d position_origin_a_tablet=\u201d\u201d position_origin_a_phone=\u201d\u201d position_origin_a_last_edited=\u201don|desktop\u201d position_origin_r_tablet=\u201d\u201d position_origin_r_phone=\u201d\u201d position_origin_r_last_edited=\u201den|escritorio\u201d custom_margin=\u201d||||falso|falso\u201d custom_margin_tablet=\u201d||||falso|falso\u201d custom_margin_phone=\u201d||||falso|falso\u201d custom_margin_last_edited=\u201den|tel\u00e9fono\u201d custom_padding_tablet=\u201d\u201d custom_padding_phone=\u201d||10px||falso|falso\u201d custom_padding_last_edited=\u201den|tel\u00e9fono\u201d header_font_size_tablet=\u201d40px\u201d header_font_size_phone=\u201d30px\u201d header_font_size_last_edited=\u201den|tel\u00e9fono\u201d placement_tablet=\u201dninguno\u201d placement_phone=\u201dninguno\u201d placement_last_edited=\u201den|escritorio\u201d informaci\u00f3n_global_colores=\u201d{}\u201d]<\/p>\n<h1><span>EQUIPO<\/span><\/h1>\n<p>[\/et_pb_text][\/et_pb_column][\/et_pb_row][\/et_pb_section][et_pb_section fb_built=\u201d1\u2033 module_id=\u201dttdev-home-ie-services\u201d module_class=\u201dfixedsticky fixedsticky_desktop fullwidth fullwidth-serv row-reverse\u201d _builder_version=\u201d4.27.0\u2033 background_color=\u201d#FFFFFF\u201d background_enable_image=\u201doff\u201d custom_padding=\u201d0px|0px||0px|false|false\u201d global_colors_info=\u201d{}\u201d][et_pb_row _builder_version=\u201d4.27.0\u2033 _module_preset=\u201ddefault\u201d max_width=\u201d90%\u201d custom_padding=\u201d||||false|false\u201d global_colors_info=\u201d{}\u201d][et_pb_column type=\u201d4_4\u2033 _builder_version=\u201d4.27.0\u2033 _module_preset=\u201ddefault\u201d custom_padding=\u201d||||false|false\u201d global_colors_info=\u201d{}\u201d][et_pb_image src=\u201dhttps:\/\/goldleafbvi.com\/wp-content\/uploads\/2024\/10\/Picture2.jpg\u201d alt=\u201dGizelle Macaraeg \u201d title_text=\u201dPicture2\u2033 align_tablet=\u201dcenter\u201d align_phone=\u201dcenter\u201d align_last_edited=\u201don|tablet\u201d _builder_version=\u201d4.27.0\u2033 _module_preset=\u201ddefault\u201d max_width=\u201d23%\u201d max_width_tablet=\u201d30%\u201d max_width_phone=\u201d60%\u201d max_width_last_edited=\u201don|phone\u201d module_alignment=\u201dcenter\u201d custom_margin=\u201d||||false|false\u201d custom_margin_tablet=\u201d||||false|false\u201d custom_margin_phone=\u201d||||false|false\u201d custom_margin_last_edited=\u201don|tablet\u201d custom_padding=\u201d||||false|false\u201d hover_enabled=\u201d0\u2033 global_colors_info=\u201d{}\u201d sticky_enabled=\u201d0\u2033][\/et_pb_image][et_pb_team_member name=\u201dGizelle Macaraeg \u201d position=\u201dGerente de operaciones y asociada de cumplimiento\u201d _builder_version=\u201d4.27.0\u2033 _module_preset=\u201ddefault\u201d header_level=\u201dh2\u2033 orientaci\u00f3n_texto=\u201dcentro\u201d margen_personalizado_tableta=\u201d\u201d margen_personalizado_tel\u00e9fono=\u201d\u201d margen_personalizado_\u00faltima_edici\u00f3n=\u201den|tel\u00e9fono\u201d informaci\u00f3n_colores_global=\u201d{}\u201d][\/et_pb_team_member][et_pb_text _builder_version=\u201d4.27.0\u2033 _module_preset=\u201dpredeterminado\u201d margen_personalizado=\u201d||-20px||falso|falso\u201d informaci\u00f3n_colores_global=\u201d{}\u201d]<\/p>\n<p style=\"text-align: justify;\">Como Asociado de Cumplimiento Aprobado de Gold Leaf Consulting Limited, Gizelle brinda a los clientes servicios regulatorios que incluyen asistencia en la redacci\u00f3n y supervisi\u00f3n de solicitudes de licencias para una serie de licencias de servicios financieros en las Islas V\u00edrgenes Brit\u00e1nicas; realizaci\u00f3n de capacitaciones anuales AML\/CFT y otras soluciones de capacitaci\u00f3n a medida; y asistencia en la redacci\u00f3n de opiniones legales y memorandos sobre asuntos regulatorios, de cumplimiento y aplicaci\u00f3n de AML\/CFT.<\/p>\n<p style=\"text-align: justify;\">Gizelle tambi\u00e9n es una Oficial de Cumplimiento aprobada por FSC de BVI de Nivel 1 y<span>,<\/span> En esta capacidad<span>,<\/span> es designada como Oficial de Cumplimiento aprobada de conformidad con Gold Leaf Corporate Compliance Services Limited (\u201cGCCS\u201d) para los clientes de GCCS. Tambi\u00e9n es directora de GCCS y GL Authorised Representative Services, una entidad registrada por la BVI FSC para brindar servicios a entidades autorizadas de conformidad con la Ley de Negocios de Inversi\u00f3n y Valores de BVI y la Ley de Proveedores de Servicios de Activos Virtuales.<\/p>\n<p style=\"text-align: justify;\">Con una s\u00f3lida base como profesional contable calificada, Gizelle aporta una amplia experiencia en auditor\u00edas financieras externas y preparaci\u00f3n de declaraciones de impuestos en una amplia gama de industrias, entre ellas, el comercio minorista, la fabricaci\u00f3n, la hosteler\u00eda, la educaci\u00f3n, el sector inmobiliario y las instituciones ben\u00e9ficas. Su experiencia previa en Filipinas antes de mudarse a las Islas V\u00edrgenes Brit\u00e1nicas en 2007 ampl\u00eda a\u00fan m\u00e1s su conocimiento espec\u00edfico de la industria.<\/p>\n<p style=\"text-align: justify;\">Gizelle es reconocida por su perspicacia anal\u00edtica y su capacidad para analizar y abordar desaf\u00edos regulatorios complejos. Se esfuerza por encontrar el equilibrio entre el desarrollo de pol\u00edticas y procedimientos y la gesti\u00f3n de las finanzas y el desempe\u00f1o operativo de una empresa, al tiempo que garantiza el cumplimiento de las regulaciones existentes y las mejores pr\u00e1cticas de la industria.<\/p>\n<p><strong>\u00c1REA DE ENFOQUE<\/strong><\/p>\n<p>\u25aa Servicios de Representante Autorizado<\/p>\n<p>\u25aa Asesoramiento regulatorio<\/p>\n<p>\u25aa Servicios de Cumplimiento Corporativo<\/p>\n<p>\u25aa Solicitudes de licencia<\/p>\n<p>\u25aa Gesti\u00f3n de crisis regulatorias<\/p>\n<p>\u25aa Finanzas y preparaci\u00f3n de impuestos<\/p>\n<p style=\"text-align: justify;\">\n<p>[\/et_pb_text][\/et_pb_column][\/et_pb_row][\/et_pb_section][et_pb_section fb_built=\u201d1\u2033 _builder_version=\u201d4.27.0\u2033 _module_preset=\u201dpredeterminado\u201d color_de_fondo=\u201d#b6903c\u201d color_de_fondo_habilitado=\u201ddesactivado\u201d usar_gradiente_de_color_de_fondo=\u201dactivado\u201d direcci\u00f3n_de_gradiente_de_color_de_fondo=\u201d233 grados\u201d paradas_de_gradiente_de_color_de_fondo=\u201d#b6903c 0%|rgba(181,181,181,0.35) 50%|#b6903c 100%\u201d color_del_divisor_inferior=\u201d#FFFFFF\u201d direcci\u00f3n_de_animaci\u00f3n=\u201dderecha\u201d global_module=\u201d5700\u2033 pesta\u00f1as_guardadas=\u201dtodas\u2033 bloqueadas=\u201ddesactivadas\u2033 global_colors_info=\u201d{}\u201d][et_pb_row _builder_version=\u201d4.25.0\u2033 _module_preset=\u201dpredeterminado\u2033 custom_margin=\u201d-30px||||falso|falso\u2033 custom_margin_tablet=\u201d||||falso|falso\u2033 custom_margin_phone=\u201d||||falso|falso\u2033 custom_margin_last_edited=\u201den|escritorio\u2033 custom_padding=\u201d||90px||falso|falso\u2033 global_colors_info=\u201d{}\u201d][et_pb_column type=\u201d4_4\u2033 _builder_version=\u201d4.22.1\u2033 _module_preset=\u201dpredeterminado\u2033 global_colors_info=\u201d{}\u201d][et_pb_text _builder_version=\u201d4.22.1\u2033 _module_preset=\u201dpredeterminado\u201d color_texto=\u201d#B6903C\u201d tama\u00f1o_fuente_texto=\u201d18px\u201d color_texto_enlace=\u201d#8A52FC\u201d color_texto_encabezado=\u201d#B6903C\u201d tama\u00f1o_fuente_texto_encabezado=\u201d22px\u201d orientaci\u00f3n_texto=\u201dcentro\u201d margen_personalizado=\u201d||29px|||\u201d informaci\u00f3n_colores_globales=\u201d{}\u201d color_texto___hover=\u201d#FFFFFF\u201d color_texto___hover_enabled=\u201dactivado|pasando el mouse\u201d dise\u00f1o_fondo__hover=\u201doscuro\u201d dise\u00f1o_fondo__hover_enabled=\u201dactivado|pasando el mouse\u201d]<\/p>\n<h4>\u00bfListo para trabajar con nosotros?<\/h4>\n<p>[\/et_pb_text][et_pb_text _builder_version=\u201d4.22.1\u2033 _module_preset=\u201ddefault\u201d link_text_color=\u201d#B6903C\u201d header_2_font=\u201d|700|||||||\u201d header_2_text_align=\u201dcenter\u201d header_2_text_color=\u201d#B6903C\u201d header_2_font_size=\u201d40px\u201d header_2_font_size_tablet=\u201d40px\u201d header_2_font_size_phone=\u201d25px\u201d header_2_font_size_last_edited=\u201don|phone\u201d global_colors_info=\u201d{}\u201d]<\/p>\n<h2><a href=\"#\">Gold Leaf<\/a> Consultor\u00eda Limitada<\/h2>\n<p>[\/et_pb_text][\/et_pb_column][\/et_pb_row][et_pb_row _builder_version=\u201d4.22.1\u2033 _module_preset=\u201ddefault\u201d custom_margin=\u201d-90px||||false|false\u201d custom_padding=\u201d||80px||false|false \u201d global_colors_info=\u201d{}\u201d][et_pb_column type=\u201d4_4\u2033 _builder_version=\u201d4.22.1\u2033 _module_preset=\u201ddefault\u201d global_colors_info=\u201d{}\u201d][et_pb_text _builder_version=\u201d4.25.0\u2033 _module_preset=\u201ddefault\u201d text_text_color= \u201d#000000\u2033 text_orientation=\u201dcentro\u201d global_colors_info=\u201d{}\u201d]<\/p>\n<p>Lun \u2013 Vie: 9:00 am \u2013 5:00 pm | Fines de semana: cerrado<\/p>\n<p>[\/et_pb_text][et_pb_textdisable_on=\u201doff|off|off\u201d _builder_version=\u201d4.25.1\u2033 _module_preset=\u201ddefault\u201d text_text_color=\u201d#000000\u2033 link_text_color=\u201d#000000\u2033 text_orientation=\u201dcenter\u201d custom_margin=\u201d-20px||| |false|false\u201d global_colors_info=\u201d{}\u201d background_layout__hover_enabled=\u201don|hover\u201d background_layout__hover=\u201ddark\u201d text_text_color__hover_enabled=\u201don|hover\u201d text_text_color__hover=\u201d#000000\u2033 link_text_color__hover_enabled=\u201don|hover\u201d link_text_color__hover=\u201d#B69 03C\u201d]<\/p>\n<p><a href=\"https:\/\/maps.app.goo.gl\/EBr5CUWZii3E4oxC6\" target=\"_blank\" rel=\"noopener\"><span>Unidades 6 y 7 Road Reef Plaza Prospect Reef\u00a0<\/span><\/a><\/p>\n<p>[\/et_pb_text][et_pb_textdisable_on=\u201doff|off|off\u201d _builder_version=\u201d4.26.0\u2033 _module_preset=\u201ddefault\u201d text_text_color=\u201d#000000\u2033 link_text_color=\u201d#000000\u2033 text_orientation=\u201dcenter\u201d custom_margin=\u201d-20px||| |false|false\u201d global_colors_info=\u201d{}\u201d background_layout__hover_enabled=\u201don|hover\u201d background_layout__hover=\u201ddark\u201d text_text_color__hover_enabled=\u201don|hover\u201d text_text_color__hover=\u201d#000000\u2033 link_text_color__hover_enabled=\u201don|hover\u201d link_text_color__hover=\u201d#B69 03C\u201d]<\/p>\n<p><i class=\"fa-solid fa-phone\"><\/i> :<a href=\"tel:12844949559\">1-284-494-9559<\/a><\/p>\n<p>[\/et_pb_text][et_pb_textdisable_on=\u201doff|off|off\u201d _builder_version=\u201d4.26.0\u2033 _module_preset=\u201ddefault\u201d text_text_color=\u201d#000000\u2033 link_text_color=\u201d#000000\u2033 text_orientation=\u201dcenter\u201d custom_margin=\u201d-20px||| |false|false\u201d global_colors_info=\u201d{}\u201d background_layout__hover_enabled=\u201don|hover\u201d background_layout__hover=\u201ddark\u201d text_text_color__hover_enabled=\u201don|hover\u201d text_text_color__hover=\u201d#000000\u2033 link_text_color__hover_enabled=\u201don|hover\u201d link_text_color__hover=\u201d#B69 03C\u201d]<\/p>\n<p><i class=\"fa-solid fa-envelope\"><\/i> : <a href=\"mailto:&quot;info@goldleafbvi.com&quot;\">info@goldleafbvi.com<\/a><\/p>\n<p>[\/et_pb_text][\/et_pb_column][\/et_pb_row][et_pb_row _builder_version=\u201d4.22.1\u2033 _module_preset=\u201dpredeterminado\u201d custom_margin=\u201d-43px|auto||auto||\u201d global_colors_info=\u201d{}\u201d][et_pb_column type=\u201d4_4\u2033 _builder_version=\u201d4.22.1\u2033 _module_preset=\u201dpredeterminado\u201d global_colors_info=\u201d{}\u201d][et_pb_button button_url=\u201dhttps:\/\/goldleafbvi.com\/contact-us\/\u201d button_text=\u201dCont\u00e1ctenos\u201d button_alignment=\u201dcenter\u201d disabled_on=\u201doff|off|off\u201d _builder_version=\u201d4.27.0\u2033 _module_preset=\u201dpredeterminado\u201d custom_button=\u201don\u201d button_text_size=\u201d22px\u201d button_text_color=\u201d#000000\u2033 button_icon=\u201dA||divi||400\u2033 button_text_size_tablet=\u201d22px\u201d button_text_size_phone=\u201d22px\u201d tama\u00f1o_texto_bot\u00f3n_\u00faltima_edici\u00f3n=\u201dactivado|escritorio\u201d informaci\u00f3n_colores_globales=\u201d{}\u201d color_texto_bot\u00f3n__hover=\u201d#FFFFFF\u201d color_texto_bot\u00f3n__hover_habilitado=\u201dactivado|pasa el mouse\u201d color_fondo_bot\u00f3n__hover=\u201d#000000\u2033 color_fondo_bot\u00f3n__hover_habilitado=\u201dactivado|pasa el mouse\u201d color_fondo_habilitado_bot\u00f3n__hover=\u201dactivado\u201d][\/et_pb_bot\u00f3n][\/et_pb_columna][\/et_pb_fila][\/et_pb_secci\u00f3n]<\/p>","protected":false},"excerpt":{"rendered":"<p>TEAMAs an Approved Compliance Associate of Gold Leaf Consulting Limited, Gizelle provides clients with regulatory services inclusive of assisting with the drafting and oversight of licensing applications for a number of financial services licenses in the BVI; conduct annual AML\/CFT and other bespoke training solutions; and assisting with the drafting of legal opinion and memorandum on regulatory, AML\/CFT compliance and enforcement matters. Gizelle is also a Tier 1 BVI FSC approved Compliance Officer and, in this capacity, is appointed as an approved Compliance Officer under Gold Leaf Corporate Compliance Services Limited (\u201cGCCS\u201d) to clients of GCCS. She is also a director of GCCS and, GL Authorised Representative Services, an entity registered by the BVI FSC to provide services to entities licensed under the BVI Securities and Investment Business Act, and the Virtual Assets Services Providers Act. With a strong foundation as a qualified accounting professional, Gizelle brings extensive expertise in external financial audits and tax preparation across a diverse range of industries, including retail, manufacturing, hospitality, education, real estate, and charitable institutions. Her prior experience in the Philippines before relocating to the BVI in 2007 further broadens her industry-specific knowledge. Gizelle is recognized for her analytical acumen and ability to [&hellip;]<\/p>","protected":false},"author":1,"featured_media":0,"parent":0,"menu_order":0,"comment_status":"closed","ping_status":"closed","template":"","meta":{"_et_pb_use_builder":"on","_et_pb_old_content":"","_et_gb_content_width":"","om_disable_all_campaigns":false,"footnotes":""},"class_list":["post-7186","page","type-page","status-publish","hentry"],"rttpg_featured_image_url":null,"rttpg_author":{"display_name":"aamwebdevelopment","author_link":"https:\/\/goldleafbvi.com\/es\/author\/aamwebdevelopment\/"},"rttpg_comment":0,"rttpg_category":null,"rttpg_excerpt":"TEAMAs an Approved Compliance Associate of Gold Leaf Consulting Limited, Gizelle provides clients with regulatory services inclusive of assisting with the drafting and oversight of licensing applications for a number of financial services licenses in the BVI; conduct annual AML\/CFT and other bespoke training solutions; and assisting with the drafting of legal opinion and memorandum&hellip;","_links":{"self":[{"href":"https:\/\/goldleafbvi.com\/es\/wp-json\/wp\/v2\/pages\/7186","targetHints":{"allow":["GET"]}}],"collection":[{"href":"https:\/\/goldleafbvi.com\/es\/wp-json\/wp\/v2\/pages"}],"about":[{"href":"https:\/\/goldleafbvi.com\/es\/wp-json\/wp\/v2\/types\/page"}],"author":[{"embeddable":true,"href":"https:\/\/goldleafbvi.com\/es\/wp-json\/wp\/v2\/users\/1"}],"replies":[{"embeddable":true,"href":"https:\/\/goldleafbvi.com\/es\/wp-json\/wp\/v2\/comments?post=7186"}],"version-history":[{"count":5,"href":"https:\/\/goldleafbvi.com\/es\/wp-json\/wp\/v2\/pages\/7186\/revisions"}],"predecessor-version":[{"id":7258,"href":"https:\/\/goldleafbvi.com\/es\/wp-json\/wp\/v2\/pages\/7186\/revisions\/7258"}],"wp:attachment":[{"href":"https:\/\/goldleafbvi.com\/es\/wp-json\/wp\/v2\/media?parent=7186"}],"curies":[{"name":"gracias","href":"https:\/\/api.w.org\/{rel}","templated":true}]}}