{"id":7073,"date":"2024-10-12T18:12:36","date_gmt":"2024-10-12T18:12:36","guid":{"rendered":"https:\/\/goldleafbvi.com\/?page_id=7073"},"modified":"2024-10-12T18:12:37","modified_gmt":"2024-10-12T18:12:37","slug":"our-commitment-to-excellence","status":"publish","type":"page","link":"https:\/\/goldleafbvi.com\/es\/our-commitment-to-excellence\/","title":{"rendered":"Nuestro compromiso con la excelencia"},"content":{"rendered":"<p>[et_pb_section fb_built=\u201d1\u2033 _builder_version=\u201d4.25.0\u2033 background_color=\u201d#000000\u2033 background_enable_image=\u201doff\u201d height_tablet=\u201d\u201d height_phone=\u201d\u201d height_last_edited=\u201don|phone\u201d max_height_tablet=\u201d\u201d max_height_phone=\u201d\u201d max_height_last_edited=\u201don|desktop\u201d custom_padding=\u201d||||false|false\u201d bottom_divider_color=\u201d#FFFFFF\u201d scroll_vertical_motion=\u201d0|60|60|100|4|0|-4\u2033 scroll_blur=\u201d0|24|82|100|10|0|0\u2033 background_last_edited=\u201doff|desktop\u201d use_background_color_gradient_phone=\u201don\u201d background_color_gradient_direction_phone=\u201d180deg\u201d background_color_gradient_stops_phone=\u201drgba(16,126,125,0.49) 0%|#107e7d 100%\u201d background_color_gradient_overlays_image_phone=\u201don\u201d background_enable_mask_style_phone=\u201doff\u201d global_colors_info=\u201d{}\u201d][et_pb_row _builder_version=\u201d4.25.0\u2033 _module_preset=\u201ddefault\u201d custom_margin=\u201d||||false|false\u201d custom_margin_tablet=\u201d||||false|false\u201d custom_margin_phone=\u201d||||false|false\u201d custom_margin_last_edited=\u201don|desktop\u201d global_colors_info=\u201d{}\u201d][et_pb_column type=\u201d4_4\u2033 _builder_version=\u201d4.22.1\u2033 _module_preset=\u201dpredeterminado\u201d global_colors_info=\u201d{}\u201d][et_pb_heading title=\u201dNuestro compromiso con la excelencia\u201d _builder_version=\u201d4.27.0\u2033 _module_preset=\u201dpredeterminado\u201d title_text_align=\u201dcenter\u201d title_text_color=\u201d#B6903C\u201d title_font_size_tablet=\u201d70px\u201d title_font_size_phone=\u201d30px\u201d title_font_size_last_edited=\u201don|tablet\u201d global_colors_info=\u201d{}\u201d][\/et_pb_heading][\/et_pb_column][\/et_pb_row][\/et_pb_section][et_pb_section fb_built=\u201d1\u2033 _builder_version=\u201d4.27.0\u2033 _module_preset=\u201dpredeterminado\u201d global_colors_info=\u201d{}\u201d bloqueado=\u201ddesactivado\u201d][et_pb_row estructura_columna=\u201d2_5,3_5\u2033 make_equal=\u201dactivado\u201d _builder_version=\u201d4.27.0\u2033 _module_preset=\u201dpredeterminado\u201d ancho=\u201d90%\u201d ancho_m\u00e1ximo=\u201d100%\u201d hover_enabled=\u201d0\u2033 global_colors_info=\u201d{}\u201d sticky_enabled=\u201d0\u2033][et_pb_column tipo=\u201d2_5\u2033 _builder_version=\u201d4.27.0\u2033 _module_preset=\u201dpredeterminado\u201d relleno_personalizado=\u201d|30px|||falso|falso\u201d custom_padding_tablet=\u201d|0px|30px||false|false\u201d custom_padding_phone=\u201d|0px|30px||false|false\u201d custom_padding_last_edited=\u201den|tableta\u201d border_color_all=\u201d#b6903c\u201d border_width_right=\u201d3px\u201d border_width_bottom=\u201d0px\u201d border_width_all_tablet=\u201d0px\u201d border_width_all_phone=\u201d0px\u201d border_width_all_last_edited=\u201den|tableta\u201d border_width_right_tablet=\u201d0px\u201d border_width_right_phone=\u201d0px\u201d border_width_right_last_edited=\u201den|tableta\u201d global_colors_info=\u201d{}\u201d][et_pb_heading title=\u201dNuestra misi\u00f3n\u201d _builder_version=\u201d4.27.0\u2033 _module_preset=\u201dpredeterminado\u201d title_level=\u201dh2\u2033 title_font=\u201d|700|||||||\u201d title_text_align=\u201dcenter\u201d title_text_color=\u201d#b6903c\u201d title_font_size=\u201d40px\u201d global_colors_info=\u201d{}\u201d][\/et_pb_heading][\/et_pb_column][et_pb_column type=\u201d3_5\u2033 _builder_version=\u201d4.27.0\u2033 _module_preset=\u201ddefault\u201d custom_padding=\u201d|30px|||false|false\u201d custom_padding_tablet=\u201d|0px|30px||false|false\u201d custom_padding_phone=\u201d|0px|30px||false|false\u201d custom_padding_last_edited=\u201don|tablet\u201d hover_enabled=\u201d0\u2033 border_color_all=\u201d#b6903c\u201d border_width_bottom=\u201d0px\u201d border_width_all_tablet=\u201d0px\u201d border_width_all_phone=\u201d0px\u201d border_width_all_last_edited=\u201den|tablet\u201d border_width_right_tablet=\u201d0px\u201d border_width_right_phone=\u201d0px\u201d border_width_right_last_edited=\u201den|desktop\u201d global_colors_info=\u201d{}\u201d sticky_enabled=\u201d0\u2033][et_pb_text _builder_version=\u201d4.27.0\u2033 _module_preset=\u201dpredeterminado\u201d hover_enabled=\u201d0\u2033 global_colors_info=\u201d{}\u201d sticky_enabled=\u201d0\u2033]<\/p>\n<p style=\"text-align: justify;\">En Gold Leaf Consulting Limited, nuestra misi\u00f3n es ser el socio de confianza de nuestros clientes, orientado a brindarles soluciones y guiarlos a trav\u00e9s del intrincado panorama de marcos regulatorios locales y transfronterizos complejos. Nos dedicamos a brindar soluciones legales y de cumplimiento integrales que cumplan con los requisitos regulatorios e impulsen el crecimiento empresarial, fomenten la innovaci\u00f3n y aseguren una ventaja competitiva al proteger la reputaci\u00f3n de nuestros clientes. Somos m\u00e1s que un simple proveedor de servicios; somos un aliado estrat\u00e9gico comprometido con el \u00e9xito a largo plazo de nuestros clientes.<\/p>\n<p>[\/et_pb_text][\/et_pb_column][\/et_pb_row][et_pb_row estructura_columna=\u201d2_5,3_5\u2033 make_equal=\u201don\u201d _builder_version=\u201d4.27.0\u2033 _module_preset=\u201dpredeterminado\u201d ancho=\u201d90%\u201d ancho_m\u00e1ximo=\u201d100%\u201d hover_enabled=\u201d0\u2033 informaci\u00f3n_colores_globales=\u201d{}\u201d sticky_enabled=\u201d0\u2033][et_pb_column tipo=\u201d2_5\u2033 _builder_version=\u201d4.27.0\u2033 _module_preset=\u201dpredeterminado\u201d relleno_personalizado=\u201d|30px|||falso|falso\u201d relleno_personalizado_tableta=\u201d|0px|30px||falso|falso\u201d custom_padding_phone=\u201d|0px|30px||false|false\u201d custom_padding_last_edited=\u201den|tablet\u201d border_color_all=\u201d#b6903c\u201d border_width_right=\u201d3px\u201d border_width_bottom=\u201d0px\u201d border_width_all_tablet=\u201d0px\u201d border_width_all_phone=\u201d0px\u201d border_width_all_last_edited=\u201den|tablet\u201d border_width_right_tablet=\u201d0px\u201d border_width_right_phone=\u201d0px\u201d border_width_right_last_edited=\u201den|tablet\u201d global_colors_info=\u201d{}\u201d][et_pb_heading title=\u201dNuestro enfoque\u201d _builder_version=\u201d4.27.0\u2033 _module_preset=\u201dpredeterminado\u201d title_level=\u201dh2\u2033 t\u00edtulo_fuente=\u201d|700|||||||\u201d title_text_align=\u201dcenter\u201d title_text_color=\u201d#b6903c\u201d title_font_size=\u201d40px\u201d global_colors_info=\u201d{}\u201d][\/et_pb_heading][\/et_pb_column][et_pb_column type=\u201d3_5\u2033 _builder_version=\u201d4.27.0\u2033 _module_preset=\u201ddefault\u201d custom_padding=\u201d|30px|||false|false\u201d custom_padding_tablet=\u201d|0px|30px||false|false\u201d custom_padding_phone=\u201d|0px|30px||false|false\u201d custom_padding_last_edited=\u201don|tablet\u201d hover_enabled=\u201d0\u2033 border_color_all=\u201d#b6903c\u201d border_width_bottom=\u201d0px\u201d border_width_all_tablet=\u201d0px\u201d border_width_all_phone=\u201d0px\u201d border_width_all_last_edited=\u201den|tablet\u201d border_width_right_tablet=\u201d0px\u201d border_width_right_phone=\u201d0px\u201d border_width_right_last_edited=\u201den|tablet\u201d global_colors_info=\u201d{}\u201d sticky_enabled=\u201d0\u2033][et_pb_text _builder_version=\u201d4.27.0\u2033 _module_preset=\u201dpredeterminado\u201d global_colors_info=\u201d{}\u201d]<\/p>\n<p style=\"text-align: justify;\">En Gold Leaf Consulting Limited, nuestro enfoque se centra en brindar soluciones que funcionen. Combinamos nuestro profundo conocimiento de la ley de las Islas V\u00edrgenes Brit\u00e1nicas con experiencia operativa y conocimiento internacional para crear soluciones pr\u00e1cticas y efectivas adaptadas a las necesidades comerciales de nuestros clientes. Nuestro compromiso de ser un socio integral significa que vamos m\u00e1s all\u00e1 del asesoramiento: trabajamos activamente con nuestros clientes para implementar soluciones que protejan su reputaci\u00f3n y aseguren el \u00e9xito de su negocio. Al centrarnos en lo que m\u00e1s importa, permitimos que nuestros clientes se concentren en hacer crecer su negocio, con la confianza de que sus necesidades de cumplimiento y normativas est\u00e1n totalmente gestionadas.<\/p>\n<p>[\/et_pb_text][\/et_pb_column][\/et_pb_row][et_pb_row estructura_columna=\u201d2_5,3_5\u2033 make_equal=\u201don\u201d _builder_version=\u201d4.27.0\u2033 _module_preset=\u201dpredeterminado\u201d ancho=\u201d90%\u201d ancho_m\u00e1ximo=\u201d100%\u201d hover_enabled=\u201d0\u2033 informaci\u00f3n_colores_globales=\u201d{}\u201d sticky_enabled=\u201d0\u2033][et_pb_column tipo=\u201d2_5\u2033 _builder_version=\u201d4.27.0\u2033 _module_preset=\u201dpredeterminado\u201d relleno_personalizado=\u201d|30px|||falso|falso\u201d relleno_personalizado_tableta=\u201d|0px|30px||falso|falso\u201d custom_padding_phone=\u201d|0px|30px||false|false\u201d custom_padding_last_edited=\u201den|tableta\u201d border_color_all=\u201d#b6903c\u201d border_width_right=\u201d3px\u201d border_width_bottom=\u201d0px\u201d border_width_all_tablet=\u201d0px\u201d border_width_all_phone=\u201d0px\u201d border_width_all_last_edited=\u201den|tableta\u201d border_width_right_tablet=\u201d0px\u201d border_width_right_phone=\u201d0px\u201d border_width_right_last_edited=\u201den|tableta\u201d global_colors_info=\u201d{}\u201d][et_pb_heading title=\u201dLo que nos distingue\u201d _builder_version=\u201d4.27.0\u2033 _module_preset=\u201dpredeterminado\u201d title_level=\u201dh2\u2033 t\u00edtulo_fuente=\u201d|700|||||||\u201d title_text_align=\u201dcenter\u201d title_text_color=\u201d#b6903c\u201d title_font_size=\u201d40px\u201d global_colors_info=\u201d{}\u201d][\/et_pb_heading][\/et_pb_column][et_pb_column type=\u201d3_5\u2033 _builder_version=\u201d4.27.0\u2033 _module_preset=\u201ddefault\u201d custom_padding=\u201d|30px|||false|false\u201d custom_padding_tablet=\u201d|0px|30px||false|false\u201d custom_padding_phone=\u201d|0px|30px||false|false\u201d custom_padding_last_edited=\u201don|tablet\u201d hover_enabled=\u201d0\u2033 border_color_all=\u201d#b6903c\u201d border_width_bottom=\u201d0px\u201d border_width_all_tablet=\u201d0px\u201d border_width_all_phone=\u201d0px\u201d border_width_all_last_edited=\u201den|tablet\u201d border_width_right_tablet=\u201d0px\u201d border_width_right_phone=\u201d0px\u201d border_width_right_last_edited=\u201den|tablet\u201d global_colors_info=\u201d{}\u201d sticky_enabled=\u201d0\u2033][et_pb_text _builder_version=\u201d4.27.0\u2033 _module_preset=\u201dpredeterminado\u201d global_colors_info=\u201d{}\u201d]<\/p>\n<p style=\"text-align: justify;\">Gold Leaf Consulting Limited ofrece m\u00e1s que el asesoramiento legal tradicional: brindamos soluciones integrales que abordan los desaf\u00edos operativos y regulatorios. Nuestra capacidad \u00fanica para combinar el conocimiento operativo con la experiencia regulatoria nos permite brindar soluciones comercialmente pragm\u00e1ticas que son legalmente s\u00f3lidas y se adaptan a las necesidades reales de su negocio. No solo identificamos riesgos; nos asociamos con usted para mitigarlos y encontrar el camino m\u00e1s eficiente a seguir. Este enfoque orientado a las soluciones nos convierte en un verdadero socio estrat\u00e9gico, comprometido a ayudarlo a hacer las cosas y a proteger su negocio en cada paso.<\/p>\n<p>[\/et_pb_text][\/et_pb_column][\/et_pb_row][et_pb_row _builder_version=&#8221;4.25.0&#8243; _module_preset=&#8221;default&#8221; width=&#8221;100%&#8221; max_width=&#8221;100%&#8221; custom_margin=&#8221;80px||-80px||false|false&#8221; custom_margin_tablet=&#8221;80px||-80px||false|false&#8221; custom_margin_phone=&#8221;80px||-80px||false|false&#8221; custom_margin_last_edited=&#8221;on|phone&#8221; global_colors_info=&#8221;{}&#8221;][et_pb_column type=&#8221;4_4&#8243; _builder_version=&#8221;4.25.0&#8243; _module_preset=&#8221;default&#8221; global_colors_info=&#8221;{}&#8221;][et_pb_divider show_divider=&#8221;off&#8221; _builder_version=&#8221;4.25.0&#8243; _module_preset=&#8221;default&#8221; use_background_color_gradient=&#8221;on&#8221; background_color_gradient_repeat=&#8221;on&#8221; background_color_gradient_direction=&#8221;322deg&#8221; background_color_gradient_stops=&#8221;rgba(182,144,60,0) 0%|#b6903c 8%|rgba(255,255,255,0.11) 55%|#b6903c 75%|rgba(182,144,60,0) 100%&#8221; height=&#8221;3px&#8221; custom_margin_tablet=&#8221;&#8221; custom_margin_phone=&#8221;&#8221; custom_margin_last_edited=&#8221;on|phone&#8221; global_colors_info=&#8221;{%22gcid-f214c198-3982-4b74-96ef-fdb4d3a5f27d%22:%91%22background_color_gradient_stops%22%93}&#8221;][\/et_pb_divider][\/et_pb_column][\/et_pb_row][\/et_pb_section][et_pb_section fb_built=&#8221;1&#8243; _builder_version=&#8221;4.22.1&#8243; _module_preset=&#8221;default&#8221; background_color=&#8221;#b6903c&#8221; background_enable_color=&#8221;off&#8221; use_background_color_gradient=&#8221;on&#8221; background_color_gradient_direction=&#8221;233deg&#8221; background_color_gradient_stops=&#8221;#b6903c 0%|rgba(181,181,181,0.35) 50%|#b6903c 100%&#8221; bottom_divider_color=&#8221;#FFFFFF&#8221; animation_direction=&#8221;right&#8221; global_module=&#8221;5700&#8243; saved_tabs=&#8221;all&#8221; locked=&#8221;off&#8221; global_colors_info=&#8221;{}&#8221;][et_pb_row _builder_version=&#8221;4.25.0&#8243; _module_preset=&#8221;default&#8221; custom_margin=&#8221;-30px||||false|false&#8221; custom_margin_tablet=&#8221;||||false|false&#8221; custom_margin_phone=&#8221;||||false|false&#8221; custom_margin_last_edited=&#8221;on|desktop&#8221; custom_padding=&#8221;||90px||false|false&#8221; global_colors_info=&#8221;{}&#8221;][et_pb_column type=&#8221;4_4&#8243; _builder_version=&#8221;4.22.1&#8243; _module_preset=&#8221;default&#8221; global_colors_info=&#8221;{}&#8221;][et_pb_text _builder_version=&#8221;4.22.1&#8243; _module_preset=&#8221;default&#8221; text_text_color=&#8221;#B6903C&#8221; text_font_size=&#8221;18px&#8221; link_text_color=&#8221;#8A52FC&#8221; header_4_text_color=&#8221;#B6903C&#8221; header_4_font_size=&#8221;22px&#8221; text_orientation=&#8221;center&#8221; custom_margin=&#8221;||29px|||&#8221; global_colors_info=&#8221;{}&#8221; text_text_color__hover=&#8221;#FFFFFF&#8221; text_text_color__hover_enabled=&#8221;on|hover&#8221; background_layout__hover=&#8221;dark&#8221; background_layout__hover_enabled=&#8221;on|hover&#8221;]<\/p>\n<h4>\u00bfListo para trabajar con nosotros?<\/h4>\n<p>[\/et_pb_text][et_pb_text _builder_version=\u201d4.22.1\u2033 _module_preset=\u201ddefault\u201d link_text_color=\u201d#B6903C\u201d header_2_font=\u201d|700|||||||\u201d header_2_text_align=\u201dcenter\u201d header_2_text_color=\u201d#B6903C\u201d header_2_font_size=\u201d40px\u201d header_2_font_size_tablet=\u201d40px\u201d header_2_font_size_phone=\u201d25px\u201d header_2_font_size_last_edited=\u201don|phone\u201d global_colors_info=\u201d{}\u201d]<\/p>\n<h2><a href=\"#\">Gold Leaf<\/a> Consultor\u00eda Limitada<\/h2>\n<p>[\/et_pb_text][\/et_pb_column][\/et_pb_row][et_pb_row _builder_version=\u201d4.22.1\u2033 _module_preset=\u201ddefault\u201d custom_margin=\u201d-90px||||false|false\u201d custom_padding=\u201d||80px||false|false \u201d global_colors_info=\u201d{}\u201d][et_pb_column type=\u201d4_4\u2033 _builder_version=\u201d4.22.1\u2033 _module_preset=\u201ddefault\u201d global_colors_info=\u201d{}\u201d][et_pb_text _builder_version=\u201d4.25.0\u2033 _module_preset=\u201ddefault\u201d text_text_color= \u201d#000000\u2033 text_orientation=\u201dcentro\u201d global_colors_info=\u201d{}\u201d]<\/p>\n<p>Lun \u2013 Vie: 9:00 am \u2013 5:00 pm | Fines de semana: cerrado<\/p>\n<p>[\/et_pb_text][et_pb_textdisable_on=\u201doff|off|off\u201d _builder_version=\u201d4.25.1\u2033 _module_preset=\u201ddefault\u201d text_text_color=\u201d#000000\u2033 link_text_color=\u201d#000000\u2033 text_orientation=\u201dcenter\u201d custom_margin=\u201d-20px||| |false|false\u201d global_colors_info=\u201d{}\u201d background_layout__hover_enabled=\u201don|hover\u201d background_layout__hover=\u201ddark\u201d text_text_color__hover_enabled=\u201don|hover\u201d text_text_color__hover=\u201d#000000\u2033 link_text_color__hover_enabled=\u201don|hover\u201d link_text_color__hover=\u201d#B69 03C\u201d]<\/p>\n<p><a href=\"https:\/\/maps.app.goo.gl\/EBr5CUWZii3E4oxC6\" target=\"_blank\" rel=\"noopener\"><span>Unidades 6 y 7 Road Reef Plaza Prospect Reef\u00a0<\/span><\/a><\/p>\n<p>[\/et_pb_text][et_pb_textdisable_on=\u201doff|off|off\u201d _builder_version=\u201d4.26.0\u2033 _module_preset=\u201ddefault\u201d text_text_color=\u201d#000000\u2033 link_text_color=\u201d#000000\u2033 text_orientation=\u201dcenter\u201d custom_margin=\u201d-20px||| |false|false\u201d global_colors_info=\u201d{}\u201d background_layout__hover_enabled=\u201don|hover\u201d background_layout__hover=\u201ddark\u201d text_text_color__hover_enabled=\u201don|hover\u201d text_text_color__hover=\u201d#000000\u2033 link_text_color__hover_enabled=\u201don|hover\u201d link_text_color__hover=\u201d#B69 03C\u201d]<\/p>\n<p><i class=\"fa-solid fa-phone\"><\/i> :<a href=\"tel:12844949559\">1-284-494-9559<\/a><\/p>\n<p>[\/et_pb_text][et_pb_textdisable_on=\u201doff|off|off\u201d _builder_version=\u201d4.26.0\u2033 _module_preset=\u201ddefault\u201d text_text_color=\u201d#000000\u2033 link_text_color=\u201d#000000\u2033 text_orientation=\u201dcenter\u201d custom_margin=\u201d-20px||| |false|false\u201d global_colors_info=\u201d{}\u201d background_layout__hover_enabled=\u201don|hover\u201d background_layout__hover=\u201ddark\u201d text_text_color__hover_enabled=\u201don|hover\u201d text_text_color__hover=\u201d#000000\u2033 link_text_color__hover_enabled=\u201don|hover\u201d link_text_color__hover=\u201d#B69 03C\u201d]<\/p>\n<p><i class=\"fa-solid fa-envelope\"><\/i> : <a href=\"mailto:&quot;info@goldleafbvi.com&quot;\">info@goldleafbvi.com<\/a><\/p>\n<p>[\/et_pb_text][\/et_pb_column][\/et_pb_row][et_pb_row _builder_version=\u201d4.22.1\u2033 _module_preset=\u201ddefault\u201d custom_margin=\u201d-43px|auto||auto||\u201d global_colors_info=\u201d{}\u201d][et_pb_column type=\u201d4_4\u2033 _builder_version=\u201d4.22.1\u2033 _module_preset=\u201ddefault\u201d global_colors_info=\u201d{}\u201d][et_pb_button button_url=\u201dhttps:\/\/goldleafbvi.com\/contact-us\/ \u201d button_text=\u201dCont\u00e1ctenos\u201d button_alignment=\u201dcenter\u201d deshabilitado_on=\u201don|off|off\u201d _builder_version=\u201d4.25.0\u2033 _module_preset=\u201ddefault\u201d custom_button=\u201don\u201d button_text_size=\u201d22px\u201d button_text_color=\u201d#000000\u2033 button_icon= \u201dA||divi||400\u2033 button_text_size_tablet=\u201d22px\u201d button_text_size_phone=\u201d22px\u201d button_text_size_last_edited=\u201don|desktop\u201d global_colors_info=\u201d{}\u201d button_text_color__hover=\u201d#FFFFFF\u201d button_text_color__hover_enabled=\u201don|hover\u201d 0000\u2033 bot\u00f3n_bg_color__hover_enabled =\u201don|hover\u201d button_bg_enable_color__hover=\u201don\u201d][\/et_pb_button][\/et_pb_column][\/et_pb_row][\/et_pb_section]<\/p>","protected":false},"excerpt":{"rendered":"<p>At Gold Leaf Consulting Limited, our mission is to be our clients\u2019 trusted solutions-oriented partner and navigate them through the intricate landscape of complex local and cross-border regulatory frameworks. We are dedicated to delivering comprehensive legal and compliance solutions that meet regulatory requirements and drive business growth, foster innovation, and secure a competitive edge by guarding our clients&#8217; reputations. Weare more than just a service provider; we are a strategic ally committed to our clients\u2019 long-term success.At Gold Leaf Consulting Limited, our approach is centered on delivering solutions that work. We combine our deep understanding of BVI law with operational expertise and international insight to craft practical, effective solutions tailored to our clients\u2019 business needs. Our commitment to being a one-stop partner means we go beyond advising\u2014we actively work with our clients to implement solutions that safeguard their reputation and ensure their business\u2019s success. By focusing on what matters most, we enable our clients to concentrate on growing their business, confident that their compliance and regulatory needs are fully managed.Gold Leaf Consulting Limited offers more than just traditional legal advice\u2014we provide end to-end solutions that address operational and regulatory challenges. Our unique ability to blend operational insight with regulatory expertise [&hellip;]<\/p>","protected":false},"author":1,"featured_media":0,"parent":0,"menu_order":0,"comment_status":"closed","ping_status":"closed","template":"","meta":{"_et_pb_use_builder":"on","_et_pb_old_content":"","_et_gb_content_width":"","om_disable_all_campaigns":false,"footnotes":""},"class_list":["post-7073","page","type-page","status-publish","hentry"],"rttpg_featured_image_url":null,"rttpg_author":{"display_name":"aamwebdevelopment","author_link":"https:\/\/goldleafbvi.com\/es\/author\/aamwebdevelopment\/"},"rttpg_comment":0,"rttpg_category":null,"rttpg_excerpt":"At Gold Leaf Consulting Limited, our mission is to be our clients\u2019 trusted solutions-oriented partner and navigate them through the intricate landscape of complex local and cross-border regulatory frameworks. We are dedicated to delivering comprehensive legal and compliance solutions that meet regulatory requirements and drive business growth, foster innovation, and secure a competitive edge by&hellip;","_links":{"self":[{"href":"https:\/\/goldleafbvi.com\/es\/wp-json\/wp\/v2\/pages\/7073","targetHints":{"allow":["GET"]}}],"collection":[{"href":"https:\/\/goldleafbvi.com\/es\/wp-json\/wp\/v2\/pages"}],"about":[{"href":"https:\/\/goldleafbvi.com\/es\/wp-json\/wp\/v2\/types\/page"}],"author":[{"embeddable":true,"href":"https:\/\/goldleafbvi.com\/es\/wp-json\/wp\/v2\/users\/1"}],"replies":[{"embeddable":true,"href":"https:\/\/goldleafbvi.com\/es\/wp-json\/wp\/v2\/comments?post=7073"}],"version-history":[{"count":3,"href":"https:\/\/goldleafbvi.com\/es\/wp-json\/wp\/v2\/pages\/7073\/revisions"}],"predecessor-version":[{"id":7077,"href":"https:\/\/goldleafbvi.com\/es\/wp-json\/wp\/v2\/pages\/7073\/revisions\/7077"}],"wp:attachment":[{"href":"https:\/\/goldleafbvi.com\/es\/wp-json\/wp\/v2\/media?parent=7073"}],"curies":[{"name":"gracias","href":"https:\/\/api.w.org\/{rel}","templated":true}]}}