{"id":7056,"date":"2024-09-27T22:14:04","date_gmt":"2024-09-27T22:14:04","guid":{"rendered":"https:\/\/goldleafbvi.com\/?page_id=7056"},"modified":"2025-05-13T02:07:06","modified_gmt":"2025-05-13T02:07:06","slug":"founder-and-ceo","status":"publish","type":"page","link":"https:\/\/goldleafbvi.com\/es\/founder-and-ceo\/","title":{"rendered":"Fundador y director ejecutivo"},"content":{"rendered":"<p>[et_pb_section fb_built=\u201d1\u2033 _builder_version=\u201d4.27.0\u2033 background_color=\u201d#000000\u2033 background_enable_image=\u201doff\u201d height_tablet=\u201d\u201d height_phone=\u201d\u201d height_last_edited=\u201don|phone\u201d max_height_tablet=\u201d\u201d max_height_phone=\u201d\u201d max_height_last_edited=\u201don|desktop\u201d custom_padding=\u201d||||false|false\u201d bottom_divider_color=\u201d#FFFFFF\u201d scroll_vertical_motion=\u201d0|60|60|100|4|0|-4\u2033 scroll_blur=\u201d0|24|82|100|10|0|0\u2033 background_last_edited=\u201doff|desktop\u201d use_background_color_gradient_phone=\u201don\u201d background_color_gradient_direction_phone=\u201d180deg\u201d background_color_gradient_stops_phone=\u201drgba(16,126,125,0.49) 0%|#107e7d 100%\u201d background_color_gradient_overlays_image_phone=\u201don\u201d background_enable_mask_style_phone=\u201doff\u201d global_colors_info=\u201d{}\u201d][et_pb_row _builder_version=\u201d4.22.1\u2033 _module_preset=\u201ddefault\u201d custom_margin=\u201d||||false|false\u201d custom_margin_tablet=\u201d||||false|false\u201d custom_margin_phone=\u201d||||false|false\u201d custom_margin_last_edited=\u201don|desktop\u201d custom_padding=\u201d||||false|false\u201d global_colors_info=\u201d{}\u201d][et_pb_column type=\u201d4_4\u2033 _builder_version=\u201d4.22.1\u2033 _module_preset=\u201dpredeterminado\u201d global_colors_info=\u201d{}\u201d][et_pb_text deshabilitado_encendido=\u201dapagado|apagado|apagado\u201d admin_label=\u201dTexto\u201d _builder_version=\u201d4.27.0\u2033 _module_preset=\u201dpredeterminado\u201d link_text_align=\u201dcenter\u201d link_text_color=\u201d#B6903C\u201d header_font=\u201d|||||||||\u201d header_text_align=\u201dcenter\u201d header_text_color=\u201d#B6903C\u201d header_font_size=\u201d70px\u201d header_letter_spacing=\u201d5px\u201d header_line_height=\u201d1.5em\u201d horizontal_offset=\u201d182px\u201d vertical_offset_tablet=\u201d\u201d vertical_offset_phone=\u201d13px\u201d vertical_offset_last_edited=\u201don|phone\u201d horizontal_offset_tablet=\u201d138px\u201d horizontal_offset_phone=\u201d0px\u201d horizontal_offset_last_edited=\u201don|desktop\u201d position_origin_a_tablet=\u201d\u201d position_origin_a_phone=\u201d\u201d position_origin_a_last_edited=\u201don|desktop\u201d position_origin_r_tablet=\u201d\u201d position_origin_r_phone=\u201d\u201d position_origin_r_last_edited=\u201den|escritorio\u201d custom_margin=\u201d||||falso|falso\u201d custom_margin_tablet=\u201d||||falso|falso\u201d custom_margin_phone=\u201d||||falso|falso\u201d custom_margin_last_edited=\u201den|tel\u00e9fono\u201d custom_padding_tablet=\u201d\u201d custom_padding_phone=\u201d||10px||falso|falso\u201d custom_padding_last_edited=\u201den|tel\u00e9fono\u201d header_font_size_tablet=\u201d40px\u201d header_font_size_phone=\u201d30px\u201d header_font_size_last_edited=\u201den|tel\u00e9fono\u201d placement_tablet=\u201dninguno\u201d placement_phone=\u201dninguno\u201d placement_last_edited=\u201den|escritorio\u201d informaci\u00f3n_global_colores=\u201d{}\u201d]<\/p>\n<h1><span>Fundador y director ejecutivo<\/span><\/h1>\n<p>[\/et_pb_text][\/et_pb_column][\/et_pb_row][\/et_pb_section][et_pb_section fb_built=\u201d1\u2033 module_id=\u201dttdev-home-ie-services\u201d module_class=\u201dfixedsticky fixedsticky_desktop fullwidth fullwidth-serv row-reverse\u201d _builder_version=\u201d4.27.0\u2033 background_color=\u201d#FFFFFF\u201d background_enable_image=\u201doff\u201d custom_padding=\u201d0px|0px||0px|false|false\u201d global_colors_info=\u201d{}\u201d][et_pb_row _builder_version=\u201d4.27.0\u2033 _module_preset=\u201ddefault\u201d max_width=\u201d90%\u201d custom_padding=\u201d||||false|false\u201d Informaci\u00f3n global de colores = &quot;{}&quot;][et_pb_column type = &quot;4_4&quot; _builder_version = &quot;4.27.0&quot; _module_preset = &quot;predeterminado&quot; relleno personalizado = &quot;||||falso|falso&quot; Informaci\u00f3n global de colores = &quot;{}&quot;][et_pb_image src = &quot;https:\/\/goldleafbvi.com\/wp-content\/uploads\/2024\/10\/Picture1.jpg&quot; alt = &quot;Julia Shamini Chase&quot; texto del t\u00edtulo = &quot;Picture1&quot; alinear tableta = &quot;centrar&quot; alinear tel\u00e9fono = &quot;centrar&quot; alinear \u00faltima edici\u00f3n = &quot;en|tableta&quot; _builder_version = &quot;4.27.0&quot; _module_preset = &quot;predeterminado&quot; ancho m\u00e1ximo = &quot;20%&quot; ancho m\u00e1ximo de la tableta = &quot;30%&quot; max_width_phone=\u201d60%\u201d max_width_last_edited=\u201don|phone\u201d module_alignment=\u201dcenter\u201d custom_margin=\u201d||||false|false\u201d custom_margin_tablet=\u201d||||false|false\u201d custom_margin_phone=\u201d||||false|false\u201d custom_margin_last_edited=\u201don|phone\u201d custom_padding=\u201d||||false|false\u201d global_colors_info=\u201d{}\u201d][\/et_pb_image][et_pb_team_member name=\u201dJulia Shamini Chase \u2013 FICA, LL.M, LLB, LEC\u201d position=\u201dFundadora y Directora Ejecutiva \u201d _builder_version=\u201d4.27.0\u2033 _module_preset=\u201ddefault\u201d header_level=\u201dh2\u2033 header_text_align=\u201dcenter\u201d body_text_align=\u201dcenter\u201d custom_margin_tablet=\u201d\u201d custom_margin_phone=\u201d\u201d custom_margin_last_edited=\u201don|phone\u201d global_colors_info=\u201d{}\u201d][\/et_pb_team_member][\/et_pb_column][\/et_pb_row][et_pb_row _builder_version=\u201d4.27.0\u2033 _module_preset=\u201ddefault\u201d max_width=\u201d90%\u201d custom_margin=\u201d-40px||||false|false\u201d global_colors_info=\u201d{}\u201d][et_pb_column type=\u201d4_4\u2033 _builder_version=\u201d4.27.0\u2033 _module_preset=\u201ddefault\u201d global_colors_info=\u201d{}\u201d][et_pb_text _builder_version=\u201d4.27.0\u2033 _module_preset=\u201ddefault\u201d informaci\u00f3n_global_colores=\u201d{}\u201d]<\/p>\n<p style=\"text-align: justify;\">Julia Shamini Chase (\u201c<strong>Shamini<\/strong>\u201d) es el fundador y director ejecutivo de Gold Leaf Consulting Limited.<\/p>\n<p style=\"text-align: justify;\">Shamini es abogada titulada y posee una Maestr\u00eda en Derecho (LL.M.) en Derecho Bancario y Financiero Internacional de la Universidad de Londres. Shamini se especializa en derecho regulatorio financiero y es una abogada regulatoria y especialista en cumplimiento muy respetada y reconocida en las Islas V\u00edrgenes Brit\u00e1nicas. Tambi\u00e9n es miembro de la Asociaci\u00f3n Internacional de Cumplimiento y est\u00e1 habilitada para ejercer la abogac\u00eda en las Islas V\u00edrgenes Brit\u00e1nicas y Santa Luc\u00eda.<\/p>\n<p style=\"text-align: justify;\">Con m\u00e1s de 17 a\u00f1os de experiencia profesional, Shamini se esfuerza por implementar soluciones efectivas, oportunas y rentables para sus clientes en su pr\u00e1ctica. Gold Leaf se fund\u00f3 como una peque\u00f1a empresa de servicios regulatorios y de cumplimiento que r\u00e1pidamente evolucion\u00f3 hasta convertirse en una prestigiosa empresa de consultor\u00eda de soluciones comerciales y cumplimiento regulatorio.<\/p>\n<p style=\"text-align: justify;\">Shamini ha representado los intereses de sus clientes como consultora empresarial ante agencias internacionales de licencias, organismos gubernamentales y otras entidades reguladoras. Cuenta con un historial impecable de \u00e9xito en solicitudes de licencias ante la Comisi\u00f3n de Servicios Financieros de las Islas V\u00edrgenes Brit\u00e1nicas y mantiene un excelente historial internacional con otras autoridades pertinentes. Es muy valorada por su capacidad para simplificar asuntos regulatorios y de cumplimiento complejos, convirti\u00e9ndolos en estrategias viables que los clientes pueden ejecutar con confianza. Respetada asesora de directores ejecutivos y juntas directivas, Shamini es reconocida por brindar asesoramiento estrat\u00e9gico de alto impacto.<\/p>\n<p style=\"text-align: justify;\">El respeto de la industria por la capacidad de Shamini para aprovechar su amplia experiencia legal regulatoria con su combinaci\u00f3n \u00fanica de conocimiento regulatorio y nicho de cumplimiento estrat\u00e9gico y orientado a resultados ha dado como resultado su participaci\u00f3n en varias conferencias regionales e internacionales sobre regulaci\u00f3n en servicios financieros y tecnolog\u00eda financiera. Tambi\u00e9n es una capacitadora y presentadora muy respetada en las Islas V\u00edrgenes Brit\u00e1nicas, con una amplia experiencia en la impartici\u00f3n de capacitaciones a muchas entidades con licencia en las Islas V\u00edrgenes Brit\u00e1nicas, incluidos compromisos anteriores como capacitadora de cursos en nombre del Instituto de Servicios Financieros de las Islas V\u00edrgenes Brit\u00e1nicas (ahora conocido como el Instituto Robert Matthavious) y para entidades reguladas en las Islas V\u00edrgenes Brit\u00e1nicas, incluidas las autoridades competentes.<\/p>\n<p style=\"text-align: justify;\">En los \u00faltimos a\u00f1os, Shamini ha desarrollado un nicho en el \u00e1mbito legal, regulatorio y de cumplimiento en las Islas V\u00edrgenes Brit\u00e1nicas, debido a su capacidad para combinar su experiencia operativa como oficial de cumplimiento y regulaci\u00f3n, con su experiencia legal como abogada de regulaci\u00f3n y licencias. Esta combinaci\u00f3n \u00fanica le brinda a Shamini y, por extensi\u00f3n, a Gold Leaf la capacidad de brindarles a los clientes soluciones pr\u00e1cticas para establecer pol\u00edticas y procedimientos de cumplimiento efectivos para reforzar sus programas regulatorios. Bajo su direcci\u00f3n, Gold Leaf fue la primera firma en dirigir con \u00e9xito una aplicaci\u00f3n FinTech Sandbox en las Islas V\u00edrgenes Brit\u00e1nicas y, posteriormente, se aprob\u00f3 la licencia para la primera criptomoneda intercambiada en las Islas V\u00edrgenes Brit\u00e1nicas. Shamini tambi\u00e9n ha sido miembro del Comit\u00e9 FinTech de las Islas V\u00edrgenes Brit\u00e1nicas desde 2019.<\/p>\n<p style=\"text-align: justify;\">Adem\u00e1s, Shamini es comisionada de la Comisi\u00f3n Reguladora de Telecomunicaciones de las Islas V\u00edrgenes Brit\u00e1nicas, donde, como miembro de la junta directiva, ayuda a supervisar la regulaci\u00f3n y supervisi\u00f3n de las telecomunicaciones en las Islas V\u00edrgenes Brit\u00e1nicas.<\/p>\n<p>[\/et_pb_text][\/et_pb_column][\/et_pb_row][\/et_pb_section][et_pb_section fb_built=\u201d1\u2033 _builder_version=\u201d4.27.0\u2033 _module_preset=\u201dpredeterminado\u201d color_de_fondo=\u201d#b6903c\u201d color_de_fondo_habilitado=\u201ddesactivado\u201d usar_gradiente_de_color_de_fondo=\u201dactivado\u201d direcci\u00f3n_de_gradiente_de_color_de_fondo=\u201d233 grados\u201d paradas_de_gradiente_de_color_de_fondo=\u201d#b6903c 0%|rgba(181,181,181,0.35) 50%|#b6903c 100%\u201d color_del_divisor_inferior=\u201d#FFFFFF\u201d direcci\u00f3n_de_animaci\u00f3n=\u201dderecha\u201d global_module=\u201d5700\u2033 pesta\u00f1as_guardadas=\u201dtodas\u2033 bloqueadas=\u201ddesactivadas\u2033 global_colors_info=\u201d{}\u201d][et_pb_row _builder_version=\u201d4.25.0\u2033 _module_preset=\u201dpredeterminado\u2033 custom_margin=\u201d-30px||||falso|falso\u2033 custom_margin_tablet=\u201d||||falso|falso\u2033 custom_margin_phone=\u201d||||falso|falso\u2033 custom_margin_last_edited=\u201den|escritorio\u2033 custom_padding=\u201d||90px||falso|falso\u2033 global_colors_info=\u201d{}\u201d][et_pb_column type=\u201d4_4\u2033 _builder_version=\u201d4.22.1\u2033 _module_preset=\u201dpredeterminado\u2033 global_colors_info=\u201d{}\u201d][et_pb_text _builder_version=\u201d4.22.1\u2033 _module_preset=\u201dpredeterminado\u201d color_texto=\u201d#B6903C\u201d tama\u00f1o_fuente_texto=\u201d18px\u201d color_texto_enlace=\u201d#8A52FC\u201d color_texto_encabezado=\u201d#B6903C\u201d tama\u00f1o_fuente_texto_encabezado=\u201d22px\u201d orientaci\u00f3n_texto=\u201dcentro\u201d margen_personalizado=\u201d||29px|||\u201d informaci\u00f3n_colores_globales=\u201d{}\u201d color_texto___hover=\u201d#FFFFFF\u201d color_texto___hover_enabled=\u201dactivado|pasando el mouse\u201d dise\u00f1o_fondo__hover=\u201doscuro\u201d dise\u00f1o_fondo__hover_enabled=\u201dactivado|pasando el mouse\u201d]<\/p>\n<h4>\u00bfListo para trabajar con nosotros?<\/h4>\n<p>[\/et_pb_text][et_pb_text _builder_version=\u201d4.22.1\u2033 _module_preset=\u201ddefault\u201d link_text_color=\u201d#B6903C\u201d header_2_font=\u201d|700|||||||\u201d header_2_text_align=\u201dcenter\u201d header_2_text_color=\u201d#B6903C\u201d header_2_font_size=\u201d40px\u201d header_2_font_size_tablet=\u201d40px\u201d header_2_font_size_phone=\u201d25px\u201d header_2_font_size_last_edited=\u201don|phone\u201d global_colors_info=\u201d{}\u201d]<\/p>\n<h2><a href=\"#\">Gold Leaf<\/a> Consultor\u00eda Limitada<\/h2>\n<p>[\/et_pb_text][\/et_pb_column][\/et_pb_row][et_pb_row _builder_version=\u201d4.22.1\u2033 _module_preset=\u201dpredeterminado\u201d custom_margin=\u201d-90px||||falso|falso\u201d custom_padding=\u201d||80px||falso|falso\u201d global_colors_info=\u201d{}\u201d][et_pb_column type=\u201d4_4\u2033 _builder_version=\u201d4.22.1\u2033 _module_preset=\u201dpredeterminado\u201d global_colors_info=\u201d{}\u201d][et_pb_text _builder_version=\u201d4.27.0\u2033 _module_preset=\u201dpredeterminado\u201d text_text_color=\u201d#000000\u2033 text_orientation=\u201dcenter\u201d global_colors_info=\u201d{}\u201d]<\/p>\n<p>Lunes a viernes: 8:30 a. m. a 5:30 p. m. | Fines de semana: cerrado<\/p>\n<p>[\/et_pb_text][et_pb_text deshabilitado_activado=\u201ddesactivado|desactivado|desactivado\u201d _builder_version=\u201d4.27.0\u2033 _module_preset=\u201dpredeterminado\u201d color_texto=\u201d#000000\u2033 color_texto_enlace=\u201d#000000\u2033 orientaci\u00f3n_texto=\u201dcentro\u201d margen_personalizado=\u201d-20px||||falso|falso\u201d informaci\u00f3n_colores_globales=\u201d{}\u201d dise\u00f1o_fondo__hover_enabled=\u201dactivado|pasa el rat\u00f3n\u201d dise\u00f1o_fondo__hover=\u201doscuro\u201d color_texto__hover_enabled=\u201dactivado|pasa el rat\u00f3n\u201d color_texto__hover=\u201d#000000\u2033 color_texto_enlace__hover_enabled=\u201dactivado|pasa el rat\u00f3n\u201d color_del_texto_del_enlace__hover=\u201d#B6903C\u201d]<\/p>\n<p><a href=\"https:\/\/maps.app.goo.gl\/1k4ZKwgoXoxQr7967\" target=\"_blank\" rel=\"noopener\" data-asw-orgfontsize=\"18\"><span data-asw-orgfontsize=\"18\">Edificio Oleander, Suite OL 6, 13a JR O&#039;Neal Drive, Port Purcell, T\u00f3rtola\u00a0<\/span><\/a><\/p>\n<p>[\/et_pb_text][et_pb_textdisable_on=\u201doff|off|off\u201d _builder_version=\u201d4.26.0\u2033 _module_preset=\u201ddefault\u201d text_text_color=\u201d#000000\u2033 link_text_color=\u201d#000000\u2033 text_orientation=\u201dcenter\u201d custom_margin=\u201d-20px||| |false|false\u201d global_colors_info=\u201d{}\u201d background_layout__hover_enabled=\u201don|hover\u201d background_layout__hover=\u201ddark\u201d text_text_color__hover_enabled=\u201don|hover\u201d text_text_color__hover=\u201d#000000\u2033 link_text_color__hover_enabled=\u201don|hover\u201d link_text_color__hover=\u201d#B69 03C\u201d]<\/p>\n<p><i class=\"fa-solid fa-phone\"><\/i> :<a href=\"tel:12844949559\">1-284-494-9559<\/a><\/p>\n<p>[\/et_pb_text][et_pb_textdisable_on=\u201doff|off|off\u201d _builder_version=\u201d4.26.0\u2033 _module_preset=\u201ddefault\u201d text_text_color=\u201d#000000\u2033 link_text_color=\u201d#000000\u2033 text_orientation=\u201dcenter\u201d custom_margin=\u201d-20px||| |false|false\u201d global_colors_info=\u201d{}\u201d background_layout__hover_enabled=\u201don|hover\u201d background_layout__hover=\u201ddark\u201d text_text_color__hover_enabled=\u201don|hover\u201d text_text_color__hover=\u201d#000000\u2033 link_text_color__hover_enabled=\u201don|hover\u201d link_text_color__hover=\u201d#B69 03C\u201d]<\/p>\n<p><i class=\"fa-solid fa-envelope\"><\/i> : <a href=\"mailto:&quot;info@goldleafbvi.com&quot;\">info@goldleafbvi.com<\/a><\/p>\n<p>[\/et_pb_text][\/et_pb_column][\/et_pb_row][et_pb_row _builder_version=\u201d4.22.1\u2033 _module_preset=\u201dpredeterminado\u201d custom_margin=\u201d-43px|auto||auto||\u201d global_colors_info=\u201d{}\u201d][et_pb_column type=\u201d4_4\u2033 _builder_version=\u201d4.22.1\u2033 _module_preset=\u201dpredeterminado\u201d global_colors_info=\u201d{}\u201d][et_pb_button button_url=\u201dhttps:\/\/goldleafbvi.com\/contact-us\/\u201d button_text=\u201dCont\u00e1ctenos\u201d button_alignment=\u201dcenter\u201d disabled_on=\u201doff|off|off\u201d _builder_version=\u201d4.27.0\u2033 _module_preset=\u201dpredeterminado\u201d custom_button=\u201don\u201d button_text_size=\u201d22px\u201d button_text_color=\u201d#000000\u2033 button_icon=\u201dA||divi||400\u2033 button_text_size_tablet=\u201d22px\u201d button_text_size_phone=\u201d22px\u201d tama\u00f1o_texto_bot\u00f3n_\u00faltima_edici\u00f3n=\u201dactivado|escritorio\u201d informaci\u00f3n_colores_globales=\u201d{}\u201d color_texto_bot\u00f3n__hover=\u201d#FFFFFF\u201d color_texto_bot\u00f3n__hover_habilitado=\u201dactivado|pasa el mouse\u201d color_fondo_bot\u00f3n__hover=\u201d#000000\u2033 color_fondo_bot\u00f3n__hover_habilitado=\u201dactivado|pasa el mouse\u201d color_fondo_habilitado_bot\u00f3n__hover=\u201dactivado\u201d][\/et_pb_bot\u00f3n][\/et_pb_columna][\/et_pb_fila][\/et_pb_secci\u00f3n]<\/p>","protected":false},"excerpt":{"rendered":"<p>Founder and CEOJulia Shamini Chase (\u201cShamini\u201d) is the Founder and Chief Executive Officer of Gold Leaf Consulting Limited. Shamini is a qualified attorney-at-law holding a Master of Laws (LL.M.) in International Banking and Finance Law from the University of London. Shamini specialises in financial regulatory law and is a highly respected and well-known regulatory lawyer and compliance specialist in the BVI. \u00a0She is also a Fellow of the International Compliance Association and is admitted to practice law in the BVI and Saint Lucia. With over 17 years of professional experience, Shamini strives to implement effective, timely, and profitable solutions for her clients in her practice. Gold Leaf was founded as a small regulatory and compliance services firm that swiftly evolved into a reputable regulatory compliance and business solutions consultancy firm. Shamini has represented her clients&#8217; interests as a business consultant before international licensing agencies, governmental bodies, and other regulatory entities. She has a flawless success rate with the BVI Financial Services Commission for licensing applications and maintains an excellent global record with other relevant authorities. She is highly regarded for her ability to simplify complex regulatory and compliance issues, turning them into actionable strategies that clients can confidently execute. A [&hellip;]<\/p>","protected":false},"author":1,"featured_media":0,"parent":0,"menu_order":0,"comment_status":"closed","ping_status":"closed","template":"","meta":{"_et_pb_use_builder":"on","_et_pb_old_content":"","_et_gb_content_width":"","om_disable_all_campaigns":false,"footnotes":""},"class_list":["post-7056","page","type-page","status-publish","hentry"],"rttpg_featured_image_url":null,"rttpg_author":{"display_name":"aamwebdevelopment","author_link":"https:\/\/goldleafbvi.com\/es\/author\/aamwebdevelopment\/"},"rttpg_comment":0,"rttpg_category":null,"rttpg_excerpt":"Founder and CEOJulia Shamini Chase (\u201cShamini\u201d) is the Founder and Chief Executive Officer of Gold Leaf Consulting Limited. Shamini is a qualified attorney-at-law holding a Master of Laws (LL.M.) in International Banking and Finance Law from the University of London. Shamini specialises in financial regulatory law and is a highly respected and well-known regulatory lawyer&hellip;","_links":{"self":[{"href":"https:\/\/goldleafbvi.com\/es\/wp-json\/wp\/v2\/pages\/7056","targetHints":{"allow":["GET"]}}],"collection":[{"href":"https:\/\/goldleafbvi.com\/es\/wp-json\/wp\/v2\/pages"}],"about":[{"href":"https:\/\/goldleafbvi.com\/es\/wp-json\/wp\/v2\/types\/page"}],"author":[{"embeddable":true,"href":"https:\/\/goldleafbvi.com\/es\/wp-json\/wp\/v2\/users\/1"}],"replies":[{"embeddable":true,"href":"https:\/\/goldleafbvi.com\/es\/wp-json\/wp\/v2\/comments?post=7056"}],"version-history":[{"count":5,"href":"https:\/\/goldleafbvi.com\/es\/wp-json\/wp\/v2\/pages\/7056\/revisions"}],"predecessor-version":[{"id":7456,"href":"https:\/\/goldleafbvi.com\/es\/wp-json\/wp\/v2\/pages\/7056\/revisions\/7456"}],"wp:attachment":[{"href":"https:\/\/goldleafbvi.com\/es\/wp-json\/wp\/v2\/media?parent=7056"}],"curies":[{"name":"gracias","href":"https:\/\/api.w.org\/{rel}","templated":true}]}}