{"id":6728,"date":"2024-08-17T12:23:25","date_gmt":"2024-08-17T12:23:25","guid":{"rendered":"https:\/\/goldleafbvi.com\/?page_id=6728"},"modified":"2026-02-08T16:23:42","modified_gmt":"2026-02-08T16:23:42","slug":"blogs","status":"publish","type":"page","link":"https:\/\/goldleafbvi.com\/es\/blogs\/","title":{"rendered":"Blogs"},"content":{"rendered":"<p>[et_pb_section fb_built=&#8221;1&#8243; _builder_version=&#8221;4.27.0&#8243; background_color=&#8221;#000000&#8243; background_enable_image=&#8221;off&#8221; height_tablet=&#8221;&#8221; height_phone=&#8221;&#8221; height_last_edited=&#8221;on|phone&#8221; max_height_tablet=&#8221;&#8221; max_height_phone=&#8221;720px&#8221; max_height_last_edited=&#8221;on|desktop&#8221; custom_padding=&#8221;||0px||false|false&#8221; bottom_divider_color=&#8221;#FFFFFF&#8221; scroll_vertical_motion=&#8221;0|60|60|100|4|0|-4&#8243; scroll_blur=&#8221;0|24|82|100|10|0|0&#8243; background_last_edited=&#8221;off|desktop&#8221; use_background_color_gradient_phone=&#8221;on&#8221; background_color_gradient_direction_phone=&#8221;180deg&#8221; background_color_gradient_stops_phone=&#8221;rgba(16,126,125,0.49) 0%|#107e7d 100%&#8221; background_color_gradient_overlays_image_phone=&#8221;on&#8221; background_enable_mask_style_phone=&#8221;off&#8221; global_colors_info=&#8221;{}&#8221;][et_pb_row _builder_version=&#8221;4.22.1&#8243; _module_preset=&#8221;default&#8221; custom_margin=&#8221;-84px|auto||auto|false|false&#8221; custom_margin_tablet=&#8221;||||false|false&#8221; custom_margin_phone=&#8221;||||false|false&#8221; custom_margin_last_edited=&#8221;on|desktop&#8221; custom_padding=&#8221;||0px|||&#8221; global_colors_info=&#8221;{}&#8221;][et_pb_column type=&#8221;4_4&#8243; _builder_version=&#8221;4.22.1&#8243; _module_preset=&#8221;default&#8221; global_colors_info=&#8221;{}&#8221;][et_pb_text disabled_on=&#8221;off|off|off&#8221; admin_label=&#8221;Text&#8221; _builder_version=&#8221;4.26.0&#8243; _module_preset=&#8221;default&#8221; link_text_align=&#8221;center&#8221; link_text_color=&#8221;#B6903C&#8221; header_font=&#8221;||||||||&#8221; header_text_align=&#8221;center&#8221; header_text_color=&#8221;#B6903C&#8221; header_font_size=&#8221;70px&#8221; header_letter_spacing=&#8221;5px&#8221; header_line_height=&#8221;1.5em&#8221; horizontal_offset=&#8221;182px&#8221; vertical_offset_tablet=&#8221;&#8221; vertical_offset_phone=&#8221;13px&#8221; vertical_offset_last_edited=&#8221;on|phone&#8221; horizontal_offset_tablet=&#8221;138px&#8221; horizontal_offset_phone=&#8221;0px&#8221; horizontal_offset_last_edited=&#8221;on|desktop&#8221; position_origin_a_tablet=&#8221;&#8221; position_origin_a_phone=&#8221;&#8221; position_origin_a_last_edited=&#8221;on|desktop&#8221; position_origin_f_tablet=&#8221;&#8221; position_origin_f_phone=&#8221;&#8221; position_origin_f_last_edited=&#8221;on|desktop&#8221; position_origin_r_tablet=&#8221;&#8221; position_origin_r_phone=&#8221;&#8221; position_origin_r_last_edited=&#8221;on|desktop&#8221; custom_margin=&#8221;||||false|false&#8221; custom_margin_tablet=&#8221;||||false|false&#8221; custom_margin_phone=&#8221;||||false|false&#8221; custom_margin_last_edited=&#8221;on|phone&#8221; custom_padding_tablet=&#8221;&#8221; custom_padding_phone=&#8221;||10px||false|false&#8221; custom_padding_last_edited=&#8221;on|phone&#8221; header_font_size_tablet=&#8221;40px&#8221; header_font_size_phone=&#8221;30px&#8221; header_font_size_last_edited=&#8221;on|phone&#8221; positioning_tablet=&#8221;none&#8221; positioning_phone=&#8221;none&#8221; positioning_last_edited=&#8221;on|desktop&#8221; global_colors_info=&#8221;{}&#8221;]<\/p>\n<h1>Blog<\/h1>\n<p>[\/et_pb_text][\/et_pb_column][\/et_pb_row][\/et_pb_section][et_pb_section fb_built=&#8221;1&#8243; _builder_version=&#8221;4.27.0&#8243; _module_preset=&#8221;default&#8221; background_enable_image=&#8221;off&#8221; custom_padding=&#8221;14px|||||&#8221; global_colors_info=&#8221;{}&#8221;][et_pb_row _builder_version=&#8221;4.27.0&#8243; _module_preset=&#8221;default&#8221; max_width=&#8221;90%&#8221; global_colors_info=&#8221;{}&#8221; theme_builder_area=&#8221;post_content&#8221;][et_pb_column type=&#8221;4_4&#8243; _builder_version=&#8221;4.27.0&#8243; _module_preset=&#8221;default&#8221; global_colors_info=&#8221;{}&#8221; theme_builder_area=&#8221;post_content&#8221;][et_pb_search placeholder=&#8221;Search Blogs By Title&#8221; _builder_version=&#8221;4.27.5&#8243; _module_preset=&#8221;default&#8221; hover_enabled=&#8221;0&#8243; global_colors_info=&#8221;{}&#8221; theme_builder_area=&#8221;post_content&#8221; include_categories=&#8221;22&#8243; sticky_enabled=&#8221;0&#8243;][\/et_pb_search][\/et_pb_column][\/et_pb_row][et_pb_row _builder_version=&#8221;4.27.5&#8243; _module_preset=&#8221;default&#8221; width=&#8221;90%&#8221; max_width=&#8221;100%&#8221; hover_enabled=&#8221;0&#8243; sticky_enabled=&#8221;0&#8243;][et_pb_column _builder_version=&#8221;4.27.5&#8243; _module_preset=&#8221;default&#8221; type=&#8221;4_4&#8243;][et_pb_text _builder_version=&#8221;4.27.5&#8243; _module_preset=&#8221;default&#8221; hover_enabled=&#8221;0&#8243; sticky_enabled=&#8221;0&#8243;]<\/p>\n<style type='text\/css' media='all'>#rt-tpg-container-3124126424 .rt-holder .rt-woo-info .price{color:#dd9933;}body .rt-tpg-container .rt-tpg-isotope-buttons .selected,\n\t\t\t\t\t#rt-tpg-container-3124126424 .layout12 .rt-holder:hover .rt-detail,\n\t\t\t\t\t#rt-tpg-container-3124126424 .isotope8 .rt-holder:hover .rt-detail,\n\t\t\t\t\t#rt-tpg-container-3124126424 .carousel8 .rt-holder:hover .rt-detail,\n\t\t\t\t\t#rt-tpg-container-3124126424 .layout13 .rt-holder .overlay .post-info,\n\t\t\t\t\t#rt-tpg-container-3124126424 .isotope9 .rt-holder .overlay .post-info,\n\t\t\t\t\t#rt-tpg-container-3124126424.rt-tpg-container .layout4 .rt-holder .rt-detail,\n\t\t\t\t\t.rt-modal-3124126424 .md-content,\n\t\t\t\t\t.rt-modal-3124126424 .md-content > .rt-md-content-holder .rt-md-content,\n\t\t\t\t\t.rt-popup-wrap-3124126424.rt-popup-wrap .rt-popup-navigation-wrap,\n\t\t\t\t\t#rt-tpg-container-3124126424 .carousel9 .rt-holder .overlay .post-info{background-color:#dd9933;}#rt-tpg-container-3124126424 .layout5 .rt-holder .overlay, #rt-tpg-container-3124126424 .isotope2 .rt-holder .overlay, #rt-tpg-container-3124126424 .carousel2 .rt-holder .overlay,#rt-tpg-container-3124126424 .layout15 .rt-holder h3, #rt-tpg-container-3124126424 .isotope11 .rt-holder h3, #rt-tpg-container-3124126424 .carousel11 .rt-holder h3, #rt-tpg-container-3124126424 .layout16 .rt-holder h3,\n\t\t\t\t\t#rt-tpg-container-3124126424 .isotope12 .rt-holder h3, #rt-tpg-container-3124126424 .carousel12 .rt-holder h3 {background-color:rgba(221,153,51,0.8);}#rt-tpg-container-3124126424 .read-more a{border-radius:px;}#rt-tpg-container-3124126424 .rt-img-holder img.rt-img-responsive,#rt-tpg-container-3124126424 .rt-img-holder,\n\t\t\t\t\t#rt-tpg-container-3124126424 .rt-post-overlay .post-img,\n\t\t\t\t\t#rt-tpg-container-3124126424 .post-sm .post-img,\n\t\t\t\t\t#rt-tpg-container-3124126424 .rt-post-grid .post-img,\n\t\t\t\t\t#rt-tpg-container-3124126424 .post-img img {border-radius:px;}#rt-tpg-container-3124126424 .layout5 .rt-holder h2.entry-title,\n\t\t\t\t\t#rt-tpg-container-3124126424 .layout5 .rt-holder h3.entry-title,\n\t\t\t\t\t#rt-tpg-container-3124126424 .layout5 .rt-holder h4.entry-title,\n\t\t\t\t\t#rt-tpg-container-3124126424 .layout5 .rt-holder h2.entry-title a,\n\t\t\t\t\t#rt-tpg-container-3124126424 .layout5 .rt-holder h3.entry-title a,\n\t\t\t\t\t#rt-tpg-container-3124126424 .layout5 .rt-holder h4.entry-title a,\n\t\t\t\t\t#rt-tpg-container-3124126424 .rt-holder .rt-woo-info h2 a,\n\t\t\t\t\t#rt-tpg-container-3124126424 .rt-holder .rt-woo-info h3 a,\n\t\t\t\t\t#rt-tpg-container-3124126424 .rt-holder .rt-woo-info h4 a,\n\t\t\t\t\t#rt-tpg-container-3124126424 .post-content .post-title,\n\t\t\t\t\t#rt-tpg-container-3124126424 .rt-post-grid .post-title,\n\t\t\t\t\t#rt-tpg-container-3124126424 .rt-post-grid .post-title a,\n\t\t\t\t\t#rt-tpg-container-3124126424 .post-content .post-title a,\n\t\t\t\t\t#rt-tpg-container-3124126424 .rt-holder .rt-woo-info h2,\n\t\t\t\t\t#rt-tpg-container-3124126424 .rt-holder .rt-woo-info h3,\n\t\t\t\t\t#rt-tpg-container-3124126424 .rt-holder .rt-woo-info h4{font-size:14px;line-height:24px;font-weight:bold;text-align:center;}#rt-tpg-container-3124126424 .post-grid-lg-style-1 .post-title,\n\t\t\t\t\t\t#rt-tpg-container-3124126424 .post-grid-lg-style-1 .post-title a,\n\t\t\t\t\t\t#rt-tpg-container-3124126424 .big-layout .post-title,\n\t\t\t\t\t\t#rt-tpg-container-3124126424 .big-layout .post-title a,\n\t\t\t\t\t\t#rt-tpg-container-3124126424 .post-grid-lg-style-1 .post-title,\n\t\t\t\t\t\t#rt-tpg-container-3124126424 .post-grid-lg-style-1 .post-title a {font-size:22px;line-height:32px;}<\/style><div class='rt-container-fluid rt-tpg-container tpg-shortcode-main-wrapper' id='rt-tpg-container-3124126424'   data-layout='layout5' data-grid-style='even' data-desktop-col='4'  data-tab-col='3'  data-mobile-col='1' data-sc-id='7988'><div class=\"tpg-widget-heading-wrapper heading-style1\"><span class=\"tpg-widget-heading-line line-left\"><\/span><h6 class=\"tpg-widget-heading\">Blogs<\/h6><span class=\"tpg-widget-heading-line\"><\/span><\/div><div data-title='Cargando...' class='rt-row rt-content-loader   layout5 tpg-even'><div class=\"rt-col-md-3 rt-col-sm-4 rt-col-xs-12 even-grid-item rt-grid-item\" data-id=\"8365\"><div class=\"rt-holder\"><div class=\"overlay\"><h2 class=\"entry-title\"><a data-id=\"8365\" class=\"\" href=\"https:\/\/goldleafbvi.com\/es\/october-compliance-toolbox-recap-bvi\/\">Gracias por participar en nuestro Kit de herramientas de cumplimiento de octubre<\/a><\/h2><div class='rt-detail'><div class='post-meta center'><span class='read-more'><a data-id='8365' class='' href='https:\/\/goldleafbvi.com\/es\/october-compliance-toolbox-recap-bvi\/'>Leer m\u00e1s<\/a><\/span><\/div><\/div><\/div> <a data-id='8365' class='' href='https:\/\/goldleafbvi.com\/es\/october-compliance-toolbox-recap-bvi\/'><img loading=\"lazy\" decoding=\"async\" width=\"500\" height=\"499\" src=\"https:\/\/goldleafbvi.com\/wp-content\/uploads\/2024\/04\/GCCS-removebg-preview.png\" class=\"rt-img-responsive\" alt=\"Gold Leaf Logo\" \/><\/a><\/div><\/div><div class=\"rt-col-md-3 rt-col-sm-4 rt-col-xs-12 even-grid-item rt-grid-item\" data-id=\"8358\"><div class=\"rt-holder\"><div class=\"overlay\"><h2 class=\"entry-title\"><a data-id=\"8358\" class=\"\" href=\"https:\/\/goldleafbvi.com\/es\/bvi-independent-compliance-audit-services\/\">La secci\u00f3n de herramientas de cumplimiento de la semana pasada aport\u00f3 informaci\u00f3n valiosa sobre las auditor\u00edas independientes.<\/a><\/h2><div class='rt-detail'><div class='post-meta center'><span class='read-more'><a data-id='8358' class='' href='https:\/\/goldleafbvi.com\/es\/bvi-independent-compliance-audit-services\/'>Leer m\u00e1s<\/a><\/span><\/div><\/div><\/div> <a data-id='8358' class='' href='https:\/\/goldleafbvi.com\/es\/bvi-independent-compliance-audit-services\/'><img loading=\"lazy\" decoding=\"async\" width=\"512\" height=\"512\" src=\"https:\/\/goldleafbvi.com\/wp-content\/uploads\/2024\/04\/cropped-GCCS-removebg-preview.png\" class=\"rt-img-responsive\" alt=\"Gold Leaf Logo\" \/><\/a><\/div><\/div><div class=\"rt-col-md-3 rt-col-sm-4 rt-col-xs-12 even-grid-item rt-grid-item\" data-id=\"8353\"><div class=\"rt-holder\"><div class=\"overlay\"><h2 class=\"entry-title\"><a data-id=\"8353\" class=\"\" href=\"https:\/\/goldleafbvi.com\/es\/legal-careers-beyond-the-courtroom-bvi\/\">El ejercicio de la abogac\u00eda se ha transformado<\/a><\/h2><div class='rt-detail'><div class='post-meta center'><span class='read-more'><a data-id='8353' class='' href='https:\/\/goldleafbvi.com\/es\/legal-careers-beyond-the-courtroom-bvi\/'>Leer m\u00e1s<\/a><\/span><\/div><\/div><\/div> <a data-id='8353' class='' href='https:\/\/goldleafbvi.com\/es\/legal-careers-beyond-the-courtroom-bvi\/'><img loading=\"lazy\" decoding=\"async\" width=\"512\" height=\"512\" src=\"https:\/\/goldleafbvi.com\/wp-content\/uploads\/2024\/04\/cropped-GCCS-removebg-preview.png\" class=\"rt-img-responsive\" alt=\"Gold Leaf Logo\" \/><\/a><\/div><\/div><div class=\"rt-col-md-3 rt-col-sm-4 rt-col-xs-12 even-grid-item rt-grid-item\" data-id=\"8348\"><div class=\"rt-holder\"><div class=\"overlay\"><h2 class=\"entry-title\"><a data-id=\"8348\" class=\"\" href=\"https:\/\/goldleafbvi.com\/es\/bvi-compliance-practitioner-testimonials\/\">La formaci\u00f3n en cumplimiento normativo de alta calidad debe ser pr\u00e1ctica, estar alineada con la normativa y ser f\u00e1cil de aplicar.<\/a><\/h2><div class='rt-detail'><div class='post-meta center'><span class='read-more'><a data-id='8348' class='' href='https:\/\/goldleafbvi.com\/es\/bvi-compliance-practitioner-testimonials\/'>Leer m\u00e1s<\/a><\/span><\/div><\/div><\/div> <a data-id='8348' class='' href='https:\/\/goldleafbvi.com\/es\/bvi-compliance-practitioner-testimonials\/'><img loading=\"lazy\" decoding=\"async\" width=\"512\" height=\"512\" src=\"https:\/\/goldleafbvi.com\/wp-content\/uploads\/2024\/04\/cropped-GCCS-removebg-preview.png\" class=\"rt-img-responsive\" alt=\"Gold Leaf Logo\" \/><\/a><\/div><\/div><div class=\"rt-col-md-3 rt-col-sm-4 rt-col-xs-12 even-grid-item rt-grid-item\" data-id=\"8340\"><div class=\"rt-holder\"><div class=\"overlay\"><h2 class=\"entry-title\"><a data-id=\"8340\" class=\"\" href=\"https:\/\/goldleafbvi.com\/es\/bvi-aml-independent-audits-practical-training\/\">La formaci\u00f3n en cumplimiento normativo de alta calidad debe ser pr\u00e1ctica, no te\u00f3rica.<\/a><\/h2><div class='rt-detail'><div class='post-meta center'><span class='read-more'><a data-id='8340' class='' href='https:\/\/goldleafbvi.com\/es\/bvi-aml-independent-audits-practical-training\/'>Leer m\u00e1s<\/a><\/span><\/div><\/div><\/div> <a data-id='8340' class='' href='https:\/\/goldleafbvi.com\/es\/bvi-aml-independent-audits-practical-training\/'><img loading=\"lazy\" decoding=\"async\" width=\"512\" height=\"512\" src=\"https:\/\/goldleafbvi.com\/wp-content\/uploads\/2024\/04\/cropped-GCCS-removebg-preview.png\" class=\"rt-img-responsive\" alt=\"Gold Leaf Logo\" \/><\/a><\/div><\/div><div class=\"rt-col-md-3 rt-col-sm-4 rt-col-xs-12 even-grid-item rt-grid-item\" data-id=\"8328\"><div class=\"rt-holder\"><div class=\"overlay\"><h2 class=\"entry-title\"><a data-id=\"8328\" class=\"\" href=\"https:\/\/goldleafbvi.com\/es\/case-study-bvi-cdd-remediation-at-scale\/\">Gold Leaf Lidera la remediaci\u00f3n de CDD de archivos heredados<\/a><\/h2><div class='rt-detail'><div class='post-meta center'><span class='read-more'><a data-id='8328' class='' href='https:\/\/goldleafbvi.com\/es\/case-study-bvi-cdd-remediation-at-scale\/'>Leer m\u00e1s<\/a><\/span><\/div><\/div><\/div> <a data-id='8328' class='' href='https:\/\/goldleafbvi.com\/es\/case-study-bvi-cdd-remediation-at-scale\/'><img loading=\"lazy\" decoding=\"async\" width=\"512\" height=\"512\" src=\"https:\/\/goldleafbvi.com\/wp-content\/uploads\/2024\/04\/cropped-GCCS-removebg-preview.png\" class=\"rt-img-responsive\" alt=\"Gold Leaf Logo\" \/><\/a><\/div><\/div><div class=\"rt-col-md-3 rt-col-sm-4 rt-col-xs-12 even-grid-item rt-grid-item\" data-id=\"8320\"><div class=\"rt-holder\"><div class=\"overlay\"><h2 class=\"entry-title\"><a data-id=\"8320\" class=\"\" href=\"https:\/\/goldleafbvi.com\/es\/uae-fintech-regulation-reality-check-2025\/\">Fintech en los EAU: An\u00e1lisis de la realidad regulatoria del tercer trimestre de 2025<\/a><\/h2><div class='rt-detail'><div class='post-meta center'><span class='read-more'><a data-id='8320' class='' href='https:\/\/goldleafbvi.com\/es\/uae-fintech-regulation-reality-check-2025\/'>Leer m\u00e1s<\/a><\/span><\/div><\/div><\/div> <a data-id='8320' class='' href='https:\/\/goldleafbvi.com\/es\/uae-fintech-regulation-reality-check-2025\/'><img loading=\"lazy\" decoding=\"async\" width=\"512\" height=\"512\" src=\"https:\/\/goldleafbvi.com\/wp-content\/uploads\/2024\/04\/cropped-GCCS-removebg-preview.png\" class=\"rt-img-responsive\" alt=\"Gold Leaf Logo\" \/><\/a><\/div><\/div><div class=\"rt-col-md-3 rt-col-sm-4 rt-col-xs-12 even-grid-item rt-grid-item\" data-id=\"8307\"><div class=\"rt-holder\"><div class=\"overlay\"><h2 class=\"entry-title\"><a data-id=\"8307\" class=\"\" href=\"https:\/\/goldleafbvi.com\/es\/bvi-dnfbp-independent-audit-requirements\/\">La diferencia entre sobrevivir y prosperar bajo el escrutinio regulatorio<\/a><\/h2><div class='rt-detail'><div class='post-meta center'><span class='read-more'><a data-id='8307' class='' href='https:\/\/goldleafbvi.com\/es\/bvi-dnfbp-independent-audit-requirements\/'>Leer m\u00e1s<\/a><\/span><\/div><\/div><\/div> <a data-id='8307' class='' href='https:\/\/goldleafbvi.com\/es\/bvi-dnfbp-independent-audit-requirements\/'><img loading=\"lazy\" decoding=\"async\" width=\"512\" height=\"512\" src=\"https:\/\/goldleafbvi.com\/wp-content\/uploads\/2024\/04\/cropped-GCCS-removebg-preview.png\" class=\"rt-img-responsive\" alt=\"Gold Leaf Logo\" \/><\/a><\/div><\/div><div class=\"rt-col-md-3 rt-col-sm-4 rt-col-xs-12 even-grid-item rt-grid-item\" data-id=\"8124\"><div class=\"rt-holder\"><div class=\"overlay\"><h2 class=\"entry-title\"><a data-id=\"8124\" class=\"\" href=\"https:\/\/goldleafbvi.com\/es\/gold-leaf-cpd-accredited-compliance-training-bvi\/\">Anuncio de acreditaci\u00f3n de CPD<\/a><\/h2><div class='rt-detail'><div class='post-meta center'><span class='read-more'><a data-id='8124' class='' href='https:\/\/goldleafbvi.com\/es\/gold-leaf-cpd-accredited-compliance-training-bvi\/'>Leer m\u00e1s<\/a><\/span><\/div><\/div><\/div> <a data-id='8124' class='' href='https:\/\/goldleafbvi.com\/es\/gold-leaf-cpd-accredited-compliance-training-bvi\/'><img loading=\"lazy\" decoding=\"async\" width=\"1080\" height=\"1080\" src=\"https:\/\/goldleafbvi.com\/wp-content\/uploads\/2026\/02\/Authority-Building_-CPD-Accreditation-Announcement-1-1.png\" class=\"rt-img-responsive\" alt=\"Gold Leaf Consulting CPD Accreditation Announcement graphic for December 2025 BVI compliance training sessions.\" \/><\/a><\/div><\/div><\/div><div class='rt-pagination-wrap' data-total-pages='3' data-posts-per-page='9' data-type='pagination'  ><div class=\"rt-pagination\" ><ul class=\"pagination-list\"><li class=\"active\"><span>1<\/span><\/li><li><a data-paged='2' href='https:\/\/goldleafbvi.com\/es\/wp-json\/wp\/v2\/pages\/6728\/page\/2\/'>2<\/a><\/li><li><a data-paged='3' href='https:\/\/goldleafbvi.com\/es\/wp-json\/wp\/v2\/pages\/6728\/page\/3\/'>3<\/a><\/li><\/ul><\/div><\/div><\/div>\n<p>[\/et_pb_text][\/et_pb_column][\/et_pb_row][\/et_pb_section]<\/p>","protected":false},"excerpt":{"rendered":"<p>Gold Leaf Consulting Ltd is proud to announce that we are now CPD Accredited. This milestone reinforces what our clients in the British Virgin Islands (BVI) value most: current, regulator-aligned expertise and a commitment to professional excellence in every engagement. Continuing Professional Development (CPD) is more than just a certificate; it is a &#8220;trust mark&#8221; that ensures our training and consulting services meet rigorous quality standards for relevance and delivery. For compliance practitioners, this means our sessions are officially recognized as high-value learning activities that contribute directly to your mandatory professional requirements. &nbsp;In the fast-paced BVI regulatory environment, &#8220;staying current&#8221; is a core requirement for any Compliance Officer or MLRO. Our accreditation provides several key benefits: &nbsp; Enhanced Expertise: Every consultation and training session is backed by structured, assessed learning outcomes. Up-to-Date Regulatory Knowledge: Our content is constantly updated to reflect the latest BVI Financial Services Commission (FSC) and Financial Investigation Agency (FIA) expectations. Consistent Quality: Accreditation confirms that our training meets the highest international benchmarks for professional development. Earn While You Learn: Professionals can now earn official CPD points through our specialized training programs to satisfy their annual professional body obligations. To celebrate our new status, Gold Leaf is [&hellip;]<\/p>","protected":false},"author":1,"featured_media":0,"parent":0,"menu_order":0,"comment_status":"closed","ping_status":"closed","template":"","meta":{"_et_pb_use_builder":"on","_et_pb_old_content":"","_et_gb_content_width":"","om_disable_all_campaigns":false,"footnotes":""},"class_list":["post-6728","page","type-page","status-publish","hentry"],"rttpg_featured_image_url":null,"rttpg_author":{"display_name":"aamwebdevelopment","author_link":"https:\/\/goldleafbvi.com\/es\/author\/aamwebdevelopment\/"},"rttpg_comment":0,"rttpg_category":"","rttpg_excerpt":"Gold Leaf Consulting Ltd is proud to announce that we are now CPD Accredited. This milestone reinforces what our clients in the British Virgin Islands (BVI) value most: current, regulator-aligned expertise and a commitment to professional excellence in every engagement. Continuing Professional Development (CPD) is more than just a certificate; it is a \"trust mark\"&hellip;","_links":{"self":[{"href":"https:\/\/goldleafbvi.com\/es\/wp-json\/wp\/v2\/pages\/6728","targetHints":{"allow":["GET"]}}],"collection":[{"href":"https:\/\/goldleafbvi.com\/es\/wp-json\/wp\/v2\/pages"}],"about":[{"href":"https:\/\/goldleafbvi.com\/es\/wp-json\/wp\/v2\/types\/page"}],"author":[{"embeddable":true,"href":"https:\/\/goldleafbvi.com\/es\/wp-json\/wp\/v2\/users\/1"}],"replies":[{"embeddable":true,"href":"https:\/\/goldleafbvi.com\/es\/wp-json\/wp\/v2\/comments?post=6728"}],"version-history":[{"count":6,"href":"https:\/\/goldleafbvi.com\/es\/wp-json\/wp\/v2\/pages\/6728\/revisions"}],"predecessor-version":[{"id":7993,"href":"https:\/\/goldleafbvi.com\/es\/wp-json\/wp\/v2\/pages\/6728\/revisions\/7993"}],"wp:attachment":[{"href":"https:\/\/goldleafbvi.com\/es\/wp-json\/wp\/v2\/media?parent=6728"}],"curies":[{"name":"gracias","href":"https:\/\/api.w.org\/{rel}","templated":true}]}}