{"id":6356,"date":"2024-04-24T00:58:53","date_gmt":"2024-04-24T00:58:53","guid":{"rendered":"https:\/\/goldleafbvi.com\/?page_id=6356"},"modified":"2025-02-04T15:37:03","modified_gmt":"2025-02-04T15:37:03","slug":"authorised-representative-services","status":"publish","type":"page","link":"https:\/\/goldleafbvi.com\/es\/authorised-representative-services\/","title":{"rendered":"Servicios de representantes autorizados"},"content":{"rendered":"<p>[et_pb_section fb_built=\u201d1\u2033 _builder_version=\u201d4.27.0\u2033 background_color=\u201d#000000\u2033 background_enable_image=\u201doff\u201d height_tablet=\u201d\u201d height_phone=\u201d\u201d height_last_edited=\u201don|phone\u201d max_height_tablet=\u201d\u201d max_height_phone=\u201d720px\u201d max_height_last_edited=\u201don|desktop\u201d custom_padding=\u201d||0px||false|false\u201d bottom_divider_color=\u201d#FFFFFF\u201d scroll_vertical_motion=\u201d0|60|60|100|4|0|-4\u2033 scroll_blur=\u201d0|24|82|100|10|0|0\u2033 hover_enabled=\u201d0\u2033 background_last_edited=\u201doff|desktop\u201d use_background_color_gradient_phone=\u201don\u201d background_color_gradient_direction_phone=\u201d180deg\u201d background_color_gradient_stops_phone=\u201drgba(16,126,125,0.49) 0%|#107e7d 100%\u201d background_color_gradient_overlays_image_phone=\u201don\u201d background_enable_mask_style_phone=\u201doff\u201d global_colors_info=\u201d{}\u201d sticky_enabled=\u201d0\u2033][et_pb_row _builder_version=\u201d4.22.1\u2033 _module_preset=\u201ddefault\u201d custom_margin=\u201d||||false|false\u201d custom_margin_tablet=\u201d||||false|false\u201d custom_margin_phone=\u201d||||false|false\u201d custom_margin_last_edited=\u201don|desktop\u201d global_colors_info=\u201d{}\u201d][et_pb_column type=\u201d4_4\u2033 _builder_version=\u201d4.22.1\u2033 _module_preset=\u201ddefault\u201d global_colors_info=\u201d{}\u201d][et_pb_text deshabilitado_encendido=\u201dapagado|apagado|apagado\u201d admin_label=\u201dTexto\u201d _builder_version=\u201d4.25.0\u2033 _module_preset=\u201ddefault\u201d link_text_align=\u201dcenter\u201d link_text_color=\u201d#B6903C\u201d header_font=\u201d||||||||\u201d header_text_align=\u201dcenter\u201d header_text_color=\u201d#B6903C\u201d header_font_size=\u201d70px\u201d header_letter_spacing=\u201d5px\u201d header_line_height=\u201d1.5em\u201d horizontal_offset=\u201d182px\u201d vertical_offset_tablet=\u201d\u201d vertical_offset_phone=\u201d13px\u201d vertical_offset_last_edited=\u201don|phone\u201d horizontal_offset_tablet=\u201d138px\u201d horizontal_offset_phone=\u201d0px\u201d horizontal_offset_last_edited=\u201don|desktop\u201d position_origin_a_tablet=\u201d\u201d position_origin_a_phone=\u201d\u201d position_origin_a_last_edited=\u201don|desktop\u201d position_origin_r_tablet=\u201d\u201d position_origin_r_phone=\u201d\u201d position_origin_r_last_edited=\u201den|escritorio\u201d custom_margin=\u201d||||falso|falso\u201d custom_margin_tablet=\u201d||||falso|falso\u201d custom_margin_phone=\u201d||||falso|falso\u201d custom_margin_last_edited=\u201den|tel\u00e9fono\u201d custom_padding_tablet=\u201d\u201d custom_padding_phone=\u201d||10px||falso|falso\u201d custom_padding_last_edited=\u201den|tel\u00e9fono\u201d header_font_size_tablet=\u201d40px\u201d header_font_size_phone=\u201d30px\u201d header_font_size_last_edited=\u201den|tel\u00e9fono\u201d placement_tablet=\u201dninguno\u201d placement_phone=\u201dninguno\u201d placement_last_edited=\u201den|escritorio\u201d informaci\u00f3n_global_colores=\u201d{}\u201d]<\/p>\n<h1>Servicios de representantes autorizados<\/h1>\n<p>[\/et_pb_text][\/et_pb_column][\/et_pb_row][\/et_pb_section][et_pb_section fb_built=\u201d1\u2033 module_id=\u201dttdev-home-ie-services\u201d module_class=\u201dfixedsticky fixsticky_desktop fullwidth fullwidth-serv row-reverse\u201d _builder_version=\u201d 4.22.1\u2033 background_color=\u201d#FFFFFF\u201d background_enable_image=\u201doff\u201d custom_padding=\u201d30px|0px|80px|0px|false|false\u201d global_colors_info=\u201d{}\u201d][et_pb_row _builder_version=\u201d4.22.1\u2033 _module_preset=\u201ddefault\u201d global_colors_info=\u201d{}\u201d][et_pb_column type=\u201d4_4\u2033 _builder_version=\u201d4.22.1\u2033 _module_preset=\u201ddefault\u201d global_colors_info=\u201d{}\u201d][et_pb_heading title=\u201dC\u00f3mo le ayudamos\u201d _builder_version=\u201d4.22.1\u2033 _module_preset=\u201ddefault\u201d title_level=\u201dh2\u2033 title_text_align=\u201dleft\u201d global_colors_info=\u201d{}\u201d][\/et_pb_heading][\/et_pb_column][\/et_pb_row][et_pb_row column_structure=\u201d3_4,1_4\u2033 _builder_version=\u201d4.22.1\u2033 _module_preset=\u201ddefault\u201d custom_padding=\u201d||27px|||\u201d global_colors_info=\u201d{}\u201d][et_pb_column type=\u201d3_4\u2033 _builder_version=\u201d4.22.1\u2033 _module_preset=\u201ddefault\u201d global_colors_info=\u201d{}\u201d][et_pb_text _builder_version=\u201d4.25.0\u2033 _module_preset=\u201ddefault\u201d global_colors_info=\u201d {}\u201d]<\/p>\n<p>GL Authorized Representative Services Ltd est\u00e1 autorizado por la Comisi\u00f3n de Servicios Financieros (\u201cFSC\u201d) de las Islas V\u00edrgenes Brit\u00e1nicas (\u201cBVI\u201d) para actuar como agente autorizado para entidades reguladas por BVI con licencia bajo la Ley de Negocios de Inversiones y Valores de BVI y el Servicio de Activos Virtuales. Ley de Proveedores. Como representantes autorizados, actuamos como su intermediario de confianza, facilitando la comunicaci\u00f3n con las autoridades reguladoras de BVI, en particular el FSC de BVI, y garantizando la presentaci\u00f3n oportuna de la documentaci\u00f3n requerida.<\/p>\n<p>Respaldado por la experiencia de la empresa de nuestro grupo, obtiene acceso a un equipo dedicado y comprometido a mantener el est\u00e1ndar de oro de profesionalismo e integridad. Ofrecemos orientaci\u00f3n y apoyo integrales para navegar las complejidades regulatorias en su nombre, permiti\u00e9ndole concentrarse en el crecimiento de su negocio. As\u00f3ciese con nosotros para optimizar sus operaciones y mantener una fuerte presencia en las BVI.<\/p>\n<p>[\/et_pb_text][\/et_pb_column][et_pb_column type=\u201d1_4\u2033 _builder_version=\u201d4.22.1\u2033 _module_preset=\u201ddefault\u201d global_colors_info=\u201d{}\u201d][et_pb_code _builder_version=\u201d4.25.0\u2033 _module_preset=\u201ddefault\u201d global_colors_info= &quot;{}&quot;]<svg id=\"Layer_1\" data-name=\"Layer 1\" xmlns=\"http:\/\/www.w3.org\/2000\/svg\" viewbox=\"0 0 25 25\"><title>Group People<\/title><path id=\"Group_People\" data-name=\"Group People\" d=\"M15.5,25h-6a.5.5,0,0,1-.5-.5V19H8.25L8,19V20.5a.5.5,0,0,1-.5.5h-5a.5.5,0,0,1-.5-.5V15H1.24A1.25,1.25,0,0,1,0,13.75v-3.5A4.26,4.26,0,0,1,3.19,6.13a3.5,3.5,0,1,1,4.61,0,4.22,4.22,0,0,1,1.3.58,3.5,3.5,0,0,1,6.82,0,4.2,4.2,0,0,1,1.29-.58,3.5,3.5,0,1,1,4.61,0A4.26,4.26,0,0,1,25,10.25v3.5A1.25,1.25,0,0,1,23.75,15H23v5.5a.5.5,0,0,1-.5.5h-5a.5.5,0,0,1-.5-.5V19l-.25,0H16v5.5A.5.5,0,0,1,15.5,25ZM10,24h5V18.5a.5.5,0,0,1,.5-.5h1.25a.25.25,0,0,0,.25-.25v-3.5A3.25,3.25,0,0,0,13.75,11h-2.5A3.25,3.25,0,0,0,8,14.25v3.5a.25.25,0,0,0,.25.25H9.5a.5.5,0,0,1,.5.5Zm8-4h4V14.5a.5.5,0,0,1,.5-.5h1.25a.26.26,0,0,0,.25-.25v-3.5A3.25,3.25,0,0,0,20.75,7h-2.5A3.21,3.21,0,0,0,16,7.95a3.5,3.5,0,0,1-1.17,2.18A4.26,4.26,0,0,1,18,14.25ZM3,20H7V14.25a4.26,4.26,0,0,1,3.2-4.12A3.5,3.5,0,0,1,9,8,3.21,3.21,0,0,0,6.74,7H4.24A3.25,3.25,0,0,0,1,10.25v3.5a.25.25,0,0,0,.24.25H2.5a.5.5,0,0,1,.5.5Zm9.5-10A2.5,2.5,0,1,0,10,7.5,2.5,2.5,0,0,0,12.5,10Zm7-4A2.5,2.5,0,1,0,17,3.5,2.5,2.5,0,0,0,19.5,6Zm-14,0A2.5,2.5,0,1,0,3,3.5,2.5,2.5,0,0,0,5.49,6Z\" fill=\"#b6903c\"><\/path><\/svg>[\/et_pb_code][\/et_pb_column][\/et_pb_row][\/et_pb_section][et_pb_section fb_built=\u201d1\u2033 _builder_version=\u201d4.27.0\u2033 _module_preset=\u201dpredeterminado\u201d color_de_fondo=\u201d#b6903c\u201d color_de_fondo_habilitado=\u201ddesactivado\u201d usar_gradiente_de_color_de_fondo=\u201dactivado\u201d direcci\u00f3n_de_gradiente_de_color_de_fondo=\u201d233 grados\u201d paradas_de_gradiente_de_color_de_fondo=\u201d#b6903c 0%|rgba(181,181,181,0.35) 50%|#b6903c 100%\u201d color_del_divisor_inferior=\u201d#FFFFFF\u201d direcci\u00f3n_de_animaci\u00f3n=\u201dderecha\u201d global_module=\u201d5700\u2033 pesta\u00f1as_guardadas=\u201dtodas\u2033 bloqueadas=\u201ddesactivadas\u2033 global_colors_info=\u201d{}\u201d][et_pb_row _builder_version=\u201d4.25.0\u2033 _module_preset=\u201dpredeterminado\u2033 custom_margin=\u201d-30px||||falso|falso\u2033 custom_margin_tablet=\u201d||||falso|falso\u2033 custom_margin_phone=\u201d||||falso|falso\u2033 custom_margin_last_edited=\u201den|escritorio\u2033 custom_padding=\u201d||90px||falso|falso\u2033 global_colors_info=\u201d{}\u201d][et_pb_column type=\u201d4_4\u2033 _builder_version=\u201d4.22.1\u2033 _module_preset=\u201dpredeterminado\u2033 global_colors_info=\u201d{}\u201d][et_pb_text _builder_version=\u201d4.22.1\u2033 _module_preset=\u201dpredeterminado\u201d color_texto=\u201d#B6903C\u201d tama\u00f1o_fuente_texto=\u201d18px\u201d color_texto_enlace=\u201d#8A52FC\u201d color_texto_encabezado=\u201d#B6903C\u201d tama\u00f1o_fuente_texto_encabezado=\u201d22px\u201d orientaci\u00f3n_texto=\u201dcentro\u201d margen_personalizado=\u201d||29px|||\u201d informaci\u00f3n_colores_globales=\u201d{}\u201d color_texto_enlace__hover=\u201d#FFFFFF\u201d color_texto_enlace__hover_enabled=\u201don|hover\u201d dise\u00f1o_fondo__hover=\u201doscuro\u201d dise\u00f1o_fondo__hover_enabled=\u201don|hover\u201d]<\/p>\n<h4>\u00bfListo para trabajar con nosotros?<\/h4>\n<p>[\/et_pb_text][et_pb_text _builder_version=\u201d4.22.1\u2033 _module_preset=\u201ddefault\u201d link_text_color=\u201d#B6903C\u201d header_2_font=\u201d|700|||||||\u201d header_2_text_align=\u201dcenter\u201d header_2_text_color=\u201d#B6903C\u201d header_2_font_size=\u201d40px\u201d header_2_font_size_tablet=\u201d40px\u201d header_2_font_size_phone=\u201d25px\u201d header_2_font_size_last_edited=\u201don|phone\u201d global_colors_info=\u201d{}\u201d]<\/p>\n<h2><a href=\"#\">Gold Leaf<\/a> Consultor\u00eda Limitada<\/h2>\n<p>[\/et_pb_text][\/et_pb_column][\/et_pb_row][et_pb_row _builder_version=\u201d4.22.1\u2033 _module_preset=\u201dpredeterminado\u201d custom_margin=\u201d-90px||||falso|falso\u201d custom_padding=\u201d||80px||falso|falso\u201d global_colors_info=\u201d{}\u201d][et_pb_column type=\u201d4_4\u2033 _builder_version=\u201d4.22.1\u2033 _module_preset=\u201dpredeterminado\u201d global_colors_info=\u201d{}\u201d][et_pb_text _builder_version=\u201d4.27.0\u2033 _module_preset=\u201dpredeterminado\u201d text_text_color=\u201d#000000\u2033 text_orientation=\u201dcenter\u201d global_colors_info=\u201d{}\u201d]<\/p>\n<p>Lunes a viernes: 8:30 a. m. a 5:30 p. m. | Fines de semana: cerrado<\/p>\n<p>[\/et_pb_text][et_pb_text deshabilitado_activado=\u201ddesactivado|desactivado|desactivado\u201d _builder_version=\u201d4.27.0\u2033 _module_preset=\u201dpredeterminado\u201d color_texto=\u201d#000000\u2033 color_texto_enlace=\u201d#000000\u2033 orientaci\u00f3n_texto=\u201dcentro\u201d margen_personalizado=\u201d-20px||||falso|falso\u201d informaci\u00f3n_colores_globales=\u201d{}\u201d dise\u00f1o_fondo__hover_enabled=\u201dactivado|pasa el rat\u00f3n\u201d dise\u00f1o_fondo__hover=\u201doscuro\u201d color_texto__hover_enabled=\u201dactivado|pasa el rat\u00f3n\u201d color_texto__hover=\u201d#000000\u2033 color_texto_enlace__hover_enabled=\u201dactivado|pasa el rat\u00f3n\u201d color_del_texto_del_enlace__hover=\u201d#B6903C\u201d]<\/p>\n<p><a href=\"https:\/\/maps.app.goo.gl\/1k4ZKwgoXoxQr7967\" target=\"_blank\" rel=\"noopener\" data-asw-orgfontsize=\"18\"><span data-asw-orgfontsize=\"18\">Edificio Oleander, Suite OL 6, 13a JR O&#039;Neal Drive, Port Purcell, T\u00f3rtola\u00a0<\/span><\/a><\/p>\n<p>[\/et_pb_text][et_pb_textdisable_on=\u201doff|off|off\u201d _builder_version=\u201d4.26.0\u2033 _module_preset=\u201ddefault\u201d text_text_color=\u201d#000000\u2033 link_text_color=\u201d#000000\u2033 text_orientation=\u201dcenter\u201d custom_margin=\u201d-20px||| |false|false\u201d global_colors_info=\u201d{}\u201d background_layout__hover_enabled=\u201don|hover\u201d background_layout__hover=\u201ddark\u201d text_text_color__hover_enabled=\u201don|hover\u201d text_text_color__hover=\u201d#000000\u2033 link_text_color__hover_enabled=\u201don|hover\u201d link_text_color__hover=\u201d#B69 03C\u201d]<\/p>\n<p><i class=\"fa-solid fa-phone\"><\/i> :<a href=\"tel:12844949559\">1-284-494-9559<\/a><\/p>\n<p>[\/et_pb_text][et_pb_textdisable_on=\u201doff|off|off\u201d _builder_version=\u201d4.26.0\u2033 _module_preset=\u201ddefault\u201d text_text_color=\u201d#000000\u2033 link_text_color=\u201d#000000\u2033 text_orientation=\u201dcenter\u201d custom_margin=\u201d-20px||| |false|false\u201d global_colors_info=\u201d{}\u201d background_layout__hover_enabled=\u201don|hover\u201d background_layout__hover=\u201ddark\u201d text_text_color__hover_enabled=\u201don|hover\u201d text_text_color__hover=\u201d#000000\u2033 link_text_color__hover_enabled=\u201don|hover\u201d link_text_color__hover=\u201d#B69 03C\u201d]<\/p>\n<p><i class=\"fa-solid fa-envelope\"><\/i> : <a href=\"mailto:&quot;info@goldleafbvi.com&quot;\">info@goldleafbvi.com<\/a><\/p>\n<p>[\/et_pb_text][\/et_pb_column][\/et_pb_row][et_pb_row _builder_version=\u201d4.22.1\u2033 _module_preset=\u201dpredeterminado\u201d custom_margin=\u201d-43px|auto||auto||\u201d global_colors_info=\u201d{}\u201d][et_pb_column type=\u201d4_4\u2033 _builder_version=\u201d4.22.1\u2033 _module_preset=\u201dpredeterminado\u201d global_colors_info=\u201d{}\u201d][et_pb_button button_url=\u201dhttps:\/\/goldleafbvi.com\/contact-us\/\u201d button_text=\u201dCont\u00e1ctenos\u201d button_alignment=\u201dcenter\u201d disabled_on=\u201doff|off|off\u201d _builder_version=\u201d4.27.0\u2033 _module_preset=\u201dpredeterminado\u201d custom_button=\u201don\u201d button_text_size=\u201d22px\u201d button_text_color=\u201d#000000\u2033 button_icon=\u201dA||divi||400\u2033 button_text_size_tablet=\u201d22px\u201d button_text_size_phone=\u201d22px\u201d tama\u00f1o_texto_bot\u00f3n_\u00faltima_edici\u00f3n=\u201dactivado|escritorio\u201d informaci\u00f3n_colores_globales=\u201d{}\u201d color_texto_bot\u00f3n__hover=\u201d#FFFFFF\u201d color_texto_bot\u00f3n__hover_habilitado=\u201dactivado|pasa el mouse\u201d color_fondo_bot\u00f3n__hover=\u201d#000000\u2033 color_fondo_bot\u00f3n__hover_habilitado=\u201dactivado|pasa el mouse\u201d color_fondo_habilitado_bot\u00f3n__hover=\u201dactivado\u201d][\/et_pb_bot\u00f3n][\/et_pb_columna][\/et_pb_fila][\/et_pb_secci\u00f3n]<\/p>","protected":false},"excerpt":{"rendered":"<p>Authorised Representative ServicesGL Authorised Representative Services Ltd is authorised by the British Virgin Islands (\u201cBVI\u201d) Financial Services Commission (\u201cFSC\u201d) to act as an authorised agent to BVI-regulated entities licensed under the BVI Securities and Investments Business Act and the Virtual Assets Service Providers Act. As authorised representatives, we act as your trusted intermediary, facilitating communication with BVI regulatory authorities, particularly the BVI FSC and ensuring the timely submission of required documentation. Backed by the expertise of our group company, you gain access to a dedicated team committed to upholding the gold standard of professionalism and integrity. We offer comprehensive guidance and support to navigate the regulatory complexities on your behalf, allowing you to focus on your business growth. Partner with us to streamline your operations and maintain a strong presence in the BVI.Ready to work with us?Gold Leaf Consulting LimitedMon &#8211; Fri : 8:30 am &#8211; 5:30 pm | Weekends: ClosedOleander Building, Suite OL 6, 13a J.R O\u2019Neal Drive, Port Purcell, Tortola\u00a0 :1-284-494-9559 : info@goldleafbvi.com<\/p>","protected":false},"author":1,"featured_media":0,"parent":0,"menu_order":0,"comment_status":"closed","ping_status":"closed","template":"","meta":{"_et_pb_use_builder":"on","_et_pb_old_content":"","_et_gb_content_width":"","om_disable_all_campaigns":false,"footnotes":""},"class_list":["post-6356","page","type-page","status-publish","hentry"],"rttpg_featured_image_url":null,"rttpg_author":{"display_name":"aamwebdevelopment","author_link":"https:\/\/goldleafbvi.com\/es\/author\/aamwebdevelopment\/"},"rttpg_comment":0,"rttpg_category":null,"rttpg_excerpt":"Authorised Representative ServicesGL Authorised Representative Services Ltd is authorised by the British Virgin Islands (\u201cBVI\u201d) Financial Services Commission (\u201cFSC\u201d) to act as an authorised agent to BVI-regulated entities licensed under the BVI Securities and Investments Business Act and the Virtual Assets Service Providers Act. As authorised representatives, we act as your trusted intermediary, facilitating communication&hellip;","_links":{"self":[{"href":"https:\/\/goldleafbvi.com\/es\/wp-json\/wp\/v2\/pages\/6356","targetHints":{"allow":["GET"]}}],"collection":[{"href":"https:\/\/goldleafbvi.com\/es\/wp-json\/wp\/v2\/pages"}],"about":[{"href":"https:\/\/goldleafbvi.com\/es\/wp-json\/wp\/v2\/types\/page"}],"author":[{"embeddable":true,"href":"https:\/\/goldleafbvi.com\/es\/wp-json\/wp\/v2\/users\/1"}],"replies":[{"embeddable":true,"href":"https:\/\/goldleafbvi.com\/es\/wp-json\/wp\/v2\/comments?post=6356"}],"version-history":[{"count":5,"href":"https:\/\/goldleafbvi.com\/es\/wp-json\/wp\/v2\/pages\/6356\/revisions"}],"predecessor-version":[{"id":7450,"href":"https:\/\/goldleafbvi.com\/es\/wp-json\/wp\/v2\/pages\/6356\/revisions\/7450"}],"wp:attachment":[{"href":"https:\/\/goldleafbvi.com\/es\/wp-json\/wp\/v2\/media?parent=6356"}],"curies":[{"name":"gracias","href":"https:\/\/api.w.org\/{rel}","templated":true}]}}