{"id":6161,"date":"2024-03-25T18:21:36","date_gmt":"2024-03-25T18:21:36","guid":{"rendered":"https:\/\/template9.aamwebdevelopment.com\/?page_id=6161"},"modified":"2024-06-05T16:41:31","modified_gmt":"2024-06-05T16:41:31","slug":"internal-audit","status":"publish","type":"page","link":"https:\/\/goldleafbvi.com\/es\/internal-audit\/","title":{"rendered":"Auditor\u00eda interna"},"content":{"rendered":"<p>[et_pb_section fb_built=\u201d1\u2033 _builder_version=\u201d4.22.1\u2033 background_color=\u201d#000000\u2033 background_enable_image=\u201doff\u201d height_tablet=\u201d\u201d height_phone=\u201d\u201d height_last_edited=\u201don|phone\u201d max_height_tablet=\u201d\u201d max_height_phone=\u201d\u201d max_height_last_edited=\u201d en|tel\u00e9fono\u201d custom_padding=\u201d||||false|false\u201d bottom_divider_color=\u201d#FFFFFF\u201d scroll_vertical_motion=\u201d0|60|60|100|4|0|-4\u2033 scroll_blur=\u201d0|24|82|100|10 |0|0\u2033 background_last_edited=\u201doff|desktop\u201d use_background_color_gradient_phone=\u201don\u201d background_color_gradient_direction_phone=\u201d180deg\u201d background_color_gradient_stops_phone=\u201drgba(16,126,125,0.49) 0%|#107e7d 100%\u201d background_color_gradient_overlays_ image_phone=\u201dactivado\u201d background_enable_mask_style_phone=\u201dapagado\u201d global_colors_info=\u201d{ }\u201d][et_pb_row _builder_version=\u201d4.22.1\u2033 _module_preset=\u201ddefault\u201d custom_margin=\u201d||||false|false\u201d custom_margin_tablet=\u201d||||false|false\u201d custom_margin_phone=\u201d||||false|false\u201d custom_margin_last_edited=\u201don|tablet\u201d custom_padding=\u201d||10px||false|false\u201d global_colors_info=\u201d{}\u201d][et_pb_column type=\u201d4_4\u2033 _builder_version=\u201d4.22.1\u2033 _module_preset=\u201ddefault\u201d global_colors_info=\u201d{} \u201d][et_pb_textdisable_on=\u201doff|off|off\u201d admin_label=\u201dTexto\u201d _builder_version=\u201d4.22.1\u2033 _module_preset=\u201ddefault\u201d link_text_align=\u201dcenter\u201d link_text_color=\u201d#B6903C\u201d header_font=\u201d||||||| |\u201d header_text_align=\u201dcenter\u201d header_text_color=\u201d#B6903C\u201d header_font_size=\u201d70px\u201d header_letter_spacing=\u201d5px\u201d header_line_height=\u201d1.5em\u201d horizontal_offset=\u201d182px\u201d vertical_offset_tablet=\u201d\u201d vertical_offset_phone=\u201d13px\u201d vertical_offset_last_edited=\u201don|phone\u201d horizontal_offset_tablet=\u201d 138px\u201d horizontal_offset_phone=\u201d0px\u201d horizontal_offset_last_edited=\u201den|escritorio\u201d position_origin_a_tablet=\u201d\u201d position_origin_a_phone=\u201d\u201d position_origin_a_last_edited=\u201den|escritorio\u201d position_origin_f_tablet=\u201d\u201d position_origin_f_phone=\u201d\u201d position_origin_f_last_edited=\u201den|escritorio position_ origin_r_tablet=\u201d\u201d posici\u00f3n_origin_r_phone= \u201d\u201d position_origin_r_last_edited=\u201den|escritorio\u201d custom_margin=\u201d||||false|false\u201d custom_margin_tablet=\u201d||||false|false\u201d custom_margin_phone=\u201d||||false|false\u201d custom_margin_last_edited=\u201den|tel\u00e9fono\u201d custom_padding_tablet =\u201d\u201d custom_padding_phone=\u201d||10px||false|false\u201d custom_padding_last_edited=\u201don|phone\u201d header_font_size_tablet=\u201d40px\u201d header_font_size_phone=\u201d30px\u201d header_font_size_last_edited=\u201don|phone\u201d positioning_tablet=\u201dnone\u201d positioning_phone=\u201dnone\u201d positioning_last_edited =\u201den|escritorio\u201d global_colors_info=\u201d{}\u201d]<\/p>\n<h1>Auditor\u00eda interna<\/h1>\n<p>[\/et_pb_text][\/et_pb_column][\/et_pb_row][\/et_pb_section][et_pb_section fb_built=\u201d1\u2033 module_id=\u201dttdev-home-ie-services\u201d module_class=\u201dfixedsticky fixsticky_desktop fullwidth fullwidth-serv row-reverse\u201d _builder_version=\u201d 4.22.1\u2033 background_color=\u201d#FFFFFF\u201d background_enable_image=\u201doff\u201d custom_padding=\u201d30px|0px|80px|0px|false|false\u201d global_colors_info=\u201d{}\u201d][et_pb_row _builder_version=\u201d4.22.1\u2033 _module_preset=\u201ddefault\u201d global_colors_info=\u201d{}\u201d][et_pb_column type=\u201d4_4\u2033 _builder_version=\u201d4.22.1\u2033 _module_preset=\u201ddefault\u201d global_colors_info=\u201d{}\u201d][et_pb_heading title=\u201dC\u00f3mo le ayudamos\u201d _builder_version=\u201d4.22.1\u2033 _module_preset=\u201ddefault\u201d title_level=\u201dh2\u2033 global_colors_info=\u201d{}\u201d][\/et_pb_heading][\/et_pb_column][\/et_pb_row][et_pb_row column_structure=\u201d3_4,1_4\u2033 _builder_version=\u201d4.22.1\u2033 _module_preset=\u201ddefault\u201d global_colors_info=\u201d{}\u201d][et_pb_column type=\u201d3_4\u2033 _builder_version=\u201d4.22.1\u2033 _module_preset=\u201ddefault\u201d global_colors_info=\u201d{}\u201d][et_pb_text _builder_version=\u201d4.25.0\u2033 _module_preset=\u201ddefault\u201d global_colors_info=\u201d {}\u201d]<\/p>\n<p><strong><em>\u00bfCu\u00e1l es el prop\u00f3sito de una Auditor\u00eda Interna ALD?<\/em><\/strong><\/p>\n<p>Una Auditor\u00eda Interna ALD (&quot;AIA&quot;) prueba las pol\u00edticas, procedimientos y controles ALD de una organizaci\u00f3n para evaluar su eficacia. El objetivo es identificar cualquier debilidad o brecha en el programa de cumplimiento ALD de una organizaci\u00f3n y hacer recomendaciones para mejorar. Los resultados deben plasmarse en un informe de auditor\u00eda independiente.<\/p>\n<p>&nbsp;<\/p>\n<p><strong><em>Servicios de Auditor\u00eda Interna ALD de Gold Leaf.<\/em><\/strong><\/p>\n<p>Tenemos una gran experiencia en la realizaci\u00f3n de AIA independientes en nombre de entidades.<\/p>\n<p>A trav\u00e9s de estas auditor\u00edas, hemos ayudado a los clientes a identificar infracciones regulatorias y otras deficiencias que, si no se identifican y eval\u00faan, podr\u00edan haber dado lugar a que el licenciatario enfrente sanciones financieras graves y otras sanciones, incluidas medidas de cumplimiento y da\u00f1os a la reputaci\u00f3n.<\/p>\n<p>\u00a1Tambi\u00e9n dise\u00f1amos soluciones de remediaci\u00f3n!<\/p>\n<p>&nbsp;<\/p>\n<p><strong style=\"font-size: 18px;\"><em>\u00bfPor qu\u00e9 elegir Gold Leaf como su socio de auditor\u00eda interna?<\/em><\/strong><\/p>\n<p>He aqu\u00ed por qu\u00e9 nuestros clientes conf\u00edan en nosotros para guiarlos en la direcci\u00f3n correcta<\/p>\n<p>1. La experiencia importa: Nuestro equipo est\u00e1 compuesto por expertos de primer nivel en la industria legal y de cumplimiento de las Islas V\u00edrgenes Brit\u00e1nicas. Con amplia experiencia en auditor\u00edas de estilo regulatorio, aportamos conocimientos y habilidades incomparables.<\/p>\n<p>2. Soluciones personalizadas: no creemos en enfoques \u00fanicos para todos. Nuestros servicios est\u00e1n personalizados para satisfacer sus necesidades \u00fanicas, garantizando que cada aspecto de su programa de cumplimiento ALD sea s\u00f3lido y efectivo.<\/p>\n<p>3. Tranquilidad: al asociarse con nosotros, puede estar tranquilo sabiendo que sus asuntos de cumplimiento est\u00e1n en manos competentes. Realizamos pruebas exhaustivas de archivos de muestra para garantizar que nada se escape.<\/p>\n<p>[\/et_pb_text][\/et_pb_column][et_pb_column type=\u201d1_4\u2033 _builder_version=\u201d4.22.1\u2033 _module_preset=\u201ddefault\u201d global_colors_info=\u201d{}\u201d][et_pb_code _builder_version=\u201d4.25.1\u2033 _module_preset=\u201ddefault\u201d text_orientation= \u201dright\u201d width_tablet=\u201d\u201d width_phone=\u201d\u201d width_last_edited=\u201don|phone\u201d max_width_tablet=\u201d\u201d max_width_phone=\u201d\u201d max_width_last_edited=\u201don|phone\u201d hover_enabled=\u201d0\u2033 text_orientation_tablet=\u201dcenter\u201d text_orientation_phone=\u201dright\u201d text_orientation_last_edited= \u201den|tel\u00e9fono\u201d global_colors_info=\u201d{}\u201d sticky_enabled=\u201d0\u2033]<svg xmlns=\"http:\/\/www.w3.org\/2000\/svg\" xml:space=\"preserve\" width=\"256px\" height=\"256px\" version=\"1.1\" style=\"shape-rendering:geometricPrecision; text-rendering:geometricPrecision; image-rendering:optimizeQuality; fill-rule:evenodd; clip-rule:evenodd\" viewbox=\"0 0 512 512\" xmlns:xlink=\"http:\/\/www.w3.org\/1999\/xlink\"><!-- [et_pb_line_break_holder] --> <defs><!-- [et_pb_line_break_holder] -->  <\/p>\n<style type=\"text\/css\"><!-- [et_pb_line_break_holder] -->   <!-- [et_pb_line_break_holder] -->    .fil0 {fill:#b6903c}<!-- [et_pb_line_break_holder] -->   <!-- [et_pb_line_break_holder] -->  <\/style>\n<p><!-- [et_pb_line_break_holder] --> <\/defs><!-- [et_pb_line_break_holder] --> <g id=\"Layer_x0020_1\"><!-- [et_pb_line_break_holder] -->  <metadata id=\"CorelCorpID_0Corel-Layer\"><\/metadata><!-- [et_pb_line_break_holder] -->  <g id=\"_520793024\"><!-- [et_pb_line_break_holder] -->   <g><!-- [et_pb_line_break_holder] -->    <g><!-- [et_pb_line_break_holder] -->     <g><!-- [et_pb_line_break_holder] -->      <path class=\"fil0\" d=\"M176 201c-41,0 -75,-33 -75,-74 0,-41 34,-74 75,-74 42,0 75,33 75,74 0,41 -33,74 -75,74zm0 -134c-34,0 -62,27 -62,60 0,33 28,61 62,61 34,0 62,-28 62,-61 0,-33 -28,-60 -62,-60z\"><\/path><!-- [et_pb_line_break_holder] -->     <\/g><!-- [et_pb_line_break_holder] -->     <g><!-- [et_pb_line_break_holder] -->      <path class=\"fil0\" d=\"M176 164c-12,0 -22,-10 -22,-22 0,-4 3,-7 7,-7 3,0 7,3 7,7 0,5 3,9 8,9 5,0 9,-4 9,-9 0,-5 -2,-6 -10,-8 -8,-2 -21,-5 -21,-22 0,-12 10,-22 22,-22 12,0 22,10 22,22 0,4 -3,7 -7,7 -3,0 -6,-3 -6,-7 0,-5 -4,-8 -9,-8 -5,0 -8,3 -8,8 0,6 1,7 10,8 7,2 20,5 20,22 0,12 -10,22 -22,22z\"><\/path><!-- [et_pb_line_break_holder] -->     <\/g><!-- [et_pb_line_break_holder] -->     <g><!-- [et_pb_line_break_holder] -->      <path class=\"fil0\" d=\"M176 104c-4,0 -7,-3 -7,-7l0 -12c0,-4 3,-7 7,-7 4,0 7,3 7,7l0 12c0,4 -3,7 -7,7z\"><\/path><!-- [et_pb_line_break_holder] -->     <\/g><!-- [et_pb_line_break_holder] -->     <g><!-- [et_pb_line_break_holder] -->      <path class=\"fil0\" d=\"M176 176c-4,0 -7,-3 -7,-7l0 -12c0,-3 3,-6 7,-6 4,0 7,3 7,6l0 12c0,4 -3,7 -7,7z\"><\/path><!-- [et_pb_line_break_holder] -->     <\/g><!-- [et_pb_line_break_holder] -->     <g><!-- [et_pb_line_break_holder] -->      <path class=\"fil0\" d=\"M239 252l-175 0c-3,0 -7,-4 -7,-7 0,-4 4,-7 7,-7l175 0c4,0 7,3 7,7 0,3 -3,7 -7,7z\"><\/path><!-- [et_pb_line_break_holder] -->     <\/g><!-- [et_pb_line_break_holder] -->     <g><!-- [et_pb_line_break_holder] -->      <path class=\"fil0\" d=\"M218 302l-154 0c-3,0 -7,-3 -7,-7 0,-4 4,-7 7,-7l154 0c4,0 7,3 7,7 0,4 -3,7 -7,7z\"><\/path><!-- [et_pb_line_break_holder] -->     <\/g><!-- [et_pb_line_break_holder] -->     <g><!-- [et_pb_line_break_holder] -->      <path class=\"fil0\" d=\"M226 352l-162 0c-3,0 -7,-3 -7,-7 0,-3 4,-7 7,-7l162 0c3,0 6,4 6,7 0,4 -3,7 -6,7z\"><\/path><!-- [et_pb_line_break_holder] -->     <\/g><!-- [et_pb_line_break_holder] -->     <g><!-- [et_pb_line_break_holder] -->      <path class=\"fil0\" d=\"M274 402l-98 0c-4,0 -7,-3 -7,-6 0,-4 3,-7 7,-7l98 0c4,0 7,3 7,7 0,3 -3,6 -7,6z\"><\/path><!-- [et_pb_line_break_holder] -->     <\/g><!-- [et_pb_line_break_holder] -->     <g><!-- [et_pb_line_break_holder] -->      <path class=\"fil0\" d=\"M309 446l-265 0c-24,0 -44,-20 -44,-44l0 -349c0,-24 20,-44 44,-44l265 0c24,0 43,20 43,44l0 160c0,2 -1,4 -3,5 -1,1 -4,2 -6,1 -9,-3 -18,-4 -28,-4 -24,0 -47,9 -64,27 -36,35 -36,93 0,129 17,17 40,26 64,26 10,0 19,-1 28,-4 2,-1 5,0 6,1 2,1 3,3 3,6l0 3c0,24 -19,43 -43,43zm-265 -423c-17,0 -30,14 -30,30l0 349c0,17 13,31 30,31l265 -1c14,0 26,-10 29,-23 -7,1 -15,2 -23,2 -28,0 -54,-11 -74,-31 -41,-41 -41,-107 0,-148 20,-20 46,-31 74,-31 8,0 16,1 24,3l0 -151c0,-17 -14,-30 -30,-30l-265 0z\"><\/path><!-- [et_pb_line_break_holder] -->     <\/g><!-- [et_pb_line_break_holder] -->    <\/g><!-- [et_pb_line_break_holder] -->    <g><!-- [et_pb_line_break_holder] -->     <path class=\"fil0\" d=\"M315 411c-28,0 -54,-11 -74,-31 -20,-20 -30,-46 -30,-74 0,-28 10,-54 30,-74 20,-20 46,-31 74,-31 28,0 55,11 75,31 19,20 30,46 30,74 0,28 -11,54 -30,74 -20,20 -47,31 -75,31zm0 -196c-24,0 -47,9 -64,27 -17,17 -27,40 -27,64 0,24 10,47 27,65 17,17 40,26 64,26 25,0 48,-9 65,-26 17,-18 27,-41 27,-65 0,-24 -10,-47 -27,-64 -17,-18 -40,-27 -65,-27z\"><\/path><!-- [et_pb_line_break_holder] -->    <\/g><!-- [et_pb_line_break_holder] -->    <g><!-- [et_pb_line_break_holder] -->     <path class=\"fil0\" d=\"M425 422c-2,0 -4,0 -5,-2l-40 -40c-3,-2 -3,-7 0,-9 3,-3 7,-3 10,0l40 40c2,2 2,7 0,9 -2,2 -3,2 -5,2z\"><\/path><!-- [et_pb_line_break_holder] -->    <\/g><!-- [et_pb_line_break_holder] -->    <g><!-- [et_pb_line_break_holder] -->     <path class=\"fil0\" d=\"M485 503c-7,0 -14,-3 -19,-8l-46 -46c-10,-10 -10,-27 0,-38 5,-5 12,-8 20,-8 7,0 14,3 19,8l45 45c5,6 8,12 8,20 0,7 -3,14 -8,19 -5,5 -12,8 -19,8zm-45 -86c-4,0 -7,1 -10,4 -5,5 -5,13 0,19l45 45c5,5 14,5 19,0 3,-2 4,-6 4,-9 0,-4 -1,-7 -4,-10l-45 -45c-2,-3 -6,-4 -9,-4z\"><\/path><!-- [et_pb_line_break_holder] -->    <\/g><!-- [et_pb_line_break_holder] -->    <g><!-- [et_pb_line_break_holder] -->     <path class=\"fil0\" d=\"M302 340c-2,0 -4,-1 -5,-2l-26 -26c-3,-3 -3,-7 0,-10 3,-2 7,-2 10,0l21 21 48 -48c3,-3 7,-3 10,0 3,2 3,7 0,9l-54 54c-1,1 -3,2 -4,2z\"><\/path><!-- [et_pb_line_break_holder] -->    <\/g><!-- [et_pb_line_break_holder] -->    <g><!-- [et_pb_line_break_holder] -->     <path class=\"fil0\" d=\"M315 387c-21,0 -42,-8 -57,-23 -32,-32 -32,-84 0,-115 15,-16 36,-24 57,-24 22,0 43,8 58,24 15,15 24,35 24,57 0,22 -9,42 -24,58 -15,15 -36,23 -58,23zm0 -149c-18,0 -35,8 -47,20 -27,27 -27,70 0,96 12,13 29,20 47,20 19,0 35,-7 48,-20 13,-13 20,-30 20,-48 0,-18 -7,-35 -20,-48 -13,-12 -29,-20 -48,-20z\"><\/path><!-- [et_pb_line_break_holder] -->    <\/g><!-- [et_pb_line_break_holder] -->   <\/g><!-- [et_pb_line_break_holder] -->  <\/g><!-- [et_pb_line_break_holder] --> <\/g><!-- [et_pb_line_break_holder] --><\/svg>[\/et_pb_code][\/et_pb_column][\/et_pb_row][\/et_pb_section][et_pb_section fb_built=\u201d1\u2033 _builder_version=\u201d4.22.1\u2033 _module_preset=\u201ddefault\u201d background_color=\u201d#b6903c\u201d background_enable_color=\u201doff\u201d use_background_color_gradient=\u201don\u201d background_color_gradient_direction=\u201d233deg\u201d background_color_gradient_stops=\u201d#b6903c 0%|rgba(181,181,181,0.35) 50%|#b6903c 100%\u201d bottom_divider_color=\u201d#FFFFFF\u201d Animation_direction=\u201dright\u201d 5700\u2033 save_tabs=\u201dtodos\u201d bloqueados=\u201dapagado\u201d global_colors_info=\u201d {}\u201d][et_pb_row _builder_version=\u201d4.25.0\u2033 _module_preset=\u201ddefault\u201d custom_margin=\u201d-30px||||false|false\u201d custom_margin_tablet=\u201d||||false|false\u201d custom_margin_phone=\u201d||||false |false\u201d custom_margin_last_edited=\u201den|escritorio\u201d custom_padding=\u201d||90px||false|false\u201d global_colors_info=\u201d{}\u201d][et_pb_column type=\u201d4_4\u2033 _builder_version=\u201d4.22.1\u2033 _module_preset=\u201ddefault\u201d global_colors_info= \u201d{}\u201d][et_pb_text _builder_version=\u201d4.22.1\u2033 _module_preset=\u201ddefault\u201d text_text_color=\u201d#B6903C\u201d text_font_size=\u201d18px\u201d link_text_color=\u201d#8A52FC\u201d header_4_text_color=\u201d#B6903C\u201d header_4_font_size=\u201d22px\u201d centro\u201d margen_personalizado =\u201d||29px|||\u201d global_colors_info=\u201d{}\u201d text_text_color__hover=\u201d#FFFFFF\u201d text_text_color__hover_enabled=\u201don|hover\u201d background_layout__hover=\u201ddark\u201d background_layout__hover_enabled=\u201don|hover\u201d]<\/p>\n<h4>\u00bfListo para trabajar con nosotros?<\/h4>\n<p>[\/et_pb_text][et_pb_text _builder_version=\u201d4.22.1\u2033 _module_preset=\u201ddefault\u201d link_text_color=\u201d#B6903C\u201d header_2_font=\u201d|700|||||||\u201d header_2_text_align=\u201dcenter\u201d header_2_text_color=\u201d#B6903C\u201d header_2_font_size=\u201d40px\u201d header_2_font_size_tablet=\u201d40px\u201d header_2_font_size_phone=\u201d25px\u201d header_2_font_size_last_edited=\u201don|phone\u201d global_colors_info=\u201d{}\u201d]<\/p>\n<h2><a href=\"#\">Gold Leaf<\/a> Consultor\u00eda Limitada<\/h2>\n<p>[\/et_pb_text][\/et_pb_column][\/et_pb_row][et_pb_row _builder_version=\u201d4.22.1\u2033 _module_preset=\u201ddefault\u201d custom_margin=\u201d-90px||||false|false\u201d custom_padding=\u201d||80px||false|false \u201d global_colors_info=\u201d{}\u201d][et_pb_column type=\u201d4_4\u2033 _builder_version=\u201d4.22.1\u2033 _module_preset=\u201ddefault\u201d global_colors_info=\u201d{}\u201d][et_pb_text _builder_version=\u201d4.25.0\u2033 _module_preset=\u201ddefault\u201d text_text_color= \u201d#000000\u2033 text_orientation=\u201dcentro\u201d global_colors_info=\u201d{}\u201d]<\/p>\n<p>Lun \u2013 Vie: 9:00 am \u2013 5:00 pm | Fines de semana: cerrado<\/p>\n<p>[\/et_pb_text][et_pb_textdisable_on=\u201doff|off|off\u201d _builder_version=\u201d4.25.0\u2033 _module_preset=\u201ddefault\u201d text_text_color=\u201d#000000\u2033 link_text_color=\u201d#000000\u2033 text_orientation=\u201dcenter\u201d custom_margin=\u201d-20px||| |false|false\u201d global_colors_info=\u201d{}\u201d background_layout__hover_enabled=\u201don|hover\u201d background_layout__hover=\u201ddark\u201d text_text_color__hover_enabled=\u201don|hover\u201d text_text_color__hover=\u201d#000000\u2033 link_text_color__hover_enabled=\u201don|hover\u201d link_text_color__hover=\u201d#B69 03C\u201d]<\/p>\n<p><a href=\"https:\/\/maps.app.goo.gl\/EBr5CUWZii3E4oxC6\" target=\"_blank\" rel=\"noopener\"><span>Unidades 6 y 7 Road Reef Plaza Prospect Reef\u00a0<\/span><\/a><\/p>\n<p>[\/et_pb_text][et_pb_textdisable_on=\u201doff|off|off\u201d _builder_version=\u201d4.25.0\u2033 _module_preset=\u201ddefault\u201d text_text_color=\u201d#000000\u2033 link_text_color=\u201d#000000\u2033 text_orientation=\u201dcenter\u201d custom_margin=\u201d-20px||| |false|false\u201d global_colors_info=\u201d{}\u201d background_layout__hover_enabled=\u201don|hover\u201d background_layout__hover=\u201ddark\u201d text_text_color__hover_enabled=\u201don|hover\u201d text_text_color__hover=\u201d#000000\u2033 link_text_color__hover_enabled=\u201don|hover\u201d link_text_color__hover=\u201d#B69 03C\u201d]<\/p>\n<p><i class=\"fa-solid fa-phone\"><\/i> : <a href=\"tel:12844949559\">1-284-494-9559<\/a><\/p>\n<p>[\/et_pb_text][et_pb_textdisable_on=\u201doff|off|off\u201d _builder_version=\u201d4.25.0\u2033 _module_preset=\u201ddefault\u201d text_text_color=\u201d#000000\u2033 link_text_color=\u201d#000000\u2033 text_orientation=\u201dcenter\u201d custom_margin=\u201d-20px||| |false|false\u201d global_colors_info=\u201d{}\u201d background_layout__hover_enabled=\u201don|hover\u201d background_layout__hover=\u201ddark\u201d text_text_color__hover_enabled=\u201don|hover\u201d text_text_color__hover=\u201d#000000\u2033 link_text_color__hover_enabled=\u201don|hover\u201d link_text_color__hover=\u201d#B69 03C\u201d]<\/p>\n<p><i class=\"fa-solid fa-envelope\"><\/i> : <a href=\"mailto:&quot;info@goldleafbvi.com&quot;\">info@goldleafbvi.com<\/a><\/p>\n<p>[\/et_pb_text][\/et_pb_column][\/et_pb_row][et_pb_row _builder_version=\u201d4.22.1\u2033 _module_preset=\u201ddefault\u201d custom_margin=\u201d-43px|auto||auto||\u201d global_colors_info=\u201d{}\u201d][et_pb_column type=\u201d4_4\u2033 _builder_version=\u201d4.22.1\u2033 _module_preset=\u201ddefault\u201d global_colors_info=\u201d{}\u201d][et_pb_button button_url=\u201dhttps:\/\/goldleafbvi.com\/contact-us\/ \u201d button_text=\u201dCont\u00e1ctenos\u201d button_alignment=\u201dcenter\u201d deshabilitado_on=\u201don|off|off\u201d _builder_version=\u201d4.25.0\u2033 _module_preset=\u201ddefault\u201d custom_button=\u201don\u201d button_text_size=\u201d22px\u201d button_text_color=\u201d#000000\u2033 button_icon= \u201dA||divi||400\u2033 button_text_size_tablet=\u201d22px\u201d button_text_size_phone=\u201d22px\u201d button_text_size_last_edited=\u201don|desktop\u201d global_colors_info=\u201d{}\u201d button_text_color__hover=\u201d#FFFFFF\u201d button_text_color__hover_enabled=\u201don|hover\u201d 0000\u2033 bot\u00f3n_bg_color__hover_enabled =\u201don|hover\u201d button_bg_enable_color__hover=\u201don\u201d][\/et_pb_button][\/et_pb_column][\/et_pb_row][\/et_pb_section]<\/p>","protected":false},"excerpt":{"rendered":"<p>Internal AuditWhat is the purpose of an AML Internal Audit? An AML Internal Audit (\u201cAIA\u201d) tests an organisation&#8217;s AML policies, procedures, and controls to assess their effectiveness. The goal is to identify any weaknesses or gaps in an organization\u2019s AML compliance program and to make recommendations for improvement. The results must be produced in an independent audit report. &nbsp; Gold Leaf\u2019s AML Internal Audit services. We have a wealth of experience conducting independent AIAs on behalf of entities. Through these audits, we have helped clients identify regulatory breaches and other deficiencies that, if not identified and evaluated, could have resulted in the licensee facing serious financial penalties and other sanctions, including enforcement action and reputational damage. We also design remediation solutions! &nbsp; Why choose Gold Leaf as your internal audit partner? Here&#8217;s why our clients trust us to steer them in the right direction 1. Expertise Matters: Our team comprises top-notch British Virgin Islands legal and compliance industry experts. With extensive experience in regulatory-style audits, we bring unparalleled knowledge and skill to the table. 2. Tailored Solutions: We don&#8217;t believe in one-size-fits-all approaches. Our services are customised to fit your unique needs, ensuring that every aspect of your AML compliance [&hellip;]<\/p>","protected":false},"author":1,"featured_media":0,"parent":0,"menu_order":0,"comment_status":"closed","ping_status":"closed","template":"","meta":{"_et_pb_use_builder":"on","_et_pb_old_content":"","_et_gb_content_width":"","om_disable_all_campaigns":false,"footnotes":""},"class_list":["post-6161","page","type-page","status-publish","hentry"],"rttpg_featured_image_url":null,"rttpg_author":{"display_name":"aamwebdevelopment","author_link":"https:\/\/goldleafbvi.com\/es\/author\/aamwebdevelopment\/"},"rttpg_comment":0,"rttpg_category":null,"rttpg_excerpt":"Internal AuditWhat is the purpose of an AML Internal Audit? An AML Internal Audit (\u201cAIA\u201d) tests an organisation's AML policies, procedures, and controls to assess their effectiveness. The goal is to identify any weaknesses or gaps in an organization\u2019s AML compliance program and to make recommendations for improvement. The results must be produced in an&hellip;","_links":{"self":[{"href":"https:\/\/goldleafbvi.com\/es\/wp-json\/wp\/v2\/pages\/6161","targetHints":{"allow":["GET"]}}],"collection":[{"href":"https:\/\/goldleafbvi.com\/es\/wp-json\/wp\/v2\/pages"}],"about":[{"href":"https:\/\/goldleafbvi.com\/es\/wp-json\/wp\/v2\/types\/page"}],"author":[{"embeddable":true,"href":"https:\/\/goldleafbvi.com\/es\/wp-json\/wp\/v2\/users\/1"}],"replies":[{"embeddable":true,"href":"https:\/\/goldleafbvi.com\/es\/wp-json\/wp\/v2\/comments?post=6161"}],"version-history":[{"count":5,"href":"https:\/\/goldleafbvi.com\/es\/wp-json\/wp\/v2\/pages\/6161\/revisions"}],"predecessor-version":[{"id":6664,"href":"https:\/\/goldleafbvi.com\/es\/wp-json\/wp\/v2\/pages\/6161\/revisions\/6664"}],"wp:attachment":[{"href":"https:\/\/goldleafbvi.com\/es\/wp-json\/wp\/v2\/media?parent=6161"}],"curies":[{"name":"gracias","href":"https:\/\/api.w.org\/{rel}","templated":true}]}}