{"id":6088,"date":"2024-03-23T01:24:46","date_gmt":"2024-03-23T01:24:46","guid":{"rendered":"https:\/\/template9.aamwebdevelopment.com\/?page_id=6088"},"modified":"2024-04-30T01:23:25","modified_gmt":"2024-04-30T01:23:25","slug":"licensing-applications","status":"publish","type":"page","link":"https:\/\/goldleafbvi.com\/es\/licensing-applications\/","title":{"rendered":"Solicitudes de licencia"},"content":{"rendered":"<p>[et_pb_section fb_built=\u201d1\u2033 _builder_version=\u201d4.25.0\u2033 background_color=\u201d#000000\u2033 background_enable_image=\u201doff\u201d height_tablet=\u201d\u201d height_phone=\u201d\u201d height_last_edited=\u201don|phone\u201d max_height_tablet=\u201d\u201d max_height_phone=\u201d\u201d max_height_last_edited=\u201d en|escritorio\u201d custom_padding=\u201d||||false|false\u201d bottom_divider_color=\u201d#FFFFFF\u201d scroll_vertical_motion=\u201d0|60|60|100|4|0|-4\u2033 scroll_blur=\u201d0|24|82|100|10 |0|0\u2033 hover_enabled=\u201d0\u2033 background_last_edited=\u201doff|desktop\u201d use_background_color_gradient_phone=\u201don\u201d background_color_gradient_direction_phone=\u201d180deg\u201d background_color_gradient_stops_phone=\u201drgba(16,126,125,0.49) 0%|#107e7d 100% background_ color_gradient_overlays_image_phone=\u201dactivado\u201d background_enable_mask_style_phone=\u201ddesactivado \u201d global_colors_info=\u201d{}\u201d sticky_enabled=\u201d0\u2033][et_pb_row _builder_version=\u201d4.22.1\u2033 _module_preset=\u201ddefault\u201d custom_margin=\u201d||||false|false\u201d custom_margin_tablet=\u201d||||false|false\u201d custom_margin_phone =\u201d||||false|false\u201d custom_margin_last_edited=\u201den|escritorio\u201d global_colors_info=\u201d{}\u201d][et_pb_column type=\u201d4_4\u2033 _builder_version=\u201d4.22.1\u2033 _module_preset=\u201ddefault\u201d global_colors_info=\u201d{}\u201d] [et_pb_heading title=\u201dServicios legales regulatorios\u201d _builder_version=\u201d4.22.1\u2033 _module_preset=\u201ddefault\u201d title_text_align=\u201dcenter\u201d title_text_color=\u201d#B6903C\u201d title_font_size=\u201d70px\u201d global_colors_info=\u201d{}\u201d][\/et_pb_heading][\/et_pb_column ][\/et_pb_row][\/et_pb_section][et_pb_section fb_built=\u201d1\u2033 module_id=\u201dttdev-home-ie-services\u201d module_class=\u201dfixedsticky fixedsticky_desktop fullwidth fullwidth-serv row-reverse\u201d _builder_version=\u201d4.22.1\u2033 background_color=\u201d #FFFFFF\u201d background_enable_image=\u201doff\u201d custom_padding=\u201d30px|0px|80px|0px|false|false\u201d global_colors_info=\u201d{}\u201d][et_pb_row _builder_version=\u201d4.22.1\u2033 _module_preset=\u201ddefault\u201d global_colors_info=\u201d{}\u201d] [et_pb_column type=\u201d4_4\u2033 _builder_version=\u201d4.22.1\u2033 _module_preset=\u201ddefault\u201d global_colors_info=\u201d{}\u201d][et_pb_heading title=\u201dAplicaciones de licencia\u201d _builder_version=\u201d4.22.1\u2033 _module_preset=\u201ddefault\u201d title_level=\u201dh2 \u2033 global_colors_info=\u201d{}\u201d][\/et_pb_heading][\/et_pb_column][\/et_pb_row][et_pb_row column_structure=\u201d3_4,1_4\u2033 _builder_version=\u201d4.22.1\u2033 _module_preset=\u201ddefault\u201d global_colors_info=\u201d{}\u201d][et_pb_column type=\u201d3_4\u2033 _builder_version=\u201d4.22.1\u2033 _module_preset=\u201ddefault\u201d global_colors_info=\u201d{}\u201d][et_pb_text _builder_version=\u201d4.22.1\u2033 _module_preset=\u201ddefault\u201d global_colors_info=\u201d{}\u201d]<\/p>\n<p>En Gold Leaf Consulting, ofrecemos asesoramiento legal especializado para realizar actividades comerciales autorizadas dentro de las Islas V\u00edrgenes Brit\u00e1nicas (\u201cBVI\u201d) o a trav\u00e9s de una entidad o acuerdo legal incorporado en las BVI. Bajo nuestra l\u00ednea de servicios de Solicitudes de Licencias Regulatorias, brindamos soporte integral en la preparaci\u00f3n, presentaci\u00f3n y supervisi\u00f3n de solicitudes de licencia ante la Comisi\u00f3n de Servicios Financieros de BVI (\u201cBVI FSC\u201d).<\/p>\n<p>Con nuestra amplia experiencia y conocimientos, particularmente en la Esfera de Proveedores de Servicios de Activos Virtuales de BVI, nos hemos establecido como l\u00edderes en este campo. Estamos orgullosos de nuestro historial de logros, incluida la gesti\u00f3n de la primera aprobaci\u00f3n de un participante de BVI Sandbox y la obtenci\u00f3n de la primera aprobaci\u00f3n de una licencia de intercambio de criptomonedas de BVI.<\/p>\n<p>Nuestras solicitudes bien recibidas nos han ganado la reputaci\u00f3n de ofrecer respuestas r\u00e1pidas por parte de los reguladores, lo que a menudo conduce a procesos de aprobaci\u00f3n de solicitudes m\u00e1s fluidos. Entendemos la importancia de un proceso de concesi\u00f3n de licencias fluido para nuestros clientes y estamos dedicados a brindar soluciones personalizadas que satisfagan sus necesidades y objetivos espec\u00edficos.<\/p>\n<p>Ya sea que est\u00e9 buscando establecer una actividad comercial con licencia en las BVI o buscar asesoramiento legal sobre el cumplimiento normativo, nuestro servicio de Solicitudes de licencias regulatorias est\u00e1 dise\u00f1ado para agilizar el proceso y garantizar su \u00e9xito. Cont\u00e1ctenos hoy para obtener m\u00e1s informaci\u00f3n sobre c\u00f3mo podemos ayudarlo a navegar el panorama regulatorio de las BVI con confianza y eficiencia.<\/p>\n<p>[\/et_pb_text][\/et_pb_column][et_pb_column type=\u201d1_4\u2033 _builder_version=\u201d4.22.1\u2033 _module_preset=\u201ddefault\u201d global_colors_info=\u201d{}\u201d][et_pb_code _builder_version=\u201d4.25.0\u2033 _module_preset=\u201ddefault\u201d hover_enabled= \u201d0\u2033 global_colors_info=\u201d{}\u201d text_orientation_last_edited=\u201don|phone\u201d text_orientation_tablet=\u201dcenter\u201d sticky_enabled=\u201d0\u2033 text_orientation_phone=\u201dcenter\u201d]<svg id=\"Layer_1\" data-name=\"Layer 1\" xmlns=\"http:\/\/www.w3.org\/2000\/svg\" viewbox=\"0 0 128 128\"><defs><\/p>\n<style>.cls-1{fill:#b6903c;}.cls-2{fill:#b6903c;}<\/style>\n<p><\/defs><title>n<\/title><path class=\"cls-1\" d=\"M68.82885,44.85358a3.17425,3.17425,0,0,0-1.71062-2.3037c-2.97446-1.48321-9.50159-3.67378-9.50159-3.67378V36.72095l.1817-.1371A6.23589,6.23589,0,0,0,60.166,32.621l.03657-.22971h.1771A2.40885,2.40885,0,0,0,62.60912,30.892a2.62325,2.62325,0,0,0,.32795-1.27069,2.41341,2.41341,0,0,0-.17141-.8936,1.24629,1.24629,0,0,0-.48335-.777L61.6801,27.585l.14969-.65362c1.08785-4.74222-2.58594-9.01366-7.519-9.13137-.12-.00228-.23883-.00342-.35654-.00114-.1177-.00228-.23653-.00114-.35652.00114-4.93305.11772-8.60683,4.38915-7.519,9.13137l.14968.65362-.6022.36567a1.24637,1.24637,0,0,0-.48336.777,2.41341,2.41341,0,0,0-.17141.8936,2.62326,2.62326,0,0,0,.328,1.27069,2.40883,2.40883,0,0,0,2.22943,1.49921h.1771l.03657.22971a6.23589,6.23589,0,0,0,2.36768,3.96289l.1817.1371v2.15516s-6.52712,2.19056-9.50159,3.67378a3.17424,3.17424,0,0,0-1.71063,2.3037,69.11442,69.11442,0,0,0-.59992,7.99206h30.949A69.111,69.111,0,0,0,68.82885,44.85358Z\"><\/path><path class=\"cls-2\" d=\"M96.85481,93.99553v22.69778a.46768.46768,0,0,1-.46631.46631H11.51963a.46769.46769,0,0,1-.46631-.46631V11.30669a.46767.46767,0,0,1,.46631-.46631H96.3885a.46766.46766,0,0,1,.46631.46631V43.98585l7.83871-10.63422c.1772-.24016.36139-.47565.55491-.70414V11.30669A8.871,8.871,0,0,0,96.3885,2.44675H11.51963a8.871,8.871,0,0,0-8.85994,8.85994V116.69331a8.871,8.871,0,0,0,8.85994,8.85994H96.3885a8.871,8.871,0,0,0,8.85994-8.85994V82.916l-7.21852,9.79256A8.5801,8.5801,0,0,1,96.85481,93.99553Z\"><\/path><path class=\"cls-1\" d=\"M66.54466,93.844H44.39482a1.86525,1.86525,0,0,0,0,3.7305H66.54466a1.86525,1.86525,0,0,0,0-3.7305Z\"><\/path><path class=\"cls-1\" d=\"M66.54466,80.78725H23.41075a1.86525,1.86525,0,1,0,0,3.7305h43.1339a1.86525,1.86525,0,0,0,0-3.7305Z\"><\/path><path class=\"cls-1\" d=\"M66.54466,67.7305H23.41075a1.86525,1.86525,0,1,0,0,3.7305h43.1339a1.86525,1.86525,0,0,0,0-3.7305Z\"><\/path><path class=\"cls-1\" d=\"M121.83419,35.26255a8.63216,8.63216,0,0,0-12.07261,1.825l-30.69764,41.64a2.07513,2.07513,0,0,0-.35057.7653L75.086,95.4959a2.05533,2.05533,0,0,0,3.03179,2.23462l14.21645-8.197a2.07258,2.07258,0,0,0,.6275-.56046l30.69764-41.64A8.6429,8.6429,0,0,0,121.83419,35.26255ZM81.37346,91.10891l-.87684-.8864L82.028,83.46544l5.52851,4.07616Z\"><\/path><\/svg>[\/et_pb_code][\/et_pb_column][\/et_pb_row][\/et_pb_section][et_pb_section fb_built=\u201d1\u2033 _builder_version=\u201d4.22.1\u2033 _module_preset=\u201ddefault\u201d background_color=\u201d#b6903c\u201d background_enable_color=\u201doff\u201d use_background_color_gradient=\u201don\u201d background_color_gradient_direction=\u201d233deg\u201d background_color_gradient_stops=\u201d#b6903c 0%|rgba(181,181,181,0.35) 50%|#b6903c 100%\u201d bottom_divider_color=\u201d#FFFFFF\u201d Animation_direction=\u201dright\u201d 5700\u2033 save_tabs=\u201dtodos\u201d bloqueados=\u201dapagado\u201d global_colors_info=\u201d {}\u201d][et_pb_row _builder_version=\u201d4.25.0\u2033 _module_preset=\u201ddefault\u201d custom_margin=\u201d-30px||||false|false\u201d custom_margin_tablet=\u201d||||false|false\u201d custom_margin_phone=\u201d||||false |false\u201d custom_margin_last_edited=\u201den|escritorio\u201d custom_padding=\u201d||90px||false|false\u201d global_colors_info=\u201d{}\u201d][et_pb_column type=\u201d4_4\u2033 _builder_version=\u201d4.22.1\u2033 _module_preset=\u201ddefault\u201d global_colors_info= \u201d{}\u201d][et_pb_text _builder_version=\u201d4.22.1\u2033 _module_preset=\u201ddefault\u201d text_text_color=\u201d#B6903C\u201d text_font_size=\u201d18px\u201d link_text_color=\u201d#8A52FC\u201d header_4_text_color=\u201d#B6903C\u201d header_4_font_size=\u201d22px\u201d centro\u201d margen_personalizado =\u201d||29px|||\u201d global_colors_info=\u201d{}\u201d text_text_color__hover=\u201d#FFFFFF\u201d text_text_color__hover_enabled=\u201don|hover\u201d background_layout__hover=\u201ddark\u201d background_layout__hover_enabled=\u201don|hover\u201d]<\/p>\n<h4>\u00bfListo para trabajar con nosotros?<\/h4>\n<p>[\/et_pb_text][et_pb_text _builder_version=\u201d4.22.1\u2033 _module_preset=\u201ddefault\u201d link_text_color=\u201d#B6903C\u201d header_2_font=\u201d|700|||||||\u201d header_2_text_align=\u201dcenter\u201d header_2_text_color=\u201d#B6903C\u201d header_2_font_size=\u201d40px\u201d header_2_font_size_tablet=\u201d40px\u201d header_2_font_size_phone=\u201d25px\u201d header_2_font_size_last_edited=\u201don|phone\u201d global_colors_info=\u201d{}\u201d]<\/p>\n<h2><a href=\"#\">Gold Leaf<\/a> Consultor\u00eda Limitada<\/h2>\n<p>[\/et_pb_text][\/et_pb_column][\/et_pb_row][et_pb_row _builder_version=\u201d4.22.1\u2033 _module_preset=\u201ddefault\u201d custom_margin=\u201d-90px||||false|false\u201d custom_padding=\u201d||80px||false|false \u201d global_colors_info=\u201d{}\u201d][et_pb_column type=\u201d4_4\u2033 _builder_version=\u201d4.22.1\u2033 _module_preset=\u201ddefault\u201d global_colors_info=\u201d{}\u201d][et_pb_text _builder_version=\u201d4.25.0\u2033 _module_preset=\u201ddefault\u201d text_text_color= \u201d#000000\u2033 text_orientation=\u201dcentro\u201d global_colors_info=\u201d{}\u201d]<\/p>\n<p>Lun \u2013 Vie: 9:00 am \u2013 5:00 pm | Fines de semana: cerrado<\/p>\n<p>[\/et_pb_text][et_pb_textdisable_on=\u201doff|off|off\u201d _builder_version=\u201d4.25.0\u2033 _module_preset=\u201ddefault\u201d text_text_color=\u201d#000000\u2033 link_text_color=\u201d#000000\u2033 text_orientation=\u201dcenter\u201d custom_margin=\u201d-20px||| |false|false\u201d global_colors_info=\u201d{}\u201d background_layout__hover_enabled=\u201don|hover\u201d background_layout__hover=\u201ddark\u201d text_text_color__hover_enabled=\u201don|hover\u201d text_text_color__hover=\u201d#000000\u2033 link_text_color__hover_enabled=\u201don|hover\u201d link_text_color__hover=\u201d#B69 03C\u201d]<\/p>\n<p><a href=\"https:\/\/maps.app.goo.gl\/EBr5CUWZii3E4oxC6\" target=\"_blank\" rel=\"noopener\"><span>Unidades 6 y 7 Road Reef Plaza Prospect Reef\u00a0<\/span><\/a><\/p>\n<p>[\/et_pb_text][et_pb_textdisable_on=\u201doff|off|off\u201d _builder_version=\u201d4.25.0\u2033 _module_preset=\u201ddefault\u201d text_text_color=\u201d#000000\u2033 link_text_color=\u201d#000000\u2033 text_orientation=\u201dcenter\u201d custom_margin=\u201d-20px||| |false|false\u201d global_colors_info=\u201d{}\u201d background_layout__hover_enabled=\u201don|hover\u201d background_layout__hover=\u201ddark\u201d text_text_color__hover_enabled=\u201don|hover\u201d text_text_color__hover=\u201d#000000\u2033 link_text_color__hover_enabled=\u201don|hover\u201d link_text_color__hover=\u201d#B69 03C\u201d]<\/p>\n<p><i class=\"fa-solid fa-phone\"><\/i> : <a href=\"tel:12844949559\">1-284-494-9559<\/a><\/p>\n<p>[\/et_pb_text][et_pb_textdisable_on=\u201doff|off|off\u201d _builder_version=\u201d4.25.0\u2033 _module_preset=\u201ddefault\u201d text_text_color=\u201d#000000\u2033 link_text_color=\u201d#000000\u2033 text_orientation=\u201dcenter\u201d custom_margin=\u201d-20px||| |false|false\u201d global_colors_info=\u201d{}\u201d background_layout__hover_enabled=\u201don|hover\u201d background_layout__hover=\u201ddark\u201d text_text_color__hover_enabled=\u201don|hover\u201d text_text_color__hover=\u201d#000000\u2033 link_text_color__hover_enabled=\u201don|hover\u201d link_text_color__hover=\u201d#B69 03C\u201d]<\/p>\n<p><i class=\"fa-solid fa-envelope\"><\/i> : <a href=\"mailto:&quot;info@goldleafbvi.com&quot;\">info@goldleafbvi.com<\/a><\/p>\n<p>[\/et_pb_text][\/et_pb_column][\/et_pb_row][et_pb_row _builder_version=\u201d4.22.1\u2033 _module_preset=\u201ddefault\u201d custom_margin=\u201d-43px|auto||auto||\u201d global_colors_info=\u201d{}\u201d][et_pb_column type=\u201d4_4\u2033 _builder_version=\u201d4.22.1\u2033 _module_preset=\u201ddefault\u201d global_colors_info=\u201d{}\u201d][et_pb_button button_url=\u201dhttps:\/\/goldleafbvi.com\/contact-us\/ \u201d button_text=\u201dCont\u00e1ctenos\u201d button_alignment=\u201dcenter\u201d deshabilitado_on=\u201don|off|off\u201d _builder_version=\u201d4.25.0\u2033 _module_preset=\u201ddefault\u201d custom_button=\u201don\u201d button_text_size=\u201d22px\u201d button_text_color=\u201d#000000\u2033 button_icon= \u201dA||divi||400\u2033 button_text_size_tablet=\u201d22px\u201d button_text_size_phone=\u201d22px\u201d button_text_size_last_edited=\u201don|desktop\u201d global_colors_info=\u201d{}\u201d button_text_color__hover=\u201d#FFFFFF\u201d button_text_color__hover_enabled=\u201don|hover\u201d 0000\u2033 bot\u00f3n_bg_color__hover_enabled =\u201don|hover\u201d button_bg_enable_color__hover=\u201don\u201d][\/et_pb_button][\/et_pb_column][\/et_pb_row][\/et_pb_section]<\/p>","protected":false},"excerpt":{"rendered":"<p>At Gold Leaf Consulting, we offer specialized legal advice for conducting licensed business activities within the British Virgin Islands (\u201cBVI\u201d) or through a BVI-incorporated entity or legal arrangement. Under our Regulatory Licensing Applications service line, we provide comprehensive support in preparing, submitting, and overseeing license applications to the BVI Financial Services Commission (\u201cBVI FSC\u201d). With our extensive experience and expertise, particularly in the BVI Virtual Assets Service Providers Sphere, we have established ourselves as leaders in this field. We take pride in our track record of achievements, including steering the first approval of a BVI Sandbox Participant and securing the first approval of a BVI cryptocurrency exchange license. Our well-received applications have earned us a reputation for prompt responses from regulators, often leading to smoother application approval processes. We understand the importance of a seamless licensing process for our clients and are dedicated to providing tailored solutions that meet their specific needs and objectives. Whether you are looking to establish a licensed business activity in the BVI or seeking legal advice on regulatory compliance, our Regulatory Licensing Applications service is designed to streamline the process and ensure your success. Contact us today to learn more about how we can assist [&hellip;]<\/p>","protected":false},"author":1,"featured_media":0,"parent":0,"menu_order":0,"comment_status":"closed","ping_status":"closed","template":"","meta":{"_et_pb_use_builder":"on","_et_pb_old_content":"","_et_gb_content_width":"","om_disable_all_campaigns":false,"footnotes":""},"class_list":["post-6088","page","type-page","status-publish","hentry"],"rttpg_featured_image_url":null,"rttpg_author":{"display_name":"aamwebdevelopment","author_link":"https:\/\/goldleafbvi.com\/es\/author\/aamwebdevelopment\/"},"rttpg_comment":0,"rttpg_category":null,"rttpg_excerpt":"At Gold Leaf Consulting, we offer specialized legal advice for conducting licensed business activities within the British Virgin Islands (\u201cBVI\u201d) or through a BVI-incorporated entity or legal arrangement. Under our Regulatory Licensing Applications service line, we provide comprehensive support in preparing, submitting, and overseeing license applications to the BVI Financial Services Commission (\u201cBVI FSC\u201d). With&hellip;","_links":{"self":[{"href":"https:\/\/goldleafbvi.com\/es\/wp-json\/wp\/v2\/pages\/6088","targetHints":{"allow":["GET"]}}],"collection":[{"href":"https:\/\/goldleafbvi.com\/es\/wp-json\/wp\/v2\/pages"}],"about":[{"href":"https:\/\/goldleafbvi.com\/es\/wp-json\/wp\/v2\/types\/page"}],"author":[{"embeddable":true,"href":"https:\/\/goldleafbvi.com\/es\/wp-json\/wp\/v2\/users\/1"}],"replies":[{"embeddable":true,"href":"https:\/\/goldleafbvi.com\/es\/wp-json\/wp\/v2\/comments?post=6088"}],"version-history":[{"count":3,"href":"https:\/\/goldleafbvi.com\/es\/wp-json\/wp\/v2\/pages\/6088\/revisions"}],"predecessor-version":[{"id":6616,"href":"https:\/\/goldleafbvi.com\/es\/wp-json\/wp\/v2\/pages\/6088\/revisions\/6616"}],"wp:attachment":[{"href":"https:\/\/goldleafbvi.com\/es\/wp-json\/wp\/v2\/media?parent=6088"}],"curies":[{"name":"gracias","href":"https:\/\/api.w.org\/{rel}","templated":true}]}}