{"id":6082,"date":"2024-03-23T01:22:30","date_gmt":"2024-03-23T01:22:30","guid":{"rendered":"https:\/\/template9.aamwebdevelopment.com\/?page_id=6082"},"modified":"2024-04-30T01:29:37","modified_gmt":"2024-04-30T01:29:37","slug":"high-risk-and-complexed-compliance-reviews","status":"publish","type":"page","link":"https:\/\/goldleafbvi.com\/es\/high-risk-and-complexed-compliance-reviews\/","title":{"rendered":"Revisiones de cumplimiento complejas y de alto riesgo"},"content":{"rendered":"<p>[et_pb_section fb_built=\u201d1\u2033 _builder_version=\u201d4.25.0\u2033 background_color=\u201d#000000\u2033 background_enable_image=\u201doff\u201d height_tablet=\u201d\u201d height_phone=\u201d\u201d height_last_edited=\u201don|phone\u201d max_height_tablet=\u201d\u201d max_height_phone=\u201d\u201d max_height_last_edited=\u201d en|escritorio\u201d custom_padding=\u201d||||false|false\u201d bottom_divider_color=\u201d#FFFFFF\u201d scroll_vertical_motion=\u201d0|60|60|100|4|0|-4\u2033 scroll_blur=\u201d0|24|82|100|10 |0|0\u2033 background_last_edited=\u201doff|desktop\u201d use_background_color_gradient_phone=\u201don\u201d background_color_gradient_direction_phone=\u201d180deg\u201d background_color_gradient_stops_phone=\u201drgba(16,126,125,0.49) 0%|#107e7d 100%\u201d image_phone=\u201dactivado\u201d background_enable_mask_style_phone=\u201ddesactivado\u201d global_colors_info=\u201d{ }\u201d][et_pb_row _builder_version=\u201d4.22.1\u2033 _module_preset=\u201ddefault\u201d custom_margin=\u201d||||false|false\u201d custom_margin_tablet=\u201d||||false|false\u201d custom_margin_phone=\u201d||||false|false\u201d custom_margin_last_edited=\u201don|desktop\u201d global_colors_info=\u201d{}\u201d][et_pb_column type=\u201d4_4\u2033 _builder_version=\u201d4.22.1\u2033 _module_preset=\u201ddefault\u201d global_colors_info=\u201d{}\u201d][et_pb_heading title=\u201dServicios legales regulatorios\u201d _builder_version =\u201d4.22.1\u2033 _module_preset=\u201ddefault\u201d title_text_align=\u201dcenter\u201d title_text_color=\u201d#B6903C\u201d title_font_size=\u201d70px\u201d global_colors_info=\u201d{}\u201d][\/et_pb_heading][\/et_pb_column][\/et_pb_row][\/et_pb_section][ et_pb_section fb_built=\u201d1\u2033 module_id=\u201dttdev-home-ie-services\u201d module_class=\u201dfixedsticky fixsticky_desktop fullwidth fullwidth-serv row-reverse\u201d _builder_version=\u201d4.22.1\u2033 background_color=\u201d#FFFFFF\u201d background_enable_image=\u201doff\u201d custom_padding=\u201d 30px|0px|80px|0px|false|false\u201d global_colors_info=\u201d{}\u201d][et_pb_row _builder_version=\u201d4.22.1\u2033 _module_preset=\u201ddefault\u201d global_colors_info=\u201d{}\u201d][et_pb_column type=\u201d4_4\u2033 _builder_version=\u201d 4.22.1\u2033 _module_preset=\u201ddefault\u201d global_colors_info=\u201d{}\u201d][et_pb_heading title=\u201dRevisiones de cumplimiento complejas y de alto riesgo\u201d _builder_version=\u201d4.22.1\u2033 _module_preset=\u201ddefault\u201d title_level=\u201dh2\u2033 global_colors_info=\u201d{} \u201d][\/et_pb_heading][\/et_pb_column][\/et_pb_row][et_pb_row column_structure=\u201d3_4,1_4\u2033 _builder_version=\u201d4.22.1\u2033 _module_preset=\u201ddefault\u201d global_colors_info=\u201d{}\u201d][et_pb_column type=\u201d3_4\u2033 _builder_version =\u201d4.22.1\u2033 _module_preset=\u201ddefault\u201d global_colors_info=\u201d{}\u201d][et_pb_text _builder_version=\u201d4.22.1\u2033 _module_preset=\u201ddefault\u201d global_colors_info=\u201d{}\u201d]<\/p>\n<p>En Gold Leaf Consulting, reconocemos la importancia de procesos de incorporaci\u00f3n exhaustivos, especialmente en casos donde las relaciones plantean altos riesgos o involucran circunstancias inusuales. Nuestra amplia experiencia ha revelado que incluso con funciones de cumplimiento existentes, las entidades autorizadas a menudo buscan experiencia externa para garantizar procedimientos de incorporaci\u00f3n integrales.<\/p>\n<p>Con este servicio, nuestro equipo va m\u00e1s all\u00e1 de la revisi\u00f3n legal tradicional al brindar soluciones pr\u00e1cticas para la incorporaci\u00f3n que cumplen con la legislaci\u00f3n y los est\u00e1ndares internacionales de mejores pr\u00e1cticas. Nuestros memorandos legales no solo asesoran desde un punto de vista legal, sino que tambi\u00e9n ofrecen estrategias de incorporaci\u00f3n viables adaptadas a cada caso \u00fanico.<\/p>\n<p>Ya sea que est\u00e9 atravesando relaciones de alto riesgo o considerando incorporarse a una persona o entidad sancionada (SDN), nuestro servicio de revisiones de incorporaci\u00f3n y memorando legal brinda un apoyo invaluable. Entendemos las complejidades involucradas y estamos comprometidos a ayudar a nuestros clientes a realizar procesos de incorporaci\u00f3n con confianza y cumplimiento.<\/p>\n<p>[\/et_pb_text][\/et_pb_column][et_pb_column type=\u201d1_4\u2033 _builder_version=\u201d4.22.1\u2033 _module_preset=\u201ddefault\u201d global_colors_info=\u201d{}\u201d][et_pb_code _builder_version=\u201d4.25.0\u2033 _module_preset=\u201ddefault\u201d text_orientation_tablet= \u201dcentro\u201d text_orientation_phone=\u201dcentro\u201d text_orientation_last_edited=\u201den|tableta\u201d global_colors_info=\u201d{}\u201d]<svg xmlns=\"http:\/\/www.w3.org\/2000\/svg\" xml:space=\"preserve\" width=\"256\" height=\"256\" version=\"1.1\" style=\"shape-rendering:geometricPrecision; text-rendering:geometricPrecision; image-rendering:optimizeQuality; fill-rule:evenodd; clip-rule:evenodd\" viewbox=\"0 0 1707 1707\" xmlns:xlink=\"http:\/\/www.w3.org\/1999\/xlink\"><!-- [et_pb_line_break_holder] --> <defs><!-- [et_pb_line_break_holder] -->  <\/p>\n<style type=\"text\/css\"><!-- [et_pb_line_break_holder] -->   <!-- [et_pb_line_break_holder] -->    .fil0 {fill:#b6903c}<!-- [et_pb_line_break_holder] -->   <!-- [et_pb_line_break_holder] -->  <\/style>\n<p><!-- [et_pb_line_break_holder] --> <\/defs><!-- [et_pb_line_break_holder] --> <g id=\"Layer_x0020_1\"><!-- [et_pb_line_break_holder] -->  <metadata id=\"CorelCorpID_0Corel-Layer\"><\/metadata><!-- [et_pb_line_break_holder] -->  <g id=\"_569517840\"><!-- [et_pb_line_break_holder] -->   <g><!-- [et_pb_line_break_holder] -->    <path class=\"fil0\" d=\"M1279 1609l-1079 0c-14,0 -25,-11 -25,-25l0 -1355c0,-14 11,-25 25,-25l825 0c14,0 25,11 25,25 0,14 -11,25 -25,25l-802 0 0 1308 1032 0 0 -190c0,-14 11,-25 25,-25 14,0 25,11 25,25l0 214c-2,12 -13,23 -26,23zm0 -806c-14,0 -25,-11 -25,-25l0 -294c0,-13 11,-24 25,-24 13,0 24,11 24,24l0 296c0,12 -11,23 -24,23z\"><\/path><!-- [et_pb_line_break_holder] -->   <\/g><!-- [et_pb_line_break_holder] -->   <g><!-- [et_pb_line_break_holder] -->    <path class=\"fil0\" d=\"M1279 508l-254 0c-14,0 -25,-11 -25,-25l0 -254c0,-9 5,-18 15,-22 10,-4 19,-1 26,6l256 255c6,7 9,18 5,26 -4,9 -12,14 -23,14zm-231 -48l172 0 -172 -172 0 172z\"><\/path><!-- [et_pb_line_break_holder] -->   <\/g><!-- [et_pb_line_break_holder] -->   <g><!-- [et_pb_line_break_holder] -->    <path class=\"fil0\" d=\"M200 1365l-175 0c-14,0 -25,-11 -25,-25l0 -1284c0,-14 11,-25 25,-25l911 0c14,0 25,11 25,25l0 173c0,14 -11,25 -25,25 -14,0 -25,-11 -25,-25l0 -149 -861 0 0 1235 150 0c14,0 25,11 25,25 0,14 -13,25 -25,25z\"><\/path><!-- [et_pb_line_break_holder] -->   <\/g><!-- [et_pb_line_break_holder] -->   <g><!-- [et_pb_line_break_holder] -->    <path class=\"fil0\" d=\"M991 1323c-97,0 -188,-37 -257,-106 -70,-70 -107,-161 -107,-258 0,-97 37,-189 107,-258 141,-142 373,-142 514,0 143,143 143,374 0,516 -68,69 -159,106 -257,106zm0 -679c-80,0 -160,30 -223,91 -123,124 -123,324 0,447 60,60 139,93 223,93 85,0 164,-33 224,-93 123,-123 123,-323 0,-447 -63,-61 -143,-91 -224,-91z\"><\/path><!-- [et_pb_line_break_holder] -->   <\/g><!-- [et_pb_line_break_holder] -->   <g><!-- [et_pb_line_break_holder] -->    <path class=\"fil0\" d=\"M1574 1676c-17,0 -32,-7 -43,-18l-273 -274c-11,-11 -18,-26 -18,-43 0,-16 7,-31 18,-43l73 -73c24,-24 63,-24 85,0l273 273c24,24 24,63 0,85l-74 73c-9,14 -24,20 -41,20zm-200 -419c-3,0 -5,1 -8,3l-74 73c-4,4 -4,13 0,17l274 273c4,4 12,4 16,0l74 -74c4,-4 4,-12 0,-16l-273 -273c-3,-2 -6,-3 -9,-3z\"><\/path><!-- [et_pb_line_break_holder] -->   <\/g><!-- [et_pb_line_break_holder] -->   <g><!-- [et_pb_line_break_holder] -->    <path class=\"fil0\" d=\"M1312 1304c-6,0 -13,-3 -17,-7l-80 -80c-10,-10 -10,-25 0,-35 9,-10 25,-10 34,0l81 80c10,10 10,25 0,35 -7,4 -13,7 -18,7z\"><\/path><!-- [et_pb_line_break_holder] -->   <\/g><!-- [et_pb_line_break_holder] -->   <g><!-- [et_pb_line_break_holder] -->    <path class=\"fil0\" d=\"M1023 1445l-676 0c-14,0 -25,-11 -25,-25 0,-13 11,-24 25,-24l676 0c14,0 25,11 25,24 0,14 -11,25 -25,25z\"><\/path><!-- [et_pb_line_break_holder] -->   <\/g><!-- [et_pb_line_break_holder] -->   <g><!-- [et_pb_line_break_holder] -->    <path class=\"fil0\" d=\"M574 1261l-227 0c-14,0 -25,-11 -25,-25 0,-14 11,-25 25,-25l226 0c14,0 25,11 25,25 0,14 -11,25 -24,25z\"><\/path><!-- [et_pb_line_break_holder] -->   <\/g><!-- [et_pb_line_break_holder] -->   <g><!-- [et_pb_line_break_holder] -->    <path class=\"fil0\" d=\"M574 1077l-227 0c-14,0 -25,-12 -25,-25 0,-14 11,-25 25,-25l226 0c14,0 25,11 25,25 0,13 -11,25 -24,25z\"><\/path><!-- [et_pb_line_break_holder] -->   <\/g><!-- [et_pb_line_break_holder] -->   <g><!-- [et_pb_line_break_holder] -->    <path class=\"fil0\" d=\"M574 892l-227 0c-14,0 -25,-11 -25,-25 0,-14 11,-25 25,-25l226 0c14,0 25,11 25,25 0,14 -11,25 -24,25z\"><\/path><!-- [et_pb_line_break_holder] -->   <\/g><!-- [et_pb_line_break_holder] -->   <g><!-- [et_pb_line_break_holder] -->    <path class=\"fil0\" d=\"M574 706l-227 0c-14,0 -25,-11 -25,-25 0,-13 11,-25 25,-25l226 0c14,0 25,12 25,25 0,14 -11,25 -24,25z\"><\/path><!-- [et_pb_line_break_holder] -->   <\/g><!-- [et_pb_line_break_holder] -->   <g><!-- [et_pb_line_break_holder] -->    <path class=\"fil0\" d=\"M892 519l-545 0c-14,0 -25,-11 -25,-25 0,-14 11,-25 25,-25l545 0c14,0 25,11 25,25 0,14 -11,25 -25,25z\"><\/path><!-- [et_pb_line_break_holder] -->   <\/g><!-- [et_pb_line_break_holder] -->   <g><!-- [et_pb_line_break_holder] -->    <path class=\"fil0\" d=\"M874 1114c-3,0 -6,0 -7,-1l-3 0c-3,0 -6,0 -8,-2 -3,0 -5,-1 -7,-3 -3,-1 -6,-2 -7,-4 0,0 0,0 0,0 0,0 -2,0 -2,-1 -2,-1 -4,-3 -7,-4 -1,-2 -2,-2 -4,-3l-1 -1c0,0 0,0 0,0 0,0 0,0 0,0l-6 -3c-1,-2 -2,-3 -4,-4 -3,-3 -4,-6 -5,-9l-66 -113c-18,-32 -7,-71 24,-90 0,0 0,0 1,0 32,-19 72,-6 91,24l34 60 250 -144c30,-18 71,-8 90,23 18,32 7,73 -25,91l-306 174c-3,2 -5,3 -7,4 -2,2 -5,2 -6,3 -1,0 -1,2 -3,2 -3,1 -5,1 -9,1l-2 0c-1,0 -4,0 -5,0zm-6 -50l0 0c1,0 3,0 3,0 1,0 1,0 3,0l1 0c0,0 0,0 1,0 2,0 2,0 3,-1 2,0 2,-2 3,-2 0,0 1,0 3,-1l302 -175c8,-5 11,-15 7,-23 -4,-9 -15,-11 -24,-6l-271 157c-12,7 -27,3 -34,-9l-47 -80c-4,-8 -15,-11 -23,-7 -9,6 -12,15 -6,24l68 116c1,2 1,2 3,3 0,0 0,0 1,1 2,0 2,2 3,3 0,0 1,0 1,1 2,0 2,2 3,2 -1,-3 0,-3 0,-3z\"><\/path><!-- [et_pb_line_break_holder] -->   <\/g><!-- [et_pb_line_break_holder] -->  <\/g><!-- [et_pb_line_break_holder] --> <\/g><!-- [et_pb_line_break_holder] --><\/svg>[\/et_pb_code][\/et_pb_column][\/et_pb_row][\/et_pb_section][et_pb_section fb_built=\u201d1\u2033 _builder_version=\u201d4.22.1\u2033 _module_preset=\u201ddefault\u201d background_color=\u201d#b6903c\u201d background_enable_color=\u201doff\u201d use_background_color_gradient=\u201don\u201d background_color_gradient_direction=\u201d233deg\u201d background_color_gradient_stops=\u201d#b6903c 0%|rgba(181,181,181,0.35) 50%|#b6903c 100%\u201d bottom_divider_color=\u201d#FFFFFF\u201d Animation_direction=\u201dright\u201d 5700\u2033 save_tabs=\u201dtodos\u201d bloqueados=\u201dapagado\u201d global_colors_info=\u201d {}\u201d][et_pb_row _builder_version=\u201d4.25.0\u2033 _module_preset=\u201ddefault\u201d custom_margin=\u201d-30px||||false|false\u201d custom_margin_tablet=\u201d||||false|false\u201d custom_margin_phone=\u201d||||false |false\u201d custom_margin_last_edited=\u201den|escritorio\u201d custom_padding=\u201d||90px||false|false\u201d global_colors_info=\u201d{}\u201d][et_pb_column type=\u201d4_4\u2033 _builder_version=\u201d4.22.1\u2033 _module_preset=\u201ddefault\u201d global_colors_info= \u201d{}\u201d][et_pb_text _builder_version=\u201d4.22.1\u2033 _module_preset=\u201ddefault\u201d text_text_color=\u201d#B6903C\u201d text_font_size=\u201d18px\u201d link_text_color=\u201d#8A52FC\u201d header_4_text_color=\u201d#B6903C\u201d header_4_font_size=\u201d22px\u201d centro\u201d margen_personalizado =\u201d||29px|||\u201d global_colors_info=\u201d{}\u201d text_text_color__hover=\u201d#FFFFFF\u201d text_text_color__hover_enabled=\u201don|hover\u201d background_layout__hover=\u201ddark\u201d background_layout__hover_enabled=\u201don|hover\u201d]<\/p>\n<h4>\u00bfListo para trabajar con nosotros?<\/h4>\n<p>[\/et_pb_text][et_pb_text _builder_version=\u201d4.22.1\u2033 _module_preset=\u201ddefault\u201d link_text_color=\u201d#B6903C\u201d header_2_font=\u201d|700|||||||\u201d header_2_text_align=\u201dcenter\u201d header_2_text_color=\u201d#B6903C\u201d header_2_font_size=\u201d40px\u201d header_2_font_size_tablet=\u201d40px\u201d header_2_font_size_phone=\u201d25px\u201d header_2_font_size_last_edited=\u201don|phone\u201d global_colors_info=\u201d{}\u201d]<\/p>\n<h2><a href=\"#\">Gold Leaf<\/a> Consultor\u00eda Limitada<\/h2>\n<p>[\/et_pb_text][\/et_pb_column][\/et_pb_row][et_pb_row _builder_version=\u201d4.22.1\u2033 _module_preset=\u201ddefault\u201d custom_margin=\u201d-90px||||false|false\u201d custom_padding=\u201d||80px||false|false \u201d global_colors_info=\u201d{}\u201d][et_pb_column type=\u201d4_4\u2033 _builder_version=\u201d4.22.1\u2033 _module_preset=\u201ddefault\u201d global_colors_info=\u201d{}\u201d][et_pb_text _builder_version=\u201d4.25.0\u2033 _module_preset=\u201ddefault\u201d text_text_color= \u201d#000000\u2033 text_orientation=\u201dcentro\u201d global_colors_info=\u201d{}\u201d]<\/p>\n<p>Lun \u2013 Vie: 9:00 am \u2013 5:00 pm | Fines de semana: cerrado<\/p>\n<p>[\/et_pb_text][et_pb_textdisable_on=\u201doff|off|off\u201d _builder_version=\u201d4.25.0\u2033 _module_preset=\u201ddefault\u201d text_text_color=\u201d#000000\u2033 link_text_color=\u201d#000000\u2033 text_orientation=\u201dcenter\u201d custom_margin=\u201d-20px||| |false|false\u201d global_colors_info=\u201d{}\u201d background_layout__hover_enabled=\u201don|hover\u201d background_layout__hover=\u201ddark\u201d text_text_color__hover_enabled=\u201don|hover\u201d text_text_color__hover=\u201d#000000\u2033 link_text_color__hover_enabled=\u201don|hover\u201d link_text_color__hover=\u201d#B69 03C\u201d]<\/p>\n<p><a href=\"https:\/\/maps.app.goo.gl\/EBr5CUWZii3E4oxC6\" target=\"_blank\" rel=\"noopener\"><span>Unidades 6 y 7 Road Reef Plaza Prospect Reef\u00a0<\/span><\/a><\/p>\n<p>[\/et_pb_text][et_pb_textdisable_on=\u201doff|off|off\u201d _builder_version=\u201d4.25.0\u2033 _module_preset=\u201ddefault\u201d text_text_color=\u201d#000000\u2033 link_text_color=\u201d#000000\u2033 text_orientation=\u201dcenter\u201d custom_margin=\u201d-20px||| |false|false\u201d global_colors_info=\u201d{}\u201d background_layout__hover_enabled=\u201don|hover\u201d background_layout__hover=\u201ddark\u201d text_text_color__hover_enabled=\u201don|hover\u201d text_text_color__hover=\u201d#000000\u2033 link_text_color__hover_enabled=\u201don|hover\u201d link_text_color__hover=\u201d#B69 03C\u201d]<\/p>\n<p><i class=\"fa-solid fa-phone\"><\/i> : <a href=\"tel:12844949559\">1-284-494-9559<\/a><\/p>\n<p>[\/et_pb_text][et_pb_textdisable_on=\u201doff|off|off\u201d _builder_version=\u201d4.25.0\u2033 _module_preset=\u201ddefault\u201d text_text_color=\u201d#000000\u2033 link_text_color=\u201d#000000\u2033 text_orientation=\u201dcenter\u201d custom_margin=\u201d-20px||| |false|false\u201d global_colors_info=\u201d{}\u201d background_layout__hover_enabled=\u201don|hover\u201d background_layout__hover=\u201ddark\u201d text_text_color__hover_enabled=\u201don|hover\u201d text_text_color__hover=\u201d#000000\u2033 link_text_color__hover_enabled=\u201don|hover\u201d link_text_color__hover=\u201d#B69 03C\u201d]<\/p>\n<p><i class=\"fa-solid fa-envelope\"><\/i> : <a href=\"mailto:&quot;info@goldleafbvi.com&quot;\">info@goldleafbvi.com<\/a><\/p>\n<p>[\/et_pb_text][\/et_pb_column][\/et_pb_row][et_pb_row _builder_version=\u201d4.22.1\u2033 _module_preset=\u201ddefault\u201d custom_margin=\u201d-43px|auto||auto||\u201d global_colors_info=\u201d{}\u201d][et_pb_column type=\u201d4_4\u2033 _builder_version=\u201d4.22.1\u2033 _module_preset=\u201ddefault\u201d global_colors_info=\u201d{}\u201d][et_pb_button button_url=\u201dhttps:\/\/goldleafbvi.com\/contact-us\/ \u201d button_text=\u201dCont\u00e1ctenos\u201d button_alignment=\u201dcenter\u201d deshabilitado_on=\u201don|off|off\u201d _builder_version=\u201d4.25.0\u2033 _module_preset=\u201ddefault\u201d custom_button=\u201don\u201d button_text_size=\u201d22px\u201d button_text_color=\u201d#000000\u2033 button_icon= \u201dA||divi||400\u2033 button_text_size_tablet=\u201d22px\u201d button_text_size_phone=\u201d22px\u201d button_text_size_last_edited=\u201don|desktop\u201d global_colors_info=\u201d{}\u201d button_text_color__hover=\u201d#FFFFFF\u201d button_text_color__hover_enabled=\u201don|hover\u201d 0000\u2033 bot\u00f3n_bg_color__hover_enabled =\u201don|hover\u201d button_bg_enable_color__hover=\u201don\u201d][\/et_pb_button][\/et_pb_column][\/et_pb_row][\/et_pb_section]<\/p>","protected":false},"excerpt":{"rendered":"<p>At Gold Leaf Consulting, we recognise the importance of thorough onboarding processes, especially in cases where relationships pose high risks or involve unusual circumstances. Our extensive experience has revealed that even with existing compliance functions, licensed entities often seek external expertise to ensure comprehensive onboarding procedures. With this service, our team goes beyond traditional legal review by providing practical solutions for onboarding that comply with legislation and international best practice standards. Our legal memoranda not only advises from a legal standpoint but also offers actionable onboarding strategies tailored to each unique case. Whether you&#8217;re navigating high-risk relationships or considering onboarding with a sanctioned individual or entity (SDN), our Onboarding Reviews and Legal Memorandum service provides invaluable support. We understand the complexities involved and are committed to assisting our clients in performing onboarding processes with confidence and compliance.Ready to work with us?Gold Leaf Consulting LimitedMon &#8211; Fri : 9:00 am &#8211; 5:00 pm | Weekends: ClosedUnits 6 &amp; 7 Road Reef Plaza Prospect Reef\u00a0 : 1-284-494-9559 : info@goldleafbvi.com<\/p>","protected":false},"author":1,"featured_media":0,"parent":0,"menu_order":0,"comment_status":"closed","ping_status":"closed","template":"","meta":{"_et_pb_use_builder":"on","_et_pb_old_content":"","_et_gb_content_width":"","om_disable_all_campaigns":false,"footnotes":""},"class_list":["post-6082","page","type-page","status-publish","hentry"],"rttpg_featured_image_url":null,"rttpg_author":{"display_name":"aamwebdevelopment","author_link":"https:\/\/goldleafbvi.com\/es\/author\/aamwebdevelopment\/"},"rttpg_comment":0,"rttpg_category":null,"rttpg_excerpt":"At Gold Leaf Consulting, we recognise the importance of thorough onboarding processes, especially in cases where relationships pose high risks or involve unusual circumstances. Our extensive experience has revealed that even with existing compliance functions, licensed entities often seek external expertise to ensure comprehensive onboarding procedures. With this service, our team goes beyond traditional legal&hellip;","_links":{"self":[{"href":"https:\/\/goldleafbvi.com\/es\/wp-json\/wp\/v2\/pages\/6082","targetHints":{"allow":["GET"]}}],"collection":[{"href":"https:\/\/goldleafbvi.com\/es\/wp-json\/wp\/v2\/pages"}],"about":[{"href":"https:\/\/goldleafbvi.com\/es\/wp-json\/wp\/v2\/types\/page"}],"author":[{"embeddable":true,"href":"https:\/\/goldleafbvi.com\/es\/wp-json\/wp\/v2\/users\/1"}],"replies":[{"embeddable":true,"href":"https:\/\/goldleafbvi.com\/es\/wp-json\/wp\/v2\/comments?post=6082"}],"version-history":[{"count":5,"href":"https:\/\/goldleafbvi.com\/es\/wp-json\/wp\/v2\/pages\/6082\/revisions"}],"predecessor-version":[{"id":6620,"href":"https:\/\/goldleafbvi.com\/es\/wp-json\/wp\/v2\/pages\/6082\/revisions\/6620"}],"wp:attachment":[{"href":"https:\/\/goldleafbvi.com\/es\/wp-json\/wp\/v2\/media?parent=6082"}],"curies":[{"name":"gracias","href":"https:\/\/api.w.org\/{rel}","templated":true}]}}