{"id":6076,"date":"2024-03-23T01:20:51","date_gmt":"2024-03-23T01:20:51","guid":{"rendered":"https:\/\/template9.aamwebdevelopment.com\/?page_id=6076"},"modified":"2025-05-13T02:05:34","modified_gmt":"2025-05-13T02:05:34","slug":"regulatory-crisis-management","status":"publish","type":"page","link":"https:\/\/goldleafbvi.com\/es\/regulatory-crisis-management\/","title":{"rendered":"Gesti\u00f3n de crisis regulatorias"},"content":{"rendered":"<p>[et_pb_section fb_built=\u201d1\u2033 _builder_version=\u201d4.25.0\u2033 background_color=\u201d#000000\u2033 background_enable_image=\u201doff\u201d height_tablet=\u201d\u201d height_phone=\u201d\u201d height_last_edited=\u201don|phone\u201d max_height_tablet=\u201d\u201d max_height_phone=\u201d\u201d max_height_last_edited=\u201don|desktop\u201d custom_padding=\u201d||||false|false\u201d bottom_divider_color=\u201d#FFFFFF\u201d scroll_vertical_motion=\u201d0|60|60|100|4|0|-4\u2033 scroll_blur=\u201d0|24|82|100|10|0|0\u2033 background_last_edited=\u201doff|desktop\u201d use_background_color_gradient_phone=\u201don\u201d Direcci\u00f3n de degradado de color de fondo = 180 grados. Paradas de degradado de color de fondo = rgba(16,126,125,0.49) 0% | #107e7d 100%. Superposiciones de degradado de color de fondo = imagen = activado. Estilo de m\u00e1scara de activaci\u00f3n de fondo = desactivado. Informaci\u00f3n de colores globales = {}. ][et_pb_row _builder_version = 4.22.1. _module_preset = predeterminado. Margen personalizado = |||| falso. Margen personalizado de tableta = |||| falso. Margen personalizado de tel\u00e9fono = |||| falso. \u00daltima edici\u00f3n del margen personalizado = activado. Escritorio. Informaci\u00f3n global de colores = &quot;{}&quot;][et_pb_column type = &quot;4_4&quot; _builder_version = &quot;4.22.1&quot; _module_preset = &quot;predeterminado&quot; Informaci\u00f3n global de colores = &quot;{}&quot;][et_pb_heading title = &quot;Gesti\u00f3n de crisis regulatoria&quot; _builder_version = &quot;4.27.0&quot; _module_preset = &quot;predeterminado&quot; Alineaci\u00f3n del texto del t\u00edtulo = &quot;centrado&quot; Color del texto del t\u00edtulo = &quot;#B6903C&quot; Tama\u00f1o de fuente del t\u00edtulo = &quot;70px&quot; Informaci\u00f3n global de colores = &quot;{}&quot;][\/et_pb_heading][\/et_pb_column][\/et_pb_row][\/et_pb_section][et_pb_section fb_built = &quot;1&quot; ID del m\u00f3dulo = &quot;ttdev-home-ie-services&quot; Clase del m\u00f3dulo = &quot;fixedsticky&quot; Escritorio fijo fijo ancho completo servidor de ancho completo fila inversa\u201d _builder_version=\u201d4.22.1\u2033 color de fondo=\u201d#FFFFFF\u201d imagen de fondo habilitada=\u201ddesactivada\u201d relleno personalizado=\u201d30px|0px|80px|0px|falso|falso\u201d informaci\u00f3n de colores globales=\u201d{}\u201d][et_pb_row _builder_version=\u201d4.22.1\u2033 _module_preset=\u201dpredeterminado\u201d informaci\u00f3n de colores globales=\u201d{}\u201d][et_pb_column type=\u201d4_4\u2033 _builder_version=\u201d4.22.1\u2033 _module_preset=\u201dpredeterminado\u201d informaci\u00f3n de colores globales=\u201d{}\u201d][et_pb_heading title=\u201dC\u00f3mo le ayudamos\u201d _builder_version=\u201d4.27.0\u2033 _module_preset=\u201dpredeterminado\u201d nivel_t\u00edtulo=\u201dh2\u2033 informaci\u00f3n_colores_globales=\u201d{}\u201d][\/et_pb_heading][\/et_pb_column][\/et_pb_row][et_pb_row estructura_columna=\u201d3_4,1_4\u2033 _builder_version=\u201d4.22.1\u2033 _module_preset=\u201dpredeterminado\u201d informaci\u00f3n_colores_globales=\u201d{}\u201d][et_pb_column tipo=\u201d3_4\u2033 _builder_version=\u201d4.22.1\u2033 _module_preset=\u201dpredeterminado\u201d informaci\u00f3n_colores_globales=\u201d{}\u201d][et_pb_texto _builder_version=\u201d4.27.0\u2033 _module_preset=\u201dpredeterminado\u201d relleno_personalizado=\u201d0px|||||\u201d hover_enabled=\u201d0\u2033 global_colors_info=\u201d{}\u201d sticky_enabled=\u201d0\u2033]<\/p>\n<p>Nuestra l\u00ednea de servicios de Gesti\u00f3n de Crisis Regulatorias est\u00e1 dise\u00f1ada para apoyar a las entidades con licencia que se enfrentan a inspecciones regulatorias inminentes, infracciones identificadas o acciones de cumplimiento. En Gold Leaf Consulting, comprendemos la gravedad de estas situaciones y el posible impacto en las operaciones de nuestros clientes, incluyendo multas, sanciones o intervenciones regulatorias.<\/p>\n<p>Con a\u00f1os de experiencia exitosa navegando en panoramas regulatorios, nuestro equipo se destaca en guiar a los clientes en momentos de crisis. Trabajamos estrechamente con los clientes para desarrollar planes de acci\u00f3n destinados a resolver problemas de manera eficiente y efectiva. Nuestros servicios se extienden a brindar asesor\u00eda legal, incluida la redacci\u00f3n de presentaciones a los reguladores para su reconsideraci\u00f3n.<br \/>de las sanciones propuestas.<\/p>\n<p>Adem\u00e1s, estamos comprometidos a encontrar soluciones regulatorias duraderas para evitar que ocurran incidentes similares en el futuro. Al aprovechar nuestra experiencia y conocimientos adquiridos al trabajar estrechamente con los reguladores, ayudamos con confianza a los clientes a navegar estos<br \/>tiempos desafiantes.<\/p>\n<p>En Gold Leaf Consulting, la Gesti\u00f3n de Crisis Regulatorias es m\u00e1s que un simple servicio; es un compromiso de apoyar a nuestros clientes cuando m\u00e1s lo necesitan, garantizando su cumplimiento y \u00e9xito continuos.<\/p>\n<p>[\/et_pb_text][\/et_pb_column][et_pb_column tipo=\u201d1_4\u2033 _builder_version=\u201d4.22.1\u2033 _module_preset=\u201dpredeterminado\u201d informaci\u00f3n_global_colors=\u201d{}\u201d][et_pb_code _builder_version=\u201d4.27.0\u2033 _module_preset=\u201dpredeterminado\u201d orientaci\u00f3n_texto_tableta=\u201dcentro\u201d orientaci\u00f3n_texto_tel\u00e9fono=\u201dcentro\u201d orientaci\u00f3n_texto_\u00faltima_edici\u00f3n=\u201don|phone\u201d informaci\u00f3n_global_colors=\u201d{}\u201d]<svg xmlns=\"http:\/\/www.w3.org\/2000\/svg\" xml:space=\"preserve\" width=\"256\" height=\"256\" version=\"1.1\" style=\"shape-rendering:geometricPrecision; text-rendering:geometricPrecision; image-rendering:optimizeQuality; fill-rule:evenodd; clip-rule:evenodd\" viewbox=\"0 0 1707 1707\" xmlns:xlink=\"http:\/\/www.w3.org\/1999\/xlink\"><!-- [et_pb_line_break_holder] --> <defs><!-- [et_pb_line_break_holder] -->  <\/p>\n<style type=\"text\/css\"><!-- [et_pb_line_break_holder] -->   <!-- [et_pb_line_break_holder] -->    .str0 {stroke:#b6903c;stroke-width:46.6654;stroke-linecap:round;stroke-linejoin:round}<!-- [et_pb_line_break_holder] -->    .fil0 {fill:none}<!-- [et_pb_line_break_holder] -->   <!-- [et_pb_line_break_holder] -->  <\/style>\n<p><!-- [et_pb_line_break_holder] --> <\/defs><!-- [et_pb_line_break_holder] --> <g id=\"Layer_x0020_1\"><!-- [et_pb_line_break_holder] -->  <metadata id=\"CorelCorpID_0Corel-Layer\"><\/metadata><!-- [et_pb_line_break_holder] -->  <g id=\"_606794696\"><!-- [et_pb_line_break_holder] -->   <polyline class=\"fil0 str0\" points=\"946,1447 159,1447 159,23 1234,23 1234,1018 \"><\/polyline><!-- [et_pb_line_break_holder] -->   <path class=\"fil0 str0\" d=\"M1314 1144c22,8 41,20 59,34l122 -39 53 91 -95 87c2,11 3,22 3,34 0,11 -1,22 -3,33l95 87 -53 92 -122 -39c-18,14 -37,26 -59,34l-27 125 -106 0 -28 -125c-21,-8 -41,-20 -58,-34l-123 39 -53 -92 95 -87c-1,-11 -2,-22 -2,-33 0,-12 1,-23 2,-34l-95 -87 53 -91 123 39c17,-14 37,-26 58,-34l28 -126 106 0 27 126z\"><\/path><!-- [et_pb_line_break_holder] -->   <circle class=\"fil0 str0\" cx=\"1234\" cy=\"1351\" r=\"95\"><\/circle><!-- [et_pb_line_break_holder] -->   <polygon class=\"fil0 str0\" points=\"716,118 1019,636 412,636 \"><\/polygon><!-- [et_pb_line_break_holder] -->   <line class=\"fil0 str0\" x1=\"716\" y1=\"253\" x2=\"716\" y2=\"437\"><\/line><!-- [et_pb_line_break_holder] -->   <line class=\"fil0 str0\" x1=\"283\" y1=\"759\" x2=\"1110\" y2=\"759\"><\/line><!-- [et_pb_line_break_holder] -->   <line class=\"fil0 str0\" x1=\"283\" y1=\"877\" x2=\"1110\" y2=\"877\"><\/line><!-- [et_pb_line_break_holder] -->   <line class=\"fil0 str0\" x1=\"283\" y1=\"996\" x2=\"1110\" y2=\"996\"><\/line><!-- [et_pb_line_break_holder] -->   <line class=\"fil0 str0\" x1=\"283\" y1=\"1115\" x2=\"889\" y2=\"1115\"><\/line><!-- [et_pb_line_break_holder] -->   <line class=\"fil0 str0\" x1=\"283\" y1=\"1234\" x2=\"858\" y2=\"1234\"><\/line><!-- [et_pb_line_break_holder] -->   <line class=\"fil0 str0\" x1=\"283\" y1=\"1352\" x2=\"877\" y2=\"1352\"><\/line><!-- [et_pb_line_break_holder] -->   <circle class=\"fil0 str0\" cx=\"716\" cy=\"539\" r=\"35\"><\/circle><!-- [et_pb_line_break_holder] -->  <\/g><!-- [et_pb_line_break_holder] --> <\/g><!-- [et_pb_line_break_holder] --><\/svg>[\/et_pb_code][\/et_pb_column][\/et_pb_row][\/et_pb_section][et_pb_section fb_built=\u201d1\u2033 _builder_version=\u201d4.27.0\u2033 _module_preset=\u201dpredeterminado\u201d color_de_fondo=\u201d#b6903c\u201d color_de_fondo_habilitado=\u201ddesactivado\u201d usar_gradiente_de_color_de_fondo=\u201dactivado\u201d direcci\u00f3n_de_gradiente_de_color_de_fondo=\u201d233 grados\u201d paradas_de_gradiente_de_color_de_fondo=\u201d#b6903c 0%|rgba(181,181,181,0.35) 50%|#b6903c 100%\u201d color_del_divisor_inferior=\u201d#FFFFFF\u201d direcci\u00f3n_de_animaci\u00f3n=\u201dderecha\u201d global_module=\u201d5700\u2033 pesta\u00f1as_guardadas=\u201dtodas\u2033 bloqueadas=\u201ddesactivadas\u2033 global_colors_info=\u201d{}\u201d][et_pb_row _builder_version=\u201d4.25.0\u2033 _module_preset=\u201dpredeterminado\u2033 custom_margin=\u201d-30px||||falso|falso\u2033 custom_margin_tablet=\u201d||||falso|falso\u2033 custom_margin_phone=\u201d||||falso|falso\u2033 custom_margin_last_edited=\u201den|escritorio\u2033 custom_padding=\u201d||90px||falso|falso\u2033 global_colors_info=\u201d{}\u201d][et_pb_column type=\u201d4_4\u2033 _builder_version=\u201d4.22.1\u2033 _module_preset=\u201dpredeterminado\u2033 global_colors_info=\u201d{}\u201d][et_pb_text _builder_version=\u201d4.22.1\u2033 _module_preset=\u201dpredeterminado\u201d color_texto=\u201d#B6903C\u201d tama\u00f1o_fuente_texto=\u201d18px\u201d color_texto_enlace=\u201d#8A52FC\u201d color_texto_encabezado=\u201d#B6903C\u201d tama\u00f1o_fuente_texto_encabezado=\u201d22px\u201d orientaci\u00f3n_texto=\u201dcentro\u201d margen_personalizado=\u201d||29px|||\u201d informaci\u00f3n_colores_globales=\u201d{}\u201d color_texto_enlace__hover=\u201d#FFFFFF\u201d color_texto_enlace__hover_enabled=\u201don|hover\u201d dise\u00f1o_fondo__hover=\u201doscuro\u201d dise\u00f1o_fondo__hover_enabled=\u201don|hover\u201d]<\/p>\n<h4>\u00bfListo para trabajar con nosotros?<\/h4>\n<p>[\/et_pb_text][et_pb_text _builder_version=\u201d4.22.1\u2033 _module_preset=\u201ddefault\u201d link_text_color=\u201d#B6903C\u201d header_2_font=\u201d|700|||||||\u201d header_2_text_align=\u201dcenter\u201d header_2_text_color=\u201d#B6903C\u201d header_2_font_size=\u201d40px\u201d header_2_font_size_tablet=\u201d40px\u201d header_2_font_size_phone=\u201d25px\u201d header_2_font_size_last_edited=\u201don|phone\u201d global_colors_info=\u201d{}\u201d]<\/p>\n<h2><a href=\"#\">Gold Leaf<\/a> Consultor\u00eda Limitada<\/h2>\n<p>[\/et_pb_text][\/et_pb_column][\/et_pb_row][et_pb_row _builder_version=\u201d4.22.1\u2033 _module_preset=\u201dpredeterminado\u201d custom_margin=\u201d-90px||||falso|falso\u201d custom_padding=\u201d||80px||falso|falso\u201d global_colors_info=\u201d{}\u201d][et_pb_column type=\u201d4_4\u2033 _builder_version=\u201d4.22.1\u2033 _module_preset=\u201dpredeterminado\u201d global_colors_info=\u201d{}\u201d][et_pb_text _builder_version=\u201d4.27.0\u2033 _module_preset=\u201dpredeterminado\u201d text_text_color=\u201d#000000\u2033 text_orientation=\u201dcenter\u201d global_colors_info=\u201d{}\u201d]<\/p>\n<p>Lunes a viernes: 8:30 a. m. a 5:30 p. m. | Fines de semana: cerrado<\/p>\n<p>[\/et_pb_text][et_pb_text deshabilitado_activado=\u201ddesactivado|desactivado|desactivado\u201d _builder_version=\u201d4.27.0\u2033 _module_preset=\u201dpredeterminado\u201d color_texto=\u201d#000000\u2033 color_texto_enlace=\u201d#000000\u2033 orientaci\u00f3n_texto=\u201dcentro\u201d margen_personalizado=\u201d-20px||||falso|falso\u201d informaci\u00f3n_colores_globales=\u201d{}\u201d dise\u00f1o_fondo__hover_enabled=\u201dactivado|pasa el rat\u00f3n\u201d dise\u00f1o_fondo__hover=\u201doscuro\u201d color_texto__hover_enabled=\u201dactivado|pasa el rat\u00f3n\u201d color_texto__hover=\u201d#000000\u2033 color_texto_enlace__hover_enabled=\u201dactivado|pasa el rat\u00f3n\u201d color_del_texto_del_enlace__hover=\u201d#B6903C\u201d]<\/p>\n<p><a href=\"https:\/\/maps.app.goo.gl\/1k4ZKwgoXoxQr7967\" target=\"_blank\" rel=\"noopener\" data-asw-orgfontsize=\"18\"><span data-asw-orgfontsize=\"18\">Edificio Oleander, Suite OL 6, 13a JR O&#039;Neal Drive, Port Purcell, T\u00f3rtola\u00a0<\/span><\/a><\/p>\n<p>[\/et_pb_text][et_pb_textdisable_on=\u201doff|off|off\u201d _builder_version=\u201d4.26.0\u2033 _module_preset=\u201ddefault\u201d text_text_color=\u201d#000000\u2033 link_text_color=\u201d#000000\u2033 text_orientation=\u201dcenter\u201d custom_margin=\u201d-20px||| |false|false\u201d global_colors_info=\u201d{}\u201d background_layout__hover_enabled=\u201don|hover\u201d background_layout__hover=\u201ddark\u201d text_text_color__hover_enabled=\u201don|hover\u201d text_text_color__hover=\u201d#000000\u2033 link_text_color__hover_enabled=\u201don|hover\u201d link_text_color__hover=\u201d#B69 03C\u201d]<\/p>\n<p><i class=\"fa-solid fa-phone\"><\/i> :<a href=\"tel:12844949559\">1-284-494-9559<\/a><\/p>\n<p>[\/et_pb_text][et_pb_textdisable_on=\u201doff|off|off\u201d _builder_version=\u201d4.26.0\u2033 _module_preset=\u201ddefault\u201d text_text_color=\u201d#000000\u2033 link_text_color=\u201d#000000\u2033 text_orientation=\u201dcenter\u201d custom_margin=\u201d-20px||| |false|false\u201d global_colors_info=\u201d{}\u201d background_layout__hover_enabled=\u201don|hover\u201d background_layout__hover=\u201ddark\u201d text_text_color__hover_enabled=\u201don|hover\u201d text_text_color__hover=\u201d#000000\u2033 link_text_color__hover_enabled=\u201don|hover\u201d link_text_color__hover=\u201d#B69 03C\u201d]<\/p>\n<p><i class=\"fa-solid fa-envelope\"><\/i> : <a href=\"mailto:&quot;info@goldleafbvi.com&quot;\">info@goldleafbvi.com<\/a><\/p>\n<p>[\/et_pb_text][\/et_pb_column][\/et_pb_row][et_pb_row _builder_version=\u201d4.22.1\u2033 _module_preset=\u201dpredeterminado\u201d custom_margin=\u201d-43px|auto||auto||\u201d global_colors_info=\u201d{}\u201d][et_pb_column type=\u201d4_4\u2033 _builder_version=\u201d4.22.1\u2033 _module_preset=\u201dpredeterminado\u201d global_colors_info=\u201d{}\u201d][et_pb_button button_url=\u201dhttps:\/\/goldleafbvi.com\/contact-us\/\u201d button_text=\u201dCont\u00e1ctenos\u201d button_alignment=\u201dcenter\u201d disabled_on=\u201doff|off|off\u201d _builder_version=\u201d4.27.0\u2033 _module_preset=\u201dpredeterminado\u201d custom_button=\u201don\u201d button_text_size=\u201d22px\u201d button_text_color=\u201d#000000\u2033 button_icon=\u201dA||divi||400\u2033 button_text_size_tablet=\u201d22px\u201d button_text_size_phone=\u201d22px\u201d tama\u00f1o_texto_bot\u00f3n_\u00faltima_edici\u00f3n=\u201dactivado|escritorio\u201d informaci\u00f3n_colores_globales=\u201d{}\u201d color_texto_bot\u00f3n__hover=\u201d#FFFFFF\u201d color_texto_bot\u00f3n__hover_habilitado=\u201dactivado|pasa el mouse\u201d color_fondo_bot\u00f3n__hover=\u201d#000000\u2033 color_fondo_bot\u00f3n__hover_habilitado=\u201dactivado|pasa el mouse\u201d color_fondo_habilitado_bot\u00f3n__hover=\u201dactivado\u201d][\/et_pb_bot\u00f3n][\/et_pb_columna][\/et_pb_fila][\/et_pb_secci\u00f3n]<\/p>","protected":false},"excerpt":{"rendered":"<p>Our Regulatory Crisis Management service line is designed to support licensed entities facing imminent regulatory inspections, identified breaches, or enforcement actions. At Gold Leaf Consulting, we understand the gravity of such situations and the potential impact on our clients&#8217; operations, including regulatory fines, penalties, or intervention. With years of successful experience navigating regulatory landscapes, our team excels in guiding clients through moments of crisis. We work closely with clients to develop action plans aimed at resolving issues efficiently and effectively. Our services extend to providing legal counsel, including drafting submissions to regulators for reconsiderationof proposed penalties. Furthermore, we are committed to finding lasting regulatory solutions to prevent similar incidents from occurring in the future. By leveraging our expertise and insights gained from working closely with regulators, we confidently help clients navigate thesechallenging times. At Gold Leaf Consulting, Regulatory Crisis Management is more than just a service; it&#8217;s a commitment to supporting our clients when they need it most, ensuring their continued compliance and success.Ready to work with us?Gold Leaf Consulting LimitedMon &#8211; Fri : 8:30 am &#8211; 5:30 pm | Weekends: ClosedOleander Building, Suite OL 6, 13a J.R O\u2019Neal Drive, Port Purcell, Tortola\u00a0 :1-284-494-9559 : info@goldleafbvi.com<\/p>","protected":false},"author":1,"featured_media":0,"parent":0,"menu_order":0,"comment_status":"closed","ping_status":"closed","template":"","meta":{"_et_pb_use_builder":"on","_et_pb_old_content":"","_et_gb_content_width":"","om_disable_all_campaigns":false,"footnotes":""},"class_list":["post-6076","page","type-page","status-publish","hentry"],"rttpg_featured_image_url":null,"rttpg_author":{"display_name":"aamwebdevelopment","author_link":"https:\/\/goldleafbvi.com\/es\/author\/aamwebdevelopment\/"},"rttpg_comment":0,"rttpg_category":null,"rttpg_excerpt":"Our Regulatory Crisis Management service line is designed to support licensed entities facing imminent regulatory inspections, identified breaches, or enforcement actions. At Gold Leaf Consulting, we understand the gravity of such situations and the potential impact on our clients' operations, including regulatory fines, penalties, or intervention. With years of successful experience navigating regulatory landscapes, our&hellip;","_links":{"self":[{"href":"https:\/\/goldleafbvi.com\/es\/wp-json\/wp\/v2\/pages\/6076","targetHints":{"allow":["GET"]}}],"collection":[{"href":"https:\/\/goldleafbvi.com\/es\/wp-json\/wp\/v2\/pages"}],"about":[{"href":"https:\/\/goldleafbvi.com\/es\/wp-json\/wp\/v2\/types\/page"}],"author":[{"embeddable":true,"href":"https:\/\/goldleafbvi.com\/es\/wp-json\/wp\/v2\/users\/1"}],"replies":[{"embeddable":true,"href":"https:\/\/goldleafbvi.com\/es\/wp-json\/wp\/v2\/comments?post=6076"}],"version-history":[{"count":5,"href":"https:\/\/goldleafbvi.com\/es\/wp-json\/wp\/v2\/pages\/6076\/revisions"}],"predecessor-version":[{"id":7455,"href":"https:\/\/goldleafbvi.com\/es\/wp-json\/wp\/v2\/pages\/6076\/revisions\/7455"}],"wp:attachment":[{"href":"https:\/\/goldleafbvi.com\/es\/wp-json\/wp\/v2\/media?parent=6076"}],"curies":[{"name":"gracias","href":"https:\/\/api.w.org\/{rel}","templated":true}]}}