{"id":6062,"date":"2024-03-23T01:14:12","date_gmt":"2024-03-23T01:14:12","guid":{"rendered":"https:\/\/template9.aamwebdevelopment.com\/?page_id=6062"},"modified":"2024-04-30T01:26:22","modified_gmt":"2024-04-30T01:26:22","slug":"drafting-of-internal-policies-and-procedures","status":"publish","type":"page","link":"https:\/\/goldleafbvi.com\/es\/drafting-of-internal-policies-and-procedures\/","title":{"rendered":"Redacci\u00f3n de Pol\u00edticas y Procedimientos Internos"},"content":{"rendered":"<p>[et_pb_section fb_built=\u201d1\u2033 _builder_version=\u201d4.22.1\u2033 background_color=\u201d#000000\u2033 background_enable_image=\u201doff\u201d height_tablet=\u201d\u201d height_phone=\u201d620px\u201d height_last_edited=\u201don|phone\u201d max_height_tablet=\u201d\u201d max_height_phone=\u201d720px\u201d max_height_last_edited =\u201den|escritorio\u201d custom_padding=\u201d||||falso|falso\u201d bottom_divider_color=\u201d#FFFFFF\u201d scroll_vertical_motion=\u201d0|60|60|100|4|0|-4\u2033 scroll_blur=\u201d0|24|82|100 |10|0|0\u2033 background_last_edited=\u201doff|desktop\u201d use_background_color_gradient_phone=\u201don\u201d background_color_gradient_direction_phone=\u201d180deg\u201d background_color_gradient_stops_phone=\u201drgba(16,126,125,0.49) 0%|#107e7d 100% background_color_gradient_over\u201d lays_image_phone=\u201dactivado\u201d background_enable_mask_style_phone=\u201dapagado\u201d global_colors_info= \u201d{}\u201d][et_pb_row _builder_version=\u201d4.22.1\u2033 _module_preset=\u201ddefault\u201d custom_margin=\u201d||||false|false\u201d custom_margin_tablet=\u201d||||false|false\u201d custom_margin_phone=\u201d||||false| false\u201d custom_margin_last_edited=\u201don|desktop\u201d global_colors_info=\u201d{}\u201d][et_pb_column type=\u201d4_4\u2033 _builder_version=\u201d4.22.1\u2033 _module_preset=\u201ddefault\u201d global_colors_info=\u201d{}\u201d][et_pb_heading title=\u201dServicios legales regulatorios \u201d _builder_version=\u201d4.22.1\u2033 _module_preset=\u201ddefault\u201d title_text_align=\u201dcenter\u201d title_text_color=\u201d#B6903C\u201d title_font_size=\u201d70px\u201d global_colors_info=\u201d{}\u201d][\/et_pb_heading][\/et_pb_column][\/et_pb_row][\/et_pb_section ][et_pb_section fb_built=\u201d1\u2033 module_id=\u201dttdev-home-ie-services\u201d module_class=\u201dfixedsticky fixsticky_desktop fullwidth fullwidth-serv row-reverse\u201d _builder_version=\u201d4.22.1\u2033 background_color=\u201d#FFFFFF\u201d background_enable_image=\u201doff\u201d custom_padding =\u201d30px|0px|80px|0px|false|false\u201d global_colors_info=\u201d{}\u201d][et_pb_row _builder_version=\u201d4.22.1\u2033 _module_preset=\u201ddefault\u201d global_colors_info=\u201d{}\u201d][et_pb_column type=\u201d4_4\u2033 _builder_version =\u201d4.22.1\u2033 _module_preset=\u201ddefault\u201d global_colors_info=\u201d{}\u201d][et_pb_heading title=\u201dRedacci\u00f3n de Pol\u00edticas y Procedimientos Internos\u201d _builder_version=\u201d4.22.1\u2033 _module_preset=\u201ddefault\u201d title_level=\u201dh2\u2033 global_colors_info=\u201d {}\u201d][\/et_pb_heading][\/et_pb_column][\/et_pb_row][et_pb_row column_structure=\u201d3_4,1_4\u2033 _builder_version=\u201d4.22.1\u2033 _module_preset=\u201ddefault\u201d global_colors_info=\u201d{}\u201d][et_pb_column type=\u201d3_4 \u2033 _builder_version=\u201d4.22.1\u2033 _module_preset=\u201ddefault\u201d global_colors_info=\u201d{}\u201d][et_pb_text _builder_version=\u201d4.22.1\u2033 _module_preset=\u201ddefault\u201d global_colors_info=\u201d{}\u201d]<\/p>\n<p>En Gold Leaf Consulting, ofrecemos un enfoque \u00fanico para redactar pol\u00edticas y procedimientos internos dise\u00f1ados espec\u00edficamente para garantizar el cumplimiento normativo y una gesti\u00f3n eficaz de riesgos. Nuestro equipo se especializa en desarrollar manuales integrales de cumplimiento ALD, manuales de cumplimiento normativo, pol\u00edticas de sanciones y varios manuales de pol\u00edticas de riesgo, incluidas herramientas y pol\u00edticas de evaluaci\u00f3n de riesgos institucionales.<\/p>\n<p>Lo que nos distingue es nuestro compromiso de guiar a los clientes a trav\u00e9s del proceso de redacci\u00f3n de pol\u00edticas y procedimientos que no s\u00f3lo cumplan con la legislaci\u00f3n de BVI sino que tambi\u00e9n sean genuinamente efectivos en la pr\u00e1ctica. Entendemos que muchas empresas dependen de plantillas de pol\u00edticas gen\u00e9ricas que a menudo no logran abordar sus necesidades y requisitos regulatorios espec\u00edficos.<\/p>\n<p>Al trabajar estrechamente con nuestros clientes, profundizamos en sus operaciones para identificar riesgos potenciales y desarrollar pol\u00edticas y procedimientos personalizados que sean pr\u00e1cticos, procesables y reflejen las mejores pr\u00e1cticas de la industria. Nuestro objetivo es capacitar a nuestros clientes para que realicen sus negocios con confianza, sabiendo que cuentan con pol\u00edticas y procedimientos s\u00f3lidos para mitigar los riesgos y prevenir infracciones regulatorias.<\/p>\n<p>A trav\u00e9s de nuestro enfoque pr\u00e1ctico y experiencia en cumplimiento normativo, ayudamos a nuestros clientes a evitar los peligros de pol\u00edticas inadecuadas e ineficaces y, en \u00faltima instancia, salvaguardamos su reputaci\u00f3n y sus operaciones comerciales de la intervenci\u00f3n regulatoria. En Gold Leaf Consulting, nos dedicamos a garantizar que nuestros clientes tengan las herramientas y los recursos que necesitan para prosperar en un panorama regulatorio que cumple con las normas y est\u00e1 en constante evoluci\u00f3n.<\/p>\n<p>[\/et_pb_text][\/et_pb_column][et_pb_column type=\u201d1_4\u2033 _builder_version=\u201d4.22.1\u2033 _module_preset=\u201ddefault\u201d global_colors_info=\u201d{}\u201d][et_pb_code _builder_version=\u201d4.25.0\u2033 _module_preset=\u201ddefault\u201d text_orientation= \u201dcentro\u201d global_colors_info=\u201d{}\u201d]<svg xmlns=\"http:\/\/www.w3.org\/2000\/svg\" xml:space=\"preserve\" width=\"256px\" height=\"256px\" version=\"1.1\" style=\"shape-rendering:geometricPrecision; text-rendering:geometricPrecision; image-rendering:optimizeQuality; fill-rule:evenodd; clip-rule:evenodd\" viewbox=\"0 0 1706.66 1706.66\" xmlns:xlink=\"http:\/\/www.w3.org\/1999\/xlink\" xmlns:xodm=\"http:\/\/www.corel.com\/coreldraw\/odm\/2003\"><!-- [et_pb_line_break_holder] --> <defs><!-- [et_pb_line_break_holder] -->  <\/p>\n<style type=\"text\/css\"><!-- [et_pb_line_break_holder] -->   <!-- [et_pb_line_break_holder] -->    .fil0 {fill:#b6903c}<!-- [et_pb_line_break_holder] -->   <!-- [et_pb_line_break_holder] -->  <\/style>\n<p><!-- [et_pb_line_break_holder] --> <\/defs><!-- [et_pb_line_break_holder] --> <g id=\"Layer_x0020_1\"><!-- [et_pb_line_break_holder] -->  <metadata id=\"CorelCorpID_0Corel-Layer\"><\/metadata><!-- [et_pb_line_break_holder] -->  <path class=\"fil0\" d=\"M959.51 436.67l-472.14 0c-26.33,0 -26.33,-40 0,-40l472.15 0c26.35,0 26.34,40 -0.02,40z\"><\/path><!-- [et_pb_line_break_holder] -->  <path class=\"fil0\" d=\"M1060.69 651.59l-674.5 0c-26.33,0 -26.33,-40 0,-40l674.48 0c26.32,0 26.33,40 0.02,40z\"><\/path><!-- [et_pb_line_break_holder] -->  <path class=\"fil0\" d=\"M959.51 880.15l-472.14 0c-26.32,0 -26.33,-40 0,-40l472.15 0c26.36,0 26.33,40 -0.02,40z\"><\/path><!-- [et_pb_line_break_holder] -->  <path class=\"fil0\" d=\"M828.04 1095.07l-441.85 0c-26.32,0 -26.32,-40 0,-40l441.85 0c26.33,0 26.33,40 0,40z\"><\/path><!-- [et_pb_line_break_holder] -->  <path class=\"fil0\" d=\"M902.16 1309.99l-414.79 0c-26.32,0 -26.32,-40 0,-40l414.79 0c26.33,0 26.33,40 0,40z\"><\/path><!-- [et_pb_line_break_holder] -->  <path class=\"fil0\" d=\"M1146.27 1603.33l-1023.89 0c-26.33,0 -26.33,-40 0,-40l1023.89 0c30.79,0 55.85,-25.06 55.85,-55.85l0 -428.15c0,-26.33 40,-26.32 40,0l0 428.15c-0,52.85 -43,95.85 -95.85,95.85zm-921.5 -293.89c-11.04,0 -20,-8.97 -20,-20l0 -1090.26c0,-52.85 43,-95.85 95.83,-95.85l1023.89 0c26.33,0 26.32,40 0,40l-1023.89 0c-30.8,0 -55.85,25.06 -55.85,55.85l0 1090.26c0.02,11.03 -8.94,20 -19.98,20zm997.34 -535.37c-11.04,0 -20,-8.96 -20,-20l0 -336.84c0,-26.33 40,-26.33 40,0l0 336.84c0,11.06 -8.96,20 -20,20z\"><\/path><!-- [et_pb_line_break_holder] -->  <path class=\"fil0\" d=\"M1426.9 437.22l-204.78 0c-11.04,0 -20,-8.96 -20,-20l0 -191.5c0,-67.48 54.9,-122.39 122.39,-122.39 67.48,0 122.4,54.9 122.4,122.39l0 191.5c-0.01,11.06 -8.97,20 -20.01,20zm-184.78 -40l164.77 0 0 -171.5c0,-108.44 -164.78,-108.43 -164.78,0l0 171.5 0.01 0z\"><\/path><!-- [et_pb_line_break_holder] -->  <path class=\"fil0\" d=\"M122.39 1603.33c-67.48,0 -122.39,-54.91 -122.39,-122.41l0 -191.5c0,-11.04 8.96,-20 20,-20l204.78 0c11.04,0 20,8.97 20,20l0 191.5c0,67.5 -54.92,122.4 -122.39,122.4zm-82.41 -293.89l0 171.5c0,108.44 164.78,108.43 164.78,0l0 -171.5 -164.78 0z\"><\/path><!-- [et_pb_line_break_holder] -->  <path class=\"fil0\" d=\"M902.16 1309.99c-12.78,0 -22.47,-11.99 -19.48,-24.64 6.5,-27.51 50.31,-224.72 57.67,-233.31l506.85 -591.33c12.57,-14.67 36.72,-16.53 51.37,-3.96l135.76 116.36c15.25,13.07 17.01,36.13 3.94,51.37l-506.86 591.35c-6.72,7.84 -224.02,94.15 -229.26,94.15zm71.72 -235.59l-43.29 182.41 173.63 -70.69 501.4 -584.96 -130.35 -111.7 -501.39 584.94z\"><\/path><!-- [et_pb_line_break_holder] -->  <path class=\"fil0\" d=\"M1179.61 1148.87c-4.6,0 -9.23,-1.58 -13.01,-4.82l-160.71 -137.75c-20,-17.15 6.06,-47.5 26.04,-30.38l160.71 137.75c14.11,12.11 5.39,35.2 -13.03,35.2z\"><\/path><!-- [et_pb_line_break_holder] -->  <path class=\"fil0\" d=\"M1001.48 1269.54c-26.76,0 -12.33,-28.64 -38.25,-50.82 -24.79,-21.2 -55.97,-4.06 -56.29,-32.87 -0.47,-42.16 103.06,-18.41 114.38,60.86 1.72,12.01 -7.74,22.83 -19.84,22.83z\"><\/path><!-- [et_pb_line_break_holder] -->  <path class=\"fil0\" d=\"M1603.37 592.92c-4.6,0 -9.23,-1.59 -13.01,-4.82l-99.86 -85.6c-8.36,-7.17 -9.33,-19.84 -2.17,-28.19l73.43 -85.65c21.92,-25.56 60.64,-28.5 86.15,-6.63l37.44 32.1c25.57,21.91 28.56,60.56 6.64,86.15l-73.42 85.65c-3.97,4.62 -9.57,6.98 -15.21,6.98zm-71.65 -107.76l69.5 59.57c83.2,-97.07 84.24,-77.73 20.67,-132.33 -8.46,-7.28 -22.54,-6.13 -29.74,2.3l-60.43 70.46z\"><\/path><!-- [et_pb_line_break_holder] -->  <path class=\"fil0\" d=\"M1505.25 768.94c-4.6,0 -9.23,-1.59 -13.01,-4.82l-160.71 -137.74c-8.37,-7.18 -9.34,-19.84 -2.15,-28.19l66.88 -78.02c7.17,-8.39 19.81,-9.38 28.19,-2.17l160.69 137.75c8.39,7.2 9.36,19.82 2.17,28.19l-66.86 78.02c-3.94,4.6 -9.54,6.98 -15.2,6.98zm-132.5 -159.91l130.35 111.7 40.83 -47.64 -130.34 -111.72 -40.84 47.65z\"><\/path><!-- [et_pb_line_break_holder] -->  <path class=\"fil0\" d=\"M1116.23 1222.83c-4.6,0 -9.23,-1.58 -13.01,-4.82l-160.69 -137.74c-20,-17.16 6.06,-47.51 26.04,-30.38l160.69 137.74c14.13,12.11 5.38,35.2 -13.03,35.2z\"><\/path><!-- [et_pb_line_break_holder] -->  <path class=\"fil0\" d=\"M1433.27 968.4c-16.9,0 -26.35,-19.99 -15.18,-33.03l182.9 -213.37c-27.07,-23.2 -61.98,-43.18 -44.04,-64.07 7.19,-8.37 19.82,-9.38 28.21,-2.17 19.84,17.02 62.82,47.7 63.96,62.56 0.41,5.29 -1.31,10.52 -4.75,14.54l-195.9 228.58c-3.96,4.58 -9.56,6.96 -15.2,6.96z\"><\/path><!-- [et_pb_line_break_holder] --> <\/g><!-- [et_pb_line_break_holder] --><\/svg>[\/et_pb_code][\/et_pb_column][\/et_pb_row][\/et_pb_section][et_pb_section fb_built=\u201d1\u2033 _builder_version=\u201d4.22.1\u2033 _module_preset=\u201ddefault\u201d background_color=\u201d#b6903c\u201d background_enable_color=\u201doff\u201d use_background_color_gradient=\u201don\u201d background_color_gradient_direction=\u201d233deg\u201d background_color_gradient_stops=\u201d#b6903c 0%|rgba(181,181,181,0.35) 50%|#b6903c 100%\u201d bottom_divider_color=\u201d#FFFFFF\u201d Animation_direction=\u201dright\u201d 5700\u2033 save_tabs=\u201dtodos\u201d bloqueados=\u201dapagado\u201d global_colors_info=\u201d {}\u201d][et_pb_row _builder_version=\u201d4.25.0\u2033 _module_preset=\u201ddefault\u201d custom_margin=\u201d-30px||||false|false\u201d custom_margin_tablet=\u201d||||false|false\u201d custom_margin_phone=\u201d||||false |false\u201d custom_margin_last_edited=\u201den|escritorio\u201d custom_padding=\u201d||90px||false|false\u201d global_colors_info=\u201d{}\u201d][et_pb_column type=\u201d4_4\u2033 _builder_version=\u201d4.22.1\u2033 _module_preset=\u201ddefault\u201d global_colors_info= \u201d{}\u201d][et_pb_text _builder_version=\u201d4.22.1\u2033 _module_preset=\u201ddefault\u201d text_text_color=\u201d#B6903C\u201d text_font_size=\u201d18px\u201d link_text_color=\u201d#8A52FC\u201d header_4_text_color=\u201d#B6903C\u201d header_4_font_size=\u201d22px\u201d centro\u201d margen_personalizado =\u201d||29px|||\u201d global_colors_info=\u201d{}\u201d text_text_color__hover=\u201d#FFFFFF\u201d text_text_color__hover_enabled=\u201don|hover\u201d background_layout__hover=\u201ddark\u201d background_layout__hover_enabled=\u201don|hover\u201d]<\/p>\n<h4>\u00bfListo para trabajar con nosotros?<\/h4>\n<p>[\/et_pb_text][et_pb_text _builder_version=\u201d4.22.1\u2033 _module_preset=\u201ddefault\u201d link_text_color=\u201d#B6903C\u201d header_2_font=\u201d|700|||||||\u201d header_2_text_align=\u201dcenter\u201d header_2_text_color=\u201d#B6903C\u201d header_2_font_size=\u201d40px\u201d header_2_font_size_tablet=\u201d40px\u201d header_2_font_size_phone=\u201d25px\u201d header_2_font_size_last_edited=\u201don|phone\u201d global_colors_info=\u201d{}\u201d]<\/p>\n<h2><a href=\"#\">Gold Leaf<\/a> Consultor\u00eda Limitada<\/h2>\n<p>[\/et_pb_text][\/et_pb_column][\/et_pb_row][et_pb_row _builder_version=\u201d4.22.1\u2033 _module_preset=\u201ddefault\u201d custom_margin=\u201d-90px||||false|false\u201d custom_padding=\u201d||80px||false|false \u201d global_colors_info=\u201d{}\u201d][et_pb_column type=\u201d4_4\u2033 _builder_version=\u201d4.22.1\u2033 _module_preset=\u201ddefault\u201d global_colors_info=\u201d{}\u201d][et_pb_text _builder_version=\u201d4.25.0\u2033 _module_preset=\u201ddefault\u201d text_text_color= \u201d#000000\u2033 text_orientation=\u201dcentro\u201d global_colors_info=\u201d{}\u201d]<\/p>\n<p>Lun \u2013 Vie: 9:00 am \u2013 5:00 pm | Fines de semana: cerrado<\/p>\n<p>[\/et_pb_text][et_pb_textdisable_on=\u201doff|off|off\u201d _builder_version=\u201d4.25.0\u2033 _module_preset=\u201ddefault\u201d text_text_color=\u201d#000000\u2033 link_text_color=\u201d#000000\u2033 text_orientation=\u201dcenter\u201d custom_margin=\u201d-20px||| |false|false\u201d global_colors_info=\u201d{}\u201d background_layout__hover_enabled=\u201don|hover\u201d background_layout__hover=\u201ddark\u201d text_text_color__hover_enabled=\u201don|hover\u201d text_text_color__hover=\u201d#000000\u2033 link_text_color__hover_enabled=\u201don|hover\u201d link_text_color__hover=\u201d#B69 03C\u201d]<\/p>\n<p><a href=\"https:\/\/maps.app.goo.gl\/EBr5CUWZii3E4oxC6\" target=\"_blank\" rel=\"noopener\"><span>Unidades 6 y 7 Road Reef Plaza Prospect Reef\u00a0<\/span><\/a><\/p>\n<p>[\/et_pb_text][et_pb_textdisable_on=\u201doff|off|off\u201d _builder_version=\u201d4.25.0\u2033 _module_preset=\u201ddefault\u201d text_text_color=\u201d#000000\u2033 link_text_color=\u201d#000000\u2033 text_orientation=\u201dcenter\u201d custom_margin=\u201d-20px||| |false|false\u201d global_colors_info=\u201d{}\u201d background_layout__hover_enabled=\u201don|hover\u201d background_layout__hover=\u201ddark\u201d text_text_color__hover_enabled=\u201don|hover\u201d text_text_color__hover=\u201d#000000\u2033 link_text_color__hover_enabled=\u201don|hover\u201d link_text_color__hover=\u201d#B69 03C\u201d]<\/p>\n<p><i class=\"fa-solid fa-phone\"><\/i> : <a href=\"tel:12844949559\">1-284-494-9559<\/a><\/p>\n<p>[\/et_pb_text][et_pb_textdisable_on=\u201doff|off|off\u201d _builder_version=\u201d4.25.0\u2033 _module_preset=\u201ddefault\u201d text_text_color=\u201d#000000\u2033 link_text_color=\u201d#000000\u2033 text_orientation=\u201dcenter\u201d custom_margin=\u201d-20px||| |false|false\u201d global_colors_info=\u201d{}\u201d background_layout__hover_enabled=\u201don|hover\u201d background_layout__hover=\u201ddark\u201d text_text_color__hover_enabled=\u201don|hover\u201d text_text_color__hover=\u201d#000000\u2033 link_text_color__hover_enabled=\u201don|hover\u201d link_text_color__hover=\u201d#B69 03C\u201d]<\/p>\n<p><i class=\"fa-solid fa-envelope\"><\/i> : <a href=\"mailto:&quot;info@goldleafbvi.com&quot;\">info@goldleafbvi.com<\/a><\/p>\n<p>[\/et_pb_text][\/et_pb_column][\/et_pb_row][et_pb_row _builder_version=\u201d4.22.1\u2033 _module_preset=\u201ddefault\u201d custom_margin=\u201d-43px|auto||auto||\u201d global_colors_info=\u201d{}\u201d][et_pb_column type=\u201d4_4\u2033 _builder_version=\u201d4.22.1\u2033 _module_preset=\u201ddefault\u201d global_colors_info=\u201d{}\u201d][et_pb_button button_url=\u201dhttps:\/\/goldleafbvi.com\/contact-us\/ \u201d button_text=\u201dCont\u00e1ctenos\u201d button_alignment=\u201dcenter\u201d deshabilitado_on=\u201don|off|off\u201d _builder_version=\u201d4.25.0\u2033 _module_preset=\u201ddefault\u201d custom_button=\u201don\u201d button_text_size=\u201d22px\u201d button_text_color=\u201d#000000\u2033 button_icon= \u201dA||divi||400\u2033 button_text_size_tablet=\u201d22px\u201d button_text_size_phone=\u201d22px\u201d button_text_size_last_edited=\u201don|desktop\u201d global_colors_info=\u201d{}\u201d button_text_color__hover=\u201d#FFFFFF\u201d button_text_color__hover_enabled=\u201don|hover\u201d 0000\u2033 bot\u00f3n_bg_color__hover_enabled =\u201don|hover\u201d button_bg_enable_color__hover=\u201don\u201d][\/et_pb_button][\/et_pb_column][\/et_pb_row][\/et_pb_section]<\/p>","protected":false},"excerpt":{"rendered":"<p>At Gold Leaf Consulting, we offer a unique approach to drafting internal policies and procedures tailored specifically to ensure regulatory compliance and effective risk management. Our team specialises in developing comprehensive AML compliance manuals, regulatory compliance manuals, sanctions policies, and various risk policy manuals, including institutional risk assessment tools and policies. What sets us apart is our commitment to guiding clients through the process of drafting policies and procedures that are not only compliant with BVI legislation but also genuinely effective in practice. We understand that many businesses rely on generic template policies that often fall short in addressing their specific needs and regulatory requirements. By working closely with our clients, we delve deep into their operations to identify potential risks and develop customised policies and procedures that are practical, actionable, and reflective of best practices in the industry. Our goal is to empower our clients to conduct their business confidently, knowing that they have robust policies and procedures in place to mitigate risks and prevent regulatory breaches. Through our hands-on approach and expertise in regulatory compliance, we help our clients avoid the pitfalls of inadequate and ineffective policies, ultimately safeguarding their reputation and business operations from regulatory intervention. At [&hellip;]<\/p>","protected":false},"author":1,"featured_media":0,"parent":0,"menu_order":0,"comment_status":"closed","ping_status":"closed","template":"","meta":{"_et_pb_use_builder":"on","_et_pb_old_content":"","_et_gb_content_width":"","om_disable_all_campaigns":false,"footnotes":""},"class_list":["post-6062","page","type-page","status-publish","hentry"],"rttpg_featured_image_url":null,"rttpg_author":{"display_name":"aamwebdevelopment","author_link":"https:\/\/goldleafbvi.com\/es\/author\/aamwebdevelopment\/"},"rttpg_comment":0,"rttpg_category":null,"rttpg_excerpt":"At Gold Leaf Consulting, we offer a unique approach to drafting internal policies and procedures tailored specifically to ensure regulatory compliance and effective risk management. Our team specialises in developing comprehensive AML compliance manuals, regulatory compliance manuals, sanctions policies, and various risk policy manuals, including institutional risk assessment tools and policies. What sets us apart&hellip;","_links":{"self":[{"href":"https:\/\/goldleafbvi.com\/es\/wp-json\/wp\/v2\/pages\/6062","targetHints":{"allow":["GET"]}}],"collection":[{"href":"https:\/\/goldleafbvi.com\/es\/wp-json\/wp\/v2\/pages"}],"about":[{"href":"https:\/\/goldleafbvi.com\/es\/wp-json\/wp\/v2\/types\/page"}],"author":[{"embeddable":true,"href":"https:\/\/goldleafbvi.com\/es\/wp-json\/wp\/v2\/users\/1"}],"replies":[{"embeddable":true,"href":"https:\/\/goldleafbvi.com\/es\/wp-json\/wp\/v2\/comments?post=6062"}],"version-history":[{"count":4,"href":"https:\/\/goldleafbvi.com\/es\/wp-json\/wp\/v2\/pages\/6062\/revisions"}],"predecessor-version":[{"id":6618,"href":"https:\/\/goldleafbvi.com\/es\/wp-json\/wp\/v2\/pages\/6062\/revisions\/6618"}],"wp:attachment":[{"href":"https:\/\/goldleafbvi.com\/es\/wp-json\/wp\/v2\/media?parent=6062"}],"curies":[{"name":"gracias","href":"https:\/\/api.w.org\/{rel}","templated":true}]}}