{"id":6054,"date":"2024-03-23T00:21:17","date_gmt":"2024-03-23T00:21:17","guid":{"rendered":"https:\/\/template9.aamwebdevelopment.com\/?page_id=6054"},"modified":"2024-06-01T16:26:15","modified_gmt":"2024-06-01T16:26:15","slug":"regulatory-consulting","status":"publish","type":"page","link":"https:\/\/goldleafbvi.com\/es\/regulatory-consulting\/","title":{"rendered":"Consultor\u00eda regulatoria"},"content":{"rendered":"<p>[et_pb_section fb_built=\u201d1\u2033 _builder_version=\u201d4.25.0\u2033 background_color=\u201d#000000\u2033 background_enable_image=\u201doff\u201d height_tablet=\u201d\u201d height_phone=\u201d\u201d height_last_edited=\u201don|phone\u201d max_height_tablet=\u201d\u201d max_height_phone=\u201d\u201d max_height_last_edited=\u201d en|escritorio\u201d custom_padding=\u201d||||false|false\u201d bottom_divider_color=\u201d#FFFFFF\u201d scroll_vertical_motion=\u201d0|60|60|100|4|0|-4\u2033 scroll_blur=\u201d0|24|82|100|10 |0|0\u2033 background_last_edited=\u201doff|desktop\u201d use_background_color_gradient_phone=\u201don\u201d background_color_gradient_direction_phone=\u201d180deg\u201d background_color_gradient_stops_phone=\u201drgba(16,126,125,0.49) 0%|#107e7d 100%\u201d image_phone=\u201dactivado\u201d background_enable_mask_style_phone=\u201ddesactivado\u201d global_colors_info=\u201d{ }\u201d][et_pb_row _builder_version=\u201d4.22.1\u2033 _module_preset=\u201ddefault\u201d custom_margin=\u201d||||false|false\u201d custom_margin_tablet=\u201d||||false|false\u201d custom_margin_phone=\u201d||||false|false\u201d custom_margin_last_edited=\u201don|desktop\u201d global_colors_info=\u201d{}\u201d][et_pb_column type=\u201d4_4\u2033 _builder_version=\u201d4.22.1\u2033 _module_preset=\u201ddefault\u201d global_colors_info=\u201d{}\u201d][et_pb_heading title=\u201dServicios legales regulatorios\u201d _builder_version =\u201d4.25.0\u2033 _module_preset=\u201ddefault\u201d title_text_align=\u201dcenter\u201d title_text_color=\u201d#B6903C\u201d title_font_size=\u201d70px\u201d global_colors_info=\u201d{}\u201d][\/et_pb_heading][\/et_pb_column][\/et_pb_row][\/et_pb_section][ et_pb_section fb_built=\u201d1\u2033 module_id=\u201dttdev-home-ie-services\u201d module_class=\u201dfixedsticky fixsticky_desktop fullwidth fullwidth-serv row-reverse\u201d _builder_version=\u201d4.22.1\u2033 background_color=\u201d#FFFFFF\u201d background_enable_image=\u201doff\u201d custom_padding=\u201d 30px|0px|80px|0px|false|false\u201d global_colors_info=\u201d{}\u201d][et_pb_row _builder_version=\u201d4.22.1\u2033 _module_preset=\u201ddefault\u201d global_colors_info=\u201d{}\u201d][et_pb_column type=\u201d4_4\u2033 _builder_version=\u201d 4.22.1\u2033 _module_preset=\u201ddefault\u201d global_colors_info=\u201d{}\u201d][et_pb_heading title=\u201dServicios de asesoramiento regulatorio legal\u201d _builder_version=\u201d4.25.0\u2033 _module_preset=\u201ddefault\u201d title_level=\u201dh2\u2033 global_colors_info=\u201d{}\u201d] [\/et_pb_heading][\/et_pb_column][\/et_pb_row][et_pb_row column_structure=\u201d3_4,1_4\u2033 _builder_version=\u201d4.22.1\u2033 _module_preset=\u201ddefault\u201d global_colors_info=\u201d{}\u201d][et_pb_column type=\u201d3_4\u2033 _builder_version=\u201d 4.22.1\u2033 _module_preset=\u201ddefault\u201d global_colors_info=\u201d{}\u201d][et_pb_text _builder_version=\u201d4.25.0\u2033 _module_preset=\u201ddefault\u201d global_colors_info=\u201d{}\u201d]<\/p>\n<p>Nuestra pr\u00e1ctica de consultor\u00eda regulatoria en Gold Leaf Consulting est\u00e1 dise\u00f1ada para abordar las diversas necesidades de nuestros clientes. Nos especializamos en brindar servicios a la medida <span>asesor\u00eda y consultor\u00eda legal regulatoria <\/span>servicios a una variedad de entidades, incluidas organizaciones autorizadas, aspirantes a licenciatarios, personas de alto patrimonio neto y empresas y profesionales de servicios no financieros designados.<\/p>\n<p>Navegar por el intrincado panorama de los requisitos regulatorios puede ser un desaf\u00edo, por lo que nuestro equipo de profesionales experimentados est\u00e1 aqu\u00ed para ofrecer asesoramiento legal y regulatorio experto. Ayudamos a nuestros clientes a comprender sus obligaciones y desarrollar soluciones efectivas para cumplirlas.<\/p>\n<p>Ya sea que nuestros clientes necesiten asesoramiento regulatorio ad hoc o soporte continuo, ofrecemos soluciones flexibles adaptadas a sus necesidades espec\u00edficas. A trav\u00e9s de nuestro servicio de consultor\u00eda regulatoria, los clientes obtienen acceso a un equipo dedicado de expertos, que brinda apoyo proactivo similar a tener un abogado regulatorio general a tiempo completo a su disposici\u00f3n.<\/p>\n<p>Con nuestro soporte regulatorio proactivo, los clientes pueden adelantarse a los desaf\u00edos de cumplimiento y mitigar los riesgos potenciales. Colaboramos estrechamente con nuestros clientes para desarrollar estrategias personalizadas e implementar mejores pr\u00e1cticas, garantizando el cumplimiento normativo y mejorando el \u00e9xito empresarial general.<\/p>\n<p>En Gold Leaf Consulting, somos m\u00e1s que simples consultores; Somos socios confiables en excelencia regulatoria. Ya sea usted una entidad establecida, un aspirante a licenciatario o una persona con un alto patrimonio, estamos comprometidos a brindarle la orientaci\u00f3n y el apoyo que necesita para navegar el panorama regulatorio con confianza y lograr sus objetivos comerciales.<\/p>\n<p>[\/et_pb_text][\/et_pb_column][et_pb_column type=\u201d1_4\u2033 _builder_version=\u201d4.22.1\u2033 _module_preset=\u201ddefault\u201d global_colors_info=\u201d{}\u201d][et_pb_code _builder_version=\u201d4.25.0\u2033 _module_preset=\u201ddefault\u201d text_orientation= \u201dcentro\u201d custom_margin=\u201d-50px||||false|false\u201d custom_margin_tablet=\u201d0px||||false|false\u201d custom_margin_phone=\u201d0px||||false|false\u201d custom_margin_last_edited=\u201don|phone\u201d module_alignment_tablet=\u201d centro\u201d module_alignment_phone=\u201dcentro\u201d module_alignment_last_edited=\u201den|tableta\u201d global_colors_info=\u201d{}\u201d]<svg xmlns=\"http:\/\/www.w3.org\/2000\/svg\" xml:space=\"preserve\" width=\"1.70666in\" height=\"256px\" version=\"256px\" style=\"shape-rendering:geometricPrecision; text-rendering:geometricPrecision; image-rendering:optimizeQuality; fill-rule:evenodd; clip-rule:evenodd\" viewbox=\"0 0 1707 1707\" xmlns:xlink=\"http:\/\/www.w3.org\/1999\/xlink\"><!-- [et_pb_line_break_holder] --> <defs><!-- [et_pb_line_break_holder] -->  <\/p>\n<style type=\"text\/css\"><!-- [et_pb_line_break_holder] -->   <!-- [et_pb_line_break_holder] -->    .fil0 {fill:#b6903c}<!-- [et_pb_line_break_holder] -->   <!-- [et_pb_line_break_holder] -->  <\/style>\n<p><!-- [et_pb_line_break_holder] --> <\/defs><!-- [et_pb_line_break_holder] --> <g id=\"Layer_x0020_1\"><!-- [et_pb_line_break_holder] -->  <metadata id=\"CorelCorpID_0Corel-Layer\"><\/metadata><!-- [et_pb_line_break_holder] -->  <g id=\"_401519384\"><!-- [et_pb_line_break_holder] -->   <g><!-- [et_pb_line_break_holder] -->    <g><!-- [et_pb_line_break_holder] -->     <path class=\"fil0\" d=\"M1553 1393c-1,0 -1,0 -3,0 -30,0 -58,-13 -77,-35l-575 -636c-8,-10 -8,-25 2,-35 9,-8 25,-8 34,1l575 637c11,11 25,18 43,18 19,0 40,-8 54,-22l32 -34c13,-13 22,-34 20,-54 -1,-16 -8,-32 -19,-41l-652 -556c-10,-9 -11,-24 -3,-35 9,-10 24,-11 35,-3l650 558c23,19 37,45 38,76 1,33 -11,67 -35,90l-32 33c-23,25 -55,38 -87,38z\"><\/path><!-- [et_pb_line_break_holder] -->    <\/g><!-- [et_pb_line_break_holder] -->    <g><!-- [et_pb_line_break_holder] -->     <path class=\"fil0\" d=\"M1206 551c-16,0 -32,-6 -44,-18l-305 -297c-13,-11 -20,-28 -20,-44 0,-18 7,-35 20,-47l101 -104c11,-13 28,-20 46,-20 0,0 1,0 1,0 17,0 33,7 45,18l305 296c25,25 26,66 1,91l-103 104c-13,15 -30,21 -47,21zm-204 -480c0,0 0,0 0,0 -4,0 -8,2 -11,4l-101 104c0,0 0,0 0,0 -3,3 -6,7 -6,13 0,3 0,7 5,10l305 296c5,6 16,6 22,0l103 -104c5,-5 5,-16 -2,-23l-304 -296c-4,-4 -8,-4 -11,-4zm-130 92l0 0 0 0z\"><\/path><!-- [et_pb_line_break_holder] -->    <\/g><!-- [et_pb_line_break_holder] -->    <g><!-- [et_pb_line_break_holder] -->     <path class=\"fil0\" d=\"M778 873c-6,0 -13,-3 -17,-7 -10,-10 -10,-25 0,-35l361 -372c9,-9 25,-9 34,0 10,10 10,25 0,35l-360 372c-6,4 -11,7 -18,7zm-247 -239c-6,0 -13,-3 -17,-7 -10,-9 -10,-25 0,-34l361 -372c9,-10 25,-10 34,0 10,10 10,25 0,35l-360 371c-6,4 -11,7 -18,7z\"><\/path><!-- [et_pb_line_break_holder] -->    <\/g><!-- [et_pb_line_break_holder] -->    <g><!-- [et_pb_line_break_holder] -->     <path class=\"fil0\" d=\"M689 1085c-17,0 -32,-6 -44,-18l-306 -297c-12,-11 -19,-28 -19,-46 0,-18 7,-33 18,-45l101 -104c27,-27 67,-27 92,0l305 295c12,11 19,28 19,46 0,16 -5,33 -18,46l-102 105c-13,12 -29,18 -46,18zm-205 -481c-4,0 -9,1 -11,5l-100 104c0,0 0,0 0,0 -4,4 -4,9 -4,11 0,5 1,9 4,11l305 297c5,6 16,6 22,0l103 -105c2,-3 4,-7 4,-11 0,-3 0,-7 -4,-11l-305 -296c-6,-3 -10,-5 -14,-5zm-129 93l0 0 0 0z\"><\/path><!-- [et_pb_line_break_holder] -->    <\/g><!-- [et_pb_line_break_holder] -->    <g><!-- [et_pb_line_break_holder] -->     <path class=\"fil0\" d=\"M779 1685l-754 0c-14,0 -25,-11 -25,-25l0 -72c0,-52 44,-95 95,-95l613 0c53,0 96,43 96,95l0 72c0,14 -11,25 -25,25zm-731 -48l708 0 0 -47c0,-27 -21,-47 -48,-47l-613 0c-25,0 -47,22 -47,47l0 47z\"><\/path><!-- [et_pb_line_break_holder] -->    <\/g><!-- [et_pb_line_break_holder] -->    <g><!-- [et_pb_line_break_holder] -->     <path class=\"fil0\" d=\"M701 1541c-13,0 -25,-11 -25,-25l0 -52c0,-16 -12,-30 -29,-30l-491 0c-15,0 -29,13 -29,30l0 52c0,14 -11,25 -25,25 -14,0 -25,-11 -25,-25l0 -52c0,-43 35,-78 78,-78l491 0c43,0 78,35 78,78l0 52c1,14 -10,25 -23,25z\"><\/path><!-- [et_pb_line_break_holder] -->    <\/g><!-- [et_pb_line_break_holder] -->    <g><!-- [et_pb_line_break_holder] -->     <path class=\"fil0\" d=\"M341 1285l-157 0c-14,0 -25,-11 -25,-25 0,-14 11,-25 25,-25l158 0c14,0 25,11 25,25 0,14 -12,25 -26,25z\"><\/path><!-- [et_pb_line_break_holder] -->    <\/g><!-- [et_pb_line_break_holder] -->    <g><!-- [et_pb_line_break_holder] -->     <path class=\"fil0\" d=\"M346 1125c-4,0 -7,-1 -11,-3l-143 -69c-12,-6 -16,-21 -11,-32 6,-12 21,-17 32,-11l143 69c13,6 17,21 11,32 -3,9 -11,14 -21,14z\"><\/path><!-- [et_pb_line_break_holder] -->    <\/g><!-- [et_pb_line_break_holder] -->   <\/g><!-- [et_pb_line_break_holder] -->  <\/g><!-- [et_pb_line_break_holder] --> <\/g><!-- [et_pb_line_break_holder] --><\/svg>[\/et_pb_code][\/et_pb_column][\/et_pb_row][\/et_pb_section][et_pb_section fb_built=\u201d1\u2033 _builder_version=\u201d4.22.1\u2033 _module_preset=\u201ddefault\u201d background_color=\u201d#b6903c\u201d background_enable_color=\u201doff\u201d use_background_color_gradient=\u201don\u201d background_color_gradient_direction=\u201d233deg\u201d background_color_gradient_stops=\u201d#b6903c 0%|rgba(181,181,181,0.35) 50%|#b6903c 100%\u201d bottom_divider_color=\u201d#FFFFFF\u201d Animation_direction=\u201dright\u201d 5700\u2033 save_tabs=\u201dtodos\u201d bloqueados=\u201dapagado\u201d global_colors_info=\u201d {}\u201d][et_pb_row _builder_version=\u201d4.25.0\u2033 _module_preset=\u201ddefault\u201d custom_margin=\u201d-30px||||false|false\u201d custom_margin_tablet=\u201d||||false|false\u201d custom_margin_phone=\u201d||||false |false\u201d custom_margin_last_edited=\u201den|escritorio\u201d custom_padding=\u201d||90px||false|false\u201d global_colors_info=\u201d{}\u201d][et_pb_column type=\u201d4_4\u2033 _builder_version=\u201d4.22.1\u2033 _module_preset=\u201ddefault\u201d global_colors_info= \u201d{}\u201d][et_pb_text _builder_version=\u201d4.22.1\u2033 _module_preset=\u201ddefault\u201d text_text_color=\u201d#B6903C\u201d text_font_size=\u201d18px\u201d link_text_color=\u201d#8A52FC\u201d header_4_text_color=\u201d#B6903C\u201d header_4_font_size=\u201d22px\u201d centro\u201d margen_personalizado =\u201d||29px|||\u201d global_colors_info=\u201d{}\u201d text_text_color__hover=\u201d#FFFFFF\u201d text_text_color__hover_enabled=\u201don|hover\u201d background_layout__hover=\u201ddark\u201d background_layout__hover_enabled=\u201don|hover\u201d]<\/p>\n<h4>\u00bfListo para trabajar con nosotros?<\/h4>\n<p>[\/et_pb_text][et_pb_text _builder_version=\u201d4.22.1\u2033 _module_preset=\u201ddefault\u201d link_text_color=\u201d#B6903C\u201d header_2_font=\u201d|700|||||||\u201d header_2_text_align=\u201dcenter\u201d header_2_text_color=\u201d#B6903C\u201d header_2_font_size=\u201d40px\u201d header_2_font_size_tablet=\u201d40px\u201d header_2_font_size_phone=\u201d25px\u201d header_2_font_size_last_edited=\u201don|phone\u201d global_colors_info=\u201d{}\u201d]<\/p>\n<h2><a href=\"#\">Gold Leaf<\/a> Consultor\u00eda Limitada<\/h2>\n<p>[\/et_pb_text][\/et_pb_column][\/et_pb_row][et_pb_row _builder_version=\u201d4.22.1\u2033 _module_preset=\u201ddefault\u201d custom_margin=\u201d-90px||||false|false\u201d custom_padding=\u201d||80px||false|false \u201d global_colors_info=\u201d{}\u201d][et_pb_column type=\u201d4_4\u2033 _builder_version=\u201d4.22.1\u2033 _module_preset=\u201ddefault\u201d global_colors_info=\u201d{}\u201d][et_pb_text _builder_version=\u201d4.25.0\u2033 _module_preset=\u201ddefault\u201d text_text_color= \u201d#000000\u2033 text_orientation=\u201dcentro\u201d global_colors_info=\u201d{}\u201d]<\/p>\n<p>Lun \u2013 Vie: 9:00 am \u2013 5:00 pm | Fines de semana: cerrado<\/p>\n<p>[\/et_pb_text][et_pb_textdisable_on=\u201doff|off|off\u201d _builder_version=\u201d4.25.0\u2033 _module_preset=\u201ddefault\u201d text_text_color=\u201d#000000\u2033 link_text_color=\u201d#000000\u2033 text_orientation=\u201dcenter\u201d custom_margin=\u201d-20px||| |false|false\u201d global_colors_info=\u201d{}\u201d background_layout__hover_enabled=\u201don|hover\u201d background_layout__hover=\u201ddark\u201d text_text_color__hover_enabled=\u201don|hover\u201d text_text_color__hover=\u201d#000000\u2033 link_text_color__hover_enabled=\u201don|hover\u201d link_text_color__hover=\u201d#B69 03C\u201d]<\/p>\n<p><a href=\"https:\/\/maps.app.goo.gl\/EBr5CUWZii3E4oxC6\" target=\"_blank\" rel=\"noopener\"><span>Unidades 6 y 7 Road Reef Plaza Prospect Reef\u00a0<\/span><\/a><\/p>\n<p>[\/et_pb_text][et_pb_textdisable_on=\u201doff|off|off\u201d _builder_version=\u201d4.25.0\u2033 _module_preset=\u201ddefault\u201d text_text_color=\u201d#000000\u2033 link_text_color=\u201d#000000\u2033 text_orientation=\u201dcenter\u201d custom_margin=\u201d-20px||| |false|false\u201d global_colors_info=\u201d{}\u201d background_layout__hover_enabled=\u201don|hover\u201d background_layout__hover=\u201ddark\u201d text_text_color__hover_enabled=\u201don|hover\u201d text_text_color__hover=\u201d#000000\u2033 link_text_color__hover_enabled=\u201don|hover\u201d link_text_color__hover=\u201d#B69 03C\u201d]<\/p>\n<p><i class=\"fa-solid fa-phone\"><\/i> : <a href=\"tel:12844949559\">1-284-494-9559<\/a><\/p>\n<p>[\/et_pb_text][et_pb_textdisable_on=\u201doff|off|off\u201d _builder_version=\u201d4.25.0\u2033 _module_preset=\u201ddefault\u201d text_text_color=\u201d#000000\u2033 link_text_color=\u201d#000000\u2033 text_orientation=\u201dcenter\u201d custom_margin=\u201d-20px||| |false|false\u201d global_colors_info=\u201d{}\u201d background_layout__hover_enabled=\u201don|hover\u201d background_layout__hover=\u201ddark\u201d text_text_color__hover_enabled=\u201don|hover\u201d text_text_color__hover=\u201d#000000\u2033 link_text_color__hover_enabled=\u201don|hover\u201d link_text_color__hover=\u201d#B69 03C\u201d]<\/p>\n<p><i class=\"fa-solid fa-envelope\"><\/i> : <a href=\"mailto:&quot;info@goldleafbvi.com&quot;\">info@goldleafbvi.com<\/a><\/p>\n<p>[\/et_pb_text][\/et_pb_column][\/et_pb_row][et_pb_row _builder_version=\u201d4.22.1\u2033 _module_preset=\u201ddefault\u201d custom_margin=\u201d-43px|auto||auto||\u201d global_colors_info=\u201d{}\u201d][et_pb_column type=\u201d4_4\u2033 _builder_version=\u201d4.22.1\u2033 _module_preset=\u201ddefault\u201d global_colors_info=\u201d{}\u201d][et_pb_button button_url=\u201dhttps:\/\/goldleafbvi.com\/contact-us\/ \u201d button_text=\u201dCont\u00e1ctenos\u201d button_alignment=\u201dcenter\u201d deshabilitado_on=\u201don|off|off\u201d _builder_version=\u201d4.25.0\u2033 _module_preset=\u201ddefault\u201d custom_button=\u201don\u201d button_text_size=\u201d22px\u201d button_text_color=\u201d#000000\u2033 button_icon= \u201dA||divi||400\u2033 button_text_size_tablet=\u201d22px\u201d button_text_size_phone=\u201d22px\u201d button_text_size_last_edited=\u201don|desktop\u201d global_colors_info=\u201d{}\u201d button_text_color__hover=\u201d#FFFFFF\u201d button_text_color__hover_enabled=\u201don|hover\u201d 0000\u2033 bot\u00f3n_bg_color__hover_enabled =\u201don|hover\u201d button_bg_enable_color__hover=\u201don\u201d][\/et_pb_button][\/et_pb_column][\/et_pb_row][\/et_pb_section]<\/p>","protected":false},"excerpt":{"rendered":"<p>Our regulatory consulting practice at Gold Leaf Consulting is designed to address the diverse needs of our clients. We specialize in providing tailored legal regulatory advisory and consulting services to a range of entities, including licensed organizations, aspiring licensees, high-net-worth individuals, and designated non-financial services businesses and professionals. Navigating the intricate landscape of regulatory requirements can be challenging, which is why our team of seasoned professionals is here to offer expert legal and regulatory advice. We assist our clients in understanding their obligations and developing effective solutions to meet them. Whether our clients need ad hoc regulatory advice or ongoing support, we offer flexible solutions tailored to their specific needs. Through our retainer regulatory consulting service, clients gain access to a dedicated team of experts, providing proactive support akin to having a full-time General Counsel Regulatory attorney at their disposal. With our proactive regulatory support, clients can stay ahead of compliance challenges and mitigate potential risks. We collaborate closely with our clients to develop customized strategies and implement best practices, ensuring regulatory compliance and enhancing overall business success. At Gold Leaf Consulting, we are more than just consultants; we are trusted partners in regulatory excellence. Whether you are an established [&hellip;]<\/p>","protected":false},"author":1,"featured_media":0,"parent":0,"menu_order":0,"comment_status":"closed","ping_status":"closed","template":"","meta":{"_et_pb_use_builder":"on","_et_pb_old_content":"","_et_gb_content_width":"","om_disable_all_campaigns":false,"footnotes":""},"class_list":["post-6054","page","type-page","status-publish","hentry"],"rttpg_featured_image_url":null,"rttpg_author":{"display_name":"aamwebdevelopment","author_link":"https:\/\/goldleafbvi.com\/es\/author\/aamwebdevelopment\/"},"rttpg_comment":0,"rttpg_category":null,"rttpg_excerpt":"Our regulatory consulting practice at Gold Leaf Consulting is designed to address the diverse needs of our clients. We specialize in providing tailored legal regulatory advisory and consulting services to a range of entities, including licensed organizations, aspiring licensees, high-net-worth individuals, and designated non-financial services businesses and professionals. Navigating the intricate landscape of regulatory requirements&hellip;","_links":{"self":[{"href":"https:\/\/goldleafbvi.com\/es\/wp-json\/wp\/v2\/pages\/6054","targetHints":{"allow":["GET"]}}],"collection":[{"href":"https:\/\/goldleafbvi.com\/es\/wp-json\/wp\/v2\/pages"}],"about":[{"href":"https:\/\/goldleafbvi.com\/es\/wp-json\/wp\/v2\/types\/page"}],"author":[{"embeddable":true,"href":"https:\/\/goldleafbvi.com\/es\/wp-json\/wp\/v2\/users\/1"}],"replies":[{"embeddable":true,"href":"https:\/\/goldleafbvi.com\/es\/wp-json\/wp\/v2\/comments?post=6054"}],"version-history":[{"count":5,"href":"https:\/\/goldleafbvi.com\/es\/wp-json\/wp\/v2\/pages\/6054\/revisions"}],"predecessor-version":[{"id":6617,"href":"https:\/\/goldleafbvi.com\/es\/wp-json\/wp\/v2\/pages\/6054\/revisions\/6617"}],"wp:attachment":[{"href":"https:\/\/goldleafbvi.com\/es\/wp-json\/wp\/v2\/media?parent=6054"}],"curies":[{"name":"gracias","href":"https:\/\/api.w.org\/{rel}","templated":true}]}}