{"id":5544,"date":"2024-01-29T20:53:20","date_gmt":"2024-01-29T20:53:20","guid":{"rendered":"https:\/\/template9.aamwebdevelopment.com\/?page_id=5544"},"modified":"2024-01-29T20:53:20","modified_gmt":"2024-01-29T20:53:20","slug":"st-lucia","status":"publish","type":"page","link":"https:\/\/goldleafbvi.com\/es\/st-lucia\/","title":{"rendered":"St Lucia"},"content":{"rendered":"<p>[et_pb_section fb_built=&#8221;1&#8243; _builder_version=&#8221;4.22.1&#8243; background_color=&#8221;#000000&#8243; height_tablet=&#8221;&#8221; height_phone=&#8221;&#8221; height_last_edited=&#8221;on|phone&#8221; max_height_tablet=&#8221;&#8221; max_height_phone=&#8221;720px&#8221; max_height_last_edited=&#8221;on|desktop&#8221; custom_padding=&#8221;||||false|false&#8221; bottom_divider_color=&#8221;#FFFFFF&#8221; scroll_vertical_motion=&#8221;0|60|60|100|4|0|-4&#8243; scroll_blur=&#8221;0|24|82|100|10|0|0&#8243; hover_enabled=&#8221;0&#8243; background_last_edited=&#8221;off|desktop&#8221; use_background_color_gradient_phone=&#8221;on&#8221; background_color_gradient_direction_phone=&#8221;180deg&#8221; background_color_gradient_stops_phone=&#8221;rgba(16,126,125,0.49) 0%|#107e7d 100%&#8221; background_color_gradient_overlays_image_phone=&#8221;on&#8221; background_enable_mask_style_phone=&#8221;off&#8221; global_colors_info=&#8221;{}&#8221; background_enable_image=&#8221;off&#8221; sticky_enabled=&#8221;0&#8243;][et_pb_row _builder_version=&#8221;4.22.1&#8243; _module_preset=&#8221;default&#8221; custom_margin=&#8221;||||false|false&#8221; custom_margin_tablet=&#8221;||||false|false&#8221; custom_margin_phone=&#8221;||||false|false&#8221; custom_margin_last_edited=&#8221;on|desktop&#8221; custom_padding=&#8221;||80px||false|false&#8221; global_colors_info=&#8221;{}&#8221;][et_pb_column type=&#8221;4_4&#8243; _builder_version=&#8221;4.22.1&#8243; _module_preset=&#8221;default&#8221; global_colors_info=&#8221;{}&#8221;][et_pb_text disabled_on=&#8221;off|off|off&#8221; admin_label=&#8221;Text&#8221; _builder_version=&#8221;4.22.1&#8243; _module_preset=&#8221;default&#8221; link_text_align=&#8221;center&#8221; link_text_color=&#8221;#B6903C&#8221; header_font=&#8221;||||||||&#8221; header_text_align=&#8221;center&#8221; header_text_color=&#8221;#B6903C&#8221; header_font_size=&#8221;70px&#8221; header_letter_spacing=&#8221;5px&#8221; header_line_height=&#8221;1.5em&#8221; horizontal_offset=&#8221;182px&#8221; vertical_offset_tablet=&#8221;&#8221; vertical_offset_phone=&#8221;13px&#8221; vertical_offset_last_edited=&#8221;on|phone&#8221; horizontal_offset_tablet=&#8221;138px&#8221; horizontal_offset_phone=&#8221;0px&#8221; horizontal_offset_last_edited=&#8221;on|desktop&#8221; position_origin_a_tablet=&#8221;&#8221; position_origin_a_phone=&#8221;&#8221; position_origin_a_last_edited=&#8221;on|desktop&#8221; position_origin_f_tablet=&#8221;&#8221; position_origin_f_phone=&#8221;&#8221; position_origin_f_last_edited=&#8221;on|desktop&#8221; position_origin_r_tablet=&#8221;&#8221; position_origin_r_phone=&#8221;&#8221; position_origin_r_last_edited=&#8221;on|desktop&#8221; custom_margin=&#8221;||||false|false&#8221; custom_margin_tablet=&#8221;||||false|false&#8221; custom_margin_phone=&#8221;||||false|false&#8221; custom_margin_last_edited=&#8221;on|phone&#8221; custom_padding_tablet=&#8221;&#8221; custom_padding_phone=&#8221;||10px||false|false&#8221; custom_padding_last_edited=&#8221;on|phone&#8221; hover_enabled=&#8221;0&#8243; header_font_size_tablet=&#8221;40px&#8221; header_font_size_phone=&#8221;30px&#8221; header_font_size_last_edited=&#8221;on|phone&#8221; positioning_tablet=&#8221;none&#8221; positioning_phone=&#8221;none&#8221; positioning_last_edited=&#8221;on|desktop&#8221; global_colors_info=&#8221;{}&#8221; sticky_enabled=&#8221;0&#8243;]<\/p>\n<h1>Oficina de Santa Luc\u00eda<\/h1>\n<p>[\/et_pb_text][\/et_pb_column][\/et_pb_row][\/et_pb_section][et_pb_section fb_built=&#8221;1&#8243; module_id=&#8221;ttdev-home-ie-services&#8221; module_class=&#8221;fixedsticky fixedsticky_desktop fullwidth fullwidth-serv row-reverse&#8221; _builder_version=&#8221;4.22.1&#8243; background_color=&#8221;#FFFFFF&#8221; background_enable_image=&#8221;off&#8221; custom_padding=&#8221;30px|0px|80px|0px|false|false&#8221; hover_enabled=&#8221;0&#8243; global_colors_info=&#8221;{}&#8221; sticky_enabled=&#8221;0&#8243; border_width_bottom=&#8221;3px&#8221; border_color_bottom=&#8221;#B6903C&#8221;][et_pb_row _builder_version=&#8221;4.22.1&#8243; _module_preset=&#8221;default&#8221; global_colors_info=&#8221;{}&#8221;][et_pb_column type=&#8221;4_4&#8243; _builder_version=&#8221;4.22.1&#8243; _module_preset=&#8221;default&#8221; global_colors_info=&#8221;{}&#8221;][et_pb_text _builder_version=&#8221;4.22.1&#8243; _module_preset=&#8221;default&#8221; link_text_color=&#8221;#b6903c&#8221; global_colors_info=&#8221;{}&#8221;]<\/p>\n<h2>\u00a1Bienvenido a nuestra oficina de Santa Luc\u00eda!<\/h2>\n<p>[\/et_pb_text][\/et_pb_column][\/et_pb_row][et_pb_row estructura_columna=\u201d1_2,1_2\u2033 _builder_version=\u201d4.22.1\u2033 _module_preset=\u201dpredeterminado\u201d informaci\u00f3n_global_colors=\u201d{}\u201d][et_pb_column tipo=\u201d1_2\u2033 _builder_version=\u201d4.22.1\u2033 _module_preset=\u201dpredeterminado\u201d informaci\u00f3n_global_colors=\u201d{}\u201d][et_pb_text _builder_version=\u201d4.22.1\u2033 _module_preset=\u201dpredeterminado\u201d color_texto=\u201d#000000\u2033 margen_personalizado=\u201d||||falso|falso\u201d relleno_personalizado=\u201d||30px||falso|falso\u201d informaci\u00f3n_global_colores=\u201d{}\u201d]<\/p>\n<p>Tu contenido va aqu\u00ed. Edite o elimine este texto en l\u00ednea o en la configuraci\u00f3n de contenido del m\u00f3dulo. Tambi\u00e9n puede dise\u00f1ar cada aspecto de este contenido en la configuraci\u00f3n de dise\u00f1o del m\u00f3dulo e incluso aplicar CSS personalizado a este texto en la configuraci\u00f3n avanzada del m\u00f3dulo.<\/p>\n<p>[\/et_pb_text][et_pb_text _builder_version=\u201d4.22.1\u2033 _module_preset=\u201ddefault\u201d text_text_color=\u201d#000000\u2033 link_text_color=\u201d#8A52FC\u201d custom_margin=\u201d-20px||||false|false\u201d global_colors_info=\u201d{}\u201d background_layout__hover_enabled=\u201don|hover\u201d background_layout__hover=\u201ddark\u201d text_text_color__hover_enabled=\u201don|hover\u201d text_text_color__hover=\u201d#FFFFFF\u201d link_text_color__hover_enabled=\u201don|hover\u201d link_text_color__hover=\u201d#000000\u2033]<\/p>\n<p>Lun \u2013 Vie: 9 am \u2013 5 pm | Fines de semana: cerrado<\/p>\n<p>[\/et_pb_text][et_pb_text disabled_on=&#8221;on|off|off&#8221; _builder_version=&#8221;4.22.1&#8243; _module_preset=&#8221;default&#8221; text_text_color=&#8221;#000000&#8243; link_text_color=&#8221;#000000&#8243; header_text_color=&#8221;#000000&#8243; custom_margin=&#8221;||||false|false&#8221; global_colors_info=&#8221;{}&#8221; background_layout__hover_enabled=&#8221;on|hover&#8221; background_layout__hover=&#8221;dark&#8221; text_text_color__hover_enabled=&#8221;on|hover&#8221; text_text_color__hover=&#8221;#000000&#8243; link_text_color__hover_enabled=&#8221;on|desktop&#8221; link_text_color__hover=&#8221;#FFFFFF&#8221;]<\/p>\n<p><a href=\"#\"><span>ubicaci\u00f3n lorem ipsum lorem ipsum<\/span><\/a><\/p>\n<p>[\/et_pb_text][et_pb_text disabled_on=\u201doff|off|off\u201d _builder_version=\u201d4.22.1\u2033 _module_preset=\u201ddefault\u201d text_text_color=\u201d#000000\u2033 link_text_color=\u201d#000000\u2033 custom_margin=\u201d||||false|false\u201d global_colors_info=\u201d{}\u201d background_layout__hover_enabled=\u201don|hover\u201d background_layout__hover=\u201ddark\u201d text_text_color__hover_enabled=\u201don|hover\u201d text_text_color__hover=\u201d#000000\u2033 link_text_color__hover_enabled=\u201don|hover\u201d link_text_color__hover=\u201d#b6903c\u201d]<\/p>\n<p><i class=\"fa-solid fa-phone\"><\/i> : <a href=\"tel:12844949559\">1-284-494-9559<\/a><\/p>\n<p><i class=\"fa-solid fa-envelope\"><\/i> : <a href=\"mailto:info@goldleafbvi.com\"><span>info@leafzone.com<\/span><\/a><\/p>\n<p>[\/et_pb_text][\/et_pb_column][et_pb_column type=&#8221;1_2&#8243; _builder_version=&#8221;4.22.1&#8243; _module_preset=&#8221;default&#8221; global_colors_info=&#8221;{}&#8221;][et_pb_gallery gallery_ids=&#8221;5017,5304,5302,5300&#8243; fullwidth=&#8221;on&#8221; _builder_version=&#8221;4.22.1&#8243; _module_preset=&#8221;default&#8221; width=&#8221;100%&#8221; custom_margin=&#8221;||||false|false&#8221; custom_margin_tablet=&#8221;0px||||false|false&#8221; custom_margin_phone=&#8221;0px||||false|false&#8221; custom_margin_last_edited=&#8221;on|phone&#8221; hover_enabled=&#8221;0&#8243; global_colors_info=&#8221;{}&#8221; sticky_enabled=&#8221;0&#8243;][\/et_pb_gallery][\/et_pb_column][\/et_pb_row][\/et_pb_section][et_pb_section fb_built=&#8221;1&#8243; _builder_version=&#8221;4.22.1&#8243; _module_preset=&#8221;default&#8221; background_color=&#8221;#FFFFFF&#8221; hover_enabled=&#8221;0&#8243; global_colors_info=&#8221;{}&#8221; sticky_enabled=&#8221;0&#8243;][et_pb_row _builder_version=&#8221;4.22.1&#8243; _module_preset=&#8221;default&#8221; global_colors_info=&#8221;{}&#8221;][et_pb_column type=&#8221;4_4&#8243; _builder_version=&#8221;4.22.1&#8243; _module_preset=&#8221;default&#8221; global_colors_info=&#8221;{}&#8221;][et_pb_heading title=&#8221;Contacts&#8221; _builder_version=&#8221;4.22.1&#8243; _module_preset=&#8221;default&#8221; title_level=&#8221;h2&#8243; title_text_color=&#8221;#B6903C&#8221; global_colors_info=&#8221;{}&#8221;][\/et_pb_heading][et_pb_divider color=&#8221;#b6903c&#8221; divider_weight=&#8221;3px&#8221; _builder_version=&#8221;4.22.1&#8243; _module_preset=&#8221;default&#8221; width=&#8221;13%&#8221; custom_margin=&#8221;-30px||||false|false&#8221; global_colors_info=&#8221;{}&#8221;][\/et_pb_divider][\/et_pb_column][\/et_pb_row][et_pb_row column_structure=&#8221;1_4,1_4,1_4,1_4&#8243; _builder_version=&#8221;4.22.1&#8243; _module_preset=&#8221;default&#8221; hover_enabled=&#8221;0&#8243; global_colors_info=&#8221;{}&#8221; sticky_enabled=&#8221;0&#8243;][et_pb_column type=&#8221;1_4&#8243; _builder_version=&#8221;4.22.1&#8243; _module_preset=&#8221;default&#8221; custom_padding=&#8221;|30px|30px|30px|false|true&#8221; hover_enabled=&#8221;0&#8243; border_width_all=&#8221;2px&#8221; border_color_all=&#8221;#b6903c&#8221; box_shadow_style=&#8221;preset1&#8243; global_colors_info=&#8221;{}&#8221; sticky_enabled=&#8221;0&#8243;][et_pb_blurb title=&#8221;Shamini Chase&#8221; image=&#8221;https:\/\/template9.aamwebdevelopment.com\/wp-content\/uploads\/2024\/01\/GCCS-removebg-preview.png&#8221; image_icon_width=&#8221;75%&#8221; icon_alignment=&#8221;left&#8221; _builder_version=&#8221;4.22.1&#8243; _module_preset=&#8221;default&#8221; header_text_color=&#8221;#000000&#8243; body_text_color=&#8221;#000000&#8243; hover_enabled=&#8221;0&#8243; global_colors_info=&#8221;{}&#8221; sticky_enabled=&#8221;0&#8243;]<\/p>\n<p>CEO<\/p>\n<p>Tu contenido va aqu\u00ed. Edite o elimine este texto en l\u00ednea o en la configuraci\u00f3n de contenido del m\u00f3dulo.<\/p>\n<p>[\/et_pb_blurb][\/et_pb_column][et_pb_column tipo=\u201d1_4\u2033 _builder_version=\u201d4.22.1\u2033 _module_preset=\u201ddefault\u201d relleno_personalizado=\u201d|30px|30px|30px|false|true\u201d ancho_border_all=\u201d2px\u201d color_border_all=\u201d#b6903c\u201d estilo_sombra_box=\u201dpreset1\u2033 informaci\u00f3n_colores_globales=\u201d{}\u201d][et_pb_blurb t\u00edtulo=\u201dShamini Chase\u201d imagen=\u201dhttps:\/\/template9.aamwebdevelopment.com\/wp-content\/uploads\/2024\/01\/GCCS-removebg-preview.png\u201d ancho_icono_imagen=\u201d75%\u201d alineaci\u00f3n_icono=\u201dizquierda\u201d _builder_version=\u201d4.22.1\u2033 _module_preset=\u201ddefault\u201d header_text_color=\u201d#000000\u2033 body_text_color=\u201d#000000\u2033 global_colors_info=\u201d{}\u201d]<\/p>\n<p>CEO<\/p>\n<p>Tu contenido va aqu\u00ed. Edite o elimine este texto en l\u00ednea o en la configuraci\u00f3n de contenido del m\u00f3dulo.<\/p>\n<p>[\/et_pb_blurb][\/et_pb_column][et_pb_column tipo=\u201d1_4\u2033 _builder_version=\u201d4.22.1\u2033 _module_preset=\u201ddefault\u201d global_colors_info=\u201d{}\u201d][\/et_pb_column][et_pb_column tipo=\u201d1_4\u2033 _builder_version=\u201d4.22.1\u2033 _module_preset=\u201ddefault\u201d global_colors_info=\u201d{}\u201d][\/et_pb_column][\/et_pb_row][\/et_pb_section]<\/p>","protected":false},"excerpt":{"rendered":"<p>St.Lucia OfficeWelcome to our St.Lucia Office!Your content goes here. Edit or remove this text inline or in the module Content settings. You can also style every aspect of this content in the module Design settings and even apply custom CSS to this text in the module Advanced settings.Mon &#8211; Fri : 9 am &#8211; 5 pm | Weekends: Closedlocation lorem ipsum lorem ipsum : 1-284-494-9559 : info@leafzone.comCeo Your content goes here. Edit or remove this text inline or in the module Content settings.Ceo Your content goes here. Edit or remove this text inline or in the module Content settings.<\/p>","protected":false},"author":1,"featured_media":0,"parent":0,"menu_order":0,"comment_status":"closed","ping_status":"closed","template":"","meta":{"_et_pb_use_builder":"on","_et_pb_old_content":"","_et_gb_content_width":"","om_disable_all_campaigns":false,"footnotes":""},"class_list":["post-5544","page","type-page","status-publish","hentry"],"rttpg_featured_image_url":null,"rttpg_author":{"display_name":"aamwebdevelopment","author_link":"https:\/\/goldleafbvi.com\/es\/author\/aamwebdevelopment\/"},"rttpg_comment":0,"rttpg_category":null,"rttpg_excerpt":"St.Lucia OfficeWelcome to our St.Lucia Office!Your content goes here. Edit or remove this text inline or in the module Content settings. You can also style every aspect of this content in the module Design settings and even apply custom CSS to this text in the module Advanced settings.Mon - Fri : 9 am - 5&hellip;","_links":{"self":[{"href":"https:\/\/goldleafbvi.com\/es\/wp-json\/wp\/v2\/pages\/5544","targetHints":{"allow":["GET"]}}],"collection":[{"href":"https:\/\/goldleafbvi.com\/es\/wp-json\/wp\/v2\/pages"}],"about":[{"href":"https:\/\/goldleafbvi.com\/es\/wp-json\/wp\/v2\/types\/page"}],"author":[{"embeddable":true,"href":"https:\/\/goldleafbvi.com\/es\/wp-json\/wp\/v2\/users\/1"}],"replies":[{"embeddable":true,"href":"https:\/\/goldleafbvi.com\/es\/wp-json\/wp\/v2\/comments?post=5544"}],"version-history":[{"count":0,"href":"https:\/\/goldleafbvi.com\/es\/wp-json\/wp\/v2\/pages\/5544\/revisions"}],"wp:attachment":[{"href":"https:\/\/goldleafbvi.com\/es\/wp-json\/wp\/v2\/media?parent=5544"}],"curies":[{"name":"gracias","href":"https:\/\/api.w.org\/{rel}","templated":true}]}}