{"id":5537,"date":"2024-01-29T20:49:22","date_gmt":"2024-01-29T20:49:22","guid":{"rendered":"https:\/\/template9.aamwebdevelopment.com\/?page_id=5537"},"modified":"2024-01-29T20:49:22","modified_gmt":"2024-01-29T20:49:22","slug":"british-virgin-islands","status":"publish","type":"page","link":"https:\/\/goldleafbvi.com\/es\/british-virgin-islands\/","title":{"rendered":"Islas V\u00edrgenes Brit\u00e1nicas"},"content":{"rendered":"<p>[et_pb_section fb_built=\u201d1\u2033 _builder_version=\u201d4.22.1\u2033 background_color=\u201d#000000\u2033 background_enable_image=\u201doff\u201d height_tablet=\u201d\u201d height_phone=\u201d\u201d height_last_edited=\u201don|phone\u201d max_height_tablet=\u201d\u201d max_height_phone=\u201d720px\u201d max_height_last_edited=\u201don|desktop\u201d custom_padding=\u201d||||false|false\u201d bottom_divider_color=\u201d#FFFFFF\u201d scroll_vertical_motion=\u201d0|60|60|100|4|0|-4\u2033 scroll_blur=\u201d0|24|82|100|10|0|0\u2033 background_last_edited=\u201doff|desktop\u201d use_background_color_gradient_phone=\u201dactivado\u201d background_color_gradient_direction_phone=\u201d180 grados\u201d background_color_gradient_stops_phone=\u201drgba(16,126,125,0.49) 0%|#107e7d 100%\u201d background_color_gradient_overlays_image_phone=\u201dactivado\u201d background_enable_mask_style_phone=\u201ddesactivado\u201d global_colors_info=\u201d{}\u201d][et_pb_row _builder_version=\u201d4.22.1\u2033 _module_preset=\u201dpredeterminado\u201d custom_margin=\u201d||||falso|falso\u201d custom_margin_tablet=\u201d||||falso|falso\u201d custom_margin_phone=\u201d||||falso|falso\u201d custom_margin_last_edited=\u201dactivado|escritorio\u201d relleno_personalizado=\u201d||80px||falso|falso\u201d informaci\u00f3n_global_colors=\u201d{}\u201d][et_pb_column tipo=\u201d4_4\u2033 _builder_version=\u201d4.22.1\u2033 _module_preset=\u201dpredeterminado\u201d informaci\u00f3n_global_colors=\u201d{}\u201d][et_pb_texto_deshabilitado_activado=\u201ddesactivado|desactivado|desactivado\u201d etiqueta_administradora=\u201dTexto\u201d _builder_version=\u201d4.22.1\u2033 _module_preset=\u201dpredeterminado\u201d alineaci\u00f3n_texto_enlace=\u201dcentrado\u201d color_texto_enlace=\u201d#B6903C\u201d fuente_encabezado=\u201d||||||||\u201d Alineaci\u00f3n del texto del encabezado = &quot;centro&quot; Color del texto del encabezado = &quot;#B6903C&quot; Tama\u00f1o de fuente del encabezado = &quot;70 px&quot; Espaciado entre letras del encabezado = &quot;5 px&quot; Altura de l\u00ednea del encabezado = &quot;1.5 em&quot; Desplazamiento horizontal = &quot;182 px&quot; Desplazamiento vertical de la tableta = &quot;&quot; Desplazamiento vertical del tel\u00e9fono = &quot;13 px&quot; Desplazamiento vertical de la \u00faltima edici\u00f3n = &quot;en el tel\u00e9fono&quot; Desplazamiento horizontal de la tableta = &quot;138 px&quot; Desplazamiento horizontal del tel\u00e9fono = &quot;0 px&quot; Desplazamiento horizontal de la \u00faltima edici\u00f3n = &quot;en el escritorio&quot; Posici\u00f3n de origen de una tableta = &quot;&quot; Posici\u00f3n de origen de un tel\u00e9fono = &quot;&quot; Posici\u00f3n de origen de una \u00faltima edici\u00f3n = &quot;en el escritorio&quot; Posici\u00f3n de origen de una tableta = &quot;&quot; Posici\u00f3n de origen de un tel\u00e9fono = &quot;&quot; Posici\u00f3n de origen de una \u00faltima edici\u00f3n = &quot;en el escritorio&quot; posici\u00f3n_origen_r_tableta=\u201d posici\u00f3n_origen_r_tel\u00e9fono=\u201d posici\u00f3n_origen_r_\u00faltima_edici\u00f3n=\u201den|escritorio\u201d margen_personalizado=\u201d||||falso|falso\u201d margen_personalizado_tableta=\u201d||||falso|falso\u201d margen_personalizado_tel\u00e9fono=\u201d||||falso|falso\u201d margen_personalizado_\u00faltima_edici\u00f3n=\u201den|tel\u00e9fono\u201d relleno_personalizado_tableta=\u201d relleno_personalizado_tel\u00e9fono=\u201d||10px||falso|falso\u201d relleno_personalizado_\u00faltima_edici\u00f3n=\u201den|tel\u00e9fono\u201d tama\u00f1o_fuente_encabezado_tableta=\u201d40px\u201d tama\u00f1o_fuente_encabezado_tel\u00e9fono=\u201d30px\u201d tama\u00f1o_fuente_encabezado_\u00faltima_edici\u00f3n=\u201den|tel\u00e9fono\u201d posicionamiento_tableta=\u201dninguno\u201d posicionamiento_tel\u00e9fono=\u201dninguno\u201d posicionamiento_\u00faltima_edici\u00f3n=\u201den|escritorio\u201d informaci\u00f3n_global_colores=\u201d{}\u201d]<\/p>\n<h1>Oficina de BVI<\/h1>\n<p>[\/et_pb_text][\/et_pb_column][\/et_pb_row][\/et_pb_section][et_pb_section fb_built=\u201d1\u2033 module_id=\u201dttdev-home-ie-services\u201d module_class=\u201dfixedsticky fixedsticky_desktop fullwidth fullwidth-serv row-reverse\u201d _builder_version=\u201d4.22.1\u2033 background_color=\u201d#FFFFFF\u201d background_enable_image=\u201doff\u201d custom_padding=\u201d30px|0px|80px|0px|false|false\u201d border_width_bottom=\u201d3px\u201d border_color_bottom=\u201d#B6903C\u201d global_colors_info=\u201d{}\u201d][et_pb_row _builder_version=\u201d4.22.1\u2033 _module_preset=\u201ddefault\u201d Informaci\u00f3n global de colores = &quot;{}&quot;] [Tipo de columna et_pb = &quot;4_4&quot; _versi\u00f3n del constructor = &quot;4.22.1&quot; _ajuste preestablecido del m\u00f3dulo = &quot;predeterminado&quot; Informaci\u00f3n global de colores = &quot;{}&quot;] [Texto et_pb _versi\u00f3n del constructor = &quot;4.22.1&quot; _ajuste preestablecido del m\u00f3dulo = &quot;predeterminado&quot; Color del texto del enlace = &quot;#b6903c&quot; Alineaci\u00f3n del texto del encabezado = &quot;centro&quot; Alineaci\u00f3n del texto del encabezado 2 = &quot;izquierda&quot; Informaci\u00f3n global de colores = &quot;{}&quot;]<\/p>\n<h2>\u00a1Bienvenido a nuestra oficina de BVI!<\/h2>\n<p>[\/et_pb_text][\/et_pb_column][\/et_pb_row][et_pb_row estructura_columna=\u201d1_2,1_2\u2033 _builder_version=\u201d4.22.1\u2033 _module_preset=\u201dpredeterminado\u201d informaci\u00f3n_global_colors=\u201d{}\u201d][et_pb_column tipo=\u201d1_2\u2033 _builder_version=\u201d4.22.1\u2033 _module_preset=\u201dpredeterminado\u201d informaci\u00f3n_global_colors=\u201d{}\u201d][et_pb_text _builder_version=\u201d4.22.1\u2033 _module_preset=\u201dpredeterminado\u201d color_texto=\u201d#000000\u2033 margen_personalizado=\u201d||||falso|falso\u201d relleno_personalizado=\u201d||30px||falso|falso\u201d informaci\u00f3n_global_colores=\u201d{}\u201d]<\/p>\n<p>Tu contenido va aqu\u00ed. Edite o elimine este texto en l\u00ednea o en la configuraci\u00f3n de contenido del m\u00f3dulo. Tambi\u00e9n puede dise\u00f1ar cada aspecto de este contenido en la configuraci\u00f3n de dise\u00f1o del m\u00f3dulo e incluso aplicar CSS personalizado a este texto en la configuraci\u00f3n avanzada del m\u00f3dulo.<\/p>\n<p>[\/et_pb_text][et_pb_text _builder_version=\u201d4.22.1\u2033 _module_preset=\u201ddefault\u201d text_text_color=\u201d#000000\u2033 link_text_color=\u201d#8A52FC\u201d custom_margin=\u201d-20px||||false|false\u201d global_colors_info=\u201d{}\u201d background_layout__hover_enabled=\u201don|hover\u201d background_layout__hover=\u201ddark\u201d text_text_color__hover_enabled=\u201don|hover\u201d text_text_color__hover=\u201d#FFFFFF\u201d link_text_color__hover_enabled=\u201don|hover\u201d link_text_color__hover=\u201d#000000\u2033]<\/p>\n<p>Lun \u2013 Vie: 9 am \u2013 5 pm | Fines de semana: cerrado<\/p>\n<p>[\/et_pb_text][et_pb_text disabled_on=\u201dactivado|desactivado\u201d _builder_version=\u201d4.22.1\u2033 _module_preset=\u201dpredeterminado\u201d text_text_color=\u201d#000000\u2033 link_text_color=\u201d#000000\u2033 custom_margin=\u201d||||falso|falso\u201d global_colors_info=\u201d{}\u201d background_layout__hover_enabled=\u201dactivado|pasar el rat\u00f3n\u201d background_layout__hover=\u201doscuro\u201d text_text_color__hover_enabled=\u201dactivado|pasar el rat\u00f3n\u201d text_text_color__hover=\u201d#000000\u2033 link_text_color__hover_enabled=\u201dactivado|pasar el rat\u00f3n\u201d link_text_color__hover=\u201d#FFFFFF\u201d]<\/p>\n<p><a href=\"#\"><span>ubicaci\u00f3n lorem ipsum lorem ipsum<\/span><\/a><\/p>\n<p>[\/et_pb_text][et_pb_text disabled_on=\u201doff|off|off\u201d _builder_version=\u201d4.22.1\u2033 _module_preset=\u201ddefault\u201d text_text_color=\u201d#000000\u2033 link_text_color=\u201d#000000\u2033 custom_margin=\u201d||||false|false\u201d global_colors_info=\u201d{}\u201d background_layout__hover_enabled=\u201don|hover\u201d background_layout__hover=\u201ddark\u201d text_text_color__hover_enabled=\u201don|hover\u201d text_text_color__hover=\u201d#000000\u2033 link_text_color__hover_enabled=\u201don|hover\u201d link_text_color__hover=\u201d#b6903c\u201d]<\/p>\n<p><i class=\"fa-solid fa-phone\"><\/i> : <a href=\"tel:12844949559\">1-284-494-9559<\/a><\/p>\n<p><i class=\"fa-solid fa-envelope\"><\/i> : <a href=\"mailto:info@goldleafbvi.com\"><span>info@leafzone.com<\/span><\/a><\/p>\n<p>[\/et_pb_text][\/et_pb_column][et_pb_column type=\u201d1_2\u2033 _builder_version=\u201d4.22.1\u2033 _module_preset=\u201ddefault\u201d global_colors_info=\u201d{}\u201d][et_pb_gallery gallery_ids=\u201d5017,5304,5302,5300\u2033 fullwidth=\u201don\u201d _builder_version=\u201d4.22.1\u2033 _module_preset=\u201ddefault\u201d width=\u201d100%\u201d custom_margin=\u201d||||false|false\u201d custom_margin_tablet=\u201d0px||||false|false\u201d custom_margin_phone=\u201d0px||||false|false\u201d custom_margin_last_edited=\u201don|desktop\u201d Informaci\u00f3n global de colores = &quot;{}&quot;][\/et_pb_gallery][\/et_pb_column][\/et_pb_row][\/et_pb_section][et_pb_section fb_built = &quot;1&quot; _builder_version = &quot;4.22.1&quot; _module_preset = &quot;predeterminado&quot; color de fondo = &quot;#FFFFFF&quot; Informaci\u00f3n global de colores = &quot;{}&quot;][et_pb_row _builder_version = &quot;4.22.1&quot; _module_preset = &quot;predeterminado&quot; Informaci\u00f3n global de colores = &quot;{}&quot;][et_pb_column type = &quot;4_4&quot; _builder_version = &quot;4.22.1&quot; _module_preset = &quot;predeterminado&quot; Informaci\u00f3n global de colores = &quot;{}&quot;][et_pb_heading title = &quot;Contactos&quot; Versi\u00f3n del constructor = 4.22.1. Ajuste preestablecido del m\u00f3dulo = predeterminado. Nivel del t\u00edtulo = h2. Color del texto del t\u00edtulo = #B6903C. Informaci\u00f3n global de colores = {}. ][\/et_pb_heading][\/et_pb_column][\/et_pb_row][et_pb_row Estructura de la columna = 1_4, 1_4, 1_4, 1_4. Versi\u00f3n del constructor = 4.22.1. Ajuste preestablecido del m\u00f3dulo = predeterminado. Activaci\u00f3n del cursor = 0. Informaci\u00f3n global de colores = {}. Activaci\u00f3n fija = 0. ][et_pb_column Tipo = 1_4. Versi\u00f3n del constructor = 4.22.1. Ajuste preestablecido del m\u00f3dulo = predeterminado. Relleno personalizado = 30 px = 2 px = 30 px = #b6903c ... color del texto del cuerpo=\u201d#000000\u2033 hover_enabled=\u201d0\u2033 informaci\u00f3n de colores globales=\u201d{}\u201d sticky_enabled=\u201d0\u2033]<\/p>\n<p>CEO<\/p>\n<p>Tu contenido va aqu\u00ed. Edite o elimine este texto en l\u00ednea o en la configuraci\u00f3n de contenido del m\u00f3dulo.<\/p>\n<p>[\/et_pb_blurb][\/et_pb_column][et_pb_column tipo=\u201d1_4\u2033 _builder_version=\u201d4.22.1\u2033 _module_preset=\u201ddefault\u201d relleno_personalizado=\u201d|30px|30px|30px|false|true\u201d ancho_border_all=\u201d2px\u201d color_border_all=\u201d#b6903c\u201d estilo_sombra_box=\u201dpreset1\u2033 informaci\u00f3n_colores_globales=\u201d{}\u201d][et_pb_blurb t\u00edtulo=\u201dShamini Chase\u201d imagen=\u201dhttps:\/\/template9.aamwebdevelopment.com\/wp-content\/uploads\/2024\/01\/GCCS-removebg-preview.png\u201d ancho_icono_imagen=\u201d75%\u201d alineaci\u00f3n_icono=\u201dizquierda\u201d _builder_version=\u201d4.22.1\u2033 _module_preset=\u201ddefault\u201d header_text_color=\u201d#000000\u2033 body_text_color=\u201d#000000\u2033 global_colors_info=\u201d{}\u201d]<\/p>\n<p>CEO<\/p>\n<p>Tu contenido va aqu\u00ed. Edite o elimine este texto en l\u00ednea o en la configuraci\u00f3n de contenido del m\u00f3dulo.<\/p>\n<p>[\/et_pb_blurb][\/et_pb_column][et_pb_column tipo=\u201d1_4\u2033 _builder_version=\u201d4.22.1\u2033 _module_preset=\u201ddefault\u201d global_colors_info=\u201d{}\u201d][\/et_pb_column][et_pb_column tipo=\u201d1_4\u2033 _builder_version=\u201d4.22.1\u2033 _module_preset=\u201ddefault\u201d global_colors_info=\u201d{}\u201d][\/et_pb_column][\/et_pb_row][\/et_pb_section]<\/p>","protected":false},"excerpt":{"rendered":"<p>BVI OfficeWelcome to our BVI Office!Your content goes here. Edit or remove this text inline or in the module Content settings. You can also style every aspect of this content in the module Design settings and even apply custom CSS to this text in the module Advanced settings.Mon &#8211; Fri : 9 am &#8211; 5 pm | Weekends: Closedlocation lorem ipsum lorem ipsum : 1-284-494-9559 : info@leafzone.comCeo Your content goes here. Edit or remove this text inline or in the module Content settings.Ceo Your content goes here. Edit or remove this text inline or in the module Content settings.<\/p>","protected":false},"author":1,"featured_media":0,"parent":0,"menu_order":0,"comment_status":"closed","ping_status":"closed","template":"","meta":{"_et_pb_use_builder":"on","_et_pb_old_content":"","_et_gb_content_width":"","om_disable_all_campaigns":false,"footnotes":""},"class_list":["post-5537","page","type-page","status-publish","hentry"],"rttpg_featured_image_url":null,"rttpg_author":{"display_name":"aamwebdevelopment","author_link":"https:\/\/goldleafbvi.com\/es\/author\/aamwebdevelopment\/"},"rttpg_comment":0,"rttpg_category":null,"rttpg_excerpt":"BVI OfficeWelcome to our BVI Office!Your content goes here. Edit or remove this text inline or in the module Content settings. You can also style every aspect of this content in the module Design settings and even apply custom CSS to this text in the module Advanced settings.Mon - Fri : 9 am - 5&hellip;","_links":{"self":[{"href":"https:\/\/goldleafbvi.com\/es\/wp-json\/wp\/v2\/pages\/5537","targetHints":{"allow":["GET"]}}],"collection":[{"href":"https:\/\/goldleafbvi.com\/es\/wp-json\/wp\/v2\/pages"}],"about":[{"href":"https:\/\/goldleafbvi.com\/es\/wp-json\/wp\/v2\/types\/page"}],"author":[{"embeddable":true,"href":"https:\/\/goldleafbvi.com\/es\/wp-json\/wp\/v2\/users\/1"}],"replies":[{"embeddable":true,"href":"https:\/\/goldleafbvi.com\/es\/wp-json\/wp\/v2\/comments?post=5537"}],"version-history":[{"count":0,"href":"https:\/\/goldleafbvi.com\/es\/wp-json\/wp\/v2\/pages\/5537\/revisions"}],"wp:attachment":[{"href":"https:\/\/goldleafbvi.com\/es\/wp-json\/wp\/v2\/media?parent=5537"}],"curies":[{"name":"gracias","href":"https:\/\/api.w.org\/{rel}","templated":true}]}}