{"id":5462,"date":"2024-01-29T01:21:54","date_gmt":"2024-01-29T01:21:54","guid":{"rendered":"https:\/\/template9.aamwebdevelopment.com\/?page_id=5462"},"modified":"2024-11-20T16:21:00","modified_gmt":"2024-11-20T16:21:00","slug":"contact-us","status":"publish","type":"page","link":"https:\/\/goldleafbvi.com\/es\/contact-us\/","title":{"rendered":"Cont\u00e1ctenos"},"content":{"rendered":"<p>[et_pb_section fb_built=\u201d1\u2033 _builder_version=\u201d4.22.1\u2033 background_color=\u201d#000000\u2033 background_enable_image=\u201doff\u201d height_tablet=\u201d\u201d height_phone=\u201dauto\u201d height_last_edited=\u201don|phone\u201d max_height_tablet=\u201d\u201d max_height_phone=\u201d\u201d max_height_last_edited= \u201den|tel\u00e9fono\u201d custom_padding=\u201d||0px||false|false\u201d bottom_divider_color=\u201d#e1e3e8\u2033 scroll_vertical_motion=\u201d0|60|60|100|4|0|-4\u2033 scroll_blur=\u201d0|24|82|100 |10|0|0\u2033 background_last_edited=\u201doff|desktop\u201d use_background_color_gradient_phone=\u201don\u201d background_color_gradient_direction_phone=\u201d180deg\u201d background_color_gradient_stops_phone=\u201drgba(16,126,125,0.49) 0%|#107e7d 100% background_color_gradient_over\u201d lays_image_phone=\u201dactivado\u201d background_enable_mask_style_phone=\u201dapagado\u201d global_colors_info= \u201d{}\u201d][et_pb_row _builder_version=\u201d4.22.1\u2033 _module_preset=\u201ddefault\u201d custom_margin=\u201d||||false|false\u201d custom_margin_tablet=\u201d||||false|false\u201d custom_margin_phone=\u201d||||false| false\u201d custom_margin_last_edited=\u201den|escritorio\u201d custom_padding=\u201d||||false|false\u201d global_colors_info=\u201d{}\u201d][et_pb_column type=\u201d4_4\u2033 _builder_version=\u201d4.22.1\u2033 _module_preset=\u201ddefault\u201d global_colors_info=\u201d{ }\u201d][et_pb_textdisable_on=\u201doff|off|off\u201d admin_label=\u201dTexto\u201d _builder_version=\u201d4.22.1\u2033 _module_preset=\u201ddefault\u201d link_text_align=\u201dcenter\u201d link_text_color=\u201d#B6903C\u201d header_font=\u201d|||||| ||\u201d header_text_align=\u201dcenter\u201d header_text_color=\u201d#B6903C\u201d header_font_size=\u201d70px\u201d header_letter_spacing=\u201d5px\u201d header_line_height=\u201d1.5em\u201d horizontal_offset=\u201d182px\u201d vertical_offset_tablet=\u201d\u201d vertical_offset_phone=\u201d13px\u201d vertical_offset_last_edited=\u201don|phone\u201d horizontal_offset_tablet=\u201d 138px\u201d horizontal_offset_phone=\u201d0px\u201d horizontal_offset_last_edited=\u201don|escritorio\u201d position_origin_a_tablet=\u201d\u201d position_origin_a_phone=\u201d\u201d position_origin_a_last_edited=\u201don|escritorio\u201d position_origin_f_tablet=\u201d\u201d position_origin_f_phone=\u201d\u201d position_origin_f_last_edited=\u201don|escritorio position_ origin_r_tablet=\u201d\u201d posici\u00f3n_origin_r_phone= \u201d\u201d position_origin_r_last_edited=\u201den|escritorio\u201d custom_margin=\u201d||||false|false\u201d custom_margin_tablet=\u201d||-14px||false|false\u201d custom_margin_phone=\u201d||||false|false\u201d custom_margin_last_edited=\u201den|tel\u00e9fono \u201d custom_padding=\u201d||2px||false|false\u201d custom_padding_tablet=\u201d\u201d custom_padding_phone=\u201d||10px||false|false\u201d custom_padding_last_edited=\u201don|phone\u201d header_font_size_tablet=\u201d40px\u201d header_font_size_phone=\u201d30px\u201d header_font_size_last_edited=\u201don |tel\u00e9fono\u201d positioning_tablet=\u201dninguno\u201d positioning_phone=\u201dninguno\u201d positioning_last_edited=\u201den|escritorio\u201d global_colors_info=\u201d{}\u201d]<\/p>\n<h1>Cont\u00e1ctenos<\/h1>\n<p>[\/et_pb_text][\/et_pb_column][\/et_pb_row][\/et_pb_section][et_pb_section fb_built=\u201d1\u2033 _builder_version=\u201d4.22.1\u2033 _module_preset=\u201ddefault\u201d background_enable_color=\u201doff\u201d use_background_color_gradient=\u201don\u201d background_color_gradient_stops=\u201drgba( 0,0,0,0.53) 0%|rgba(0,0,0,0.53) 100%\u201d background_color_gradient_overlays_image=\u201don\u201d background_image=\u201dhttps:\/\/template9.aamwebdevelopment.com\/wp-content\/uploads\/2024\/03\/ Savanah-Bay-0868-scaled.jpg\u201d bottom_divider_color=\u201d#FFFFFF\u201d Animation_direction=\u201dright\u201d save_tabs=\u201dall\u201d lock=\u201doff\u201d global_colors_info=\u201d{}\u201d][et_pb_row _builder_version=\u201d4.22.1\u2033 _module_preset=\u201ddefault \u201d custom_margin=\u201d-30px||||false|false\u201d custom_margin_tablet=\u201d||||false|false\u201d custom_margin_phone=\u201d||||false|false\u201d custom_margin_last_edited=\u201den|escritorio\u201d custom_padding=\u201d||90px| |false|false\u201d global_colors_info=\u201d{}\u201d][et_pb_column type=\u201d4_4\u2033 _builder_version=\u201d4.22.1\u2033 _module_preset=\u201ddefault\u201d global_colors_info=\u201d{}\u201d][et_pb_text _builder_version=\u201d4.22.1\u2033 _module_preset=\u201d default\u201d text_text_color=\u201d#000000\u2033 text_font_size=\u201d18px\u201d link_text_color=\u201d#000000\u2033 header_4_text_color=\u201d#FFFFFF\u201d header_4_font_size=\u201d22px\u201d text_orientation=\u201dcenter\u201d global_colors_info=\u201d{}\u201d text_text_color__hover=\u201d#000000\u2033 text_color__hover_enabled=\u201dal|flotar\u201d background_layout__hover=\u201doscuro\u201d background_layout__hover_enabled=\u201don|hover\u201d]<\/p>\n<h4>\u00bfListo para trabajar con nosotros?<\/h4>\n<p>[\/et_pb_text][et_pb_text _builder_version=\u201d4.22.1\u2033 _module_preset=\u201ddefault\u201d text_text_color=\u201d#B6903C\u201d link_text_color=\u201d#FFFFFF\u201d header_2_font=\u201d|700|||||||\u201d header_2_text_align=\u201dcenter\u201d header_2_text_color=\u201d#FFFFFF\u201d header_2_font_size=\u201d40px\u201d custom_padding=\u201d||80px||false|false\u201d header_2_font_size_tablet=\u201d40px\u201d header_2_font_size_phone=\u201d25px\u201d header_2_font_size_last_edited=\u201don|phone\u201d }\u201d ]<\/p>\n<h2><a href=\"#\">Gold Leaf<\/a> Consultor\u00eda Limitada<\/h2>\n<p>[\/et_pb_text][\/et_pb_column][\/et_pb_row][et_pb_row column_structure=\u201d2_5,3_5\u2033 _builder_version=\u201d4.22.1\u2033 _module_preset=\u201ddefault\u201d background_color=\u201drgba(0,0,0,0.46)\u201d width=\u201d 90%\u201d max_width=\u201d90%\u201d custom_margin=\u201d-90px||||false|false\u201d custom_padding=\u201d||80px||false|false\u201d global_colors_info=\u201d{}\u201d][et_pb_column type=\u201d2_5\u2033 _builder_version=\u201d4.22 .1\u2033 _module_preset=\u201ddefault\u201d custom_padding=\u201d|30px|||false|false\u201d global_colors_info=\u201d{}\u201d][et_pb_text _builder_version=\u201d4.22.1\u2033 _module_preset=\u201ddefault\u201d text_font=\u201d|||||| ||\u201d text_text_color=\u201d#FFFFFF\u201d text_font_size=\u201d20px\u201d header_3_text_color=\u201d#FFFFFF\u201d header_3_font_size=\u201d25px\u201d text_orientation=\u201dcenter\u201d custom_padding=\u201d||20px||false|false\u201d text_font_size_tablet=\u201d20px\u201d text_font_size_phone=\u201d20px\u201d _editado =\u201d en|tel\u00e9fono\u201d global_colors_info=\u201d{}\u201d]<\/p>\n<h3><strong>Islas V\u00edrgenes Brit\u00e1nicas<\/strong><\/h3>\n<p>[\/et_pb_text][et_pb_text _builder_version=\u201d4.27.0\u2033 _module_preset=\u201dpredeterminado\u201d color_texto=\u201d#FFFFFF\u201d color_texto_enlace=\u201d#8A52FC\u201d orientaci\u00f3n_texto=\u201dcentro\u201d margen_personalizado=\u201d-20px||||falso|falso\u201d hover_enabled=\u201d0\u2033 informaci\u00f3n_colores_globales=\u201d{}\u201d dise\u00f1o_fondo__hover_enabled=\u201dactivado|al pasar el mouse\u201d dise\u00f1o_fondo__hover=\u201doscuro\u201d color_texto__hover_enabled=\u201dactivado|al pasar el mouse\u201d color_texto__hover=\u201d#FFFFFF\u201d color_texto_enlace__hover_enabled=\u201dactivado|al pasar el mouse\u201d color_texto_enlace__hover=\u201d#000000\u2033 sticky_enabled=\u201d0\u2033]<\/p>\n<p>Lun \u2013 Vie: 8:30 am \u2013 5:30 pm<\/p>\n<p>[\/et_pb_text][et_pb_text _builder_version=\u201d4.27.0\u2033 _module_preset=\u201dpredeterminado\u201d color_texto=\u201d#FFFFFF\u201d color_texto_enlace=\u201d#8A52FC\u201d orientaci\u00f3n_texto=\u201dcentro\u201d margen_personalizado=\u201d-20px||||falso|falso\u201d informaci\u00f3n_colores_globales=\u201d{}\u201d dise\u00f1o_fondo__hover_enabled=\u201dactivado|al pasar el mouse\u201d dise\u00f1o_fondo__hover=\u201doscuro\u201d color_texto__hover_enabled=\u201dactivado|al pasar el mouse\u201d color_texto__hover=\u201d#FFFFFF\u201d color_texto_enabled=\u201dactivado|al pasar el mouse\u201d color_texto_enlace=\u201d#000000\u2033]<\/p>\n<p>Fines de semana: cerrado<\/p>\n<p>[\/et_pb_text][et_pb_text deshabilitado_en=\u201ddesactivado|desactivado|desactivado\u201d _builder_version=\u201d4.27.0\u2033 _module_preset=\u201dpredeterminado\u201d color_texto_texto=\u201d#FFFFFF\u201d color_texto_enlace=\u201d#FFFFFF\u201d orientaci\u00f3n_texto=\u201dcentro\u201d margen_personalizado=\u201d-20px||||falso|falso\u201d relleno_personalizado=\u201d|||10px|falso|falso\u201d hover_enabled=\u201d0\u2033 informaci\u00f3n_colores_globales=\u201d{}\u201d dise\u00f1o_fondo__hover_enabled=\u201dactivado|pasar el rat\u00f3n\u201d dise\u00f1o_fondo__hover=\u201doscuro\u201d color_texto_texto__hover_enabled=\u201dactivado|pasar el rat\u00f3n\u201d color_texto_texto__hover=\u201d#FFFFFF\u201d color_texto_enlace__hover_enabled=\u201dactivado|pasar el rat\u00f3n\u201d [link_text_color__hover=\u201d#B6903C\u201d sticky_enabled=\u201d0\u2033]<\/p>\n<p><a href=\"https:\/\/maps.app.goo.gl\/1k4ZKwgoXoxQr7967\" target=\"_blank\" rel=\"noopener\" data-asw-orgfontsize=\"18\"><span data-asw-orgfontsize=\"18\">Edificio Oleander, Suite OL 6, 13a JR O&#039;Neal Drive, Port Purcell, T\u00f3rtola\u00a0<\/span><\/a><\/p>\n<p>[\/et_pb_text][et_pb_textdisable_on=\u201doff|off|off\u201d _builder_version=\u201d4.22.1\u2033 _module_preset=\u201ddefault\u201d text_text_color=\u201d#FFFFFF\u201d link_text_color=\u201d#FFFFFF\u201d text_orientation=\u201dcenter\u201d custom_margin=\u201d-20px||| |false|false\u201d global_colors_info=\u201d{}\u201d background_layout__hover_enabled=\u201don|hover\u201d background_layout__hover=\u201ddark\u201d text_text_color__hover_enabled=\u201don|hover\u201d text_text_color__hover=\u201d#FFFFFF\u201d link_text_color__hover_enabled=\u201don|hover\u201d link_text_color__hover=\u201d#B6903C \u201d]<\/p>\n<p><i class=\"fa-solid fa-phone\"><\/i> : <a href=\"tel:12844949559\">1-284-494-9559<\/a><\/p>\n<p><i class=\"fa-solid fa-envelope\"><\/i> : <a href=\"mailto:&quot;info@goldleafbvi.com&quot;\">info@goldleafbvi.com<\/a><\/p>\n<p>[\/et_pb_text][et_pb_code deshabilitado_activado=\u201dactivado|desactivado\u201d _builder_version=\u201d4.27.0\u2033 _module_preset=\u201dpredeterminado\u201d custom_margin=\u201d|-50px||30px|false|false\u201d global_colors_info=\u201d{}\u201d]<iframe src=\"https:\/\/www.google.com\/maps\/embed?pb=!1m14!1m12!1m3!1d236.57743836598948!2d-64.60864050383503!3d18.427453887905607!2m3!1f0!2f0!3f0!3m2!1i1024!2i768!4f13.1!5e0!3m2!1sen!2sbo!4v1732110754152!5m2!1sen!2sbo\" width=\"600\" height=\"350\" style=\"border:0;\" allowfullscreen=\"\" loading=\"lazy\" referrerpolicy=\"no-referrer-when-downgrade\"><\/iframe>[\/et_pb_code][et_pb_code deshabilitado_en=\u201ddesactivado|activado|activado\u201d _builder_version=\u201d4.27.0\u2033 _module_preset=\u201dpredeterminado\u201d module_alignment=\u201dizquierda\u201d custom_margin=\u201d|||35px|falso|falso\u201d hover_enabled=\u201d0\u2033 global_colors_info=\u201d{}\u201d sticky_enabled=\u201d0\u2033]<iframe src=\"https:\/\/www.google.com\/maps\/embed?pb=!1m14!1m12!1m3!1d236.57743836598948!2d-64.60864050383503!3d18.427453887905607!2m3!1f0!2f0!3f0!3m2!1i1024!2i768!4f13.1!5e0!3m2!1sen!2sbo!4v1732110754152!5m2!1sen!2sbo\" width=\"350\" height=\"350\" style=\"border:0;\" allowfullscreen=\"\" loading=\"lazy\" referrerpolicy=\"no-referrer-when-downgrade\"><\/iframe>[\/et_pb_code][\/et_pb_column][et_pb_column type=\u201d3_5\u2033 _builder_version=\u201d4.22.1\u2033 _module_preset=\u201ddefault\u201d custom_padding=\u201d|||30px|false|false\u201d global_colors_info=\u201d{}\u201d][et_pb_text _builder_version= \u201d4.22.1\u2033 _module_preset=\u201dpredeterminado\u201d text_font=\u201d||||||||\u201d text_text_color=\u201d#FFFFFF\u201d text_font_size=\u201d20px\u201d header_3_text_color=\u201d#FFFFFF\u201d header_3_font_size=\u201d25px\u201d text_orientation=\u201dcenter\u201d custom_padding=\u201d||20px||false|false\u201d text_font_size_tablet=\u201d20px\u201d text_font_size_phone=\u201d20px\u201d _editado =\u201d en|tel\u00e9fono\u201d global_colors_info=\u201d{}\u201d]<\/p>\n<h3 style=\"text-align: center;\"><strong>Formulario de contacto<\/strong><\/h3>\n<p>[\/et_pb_text][et_pb_text _builder_version=\u201d4.22.1\u2033 _module_preset=\u201ddefault\u201d text_text_color=\u201d#FFFFFF\u201d header_3_text_color=\u201d#FFFFFF\u201d header_3_font_size=\u201d25px\u201d custom_margin=\u201d|50px|||false|false\u201d global_colors_info=\u201d{} \u201d]<\/p>\n<h3 style=\"text-align: center;\"><div class=\"forminator-ui forminator-custom-form forminator-custom-form-5467 forminator-design--default forminator-enclosed forminator_ajax\" data-forminator-render=\"0\" data-form=\"forminator-module-5467\" data-uid=\"69e4469d48ae8\"><br\/><\/div><form\n\t\t\t\tid=\"forminator-module-5467\"\n\t\t\t\tclass=\"forminator-ui forminator-custom-form forminator-custom-form-5467 forminator-design--default forminator-enclosed forminator_ajax\"\n\t\t\t\tmethod=\"post\"\n\t\t\t\tdata-forminator-render=\"0\"\n\t\t\t\tdata-form-id=\"5467\"\n\t\t\t\t data-color-option=\"default\" data-design=\"default\" data-grid=\"enclosed\" style=\"display: none;\"\n\t\t\t\tdata-uid=\"69e4469d48ae8\" action=\"\"\n\t\t\t><div role=\"alert\" aria-live=\"polite\" class=\"forminator-response-message forminator-error\" aria-hidden=\"true\"><\/div><div class=\"forminator-row\"><div id=\"name-1\" class=\"forminator-field-name forminator-col forminator-col-12\"><div class=\"forminator-field\"><label for=\"forminator-field-name-1_69e4469d48ae8\" id=\"forminator-field-name-1_69e4469d48ae8-label\" class=\"forminator-label\">Nombre completo <span class=\"forminator-required\">*<\/span><\/label><input type=\"text\" name=\"name-1\" value=\"\" placeholder=\"\" id=\"forminator-field-name-1_69e4469d48ae8\" class=\"forminator-input forminator-name--field\" aria-required=\"true\" autocomplete=\"name\" \/><\/div><\/div><\/div><div class=\"forminator-row\"><div id=\"email-1\" class=\"forminator-field-email forminator-col forminator-col-12\"><div class=\"forminator-field\"><label for=\"forminator-field-email-1_69e4469d48ae8\" id=\"forminator-field-email-1_69e4469d48ae8-label\" class=\"forminator-label\">Direcci\u00f3n de correo electr\u00f3nico <span class=\"forminator-required\">*<\/span><\/label><input type=\"email\" name=\"email-1\" value=\"\" placeholder=\"\" id=\"forminator-field-email-1_69e4469d48ae8\" class=\"forminator-input forminator-email--field\" data-required=\"true\" aria-required=\"true\" autocomplete=\"email\" \/><\/div><\/div><\/div><div class=\"forminator-row\"><div id=\"phone-1\" class=\"forminator-field-phone forminator-col forminator-col-12\"><div class=\"forminator-field\"><label for=\"forminator-field-phone-1_69e4469d48ae8\" id=\"forminator-field-phone-1_69e4469d48ae8-label\" class=\"forminator-label\">N\u00famero de tel\u00e9fono<\/label><input type=\"text\" name=\"phone-1\" value=\"\" placeholder=\"\" id=\"forminator-field-phone-1_69e4469d48ae8\" class=\"forminator-input forminator-field--phone\" data-required=\"\" aria-required=\"false\" autocomplete=\"off\" \/><\/div><\/div><\/div><div class=\"forminator-row\"><div id=\"textarea-1\" class=\"forminator-field-textarea forminator-col forminator-col-12\"><div class=\"forminator-field\"><label for=\"forminator-field-textarea-1_69e4469d48ae8\" id=\"forminator-field-textarea-1_69e4469d48ae8-label\" class=\"forminator-label\">Mensaje<\/label><textarea name=\"textarea-1\" placeholder=\"\" id=\"forminator-field-textarea-1_69e4469d48ae8\" class=\"forminator-textarea\" rows=\"6\" style=\"min-height:140px;\" maxlength=\"180\" ><\/textarea><span id=\"forminator-field-textarea-1_69e4469d48ae8-description\" class=\"forminator-description\"><span data-limit=\"180\" data-type=\"characters\" data-editor=\"\">0 \/ 180<\/span><\/span><\/div><\/div><\/div><div class=\"forminator-row\"><div id=\"captcha-1\" class=\"forminator-field-captcha forminator-col forminator-col-12\"><div class=\"forminator-captcha-left forminator-g-recaptcha recaptcha-invisible\" data-theme=\"light\" data-badge=\"inline\" data-sitekey=\"6LeUjkErAAAAAPlDedSoCa38W6VO8IwEGNZ0_VdC\" data-size=\"invisible\"><\/div> <\/div><\/div><input type=\"hidden\" name=\"referer_url\" value=\"\" \/><div class=\"forminator-row forminator-row-last\"><div class=\"forminator-col\"><div class=\"forminator-field\"><button class=\"forminator-button forminator-button-submit\">Enviar mensaje<\/button><\/div><\/div><\/div><input type=\"hidden\" id=\"forminator_nonce\" name=\"forminator_nonce\" value=\"ed9f505678\" \/><input type=\"hidden\" name=\"_wp_http_referer\" value=\"\/es\/wp-json\/wp\/v2\/pages\/5462\" \/><input type=\"hidden\" name=\"form_id\" value=\"5467\"><input type=\"hidden\" name=\"page_id\" value=\"5462\"><input type=\"hidden\" name=\"form_type\" value=\"default\"><input type=\"hidden\" name=\"current_url\" value=\"https:\/\/goldleafbvi.com\/es\/contact-us\/\"><input type=\"hidden\" name=\"render_id\" value=\"0\"><input type=\"hidden\" name=\"action\" value=\"forminator_submit_form_custom-forms\"><input type=\"hidden\" name=\"trp-form-language\" value=\"es\"\/><\/form><\/h3>\n<p>[\/et_pb_text][\/et_pb_column][\/et_pb_row][\/et_pb_section]<\/p>","protected":false},"excerpt":{"rendered":"<p>Cont\u00e1ctenos\u00bfEst\u00e1 listo para trabajar con nosotros?Gold Leaf Consulting LimitedIslas V\u00edrgenes Brit\u00e1nicasDe lunes a viernes: 8:30 a. m. a 5:30 p. m.Fines de semana: cerradoOleander Building, Suite OL 6, 13a JR O&#039;Neal Drive, Port Purcell, Tortola: 1-284-494-9559: info@goldleafbvi.comFormulario de contacto<div class=\"forminator-ui forminator-custom-form forminator-custom-form-5467 forminator-design--default forminator-enclosed forminator_ajax\" data-forminator-render=\"1\" data-form=\"forminator-module-5467\" data-uid=\"69e4469dc95d9\"><br\/><\/div><form\n\t\t\t\tid=\"forminator-module-5467\"\n\t\t\t\tclass=\"forminator-ui forminator-custom-form forminator-custom-form-5467 forminator-design--default forminator-enclosed forminator_ajax\"\n\t\t\t\tmethod=\"post\"\n\t\t\t\tdata-forminator-render=\"1\"\n\t\t\t\tdata-form-id=\"5467\"\n\t\t\t\t data-color-option=\"default\" data-design=\"default\" data-grid=\"enclosed\" style=\"display: none;\"\n\t\t\t\tdata-uid=\"69e4469dc95d9\" action=\"\"\n\t\t\t><div role=\"alert\" aria-live=\"polite\" class=\"forminator-response-message forminator-error\" aria-hidden=\"true\"><\/div><div class=\"forminator-row\"><div id=\"name-1\" class=\"forminator-field-name forminator-col forminator-col-12\"><div class=\"forminator-field\"><label for=\"forminator-field-name-1_69e4469dc95d9\" id=\"forminator-field-name-1_69e4469dc95d9-label\" class=\"forminator-label\">Nombre completo <span class=\"forminator-required\">*<\/span><\/label><input type=\"text\" name=\"name-1\" value=\"\" placeholder=\"\" id=\"forminator-field-name-1_69e4469dc95d9\" class=\"forminator-input forminator-name--field\" aria-required=\"true\" autocomplete=\"name\" \/><\/div><\/div><\/div><div class=\"forminator-row\"><div id=\"email-1\" class=\"forminator-field-email forminator-col forminator-col-12\"><div class=\"forminator-field\"><label for=\"forminator-field-email-1_69e4469dc95d9\" id=\"forminator-field-email-1_69e4469dc95d9-label\" class=\"forminator-label\">Direcci\u00f3n de correo electr\u00f3nico <span class=\"forminator-required\">*<\/span><\/label><input type=\"email\" name=\"email-1\" value=\"\" placeholder=\"\" id=\"forminator-field-email-1_69e4469dc95d9\" class=\"forminator-input forminator-email--field\" data-required=\"true\" aria-required=\"true\" autocomplete=\"email\" \/><\/div><\/div><\/div><div class=\"forminator-row\"><div id=\"phone-1\" class=\"forminator-field-phone forminator-col forminator-col-12\"><div class=\"forminator-field\"><label for=\"forminator-field-phone-1_69e4469dc95d9\" id=\"forminator-field-phone-1_69e4469dc95d9-label\" class=\"forminator-label\">N\u00famero de tel\u00e9fono<\/label><input type=\"text\" name=\"phone-1\" value=\"\" placeholder=\"\" id=\"forminator-field-phone-1_69e4469dc95d9\" class=\"forminator-input forminator-field--phone\" data-required=\"\" aria-required=\"false\" autocomplete=\"off\" \/><\/div><\/div><\/div><div class=\"forminator-row\"><div id=\"textarea-1\" class=\"forminator-field-textarea forminator-col forminator-col-12\"><div class=\"forminator-field\"><label for=\"forminator-field-textarea-1_69e4469dc95d9\" id=\"forminator-field-textarea-1_69e4469dc95d9-label\" class=\"forminator-label\">Mensaje<\/label><textarea name=\"textarea-1\" placeholder=\"\" id=\"forminator-field-textarea-1_69e4469dc95d9\" class=\"forminator-textarea\" rows=\"6\" style=\"min-height:140px;\" maxlength=\"180\" ><\/textarea><span id=\"forminator-field-textarea-1_69e4469dc95d9-description\" class=\"forminator-description\"><span data-limit=\"180\" data-type=\"characters\" data-editor=\"\">0 \/ 180<\/span><\/span><\/div><\/div><\/div><div class=\"forminator-row\"><div id=\"captcha-1\" class=\"forminator-field-captcha forminator-col forminator-col-12\"><div class=\"forminator-captcha-left forminator-g-recaptcha recaptcha-invisible\" data-theme=\"light\" data-badge=\"inline\" data-sitekey=\"6LeUjkErAAAAAPlDedSoCa38W6VO8IwEGNZ0_VdC\" data-size=\"invisible\"><\/div> <\/div><\/div><input type=\"hidden\" name=\"referer_url\" value=\"\" \/><div class=\"forminator-row forminator-row-last\"><div class=\"forminator-col\"><div class=\"forminator-field\"><button class=\"forminator-button forminator-button-submit\">Enviar mensaje<\/button><\/div><\/div><\/div><input type=\"hidden\" id=\"forminator_nonce\" name=\"forminator_nonce\" value=\"ed9f505678\" \/><input type=\"hidden\" name=\"_wp_http_referer\" value=\"\/es\/wp-json\/wp\/v2\/pages\/5462\" \/><input type=\"hidden\" name=\"form_id\" value=\"5467\"><input type=\"hidden\" name=\"page_id\" value=\"5462\"><input type=\"hidden\" name=\"form_type\" value=\"default\"><input type=\"hidden\" name=\"current_url\" value=\"https:\/\/goldleafbvi.com\/es\/contact-us\/\"><input type=\"hidden\" name=\"render_id\" value=\"1\"><input type=\"hidden\" name=\"action\" value=\"forminator_submit_form_custom-forms\"><input type=\"hidden\" name=\"trp-form-language\" value=\"es\"\/><\/form><\/p>","protected":false},"author":1,"featured_media":0,"parent":0,"menu_order":0,"comment_status":"closed","ping_status":"closed","template":"","meta":{"_et_pb_use_builder":"on","_et_pb_old_content":"","_et_gb_content_width":"","om_disable_all_campaigns":false,"footnotes":""},"class_list":["post-5462","page","type-page","status-publish","hentry"],"rttpg_featured_image_url":null,"rttpg_author":{"display_name":"aamwebdevelopment","author_link":"https:\/\/goldleafbvi.com\/es\/author\/aamwebdevelopment\/"},"rttpg_comment":0,"rttpg_category":null,"rttpg_excerpt":"Contact UsReady to work with us?Gold Leaf Consulting LimitedBritish Virgin IslandsMon - Fri : 8:30 am - 5:30 pmWeekends: ClosedOleander Building, Suite OL 6, 13a J.R O\u2019Neal Drive, Port Purcell, Tortola\u00a0 : 1-284-494-9559 : info@goldleafbvi.comContact Form[forminator_form id=\"5467\"]","_links":{"self":[{"href":"https:\/\/goldleafbvi.com\/es\/wp-json\/wp\/v2\/pages\/5462","targetHints":{"allow":["GET"]}}],"collection":[{"href":"https:\/\/goldleafbvi.com\/es\/wp-json\/wp\/v2\/pages"}],"about":[{"href":"https:\/\/goldleafbvi.com\/es\/wp-json\/wp\/v2\/types\/page"}],"author":[{"embeddable":true,"href":"https:\/\/goldleafbvi.com\/es\/wp-json\/wp\/v2\/users\/1"}],"replies":[{"embeddable":true,"href":"https:\/\/goldleafbvi.com\/es\/wp-json\/wp\/v2\/comments?post=5462"}],"version-history":[{"count":3,"href":"https:\/\/goldleafbvi.com\/es\/wp-json\/wp\/v2\/pages\/5462\/revisions"}],"predecessor-version":[{"id":7276,"href":"https:\/\/goldleafbvi.com\/es\/wp-json\/wp\/v2\/pages\/5462\/revisions\/7276"}],"wp:attachment":[{"href":"https:\/\/goldleafbvi.com\/es\/wp-json\/wp\/v2\/media?parent=5462"}],"curies":[{"name":"gracias","href":"https:\/\/api.w.org\/{rel}","templated":true}]}}