{"id":5436,"date":"2024-01-29T00:31:08","date_gmt":"2024-01-29T00:31:08","guid":{"rendered":"https:\/\/template9.aamwebdevelopment.com\/?page_id=5436"},"modified":"2024-01-29T00:31:08","modified_gmt":"2024-01-29T00:31:08","slug":"locations","status":"publish","type":"page","link":"https:\/\/goldleafbvi.com\/es\/locations\/","title":{"rendered":"Ubicaciones"},"content":{"rendered":"<p>[et_pb_section fb_built=\u201d1\u2033 _builder_version=\u201d4.22.1\u2033 background_color=\u201d#000000\u2033 height_tablet=\u201d\u201d height_phone=\u201d620px\u201d height_last_edited=\u201don|phone\u201d max_height_tablet=\u201d\u201d max_height_phone=\u201d720px\u201d max_height_last_edited=\u201don|escritorio \u201d custom_padding=\u201d||||false|false\u201d bottom_divider_color=\u201d#FFFFFF\u201d scroll_vertical_motion=\u201d0|60|60|100|4|0|-4\u2033 scroll_blur=\u201d0|24|82|100|10|0| 0\u2033 hover_enabled=\u201d0\u2033 background_last_edited=\u201doff|desktop\u201d use_background_color_gradient_phone=\u201don\u201d background_color_gradient_direction_phone=\u201d180deg\u201d background_color_gradient_stops_phone=\u201drgba(16,126,125,0.49) 0%|#107e7d 100% background_color_ gradient_overlays_image_phone=\u201dactivado\u201d background_enable_mask_style_phone=\u201dapagado\u201d global_colors_info= \u201d{}\u201d background_enable_image=\u201doff\u201d sticky_enabled=\u201d0\u2033][et_pb_row _builder_version=\u201d4.22.1\u2033 _module_preset=\u201ddefault\u201d custom_margin=\u201d||||false|false\u201d custom_margin_tablet=\u201d||||false|false \u201d custom_margin_phone=\u201d||||false|false\u201d custom_margin_last_edited=\u201den|escritorio\u201d global_colors_info=\u201d{}\u201d][et_pb_column type=\u201d4_4\u2033 _builder_version=\u201d4.22.1\u2033 _module_preset=\u201ddefault\u201d global_colors_info=\u201d{} \u201d][et_pb_text disable_on=\u201doff|off|off\u201d admin_label=\u201dTexto\u201d _builder_version=\u201d4.22.1\u2033 _module_preset=\u201ddefault\u201d link_text_align=\u201dcenter\u201d link_text_color=\u201d#B6903C\u201d header_font=\u201d||||||| |\u201d header_text_align=\u201dcenter\u201d header_text_color=\u201d#B6903C\u201d header_font_size=\u201d70px\u201d header_letter_spacing=\u201d5px\u201d header_line_height=\u201d1.5em\u201d horizontal_offset=\u201d182px\u201d vertical_offset_tablet=\u201d\u201d vertical_offset_phone=\u201d13px\u201d vertical_offset_last_edited=\u201don|phone\u201d horizontal_offset_tablet=\u201d 138px\u201d horizontal_offset_phone=\u201d0px\u201d horizontal_offset_last_edited=\u201don|escritorio\u201d position_origin_a_tablet=\u201d\u201d position_origin_a_phone=\u201d\u201d position_origin_a_last_edited=\u201don|escritorio\u201d position_origin_f_tablet=\u201d\u201d position_origin_f_phone=\u201d\u201d position_origin_f_last_edited=\u201don|escritorio position_ origin_r_tablet=\u201d\u201d posici\u00f3n_origin_r_phone= \u201d\u201d position_origin_r_last_edited=\u201den|escritorio\u201d custom_margin=\u201d||||false|false\u201d custom_margin_tablet=\u201d||||false|false\u201d custom_margin_phone=\u201d||||false|false\u201d custom_margin_last_edited=\u201den|tel\u00e9fono\u201d custom_padding_tablet =\u201d\u201d custom_padding_phone=\u201d||10px||false|false\u201d custom_padding_last_edited=\u201don|phone\u201d hover_enabled=\u201d0\u2033 header_font_size_tablet=\u201d40px\u201d header_font_size_phone=\u201d30px\u201d header_font_size_last_edited=\u201don|phone\u201d positioning_tablet=\u201dnone\u201d positioning_phone =\u201dninguno\u201d positioning_last_edited=\u201den|escritorio\u201d global_colors_info=\u201d{}\u201d sticky_enabled=\u201d0\u2033]<\/p>\n<h1>Ubicaciones<\/h1>\n<p>[\/et_pb_text][\/et_pb_column][\/et_pb_row][\/et_pb_section][et_pb_section fb_built=\u201d1\u2033 module_id=\u201dttdev-home-ie-services\u201d module_class=\u201dfixedsticky fixsticky_desktop fullwidth fullwidth-serv row-reverse\u201d _builder_version=\u201d 4.22.1\u2033 background_color=\u201d#FFFFFF\u201d background_enable_image=\u201doff\u201d custom_padding=\u201d30px|0px|80px|0px|false|false\u201d hover_enabled=\u201d0\u2033 global_colors_info=\u201d{}\u201d sticky_enabled=\u201d0\u2033][et_pb_row column_structure= \u201d1_4,1_4,1_4,1_4\u2033 _builder_version=\u201d4.22.1\u2033 _module_preset=\u201ddefault\u201d width=\u201d90%\u201d max_width=\u201d90%\u201d global_colors_info=\u201d{}\u201d][et_pb_column type=\u201d1_4\u2033 _builder_version=\u201d4.22. 1\u2033 _module_preset=\u201ddefault\u201d custom_padding=\u201d30px|30px|30px|30px|true|true\u201d border_width_all=\u201d3px\u201d border_color_all=\u201d#B6903C\u201d global_colors_info=\u201d{}\u201d][et_pb_blurb title=\u201dTortola, BVI \u201d imagen= \u201dhttps:\/\/template9.aamwebdevelopment.com\/wp-content\/uploads\/2024\/01\/GCCS-removebg-preview.png\u201d alt=\u201dBVI Sunrise\u201d _builder_version=\u201d4.22.1\u2033 _module_preset=\u201ddefault\u201d header_font=\u201d |600|||||||\u201d header_text_color=\u201d#B6903C\u201d body_text_align=\u201dcenter\u201d body_text_color=\u201d#B6903C\u201d image_icon_custom_margin=\u201d-50px||-50px||true|false\u201d global_colors_info=\u201d{}\u201d]<\/p>\n<p style=\"text-align: left;\"><span>Servicios fiduciarios<\/span><\/p>\n<p style=\"text-align: left;\"><span> Cumplimiento normativo\u00a0<\/span><\/p>\n<p style=\"text-align: left;\"><span> Servicios de formaci\u00f3n y gesti\u00f3n de entidades<\/span><\/p>\n<p>[\/et_pb_blurb][et_pb_button button_url=\u201dhttps:\/\/template9.aamwebdevelopment.com\/index.php\/british-virgin-islands\/\u201d button_text=\u201dVisitar ubicaci\u00f3n\u201d button_alignment=\u201dcenter\u201d _builder_version=\u201d4.22.1\u2033 _module_preset= \u201ddefault\u201d custom_button=\u201don\u201d button_text_color=\u201d#b6903c\u201d button_border_radius=\u201d50px\u201d global_colors_info=\u201d{}\u201d][\/et_pb_button][\/et_pb_column][et_pb_column type=\u201d1_4\u2033 _builder_version=\u201d4.22.1\u2033 _module_preset=\u201d default\u201d custom_padding=\u201d30px|30px|30px|30px|true|true\u201d border_width_all=\u201d3px\u201d border_color_all=\u201d#B6903C\u201d global_colors_info=\u201d{}\u201d][et_pb_blurb title=\u201dSanta Luc\u00eda, Camino Creole\u201d image=\u201dhttps :\/\/template9.aamwebdevelopment.com\/wp-content\/uploads\/2024\/01\/GCCS-removebg-preview.png\u201d _builder_version=\u201d4.22.1\u2033 _module_preset=\u201ddefault\u201d header_font=\u201d|600|||||| |\u201d header_text_color=\u201d#B6903C\u201d body_text_align=\u201dleft\u201d body_text_color=\u201d#B6903C\u201d image_icon_custom_margin=\u201d-50px||-50px||true|false\u201d hover_enabled=\u201d0\u2033 global_colors_info=\u201d{}\u201d sticky_enabled=\u201d0\u2033]<\/p>\n<p><span>Servicios fiduciarios<\/span><\/p>\n<p><span> Cumplimiento normativo<\/span><\/p>\n<p><span> Servicios de formaci\u00f3n y gesti\u00f3n de entidades<\/span><\/p>\n<p>[\/et_pb_blurb][et_pb_button button_url=\u201dhttps:\/\/template9.aamwebdevelopment.com\/index.php\/st-lucia\/\u201d button_text=\u201dVisitar ubicaci\u00f3n\u201d button_alignment=\u201dcenter\u201d _builder_version=\u201d4.22.1\u2033 _module_preset=\u201ddefault \u201d custom_button=\u201don\u201d button_text_color=\u201d#b6903c\u201d button_border_radius=\u201d50px\u201d global_colors_info=\u201d{}\u201d][\/et_pb_button][\/et_pb_column][et_pb_column type=\u201d1_4\u2033 _builder_version=\u201d4.22.1\u2033 _module_preset=\u201ddefault\u201d global_colors_info=\u201d{}\u201d][\/et_pb_column][et_pb_column type=\u201d1_4\u2033 _builder_version=\u201d4.22.1\u2033 _module_preset=\u201ddefault\u201d global_colors_info=\u201d{}\u201d][\/et_pb_column][\/et_pb_row][\/et_pb_section]<\/p>","protected":false},"excerpt":{"rendered":"<p>UbicacionesServicios fiduciarios Servicios de gesti\u00f3n y formaci\u00f3n de entidades regulatorias y de cumplimientoServicios fiduciarios Servicios de gesti\u00f3n y formaci\u00f3n de entidades regulatorias y de cumplimiento<\/p>","protected":false},"author":1,"featured_media":0,"parent":0,"menu_order":0,"comment_status":"closed","ping_status":"closed","template":"","meta":{"_et_pb_use_builder":"on","_et_pb_old_content":"","_et_gb_content_width":"","om_disable_all_campaigns":false,"footnotes":""},"class_list":["post-5436","page","type-page","status-publish","hentry"],"rttpg_featured_image_url":null,"rttpg_author":{"display_name":"aamwebdevelopment","author_link":"https:\/\/goldleafbvi.com\/es\/author\/aamwebdevelopment\/"},"rttpg_comment":0,"rttpg_category":null,"rttpg_excerpt":"LocationsFiduciary Services Regulatory &amp; Compliance\u00a0 Entity Formation &amp; Management ServicesFiduciary Services Regulatory &amp; Compliance Entity Formation &amp; Management Services","_links":{"self":[{"href":"https:\/\/goldleafbvi.com\/es\/wp-json\/wp\/v2\/pages\/5436","targetHints":{"allow":["GET"]}}],"collection":[{"href":"https:\/\/goldleafbvi.com\/es\/wp-json\/wp\/v2\/pages"}],"about":[{"href":"https:\/\/goldleafbvi.com\/es\/wp-json\/wp\/v2\/types\/page"}],"author":[{"embeddable":true,"href":"https:\/\/goldleafbvi.com\/es\/wp-json\/wp\/v2\/users\/1"}],"replies":[{"embeddable":true,"href":"https:\/\/goldleafbvi.com\/es\/wp-json\/wp\/v2\/comments?post=5436"}],"version-history":[{"count":0,"href":"https:\/\/goldleafbvi.com\/es\/wp-json\/wp\/v2\/pages\/5436\/revisions"}],"wp:attachment":[{"href":"https:\/\/goldleafbvi.com\/es\/wp-json\/wp\/v2\/media?parent=5436"}],"curies":[{"name":"gracias","href":"https:\/\/api.w.org\/{rel}","templated":true}]}}