{"id":5408,"date":"2024-01-28T02:10:31","date_gmt":"2024-01-28T02:10:31","guid":{"rendered":"https:\/\/template9.aamwebdevelopment.com\/?page_id=5408"},"modified":"2024-09-20T01:23:20","modified_gmt":"2024-09-20T01:23:20","slug":"money-laundering-reporting-officer-services","status":"publish","type":"page","link":"https:\/\/goldleafbvi.com\/es\/money-laundering-reporting-officer-services\/","title":{"rendered":"Servicios de oficial de informes de lavado de dinero"},"content":{"rendered":"<p>[et_pb_section fb_built=\u201d1\u2033 _builder_version=\u201d4.22.1\u2033 background_color=\u201d#000000\u2033 background_enable_image=\u201doff\u201d height_tablet=\u201d\u201d height_phone=\u201d\u201d height_last_edited=\u201don|phone\u201d max_height_tablet=\u201d\u201d max_height_phone=\u201d\u201d max_height_last_edited=\u201d en|escritorio\u201d custom_padding=\u201d||||false|false\u201d bottom_divider_color=\u201d#FFFFFF\u201d scroll_vertical_motion=\u201d0|60|60|100|4|0|-4\u2033 scroll_blur=\u201d0|24|82|100|10 |0|0\u2033 background_last_edited=\u201doff|desktop\u201d use_background_color_gradient_phone=\u201don\u201d background_color_gradient_direction_phone=\u201d180deg\u201d background_color_gradient_stops_phone=\u201drgba(16,126,125,0.49) 0%|#107e7d 100%\u201d image_phone=\u201dactivado\u201d background_enable_mask_style_phone=\u201ddesactivado\u201d global_colors_info=\u201d{ }\u201d][et_pb_row _builder_version=\u201d4.22.1\u2033 _module_preset=\u201ddefault\u201d custom_margin=\u201d||||false|false\u201d custom_margin_tablet=\u201d||||false|false\u201d custom_margin_phone=\u201d||||false|false\u201d custom_margin_last_edited=\u201den|escritorio\u201d custom_padding=\u201d||0px|||\u201d global_colors_info=\u201d{}\u201d][et_pb_column type=\u201d4_4\u2033 _builder_version=\u201d4.22.1\u2033 _module_preset=\u201ddefault\u201d global_colors_info=\u201d{}\u201d][et_pb_textdisable_on=\u201doff|off|off\u201d admin_label=\u201dTexto\u201d _builder_version =\u201d4.22.1\u2033 _module_preset=\u201ddefault\u201d link_text_align=\u201dcenter\u201d link_text_color=\u201d#B6903C\u201d header_font=\u201d||||||||\u201d header_text_align=\u201dcenter\u201d header_text_color=\u201d#B6903C\u201d header_font_size=\u201d70px\u201d header_letter_spacing=\u201d5px\u201d header_line_height=\u201d1.5em\u201d horizontal_offset=\u201d182px\u201d vertical_offset_tablet=\u201d\u201d vertical_offset_phone=\u201d13px\u201d vertical_offset_last_edited=\u201don|phone\u201d horizontal_offset_tablet=\u201d 138px\u201d horizontal_offset_phone=\u201d0px\u201d horizontal_offset_last_edited=\u201den|escritorio\u201d position_origin_a_tablet=\u201d\u201d position_origin_a_phone=\u201d\u201d position_origin_a_last_edited=\u201den|escritorio\u201d position_origin_f_tablet=\u201d\u201d position_origin_f_phone=\u201d\u201d position_origin_f_last_edited=\u201den|escritorio position_ origin_r_tablet=\u201d\u201d posici\u00f3n_origin_r_phone= \u201d\u201d position_origin_r_last_edited=\u201den|escritorio\u201d custom_margin=\u201d||||false|false\u201d custom_margin_tablet=\u201d||||false|false\u201d custom_margin_phone=\u201d||||false|false\u201d custom_margin_last_edited=\u201den|tel\u00e9fono\u201d custom_padding_tablet =\u201d\u201d custom_padding_phone=\u201d||10px||false|false\u201d custom_padding_last_edited=\u201don|phone\u201d header_font_size_tablet=\u201d40px\u201d header_font_size_phone=\u201d30px\u201d header_font_size_last_edited=\u201don|phone\u201d positioning_tablet=\u201dnone\u201d positioning_phone=\u201dnone\u201d positioning_last_edited =\u201den|escritorio\u201d global_colors_info=\u201d{}\u201d]<\/p>\n<h1>Servicios de oficial de informes de lavado de dinero<\/h1>\n<p>[\/et_pb_text][\/et_pb_column][\/et_pb_row][\/et_pb_section][et_pb_section fb_built=\u201d1\u2033 module_id=\u201dttdev-home-ie-services\u201d module_class=\u201dfixedsticky fixedsticky_desktop fullwidth fullwidth-serv row-reverse\u201d _builder_version=\u201d4.22.1\u2033 background_color=\u201d#FFFFFF\u201d background_enable_image=\u201doff\u201d custom_padding=\u201d30px|0px|80px|0px|false|false\u201d global_colors_info=\u201d{}\u201d][et_pb_row _builder_version=\u201d4.22.1\u2033 _module_preset=\u201ddefault\u201d global_colors_info=\u201d{}\u201d][et_pb_column type=\u201d4_4\u2033 _builder_version=\u201d4.22.1\u2033 _module_preset=\u201ddefault\u201d global_colors_info=\u201d{}\u201d][et_pb_heading title=\u201dC\u00f3mo te ayudamos\u201d _builder_version=\u201d4.22.1\u2033 _module_preset=\u201ddefault\u201d title_level=\u201dh2\u2033 hover_enabled=\u201d0\u2033 global_colors_info=\u201d{}\u201d sticky_enabled=\u201d0\u2033][\/et_pb_heading][\/et_pb_column][\/et_pb_row][et_pb_row column_structure=\u201d3_4,1_4\u2033 _builder_version=\u201d4.22.1\u2033 _module_preset=\u201ddefault\u201d global_colors_info=\u201d{}\u201d][et_pb_column type=\u201d3_4\u2033 _builder_version=\u201d4.22.1\u2033 _module_preset=\u201dpredeterminado\u201d global_colors_info=\u201d{}\u201d][et_pb_text _builder_version=\u201d4.25.1\u2033 _module_preset=\u201dpredeterminado\u201d text_text_color=\u201d#000000\u2033 link_text_color=\u201d#b6903c\u201d global_colors_info=\u201d{}\u201d]<\/p>\n<p>En Gold Leaf Consulting, brindamos informes completos sobre lavado de dinero<br \/>Servicios de Oficial (\u201cMLRO\u201d) a instituciones financieras autorizadas, incluidos Fondos y<br \/>Administradores de fondos aprobados, as\u00ed como entidades no financieras designadas registradas localmente.<br \/>Empresas de Servicios (\u201cAPNFD\u201d) en las Islas V\u00edrgenes Brit\u00e1nicas (\u201cBVI\u201d). Los clientes conf\u00edan en nosotros como<br \/>su proveedor externo de servicios MLRO debido a nuestra amplia experiencia y conocimientos como<br \/>especialistas en cumplimiento y regulaci\u00f3n.<\/p>\n<p>Con un profundo conocimiento del panorama regulatorio y estrictas normas anti-dinero.<br \/>requisitos de lavado de dinero (\u201cAML\u201d), nuestro equipo est\u00e1 bien equipado para cumplir con el rol de MLRO<br \/>efectivamente. Trabajamos estrechamente con nuestros clientes para garantizar el cumplimiento de las normas<br \/>obligaciones, implementar pol\u00edticas y procedimientos ALD s\u00f3lidos y llevar a cabo investigaciones<br \/>actividades de seguimiento y presentaci\u00f3n de informes.<\/p>\n<p>Nuestros servicios de Oficial de informes de lavado de dinero ofrecen tranquilidad a nuestros clientes al saber que profesionales experimentados manejan sus responsabilidades ALD. Ya sea que sea una instituci\u00f3n financiera o una APNFD, estamos comprometidos a brindar servicios MLRO personalizados que satisfagan sus necesidades espec\u00edficas y requisitos regulatorios. Cont\u00e1ctenos hoy para obtener m\u00e1s informaci\u00f3n sobre c\u00f3mo nuestros servicios de Oficial de informes de lavado de dinero pueden ayudarlo a fortalecer su programa de cumplimiento ALD y proteger su negocio contra riesgos de delitos financieros.<\/p>\n<p>[\/et_pb_text][\/et_pb_column][et_pb_column tipo=\u201d1_4\u2033 _builder_version=\u201d4.22.1\u2033 _module_preset=\u201dpredeterminado\u201d global_colors_info=\u201d{}\u201d][et_pb_image origen=\u201dhttps:\/\/goldleafbvi.com\/wp-content\/uploads\/2024\/09\/output-onlinepngtools.png\u201d _builder_version=\u201d4.27.0\u2033 _module_preset=\u201dpredeterminado\u201d t\u00edtulo_texto=\u201doutput-onlinepngtools\u201d hover_enabled=\u201d0\u2033 sticky_enabled=\u201d0\u2033][\/et_pb_image][\/et_pb_column][\/et_pb_row][\/et_pb_section][et_pb_section fb_built=\u201d1\u2033 _builder_version=\u201d4.22.1\u2033 _module_preset=\u201dpredeterminado\u201d background_color=\u201d#b6903c\u201d background_enable_color=\u201ddesactivado\u201d use_background_color_gradient=\u201dactivado\u201d background_color_gradient_direction=\u201d233deg\u201d background_color_gradient_stops=\u201d#b6903c 0%|rgba(181,181,181,0.35) 50%|#b6903c 100%\u201d bottom_divider_color=\u201d#FFFFFF\u201d animation_direction=\u201dderecha\u201d global_module=\u201d5700\u2033 pesta\u00f1as guardadas=\u201dtodas\u201d bloqueado=\u201ddesactivado\u201d global_colors_info=\u201d{}\u201d][et_pb_row _builder_version=\u201d4.25.0\u2033 _module_preset=\u201dpredeterminado\u201d custom_margin=\u201d-30px||||falso|falso\u201d custom_margin_tablet=\u201d||||falso|falso\u201d custom_margin_phone=\u201d||||falso|falso\u201d custom_margin_last_edited=\u201den|escritorio\u201d custom_padding=\u201d||90px||falso|falso\u201d global_colors_info=\u201d{}\u201d][et_pb_column type=\u201d4_4\u2033 _builder_version=\u201d4.22.1\u2033 _module_preset=\u201dpredeterminado\u201d global_colors_info=\u201d{}\u201d][et_pb_text _builder_version=\u201d4.22.1\u2033 _module_preset=\u201dpredeterminado\u201d text_text_color=\u201d#B6903C\u201d tama\u00f1o_de_fuente_del_texto=\u201d18px\u201d color_del_texto_del_enlace=\u201d#8A52FC\u201d color_del_texto_del_encabezado_4=\u201d#B6903C\u201d tama\u00f1o_de_fuente_del_encabezado_4=\u201d22px\u201d orientaci\u00f3n_del_texto=\u201dcentro\u201d margen_personalizado=\u201d||29px|||\u201d informaci\u00f3n_de_colores_globales=\u201d{}\u201d color_del_texto__hover=\u201d#FFFFFF\u201d color_del_texto__hover_enabled=\u201don|hover\u201d dise\u00f1o_de_fondo__hover=\u201doscuro\u201d dise\u00f1o_de_fondo__hover_enabled=\u201don|hover\u201d]<\/p>\n<h4>\u00bfListo para trabajar con nosotros?<\/h4>\n<p>[\/et_pb_text][et_pb_text _builder_version=\u201d4.22.1\u2033 _module_preset=\u201ddefault\u201d link_text_color=\u201d#B6903C\u201d header_2_font=\u201d|700|||||||\u201d header_2_text_align=\u201dcenter\u201d header_2_text_color=\u201d#B6903C\u201d header_2_font_size=\u201d40px\u201d header_2_font_size_tablet=\u201d40px\u201d header_2_font_size_phone=\u201d25px\u201d header_2_font_size_last_edited=\u201don|phone\u201d global_colors_info=\u201d{}\u201d]<\/p>\n<h2><a href=\"#\">Gold Leaf<\/a> Consultor\u00eda Limitada<\/h2>\n<p>[\/et_pb_text][\/et_pb_column][\/et_pb_row][et_pb_row _builder_version=\u201d4.22.1\u2033 _module_preset=\u201ddefault\u201d custom_margin=\u201d-90px||||false|false\u201d custom_padding=\u201d||80px||false|false \u201d global_colors_info=\u201d{}\u201d][et_pb_column type=\u201d4_4\u2033 _builder_version=\u201d4.22.1\u2033 _module_preset=\u201ddefault\u201d global_colors_info=\u201d{}\u201d][et_pb_text _builder_version=\u201d4.25.0\u2033 _module_preset=\u201ddefault\u201d text_text_color= \u201d#000000\u2033 text_orientation=\u201dcentro\u201d global_colors_info=\u201d{}\u201d]<\/p>\n<p>Lun \u2013 Vie: 9:00 am \u2013 5:00 pm | Fines de semana: cerrado<\/p>\n<p>[\/et_pb_text][et_pb_textdisable_on=\u201doff|off|off\u201d _builder_version=\u201d4.25.1\u2033 _module_preset=\u201ddefault\u201d text_text_color=\u201d#000000\u2033 link_text_color=\u201d#000000\u2033 text_orientation=\u201dcenter\u201d custom_margin=\u201d-20px||| |false|false\u201d global_colors_info=\u201d{}\u201d background_layout__hover_enabled=\u201don|hover\u201d background_layout__hover=\u201ddark\u201d text_text_color__hover_enabled=\u201don|hover\u201d text_text_color__hover=\u201d#000000\u2033 link_text_color__hover_enabled=\u201don|hover\u201d link_text_color__hover=\u201d#B69 03C\u201d]<\/p>\n<p><a href=\"https:\/\/maps.app.goo.gl\/EBr5CUWZii3E4oxC6\" target=\"_blank\" rel=\"noopener\"><span>Unidades 6 y 7 Road Reef Plaza Prospect Reef\u00a0<\/span><\/a><\/p>\n<p>[\/et_pb_text][et_pb_textdisable_on=\u201doff|off|off\u201d _builder_version=\u201d4.26.0\u2033 _module_preset=\u201ddefault\u201d text_text_color=\u201d#000000\u2033 link_text_color=\u201d#000000\u2033 text_orientation=\u201dcenter\u201d custom_margin=\u201d-20px||| |false|false\u201d global_colors_info=\u201d{}\u201d background_layout__hover_enabled=\u201don|hover\u201d background_layout__hover=\u201ddark\u201d text_text_color__hover_enabled=\u201don|hover\u201d text_text_color__hover=\u201d#000000\u2033 link_text_color__hover_enabled=\u201don|hover\u201d link_text_color__hover=\u201d#B69 03C\u201d]<\/p>\n<p><i class=\"fa-solid fa-phone\"><\/i> :<a href=\"tel:12844949559\">1-284-494-9559<\/a><\/p>\n<p>[\/et_pb_text][et_pb_textdisable_on=\u201doff|off|off\u201d _builder_version=\u201d4.26.0\u2033 _module_preset=\u201ddefault\u201d text_text_color=\u201d#000000\u2033 link_text_color=\u201d#000000\u2033 text_orientation=\u201dcenter\u201d custom_margin=\u201d-20px||| |false|false\u201d global_colors_info=\u201d{}\u201d background_layout__hover_enabled=\u201don|hover\u201d background_layout__hover=\u201ddark\u201d text_text_color__hover_enabled=\u201don|hover\u201d text_text_color__hover=\u201d#000000\u2033 link_text_color__hover_enabled=\u201don|hover\u201d link_text_color__hover=\u201d#B69 03C\u201d]<\/p>\n<p><i class=\"fa-solid fa-envelope\"><\/i> : <a href=\"mailto:&quot;info@goldleafbvi.com&quot;\">info@goldleafbvi.com<\/a><\/p>\n<p>[\/et_pb_text][\/et_pb_column][\/et_pb_row][et_pb_row _builder_version=\u201d4.22.1\u2033 _module_preset=\u201ddefault\u201d custom_margin=\u201d-43px|auto||auto||\u201d global_colors_info=\u201d{}\u201d][et_pb_column type=\u201d4_4\u2033 _builder_version=\u201d4.22.1\u2033 _module_preset=\u201ddefault\u201d global_colors_info=\u201d{}\u201d][et_pb_button button_url=\u201dhttps:\/\/goldleafbvi.com\/contact-us\/ \u201d button_text=\u201dCont\u00e1ctenos\u201d button_alignment=\u201dcenter\u201d deshabilitado_on=\u201don|off|off\u201d _builder_version=\u201d4.25.0\u2033 _module_preset=\u201ddefault\u201d custom_button=\u201don\u201d button_text_size=\u201d22px\u201d button_text_color=\u201d#000000\u2033 button_icon= \u201dA||divi||400\u2033 button_text_size_tablet=\u201d22px\u201d button_text_size_phone=\u201d22px\u201d button_text_size_last_edited=\u201don|desktop\u201d global_colors_info=\u201d{}\u201d button_text_color__hover=\u201d#FFFFFF\u201d button_text_color__hover_enabled=\u201don|hover\u201d 0000\u2033 bot\u00f3n_bg_color__hover_enabled =\u201don|hover\u201d button_bg_enable_color__hover=\u201don\u201d][\/et_pb_button][\/et_pb_column][\/et_pb_row][\/et_pb_section]<\/p>","protected":false},"excerpt":{"rendered":"<p>Money Laundering Reporting Officer ServicesAt Gold Leaf Consulting, we provide comprehensive Money Laundering ReportingOfficer (\u201cMLRO\u201d) services to licensed financial institutions, including Funds andApproved Fund Managers, as well as locally registered Designated Non-FinancialServices Businesses (\u201cDNFBPs\u201d) in the British Virgin Islands (\u201cBVI\u201d). Clients trust us astheir external MLRO service provider due to our extensive experience and expertise ascompliance and regulatory specialists. With a deep understanding of the regulatory landscape and stringent anti-moneylaundering (\u201cAML\u201d) requirements, our team is well-equipped to fulfill the MLRO roleeffectively. We work closely with our clients to ensure compliance with regulatoryobligations, implement robust AML policies and procedures, and conduct ongoingmonitoring and reporting activities. Our Money Laundering Reporting Officer services offer peace of mind to our clients, knowing that experienced professionals manage their AML responsibilities. Whether you are a financial institution or a DNFBP, we are committed to providing tailored MLRO services that meet your specific needs and regulatory requirements. Contact us today to learn more about how our Money Laundering Reporting Officer services can help strengthen your AML compliance program and safeguard your business against financial crime risks.Ready to work with us?Gold Leaf Consulting LimitedMon &#8211; Fri : 9:00 am &#8211; 5:00 pm | Weekends: ClosedUnits 6 &amp; 7 [&hellip;]<\/p>","protected":false},"author":1,"featured_media":0,"parent":0,"menu_order":0,"comment_status":"closed","ping_status":"closed","template":"","meta":{"_et_pb_use_builder":"on","_et_pb_old_content":"","_et_gb_content_width":"","om_disable_all_campaigns":false,"footnotes":""},"class_list":["post-5408","page","type-page","status-publish","hentry"],"rttpg_featured_image_url":null,"rttpg_author":{"display_name":"aamwebdevelopment","author_link":"https:\/\/goldleafbvi.com\/es\/author\/aamwebdevelopment\/"},"rttpg_comment":0,"rttpg_category":null,"rttpg_excerpt":"Money Laundering Reporting Officer ServicesAt Gold Leaf Consulting, we provide comprehensive Money Laundering ReportingOfficer (\u201cMLRO\u201d) services to licensed financial institutions, including Funds andApproved Fund Managers, as well as locally registered Designated Non-FinancialServices Businesses (\u201cDNFBPs\u201d) in the British Virgin Islands (\u201cBVI\u201d). Clients trust us astheir external MLRO service provider due to our extensive experience and expertise&hellip;","_links":{"self":[{"href":"https:\/\/goldleafbvi.com\/es\/wp-json\/wp\/v2\/pages\/5408","targetHints":{"allow":["GET"]}}],"collection":[{"href":"https:\/\/goldleafbvi.com\/es\/wp-json\/wp\/v2\/pages"}],"about":[{"href":"https:\/\/goldleafbvi.com\/es\/wp-json\/wp\/v2\/types\/page"}],"author":[{"embeddable":true,"href":"https:\/\/goldleafbvi.com\/es\/wp-json\/wp\/v2\/users\/1"}],"replies":[{"embeddable":true,"href":"https:\/\/goldleafbvi.com\/es\/wp-json\/wp\/v2\/comments?post=5408"}],"version-history":[{"count":4,"href":"https:\/\/goldleafbvi.com\/es\/wp-json\/wp\/v2\/pages\/5408\/revisions"}],"predecessor-version":[{"id":7039,"href":"https:\/\/goldleafbvi.com\/es\/wp-json\/wp\/v2\/pages\/5408\/revisions\/7039"}],"wp:attachment":[{"href":"https:\/\/goldleafbvi.com\/es\/wp-json\/wp\/v2\/media?parent=5408"}],"curies":[{"name":"gracias","href":"https:\/\/api.w.org\/{rel}","templated":true}]}}