{"id":4906,"date":"2023-10-23T19:38:42","date_gmt":"2023-10-23T19:38:42","guid":{"rendered":"http:\/\/template1.aamwebdevelopment.com\/events-4\/"},"modified":"2024-06-05T16:59:49","modified_gmt":"2024-06-05T16:59:49","slug":"training-solutions","status":"publish","type":"page","link":"https:\/\/goldleafbvi.com\/es\/training-solutions\/","title":{"rendered":"Soluciones de formaci\u00f3n"},"content":{"rendered":"<p>[et_pb_section fb_built=\u201d1\u2033 _builder_version=\u201d4.22.1\u2033 background_color=\u201d#000000\u2033 background_enable_image=\u201doff\u201d height_tablet=\u201d\u201d height_phone=\u201d\u201d height_last_edited=\u201don|phone\u201d max_height_tablet=\u201d\u201d max_height_phone=\u201d\u201d max_height_last_edited=\u201d en|escritorio\u201d custom_padding=\u201d||||false|false\u201d bottom_divider_color=\u201d#FFFFFF\u201d scroll_vertical_motion=\u201d0|60|60|100|4|0|-4\u2033 scroll_blur=\u201d0|24|82|100|10 |0|0\u2033 background_last_edited=\u201doff|desktop\u201d use_background_color_gradient_phone=\u201don\u201d background_color_gradient_direction_phone=\u201d180deg\u201d background_color_gradient_stops_phone=\u201drgba(16,126,125,0.49) 0%|#107e7d 100%\u201d image_phone=\u201dactivado\u201d background_enable_mask_style_phone=\u201ddesactivado\u201d global_colors_info=\u201d{ }\u201d][et_pb_row _builder_version=\u201d4.22.1\u2033 _module_preset=\u201ddefault\u201d custom_margin=\u201d||||false|false\u201d custom_margin_tablet=\u201d||||false|false\u201d custom_margin_phone=\u201d||||false|false\u201d custom_margin_last_edited=\u201den|escritorio\u201d custom_padding=\u201d||0px|||\u201d global_colors_info=\u201d{}\u201d][et_pb_column type=\u201d4_4\u2033 _builder_version=\u201d4.22.1\u2033 _module_preset=\u201ddefault\u201d global_colors_info=\u201d{}\u201d][et_pb_textdisable_on=\u201doff|off|off\u201d admin_label=\u201dTexto\u201d _builder_version =\u201d4.22.1\u2033 _module_preset=\u201ddefault\u201d link_text_align=\u201dcenter\u201d link_text_color=\u201d#B6903C\u201d header_font=\u201d||||||||\u201d header_text_align=\u201dcenter\u201d header_text_color=\u201d#B6903C\u201d header_font_size=\u201d70px\u201d header_letter_spacing=\u201d5px\u201d header_line_height=\u201d1.5em\u201d horizontal_offset=\u201d182px\u201d vertical_offset_tablet=\u201d\u201d vertical_offset_phone=\u201d13px\u201d vertical_offset_last_edited=\u201don|phone\u201d horizontal_offset_tablet=\u201d 138px\u201d horizontal_offset_phone=\u201d0px\u201d horizontal_offset_last_edited=\u201den|escritorio\u201d position_origin_a_tablet=\u201d\u201d position_origin_a_phone=\u201d\u201d position_origin_a_last_edited=\u201den|escritorio\u201d position_origin_f_tablet=\u201d\u201d position_origin_f_phone=\u201d\u201d position_origin_f_last_edited=\u201den|escritorio position_ origin_r_tablet=\u201d\u201d posici\u00f3n_origin_r_phone= \u201d\u201d position_origin_r_last_edited=\u201den|escritorio\u201d custom_margin=\u201d||||false|false\u201d custom_margin_tablet=\u201d||||false|false\u201d custom_margin_phone=\u201d||||false|false\u201d custom_margin_last_edited=\u201den|tel\u00e9fono\u201d custom_padding_tablet =\u201d\u201d custom_padding_phone=\u201d||10px||false|false\u201d custom_padding_last_edited=\u201don|phone\u201d header_font_size_tablet=\u201d40px\u201d header_font_size_phone=\u201d30px\u201d header_font_size_last_edited=\u201don|phone\u201d positioning_tablet=\u201dnone\u201d positioning_phone=\u201dnone\u201d positioning_last_edited =\u201den|escritorio\u201d global_colors_info=\u201d{}\u201d]<\/p>\n<h1>Soluciones de formaci\u00f3n<\/h1>\n<p>[\/et_pb_text][\/et_pb_column][\/et_pb_row][\/et_pb_section][et_pb_section fb_built=\u201d1\u2033 module_id=\u201dttdev-home-ie-services\u201d module_class=\u201dfixedsticky fixsticky_desktop fullwidth fullwidth-serv row-reverse\u201d _builder_version=\u201d 4.22.1\u2033 background_color=\u201d#FFFFFF\u201d background_enable_image=\u201doff\u201d custom_padding=\u201d30px|0px|80px|0px|false|false\u201d global_colors_info=\u201d{}\u201d][et_pb_row _builder_version=\u201d4.22.1\u2033 _module_preset=\u201ddefault\u201d global_colors_info=\u201d{}\u201d][et_pb_column type=\u201d4_4\u2033 _builder_version=\u201d4.22.1\u2033 _module_preset=\u201ddefault\u201d global_colors_info=\u201d{}\u201d][et_pb_heading title=\u201dC\u00f3mo le ayudamos\u201d _builder_version=\u201d4.22.1\u2033 _module_preset=\u201ddefault\u201d title_level=\u201dh2\u2033 global_colors_info=\u201d{}\u201d][\/et_pb_heading][\/et_pb_column][\/et_pb_row][et_pb_row column_structure=\u201d3_4,1_4\u2033 _builder_version=\u201d4.22.1\u2033 _module_preset=\u201ddefault\u201d global_colors_info=\u201d{}\u201d][et_pb_column type=\u201d3_4\u2033 _builder_version=\u201d4.22.1\u2033 _module_preset=\u201ddefault\u201d global_colors_info=\u201d{}\u201d][et_pb_text _builder_version=\u201d4.22.1\u2033 _module_preset=\u201ddefault\u201d global_colors_info=\u201d {}\u201d]<\/p>\n<p>Descubra nuestras soluciones integrales de formaci\u00f3n adaptadas a profesionales que buscan experiencia en la lucha contra los delitos financieros. Con una combinaci\u00f3n de sesiones en l\u00ednea y presenciales, ofrecemos experiencias de aprendizaje din\u00e1micas e interactivas. Dirigido por nuestra estimada directora ejecutiva, Julia Chase, una reconocida oradora sobre asuntos regulatorios de BVI, nuestro equipo aporta una experiencia incomparable en lavado de dinero, financiamiento del terrorismo, financiamiento de la proliferaci\u00f3n y sanciones. Nuestros cursos de capacitaci\u00f3n se distinguen por sus metodolog\u00edas atractivas, que incluyen estudios de casos reveladores, lo que garantiza que los participantes obtengan conocimientos pr\u00e1cticos y estrategias viables.<\/p>\n<p>La amplia trayectoria de Julia Chase incluye impartir la clase magistral de capacitaci\u00f3n del FSC de BVI a la industria de servicios financieros de BVI en 2018 y 2019, as\u00ed como encabezar la capacitaci\u00f3n interna del personal del FSC de BVI sobre cumplimiento y gobierno corporativo. Mejore sus habilidades y mant\u00e9ngase a la vanguardia con nuestras soluciones de capacitaci\u00f3n de vanguardia.<\/p>\n<p>[\/et_pb_text][\/et_pb_column][et_pb_column type=\u201d1_4\u2033 _builder_version=\u201d4.22.1\u2033 _module_preset=\u201ddefault\u201d global_colors_info=\u201d{}\u201d][et_pb_code _builder_version=\u201d4.25.0\u2033 _module_preset=\u201ddefault\u201d text_orientation= \u201dizquierda\u201d text_orientation_tablet=\u201dcentro\u201d text_orientation_phone=\u201dcentro\u201d text_orientation_last_edited=\u201den|tableta\u201d global_colors_info=\u201d{}\u201d]<svg xmlns=\"http:\/\/www.w3.org\/2000\/svg\" xml:space=\"preserve\" width=\"256\" height=\"256\" version=\"1.1\" style=\"shape-rendering:geometricPrecision; text-rendering:geometricPrecision; image-rendering:optimizeQuality; fill-rule:evenodd; clip-rule:evenodd\" viewbox=\"0 0 1706.66 1706.66\" xmlns:xlink=\"http:\/\/www.w3.org\/1999\/xlink\" xmlns:xodm=\"http:\/\/www.corel.com\/coreldraw\/odm\/2003\"><!-- [et_pb_line_break_holder] --> <defs><!-- [et_pb_line_break_holder] -->  <\/p>\n<style type=\"text\/css\"><!-- [et_pb_line_break_holder] -->   <!-- [et_pb_line_break_holder] -->    .fil0 {fill:#b6903c}<!-- [et_pb_line_break_holder] -->   <!-- [et_pb_line_break_holder] -->  <\/style>\n<p><!-- [et_pb_line_break_holder] --> <\/defs><!-- [et_pb_line_break_holder] --> <g id=\"Layer_x0020_1\"><!-- [et_pb_line_break_holder] -->  <metadata id=\"CorelCorpID_0Corel-Layer\"><\/metadata><!-- [et_pb_line_break_holder] -->  <path class=\"fil0\" d=\"M1628.99 967.05l-935.55 0c-11.04,0 -20,-8.97 -20,-20l0 -283c0,-26.53 40,-26.82 40,-0.68l0 263.68 895.55 -0 0 -614.68c0,-26.32 40,-26.32 40,0l0 634.68c0,11.04 -8.96,20 -20,20zm-935.56 -421.31c-11.04,0 -20,-8.96 -20,-20l0 -213.36c0,-26.33 40,-26.33 40,0l0 213.35c0,11.06 -8.94,20.02 -20,20.02z\"><\/path><!-- [et_pb_line_break_holder] -->  <path class=\"fil0\" d=\"M1686.66 332.37l-1050.89 0c-26.33,0 -26.33,-40 0,-40l1050.89 0c26.33,0 26.33,40 0,40z\"><\/path><!-- [et_pb_line_break_holder] -->  <path class=\"fil0\" d=\"M1161.2 1249.69c-11.04,0 -20,-8.97 -20,-20l0 -282.64c0,-26.33 40,-26.32 40,0l0 282.64c0,11.04 -8.95,20 -20,20z\"><\/path><!-- [et_pb_line_break_holder] -->  <path class=\"fil0\" d=\"M1460.35 1571.67c-5.36,0 -10.71,-2.15 -14.65,-6.39l-284.5 -306.22 -284.49 306.22c-17.91,19.25 -47.23,-7.93 -29.3,-27.24l299.15 -321.98c7.57,-8.14 21.72,-8.14 29.29,0l299.15 321.98c11.95,12.86 2.63,33.62 -14.66,33.62z\"><\/path><!-- [et_pb_line_break_holder] -->  <path class=\"fil0\" d=\"M311.99 1546.95c-11.04,0 -20,-8.97 -20,-20l0 -369.82c0,-26.33 40,-26.32 40,0l0 369.82c0,11.04 -8.96,20 -20,20z\"><\/path><!-- [et_pb_line_break_holder] -->  <path class=\"fil0\" d=\"M421.21 1546.95l-218.45 0c-48.28,0 -87.54,-39.28 -87.54,-87.56l0 -583.22c0,-26.33 40,-26.33 40,0l0 583.22c0,26.22 21.33,47.54 47.54,47.54l218.45 0.01c26.21,0 47.54,-21.32 47.54,-47.54l0 -583.23c0,-26.33 40,-26.33 40,0l0 583.22c0,48.27 -39.26,87.55 -87.54,87.55z\"><\/path><!-- [et_pb_line_break_holder] -->  <path class=\"fil0\" d=\"M135.23 1177.13l-115.22 0c-11.04,0 -20,-8.97 -20,-20l0 -462.58c0,-104.13 84.72,-188.86 188.85,-188.86l606.66 0c116.94,0 116.93,177.67 0,177.67l-306.76 -0c-26.33,0 -26.33,-40 0,-40l306.76 0c64.3,0 64.28,-97.68 0,-97.68l-606.66 0c-82.09,0 -148.85,66.78 -148.85,148.86l0 442.56 95.11 0c26.38,0 26.38,40.03 0.11,40.03z\"><\/path><!-- [et_pb_line_break_holder] -->  <path class=\"fil0\" d=\"M311.99 474c-93.46,0 -169.5,-76.04 -169.5,-169.5 0,-93.46 76.04,-169.51 169.5,-169.51 93.46,0 169.5,76.04 169.5,169.51 0,93.47 -76.04,169.5 -169.5,169.5zm0 -299.01c-71.42,0 -129.5,58.1 -129.5,129.51 0,71.41 58.1,129.5 129.5,129.5 71.4,0 129.5,-58.1 129.5,-129.5 0,-71.4 -58.09,-129.51 -129.5,-129.51z\"><\/path><!-- [et_pb_line_break_holder] -->  <path class=\"fil0\" d=\"M488.75 896.18c-11.04,0 -20,-8.97 -20,-20l0 -212.8c0,-26.33 40,-26.33 40,0l0 212.79c0,11.04 -8.96,20.01 -20,20.01z\"><\/path><!-- [et_pb_line_break_holder] -->  <path class=\"fil0\" d=\"M1460.64 482.09l-410.51 0c-26.33,0 -26.32,-40 0,-40l410.51 0c26.33,0 26.32,40 0,40z\"><\/path><!-- [et_pb_line_break_holder] -->  <path class=\"fil0\" d=\"M1460.64 644.75l-410.51 0c-26.33,0 -26.32,-40 0,-40l410.51 0c26.33,0 26.32,40 0,40z\"><\/path><!-- [et_pb_line_break_holder] -->  <path class=\"fil0\" d=\"M1460.64 807.4l-410.51 0c-26.33,0 -26.32,-40 0,-40l410.51 0c26.33,0 26.32,40 0,40z\"><\/path><!-- [et_pb_line_break_holder] --> <\/g><!-- [et_pb_line_break_holder] --><\/svg>[\/et_pb_code][\/et_pb_column][\/et_pb_row][\/et_pb_section][et_pb_section fb_built=\u201d1\u2033 _builder_version=\u201d4.22.1\u2033 _module_preset=\u201ddefault\u201d background_color=\u201d#b6903c\u201d background_enable_color=\u201doff\u201d use_background_color_gradient=\u201don\u201d background_color_gradient_direction=\u201d233deg\u201d background_color_gradient_stops=\u201d#b6903c 0%|rgba(181,181,181,0.35) 50%|#b6903c 100%\u201d bottom_divider_color=\u201d#FFFFFF\u201d Animation_direction=\u201dright\u201d 5700\u2033 save_tabs=\u201dtodos\u201d bloqueados=\u201dapagado\u201d global_colors_info=\u201d {}\u201d][et_pb_row _builder_version=\u201d4.25.0\u2033 _module_preset=\u201ddefault\u201d custom_margin=\u201d-30px||||false|false\u201d custom_margin_tablet=\u201d||||false|false\u201d custom_margin_phone=\u201d||||false |false\u201d custom_margin_last_edited=\u201den|escritorio\u201d custom_padding=\u201d||90px||false|false\u201d global_colors_info=\u201d{}\u201d][et_pb_column type=\u201d4_4\u2033 _builder_version=\u201d4.22.1\u2033 _module_preset=\u201ddefault\u201d global_colors_info= \u201d{}\u201d][et_pb_text _builder_version=\u201d4.22.1\u2033 _module_preset=\u201ddefault\u201d text_text_color=\u201d#B6903C\u201d text_font_size=\u201d18px\u201d link_text_color=\u201d#8A52FC\u201d header_4_text_color=\u201d#B6903C\u201d header_4_font_size=\u201d22px\u201d centro\u201d margen_personalizado =\u201d||29px|||\u201d global_colors_info=\u201d{}\u201d text_text_color__hover=\u201d#FFFFFF\u201d text_text_color__hover_enabled=\u201don|hover\u201d background_layout__hover=\u201ddark\u201d background_layout__hover_enabled=\u201don|hover\u201d]<\/p>\n<h4>\u00bfListo para trabajar con nosotros?<\/h4>\n<p>[\/et_pb_text][et_pb_text _builder_version=\u201d4.22.1\u2033 _module_preset=\u201ddefault\u201d link_text_color=\u201d#B6903C\u201d header_2_font=\u201d|700|||||||\u201d header_2_text_align=\u201dcenter\u201d header_2_text_color=\u201d#B6903C\u201d header_2_font_size=\u201d40px\u201d header_2_font_size_tablet=\u201d40px\u201d header_2_font_size_phone=\u201d25px\u201d header_2_font_size_last_edited=\u201don|phone\u201d global_colors_info=\u201d{}\u201d]<\/p>\n<h2><a href=\"#\">Gold Leaf<\/a> Consultor\u00eda Limitada<\/h2>\n<p>[\/et_pb_text][\/et_pb_column][\/et_pb_row][et_pb_row _builder_version=\u201d4.22.1\u2033 _module_preset=\u201ddefault\u201d custom_margin=\u201d-90px||||false|false\u201d custom_padding=\u201d||80px||false|false \u201d global_colors_info=\u201d{}\u201d][et_pb_column type=\u201d4_4\u2033 _builder_version=\u201d4.22.1\u2033 _module_preset=\u201ddefault\u201d global_colors_info=\u201d{}\u201d][et_pb_text _builder_version=\u201d4.25.0\u2033 _module_preset=\u201ddefault\u201d text_text_color= \u201d#000000\u2033 text_orientation=\u201dcentro\u201d global_colors_info=\u201d{}\u201d]<\/p>\n<p>Lun \u2013 Vie: 9:00 am \u2013 5:00 pm | Fines de semana: cerrado<\/p>\n<p>[\/et_pb_text][et_pb_textdisable_on=\u201doff|off|off\u201d _builder_version=\u201d4.25.0\u2033 _module_preset=\u201ddefault\u201d text_text_color=\u201d#000000\u2033 link_text_color=\u201d#000000\u2033 text_orientation=\u201dcenter\u201d custom_margin=\u201d-20px||| |false|false\u201d global_colors_info=\u201d{}\u201d background_layout__hover_enabled=\u201don|hover\u201d background_layout__hover=\u201ddark\u201d text_text_color__hover_enabled=\u201don|hover\u201d text_text_color__hover=\u201d#000000\u2033 link_text_color__hover_enabled=\u201don|hover\u201d link_text_color__hover=\u201d#B69 03C\u201d]<\/p>\n<p><a href=\"https:\/\/maps.app.goo.gl\/EBr5CUWZii3E4oxC6\" target=\"_blank\" rel=\"noopener\"><span>Unidades 6 y 7 Road Reef Plaza Prospect Reef\u00a0<\/span><\/a><\/p>\n<p>[\/et_pb_text][et_pb_textdisable_on=\u201doff|off|off\u201d _builder_version=\u201d4.25.0\u2033 _module_preset=\u201ddefault\u201d text_text_color=\u201d#000000\u2033 link_text_color=\u201d#000000\u2033 text_orientation=\u201dcenter\u201d custom_margin=\u201d-20px||| |false|false\u201d global_colors_info=\u201d{}\u201d background_layout__hover_enabled=\u201don|hover\u201d background_layout__hover=\u201ddark\u201d text_text_color__hover_enabled=\u201don|hover\u201d text_text_color__hover=\u201d#000000\u2033 link_text_color__hover_enabled=\u201don|hover\u201d link_text_color__hover=\u201d#B69 03C\u201d]<\/p>\n<p><i class=\"fa-solid fa-phone\"><\/i> : <a href=\"tel:12844949559\">1-284-494-9559<\/a><\/p>\n<p>[\/et_pb_text][et_pb_textdisable_on=\u201doff|off|off\u201d _builder_version=\u201d4.25.0\u2033 _module_preset=\u201ddefault\u201d text_text_color=\u201d#000000\u2033 link_text_color=\u201d#000000\u2033 text_orientation=\u201dcenter\u201d custom_margin=\u201d-20px||| |false|false\u201d global_colors_info=\u201d{}\u201d background_layout__hover_enabled=\u201don|hover\u201d background_layout__hover=\u201ddark\u201d text_text_color__hover_enabled=\u201don|hover\u201d text_text_color__hover=\u201d#000000\u2033 link_text_color__hover_enabled=\u201don|hover\u201d link_text_color__hover=\u201d#B69 03C\u201d]<\/p>\n<p><i class=\"fa-solid fa-envelope\"><\/i> : <a href=\"mailto:&quot;info@goldleafbvi.com&quot;\">info@goldleafbvi.com<\/a><\/p>\n<p>[\/et_pb_text][\/et_pb_column][\/et_pb_row][et_pb_row _builder_version=\u201d4.22.1\u2033 _module_preset=\u201ddefault\u201d custom_margin=\u201d-43px|auto||auto||\u201d global_colors_info=\u201d{}\u201d][et_pb_column type=\u201d4_4\u2033 _builder_version=\u201d4.22.1\u2033 _module_preset=\u201ddefault\u201d global_colors_info=\u201d{}\u201d][et_pb_button button_url=\u201dhttps:\/\/goldleafbvi.com\/contact-us\/ \u201d button_text=\u201dCont\u00e1ctenos\u201d button_alignment=\u201dcenter\u201d deshabilitado_on=\u201don|off|off\u201d _builder_version=\u201d4.25.0\u2033 _module_preset=\u201ddefault\u201d custom_button=\u201don\u201d button_text_size=\u201d22px\u201d button_text_color=\u201d#000000\u2033 button_icon= \u201dA||divi||400\u2033 button_text_size_tablet=\u201d22px\u201d button_text_size_phone=\u201d22px\u201d button_text_size_last_edited=\u201don|desktop\u201d global_colors_info=\u201d{}\u201d button_text_color__hover=\u201d#FFFFFF\u201d button_text_color__hover_enabled=\u201don|hover\u201d 0000\u2033 bot\u00f3n_bg_color__hover_enabled =\u201don|hover\u201d button_bg_enable_color__hover=\u201don\u201d][\/et_pb_button][\/et_pb_column][\/et_pb_row][\/et_pb_section]<\/p>","protected":false},"excerpt":{"rendered":"<p>CONTENIDO<\/p>","protected":false},"author":1,"featured_media":0,"parent":0,"menu_order":0,"comment_status":"closed","ping_status":"open","template":"","meta":{"_et_pb_use_builder":"on","_et_pb_old_content":"<p>CONTENTS<\/p>","_et_gb_content_width":"","om_disable_all_campaigns":false,"footnotes":""},"class_list":["post-4906","page","type-page","status-publish","hentry"],"rttpg_featured_image_url":null,"rttpg_author":{"display_name":"aamwebdevelopment","author_link":"https:\/\/goldleafbvi.com\/es\/author\/aamwebdevelopment\/"},"rttpg_comment":0,"rttpg_category":null,"rttpg_excerpt":"CONTENTS","_links":{"self":[{"href":"https:\/\/goldleafbvi.com\/es\/wp-json\/wp\/v2\/pages\/4906","targetHints":{"allow":["GET"]}}],"collection":[{"href":"https:\/\/goldleafbvi.com\/es\/wp-json\/wp\/v2\/pages"}],"about":[{"href":"https:\/\/goldleafbvi.com\/es\/wp-json\/wp\/v2\/types\/page"}],"author":[{"embeddable":true,"href":"https:\/\/goldleafbvi.com\/es\/wp-json\/wp\/v2\/users\/1"}],"replies":[{"embeddable":true,"href":"https:\/\/goldleafbvi.com\/es\/wp-json\/wp\/v2\/comments?post=4906"}],"version-history":[{"count":4,"href":"https:\/\/goldleafbvi.com\/es\/wp-json\/wp\/v2\/pages\/4906\/revisions"}],"predecessor-version":[{"id":6666,"href":"https:\/\/goldleafbvi.com\/es\/wp-json\/wp\/v2\/pages\/4906\/revisions\/6666"}],"wp:attachment":[{"href":"https:\/\/goldleafbvi.com\/es\/wp-json\/wp\/v2\/media?parent=4906"}],"curies":[{"name":"gracias","href":"https:\/\/api.w.org\/{rel}","templated":true}]}}